{"id":6346,"date":"2021-05-03T18:25:09","date_gmt":"2021-05-03T21:25:09","guid":{"rendered":"http:\/\/www5.tjba.jus.br\/estrategia\/?page_id=6346"},"modified":"2026-04-06T11:50:38","modified_gmt":"2026-04-06T14:50:38","slug":"indicadores-e-metas-2021-2026","status":"publish","type":"page","link":"https:\/\/www.tjba.jus.br\/estrategia\/indicadores-e-metas-2021-2026\/","title":{"rendered":"Resultados, Indicadores e Metas 2021-2026"},"content":{"rendered":"\n<p>O planejamento estrat\u00e9gico resulta em planos de a\u00e7\u00e3o que ser\u00e3o executados e constantemente monitorados e verificados com a utiliza\u00e7\u00e3o de&nbsp;<strong>indicadores<\/strong>&nbsp;(medidas de refer\u00eancia).<\/p>\n\n\n\n<p>Tal ferramenta n\u00e3o s\u00f3 possibilita o acompanhamento da atua\u00e7\u00e3o da organiza\u00e7\u00e3o como tamb\u00e9m,&nbsp;sobretudo, subsidia o gestor para a tomada de decis\u00e3o, al\u00e9m de permitir a&nbsp;ado\u00e7\u00e3o&nbsp;das medidas corretivas necess\u00e1rias para que os macrodesafios sejam alcan\u00e7ados&nbsp;com efici\u00eancia e efic\u00e1cia.<\/p>\n\n\n\n<p><strong>Resultados de Indicadores Estrat\u00e9gicos no Exerc\u00edcio 2025 Vers\u00e3o PDF<\/strong> <strong><a href=\"https:\/\/www.tjba.jus.br\/estrategia\/wp-content\/uploads\/2026\/04\/Painel_Indicadores_Estrategicos_2025.pdf\">clique aqui<\/a><\/strong> <strong>(Dados atualizados at\u00e9 23\/03\/2026)<\/strong><\/p>\n\n\n\n<p><\/p>\n\n\n\n<p><strong>Resultados de Indicadores Estrat\u00e9gicos no Exerc\u00edcio 2025 Vers\u00e3o PowerPoint (extens\u00e3o pptx) <a href=\"https:\/\/www.tjba.jus.br\/estrategia\/wp-content\/uploads\/2026\/04\/Painel_Indicadores_Estrategicos_2025.pptx\" target=\"_blank\" rel=\"noopener noreferrer\">clique aqui<\/a> (<em>Dados atualizados at\u00e9 23\/03\/2026<\/em>).<\/strong><\/p>\n<p><strong>Painel de Resultados do Planejamento Estrat\u00e9gico 2021-2026 <a href=\"https:\/\/lookerstudio.google.com\/reporting\/94742a6f-26c5-47eb-9b55-8e2be61cae04\" target=\"_blank\" rel=\"noopener noreferrer\">clique aqui<\/a> (<em>Dados atualizados em 23\/03\/2026)<\/em>.<\/strong><\/p>\n<p><strong>Planilha com dados abertos do Painel de Resultados do Planejamento Estrat\u00e9gico 2021-2026 (<a href=\"https:\/\/docs.google.com\/spreadsheets\/d\/e\/2PACX-1vQUlkfJxOHUoOp3S1mo6-VqeV7Jq9sz9QKIRxtuIOuFM_Og2qO8_jsDIpGzOIUCA0RFfPllEVsdEGTs\/pub?output=xlsx\">clique aqui<\/a>).<\/strong><\/p>\n\n\n\n\n<p><\/p>\n\n\n\n<p><strong>Fich\u00e1rio dos Indicadores e Metas Vers\u00e3o PDF<\/strong>&nbsp;<strong><a href=\"https:\/\/www.tjba.jus.br\/estrategia\/wp-content\/uploads\/2026\/03\/Fichas_Indicadores_Estrategicos.pdf\" target=\"_blank\" rel=\"noreferrer noopener\">clique aqui<\/a><\/strong> <strong>(Dados atualizados at\u00e9 23\/03\/2026)<\/strong><\/p>\n\n\n\n<p>&nbsp;<\/p>\n\n\n<div class=\"wp-block-ub-divider ub_divider ub-divider-orientation-horizontal\" id=\"ub_divider_585f9e96-8d8f-4b0d-a289-9e94ef23177b\"><div class=\"ub_divider_wrapper\" style=\"position: relative; margin-bottom: 2px; width: 100%; height: 2px; \" data-divider-alignment=\"center\"><div class=\"ub_divider_line\" style=\"border-top: 2px solid #ccc; margin-top: 2px; \"><\/div><\/div><\/div>\n\n\n<p><sub>Fichas e Resultados dos Indicadores T\u00e1ticos <\/sub><em><sub>(atualizado em 23\/03\/2026) <a href=\"https:\/\/www.tjba.jus.br\/estrategia\/wp-content\/uploads\/2026\/03\/Indicadores-Taticos-Fichas-e-resultados.pdf\">clique aqui<\/a> .<\/sub><\/em><\/p>\n\n\n\n<p><\/p>\n","protected":false},"excerpt":{"rendered":"<p>O planejamento estrat\u00e9gico resulta em planos de a\u00e7\u00e3o que ser\u00e3o executados e constantemente monitorados e verificados com a utiliza\u00e7\u00e3o de&nbsp;indicadores&nbsp;(medidas de refer\u00eancia). Tal ferramenta n\u00e3o s\u00f3 possibilita o acompanhamento da atua\u00e7\u00e3o da organiza\u00e7\u00e3o como tamb\u00e9m,&nbsp;sobretudo, subsidia o gestor para a tomada de decis\u00e3o, al\u00e9m de permitir a&nbsp;ado\u00e7\u00e3o&nbsp;das medidas corretivas necess\u00e1rias para que os macrodesafios sejam [&hellip;]<\/p>\n","protected":false},"author":1,"featured_media":0,"parent":0,"menu_order":0,"comment_status":"closed","ping_status":"closed","template":"","meta":{"footnotes":""},"class_list":["post-6346","page","type-page","status-publish","hentry"],"acf":[],"featured_image_src":null,"_links":{"self":[{"href":"https:\/\/www.tjba.jus.br\/estrategia\/wp-json\/wp\/v2\/pages\/6346","targetHints":{"allow":["GET"]}}],"collection":[{"href":"https:\/\/www.tjba.jus.br\/estrategia\/wp-json\/wp\/v2\/pages"}],"about":[{"href":"https:\/\/www.tjba.jus.br\/estrategia\/wp-json\/wp\/v2\/types\/page"}],"author":[{"embeddable":true,"href":"https:\/\/www.tjba.jus.br\/estrategia\/wp-json\/wp\/v2\/users\/1"}],"replies":[{"embeddable":true,"href":"https:\/\/www.tjba.jus.br\/estrategia\/wp-json\/wp\/v2\/comments?post=6346"}],"version-history":[{"count":66,"href":"https:\/\/www.tjba.jus.br\/estrategia\/wp-json\/wp\/v2\/pages\/6346\/revisions"}],"predecessor-version":[{"id":10378,"href":"https:\/\/www.tjba.jus.br\/estrategia\/wp-json\/wp\/v2\/pages\/6346\/revisions\/10378"}],"wp:attachment":[{"href":"https:\/\/www.tjba.jus.br\/estrategia\/wp-json\/wp\/v2\/media?parent=6346"}],"curies":[{"name":"wp","href":"https:\/\/api.w.org\/{rel}","templated":true}]}}