{"id":6506,"date":"2021-07-13T10:40:38","date_gmt":"2021-07-13T13:40:38","guid":{"rendered":"http:\/\/www5.tjba.jus.br\/estrategia\/?page_id=6506"},"modified":"2021-07-26T10:34:00","modified_gmt":"2021-07-26T13:34:00","slug":"1a-semana-de-sentencas-e-baixas-2021","status":"publish","type":"page","link":"https:\/\/www.tjba.jus.br\/estrategia\/1a-semana-de-sentencas-e-baixas-2021\/","title":{"rendered":"1\u00aa Semana de Senten\u00e7as e Baixas 2021"},"content":{"rendered":"<p><img loading=\"lazy\" decoding=\"async\" class=\"alignnone wp-image-6507\" src=\"http:\/\/www5.tjba.jus.br\/estrategia\/wp-content\/uploads\/2021\/07\/CARD_1SSB_2021-1024x1024.jpeg\" alt=\"\" width=\"700\" height=\"700\" srcset=\"https:\/\/www.tjba.jus.br\/estrategia\/wp-content\/uploads\/2021\/07\/CARD_1SSB_2021-1024x1024.jpeg 1024w, https:\/\/www.tjba.jus.br\/estrategia\/wp-content\/uploads\/2021\/07\/CARD_1SSB_2021-150x150.jpeg 150w, https:\/\/www.tjba.jus.br\/estrategia\/wp-content\/uploads\/2021\/07\/CARD_1SSB_2021-300x300.jpeg 300w, https:\/\/www.tjba.jus.br\/estrategia\/wp-content\/uploads\/2021\/07\/CARD_1SSB_2021-768x768.jpeg 768w, https:\/\/www.tjba.jus.br\/estrategia\/wp-content\/uploads\/2021\/07\/CARD_1SSB_2021-50x50.jpeg 50w, https:\/\/www.tjba.jus.br\/estrategia\/wp-content\/uploads\/2021\/07\/CARD_1SSB_2021.jpeg 1080w\" sizes=\"auto, (max-width: 700px) 100vw, 700px\" \/><\/p>\n<p>Nos termos do Ato Conjunto N\u00ba 19, de 12 de julho de 2021, as unidades tamb\u00e9m dever\u00e3o:<\/p>\n<p><strong><em>&#8220;V &#8211; Identificar e dar andamento aos feitos ainda sobrestados, em virtude de decis\u00e3o dos Tribunais Superiores e do Tribunal <\/em><\/strong><strong><em>de Justi\u00e7a do Estado da Bahia, cujos temas j\u00e1 possuem o status de Tr\u00e2nsito em Julgado.&#8221;<\/em><\/strong><\/p>\n<p>A rela\u00e7\u00e3o dos feitos sobrestados pode ser acessada no <em>link<\/em> abaixo:<\/p>\n<p><a href=\"http:\/\/www5.tjba.jus.br\/estrategia\/wp-content\/uploads\/2021\/07\/Tabela-de-Temas-do-STF_STJ_TJBA-por-Unidade-09072021_1-1.xlsx\" target=\"_blank\" rel=\"noopener noreferrer\">Clique aqui.<\/a><\/p>\n<p>Confira o passo a passo desenvolvido pelo NUGEPNAC para orienta\u00e7\u00e3o do trabalho:<\/p>\n<p><img loading=\"lazy\" decoding=\"async\" class=\"alignnone wp-image-6527 size-large\" src=\"http:\/\/www5.tjba.jus.br\/estrategia\/wp-content\/uploads\/2021\/07\/Slide-Dessobrestamento-1024x576.jpg\" alt=\"\" width=\"955\" height=\"537\" srcset=\"https:\/\/www.tjba.jus.br\/estrategia\/wp-content\/uploads\/2021\/07\/Slide-Dessobrestamento-1024x576.jpg 1024w, https:\/\/www.tjba.jus.br\/estrategia\/wp-content\/uploads\/2021\/07\/Slide-Dessobrestamento-300x169.jpg 300w, https:\/\/www.tjba.jus.br\/estrategia\/wp-content\/uploads\/2021\/07\/Slide-Dessobrestamento-768x432.jpg 768w, https:\/\/www.tjba.jus.br\/estrategia\/wp-content\/uploads\/2021\/07\/Slide-Dessobrestamento.jpg 1280w\" sizes=\"auto, (max-width: 955px) 100vw, 955px\" \/><\/p>\n<p>&nbsp;<\/p>\n<p><strong>..:: PROCESS\u00d4METRO <\/strong>Acompanhe os resultados<span style=\"color: #000000;\">:<\/span><\/p>\n<p><a href=\"http:\/\/www5.tjba.jus.br\/estrategia\/wp-content\/uploads\/2018\/10\/ICONE-PROCESSOMETRO-roxo.png\"><img loading=\"lazy\" decoding=\"async\" class=\"alignleft wp-image-3061\" src=\"http:\/\/www5.tjba.jus.br\/estrategia\/wp-content\/uploads\/2017\/10\/processometro-destaque.jpg\" alt=\"\" width=\"227\" height=\"192\" srcset=\"https:\/\/www.tjba.jus.br\/estrategia\/wp-content\/uploads\/2017\/10\/processometro-destaque.jpg 353w, https:\/\/www.tjba.jus.br\/estrategia\/wp-content\/uploads\/2017\/10\/processometro-destaque-300x253.jpg 300w\" sizes=\"auto, (max-width: 227px) 100vw, 227px\" \/><br \/>\n<\/a><\/p>\n<p>&nbsp;<\/p>\n<p>Dados atualizados em 26\/07\/2021 \u00e0s 09:00*<\/p>\n<p>&nbsp;<\/p>\n<p>&nbsp;<\/p>\n<p><img loading=\"lazy\" decoding=\"async\" class=\"wp-image-6560 size-full aligncenter\" src=\"http:\/\/www5.tjba.jus.br\/estrategia\/wp-content\/uploads\/2021\/07\/Baixas-5.png\" alt=\"\" width=\"446\" height=\"161\" srcset=\"https:\/\/www.tjba.jus.br\/estrategia\/wp-content\/uploads\/2021\/07\/Baixas-5.png 446w, https:\/\/www.tjba.jus.br\/estrategia\/wp-content\/uploads\/2021\/07\/Baixas-5-300x108.png 300w\" sizes=\"auto, (max-width: 446px) 100vw, 446px\" \/><br \/>\n<img loading=\"lazy\" decoding=\"async\" class=\"aligncenter wp-image-6561 size-full\" src=\"http:\/\/www5.tjba.jus.br\/estrategia\/wp-content\/uploads\/2021\/07\/Senten\u00e7as-5.png\" alt=\"\" width=\"446\" height=\"161\" srcset=\"https:\/\/www.tjba.jus.br\/estrategia\/wp-content\/uploads\/2021\/07\/Senten\u00e7as-5.png 446w, https:\/\/www.tjba.jus.br\/estrategia\/wp-content\/uploads\/2021\/07\/Senten\u00e7as-5-300x108.png 300w\" sizes=\"auto, (max-width: 446px) 100vw, 446px\" \/><\/p>\n<p>*Resultado final ap\u00f3s depura\u00e7\u00e3o da base de dados.<\/p>\n<p>&nbsp;<\/p>\n<p><strong>..:: DISPOSI\u00c7\u00d5ES\u00a0<\/strong>sobre a Semana Estadual de Senten\u00e7as e Baixas Processuais<span style=\"color: #000000;\">:<\/span><\/p>\n<p><a href=\"http:\/\/www5.tjba.jus.br\/portal\/wp-content\/uploads\/2021\/07\/1SSB_2021.pdf\" target=\"_blank\" rel=\"noopener noreferrer\"><img loading=\"lazy\" decoding=\"async\" class=\"alignleft wp-image-3086\" src=\"http:\/\/www5.tjba.jus.br\/estrategia\/wp-content\/uploads\/2017\/09\/botao-ato-conjunto.png\" alt=\"\" width=\"192\" height=\"57\" \/><\/a><\/p>\n","protected":false},"excerpt":{"rendered":"<p>Nos termos do Ato Conjunto N\u00ba 19, de 12 de julho de 2021, as unidades tamb\u00e9m dever\u00e3o: &#8220;V &#8211; Identificar e dar andamento aos feitos ainda sobrestados, em virtude de decis\u00e3o dos Tribunais Superiores e do Tribunal de Justi\u00e7a do Estado da Bahia, cujos temas j\u00e1 possuem o status de Tr\u00e2nsito em Julgado.&#8221; A rela\u00e7\u00e3o [&hellip;]<\/p>\n","protected":false},"author":7,"featured_media":0,"parent":0,"menu_order":0,"comment_status":"closed","ping_status":"closed","template":"","meta":{"footnotes":""},"class_list":["post-6506","page","type-page","status-publish","hentry"],"acf":[],"featured_image_src":null,"_links":{"self":[{"href":"https:\/\/www.tjba.jus.br\/estrategia\/wp-json\/wp\/v2\/pages\/6506","targetHints":{"allow":["GET"]}}],"collection":[{"href":"https:\/\/www.tjba.jus.br\/estrategia\/wp-json\/wp\/v2\/pages"}],"about":[{"href":"https:\/\/www.tjba.jus.br\/estrategia\/wp-json\/wp\/v2\/types\/page"}],"author":[{"embeddable":true,"href":"https:\/\/www.tjba.jus.br\/estrategia\/wp-json\/wp\/v2\/users\/7"}],"replies":[{"embeddable":true,"href":"https:\/\/www.tjba.jus.br\/estrategia\/wp-json\/wp\/v2\/comments?post=6506"}],"version-history":[{"count":25,"href":"https:\/\/www.tjba.jus.br\/estrategia\/wp-json\/wp\/v2\/pages\/6506\/revisions"}],"predecessor-version":[{"id":6566,"href":"https:\/\/www.tjba.jus.br\/estrategia\/wp-json\/wp\/v2\/pages\/6506\/revisions\/6566"}],"wp:attachment":[{"href":"https:\/\/www.tjba.jus.br\/estrategia\/wp-json\/wp\/v2\/media?parent=6506"}],"curies":[{"name":"wp","href":"https:\/\/api.w.org\/{rel}","templated":true}]}}