{"id":7076,"date":"2022-06-10T08:59:11","date_gmt":"2022-06-10T11:59:11","guid":{"rendered":"http:\/\/www5.tjba.jus.br\/estrategia\/?page_id=7076"},"modified":"2022-06-10T08:59:11","modified_gmt":"2022-06-10T11:59:11","slug":"justica-em-numeros-2021","status":"publish","type":"page","link":"https:\/\/www.tjba.jus.br\/estrategia\/justica-em-numeros-2021\/","title":{"rendered":"Justi\u00e7a em N\u00fameros 2021"},"content":{"rendered":"<blockquote><p>O relat\u00f3rio Justi\u00e7a em N\u00fameros divulga, dede 2004, a realidade dos tribunais, configurando-se como principal fonte de estat\u00edsticas oficiais do Poder Judici\u00e1rio, bem como ferramenta essencial para subsidiar a Gest\u00e3o Judici\u00e1ria brasileira.<\/p>\n<p>O documento contempla os 27 Tribunais de Justi\u00e7a Estaduais; os cinco Tribunais Regionais Federais; os 24 Tribunais Regionais do Trabalho; os 27 Tribunais Regionais Eleitorais; os tr\u00eas Tribunais de Justi\u00e7a Militar Estaduais; o Superior Tribunal de Justi\u00e7a; o Tribunal Superior do Trabalho; o Tribunal Superior Eleitoral; e o Superior Tribunal Militar.<\/p><\/blockquote>\n<p><strong>Relat\u00f3rio na \u00edntegra <a href=\"http:\/\/www5.tjba.jus.br\/estrategia\/wp-content\/uploads\/2022\/06\/relatorio-justica-em-numeros2021-12.pdf\" target=\"_blank\" rel=\"noopener noreferrer\">aqui<\/a>.<\/strong><\/p>\n","protected":false},"excerpt":{"rendered":"<p>O relat\u00f3rio Justi\u00e7a em N\u00fameros divulga, dede 2004, a realidade dos tribunais, configurando-se como principal fonte de estat\u00edsticas oficiais do Poder Judici\u00e1rio, bem como ferramenta essencial para subsidiar a Gest\u00e3o Judici\u00e1ria brasileira. O documento contempla os 27 Tribunais de Justi\u00e7a Estaduais; os cinco Tribunais Regionais Federais; os 24 Tribunais Regionais do Trabalho; os 27 Tribunais [&hellip;]<\/p>\n","protected":false},"author":7,"featured_media":0,"parent":0,"menu_order":0,"comment_status":"closed","ping_status":"closed","template":"","meta":{"footnotes":""},"class_list":["post-7076","page","type-page","status-publish","hentry"],"acf":[],"featured_image_src":null,"_links":{"self":[{"href":"https:\/\/www.tjba.jus.br\/estrategia\/wp-json\/wp\/v2\/pages\/7076","targetHints":{"allow":["GET"]}}],"collection":[{"href":"https:\/\/www.tjba.jus.br\/estrategia\/wp-json\/wp\/v2\/pages"}],"about":[{"href":"https:\/\/www.tjba.jus.br\/estrategia\/wp-json\/wp\/v2\/types\/page"}],"author":[{"embeddable":true,"href":"https:\/\/www.tjba.jus.br\/estrategia\/wp-json\/wp\/v2\/users\/7"}],"replies":[{"embeddable":true,"href":"https:\/\/www.tjba.jus.br\/estrategia\/wp-json\/wp\/v2\/comments?post=7076"}],"version-history":[{"count":1,"href":"https:\/\/www.tjba.jus.br\/estrategia\/wp-json\/wp\/v2\/pages\/7076\/revisions"}],"predecessor-version":[{"id":7081,"href":"https:\/\/www.tjba.jus.br\/estrategia\/wp-json\/wp\/v2\/pages\/7076\/revisions\/7081"}],"wp:attachment":[{"href":"https:\/\/www.tjba.jus.br\/estrategia\/wp-json\/wp\/v2\/media?parent=7076"}],"curies":[{"name":"wp","href":"https:\/\/api.w.org\/{rel}","templated":true}]}}