{"id":7218,"date":"2022-10-03T10:45:37","date_gmt":"2022-10-03T13:45:37","guid":{"rendered":"http:\/\/www5.tjba.jus.br\/estrategia\/?page_id=7218"},"modified":"2023-08-29T15:40:58","modified_gmt":"2023-08-29T18:40:58","slug":"reunioes-de-lideres-avancados-2022","status":"publish","type":"page","link":"https:\/\/www.tjba.jus.br\/estrategia\/reunioes-de-lideres-avancados-2022\/","title":{"rendered":"Reuni\u00f5es de L\u00edderes Avan\u00e7ados 2022"},"content":{"rendered":"<p><strong>..:: ATAS ::..<\/strong><\/p>\n<p><strong>1\u00aa Reuni\u00e3o COLETIVA \u00a0 \u00a0 \u00a0 \u00a0 \u00a0 \u00a0 \u00a0 \u00a0 \u00a0 \u00a0 \u00a0 \u00a0 \u00a0 \u00a0 \u00a0 \u00a0 \u00a0 \u00a0 \u00a0 \u00a0 \u00a0 \u00a0<\/strong><br \/>\n<span style=\"color: #000000;\"><b>Abril de 2022<\/b><\/span><br \/>\n<a href=\"http:\/\/www5.tjba.jus.br\/estrategia\/wp-content\/uploads\/2022\/10\/Ata-1\u00aa-RLA_2022-04-13-_aprovada.pdf\">Acesse aqui<\/a><\/p>\n<p><strong>2\u00aa Reuni\u00e3o COLETIVA \u00a0 \u00a0 \u00a0 \u00a0 \u00a0 \u00a0 \u00a0 \u00a0 \u00a0 \u00a0 \u00a0 \u00a0 \u00a0 \u00a0 \u00a0 \u00a0 \u00a0 \u00a0 \u00a0 \u00a0 \u00a0 \u00a0<\/strong><br \/>\n<span style=\"color: #000000;\"><b>Maio de 2022<\/b><\/span><br \/>\n<a href=\"http:\/\/www5.tjba.jus.br\/estrategia\/wp-content\/uploads\/2022\/10\/Ata-2\u00aa-RLA_2022-05-09.pdf\">Acesse aqui<\/a><\/p>\n<p><strong>3\u00aa Reuni\u00e3o COLETIVA \u00a0 \u00a0 \u00a0 \u00a0 \u00a0 \u00a0 \u00a0 \u00a0 \u00a0 \u00a0 \u00a0 \u00a0 \u00a0 \u00a0 \u00a0 \u00a0 \u00a0 \u00a0 \u00a0 \u00a0 \u00a0 \u00a0<\/strong><br \/>\n<span style=\"color: #000000;\"><b>Julho de 2022<\/b><\/span><br \/>\n<a href=\"http:\/\/www5.tjba.jus.br\/estrategia\/wp-content\/uploads\/2022\/10\/Ata-3\u00aa-RLA_2022-07-19-Aprovada.pdf\">Acesse aqui<\/a><\/p>\n<p><strong>4\u00aa Reuni\u00e3o COLETIVA \u00a0 \u00a0 \u00a0 \u00a0 \u00a0 \u00a0 \u00a0 \u00a0 \u00a0 \u00a0 \u00a0 \u00a0 \u00a0 \u00a0 \u00a0 \u00a0 \u00a0 \u00a0 \u00a0 \u00a0 \u00a0 \u00a0<\/strong><br \/>\n<span style=\"color: #000000;\"><b>Setembro de 2022<\/b><\/span><br \/>\n<a href=\"http:\/\/www5.tjba.jus.br\/estrategia\/wp-content\/uploads\/2022\/10\/Ata-4\u00aa-RLA_2022-09-26-.pdf\">Acesse aqui<\/a><\/p>\n<p><strong>5\u00aa Reuni\u00e3o COLETIVA \u00a0 \u00a0 \u00a0 \u00a0 \u00a0 \u00a0 \u00a0 \u00a0 \u00a0 \u00a0 \u00a0 \u00a0 \u00a0 \u00a0 \u00a0 \u00a0 \u00a0 \u00a0 \u00a0 \u00a0 \u00a0 \u00a0<\/strong><br \/>\n<span style=\"color: #000000;\"><b>Novembro de 2022<\/b><\/span><br \/>\n<a href=\"http:\/\/www5.tjba.jus.br\/estrategia\/wp-content\/uploads\/2023\/08\/Ata-5\u00aa-RLA_2022-11-17-aprovada.pdf\" target=\"_blank\" rel=\"noopener noreferrer\">Acesse aqui<\/a><\/p>\n<p>&nbsp;<\/p>\n","protected":false},"excerpt":{"rendered":"<p>..:: ATAS ::.. 1\u00aa Reuni\u00e3o COLETIVA \u00a0 \u00a0 \u00a0 \u00a0 \u00a0 \u00a0 \u00a0 \u00a0 \u00a0 \u00a0 \u00a0 \u00a0 \u00a0 \u00a0 \u00a0 \u00a0 \u00a0 \u00a0 \u00a0 \u00a0 \u00a0 \u00a0 Abril de 2022 Acesse aqui 2\u00aa Reuni\u00e3o COLETIVA \u00a0 \u00a0 \u00a0 \u00a0 \u00a0 \u00a0 \u00a0 \u00a0 \u00a0 \u00a0 \u00a0 \u00a0 \u00a0 \u00a0 \u00a0 \u00a0 \u00a0 \u00a0 \u00a0 [&hellip;]<\/p>\n","protected":false},"author":7,"featured_media":0,"parent":0,"menu_order":0,"comment_status":"closed","ping_status":"closed","template":"","meta":{"footnotes":""},"class_list":["post-7218","page","type-page","status-publish","hentry"],"acf":[],"featured_image_src":null,"_links":{"self":[{"href":"https:\/\/www.tjba.jus.br\/estrategia\/wp-json\/wp\/v2\/pages\/7218","targetHints":{"allow":["GET"]}}],"collection":[{"href":"https:\/\/www.tjba.jus.br\/estrategia\/wp-json\/wp\/v2\/pages"}],"about":[{"href":"https:\/\/www.tjba.jus.br\/estrategia\/wp-json\/wp\/v2\/types\/page"}],"author":[{"embeddable":true,"href":"https:\/\/www.tjba.jus.br\/estrategia\/wp-json\/wp\/v2\/users\/7"}],"replies":[{"embeddable":true,"href":"https:\/\/www.tjba.jus.br\/estrategia\/wp-json\/wp\/v2\/comments?post=7218"}],"version-history":[{"count":6,"href":"https:\/\/www.tjba.jus.br\/estrategia\/wp-json\/wp\/v2\/pages\/7218\/revisions"}],"predecessor-version":[{"id":7995,"href":"https:\/\/www.tjba.jus.br\/estrategia\/wp-json\/wp\/v2\/pages\/7218\/revisions\/7995"}],"wp:attachment":[{"href":"https:\/\/www.tjba.jus.br\/estrategia\/wp-json\/wp\/v2\/media?parent=7218"}],"curies":[{"name":"wp","href":"https:\/\/api.w.org\/{rel}","templated":true}]}}