{"id":7380,"date":"2023-02-10T10:07:37","date_gmt":"2023-02-10T12:07:37","guid":{"rendered":"http:\/\/www5.tjba.jus.br\/estrategia\/?page_id=7380"},"modified":"2026-02-26T12:09:39","modified_gmt":"2026-02-26T15:09:39","slug":"relatorios-e-paineis-estatisticos","status":"publish","type":"page","link":"https:\/\/www.tjba.jus.br\/estrategia\/relatorios-e-paineis-estatisticos\/","title":{"rendered":"Relat\u00f3rios e Pain\u00e9is Estat\u00edsticos"},"content":{"rendered":"<p><img loading=\"lazy\" decoding=\"async\" class=\"aligncenter size-full wp-image-7683\" src=\"http:\/\/www5.tjba.jus.br\/estrategia\/wp-content\/uploads\/2023\/04\/topo-site-seplan.png\" alt=\"Relat\u00f3rios e Pain\u00e9is Estat\u00edsticos\" width=\"1000\" height=\"150\" srcset=\"https:\/\/www.tjba.jus.br\/estrategia\/wp-content\/uploads\/2023\/04\/topo-site-seplan.png 1000w, https:\/\/www.tjba.jus.br\/estrategia\/wp-content\/uploads\/2023\/04\/topo-site-seplan-300x45.png 300w, https:\/\/www.tjba.jus.br\/estrategia\/wp-content\/uploads\/2023\/04\/topo-site-seplan-768x115.png 768w\" sizes=\"auto, (max-width: 1000px) 100vw, 1000px\" \/><\/p>\n<p>&nbsp;<\/p>\n<table style=\"width: 100%; bgcolor: #ffffff; border-color: #ffffff;\">\n<tbody>\n<tr>\n<td style=\"bgcolor: #ffffff; border-color: #ffffff;\"><a href=\"https:\/\/www.tjba.jus.br\/transparencia\/gestao-orcamentaria\/\" target=\"_blank\" rel=\"noopener noreferrer\"><img loading=\"lazy\" decoding=\"async\" class=\"aligncenter wp-image-7688 size-medium\" title=\"Despesas e Dados Or\u00e7ament\u00e1rios\" src=\"http:\/\/www5.tjba.jus.br\/estrategia\/wp-content\/uploads\/2023\/04\/bt-despesas-300x52.png\" alt=\"Despesas e Dados Or\u00e7ament\u00e1rios\" width=\"300\" height=\"52\" srcset=\"https:\/\/www.tjba.jus.br\/estrategia\/wp-content\/uploads\/2023\/04\/bt-despesas-300x52.png 300w, https:\/\/www.tjba.jus.br\/estrategia\/wp-content\/uploads\/2023\/04\/bt-despesas-768x133.png 768w, https:\/\/www.tjba.jus.br\/estrategia\/wp-content\/uploads\/2023\/04\/bt-despesas-1024x177.png 1024w, https:\/\/www.tjba.jus.br\/estrategia\/wp-content\/uploads\/2023\/04\/bt-despesas.png 1425w\" sizes=\"auto, (max-width: 300px) 100vw, 300px\" \/><\/a><\/td>\n<td style=\"bgcolor: #ffffff; border-color: #ffffff;\"><a href=\"http:\/\/www.tjba.jus.br\/transparencia\/gestao-de-pessoas\/\" target=\"_blank\" rel=\"noopener noreferrer\"><img loading=\"lazy\" decoding=\"async\" class=\"Dados de Recursos Humanos aligncenter wp-image-7690 size-medium\" title=\"Dados de Recursos Humanos\" src=\"http:\/\/www5.tjba.jus.br\/estrategia\/wp-content\/uploads\/2023\/04\/bt-rh-300x68.png\" alt=\"Dados de Recursos Humanos\" width=\"300\" height=\"68\" srcset=\"https:\/\/www.tjba.jus.br\/estrategia\/wp-content\/uploads\/2023\/04\/bt-rh-300x68.png 300w, https:\/\/www.tjba.jus.br\/estrategia\/wp-content\/uploads\/2023\/04\/bt-rh-768x174.png 768w, https:\/\/www.tjba.jus.br\/estrategia\/wp-content\/uploads\/2023\/04\/bt-rh-1024x232.png 1024w, https:\/\/www.tjba.jus.br\/estrategia\/wp-content\/uploads\/2023\/04\/bt-rh.png 1292w\" sizes=\"auto, (max-width: 300px) 100vw, 300px\" \/><\/a><\/td>\n<td style=\"bgcolor: #ffffff; border-color: #ffffff;\"><a href=\"http:\/\/www.tjba.jus.br\/transparencia\/gestao_de_pessoas\/remuneracao\/\" target=\"_blank\" rel=\"noopener noreferrer\"><img loading=\"lazy\" decoding=\"async\" class=\"aligncenter wp-image-7689 size-medium\" title=\"Remunera\u00e7\u00f5es\" src=\"http:\/\/www5.tjba.jus.br\/estrategia\/wp-content\/uploads\/2023\/04\/bt-remuneracoes-300x67.png\" alt=\"Remunera\u00e7\u00f5es\" width=\"300\" height=\"67\" srcset=\"https:\/\/www.tjba.jus.br\/estrategia\/wp-content\/uploads\/2023\/04\/bt-remuneracoes-300x67.png 300w, https:\/\/www.tjba.jus.br\/estrategia\/wp-content\/uploads\/2023\/04\/bt-remuneracoes-768x172.png 768w, https:\/\/www.tjba.jus.br\/estrategia\/wp-content\/uploads\/2023\/04\/bt-remuneracoes-1024x230.png 1024w, https:\/\/www.tjba.jus.br\/estrategia\/wp-content\/uploads\/2023\/04\/bt-remuneracoes.png 1057w\" sizes=\"auto, (max-width: 300px) 100vw, 300px\" \/><\/a><\/td>\n<td style=\"bgcolor: #ffffff; border-color: #ffffff;\"><a href=\"http:\/\/www5.tjba.jus.br\/portal\/nucleo-socioambiental-relatorios\/\" target=\"_blank\" rel=\"noopener noreferrer\"><img loading=\"lazy\" decoding=\"async\" class=\"aligncenter wp-image-7718 size-medium\" title=\"Relat\u00f3rio Socioambiental\" src=\"http:\/\/www5.tjba.jus.br\/estrategia\/wp-content\/uploads\/2023\/04\/bt-sociambiental-1-300x60.png\" alt=\"\" width=\"300\" height=\"60\" srcset=\"https:\/\/www.tjba.jus.br\/estrategia\/wp-content\/uploads\/2023\/04\/bt-sociambiental-1-300x60.png 300w, https:\/\/www.tjba.jus.br\/estrategia\/wp-content\/uploads\/2023\/04\/bt-sociambiental-1-768x155.png 768w, https:\/\/www.tjba.jus.br\/estrategia\/wp-content\/uploads\/2023\/04\/bt-sociambiental-1.png 879w\" sizes=\"auto, (max-width: 300px) 100vw, 300px\" \/><\/a><\/td>\n<\/tr>\n<\/tbody>\n<\/table>\n<h5 style=\"text-align: justify;\"><img loading=\"lazy\" decoding=\"async\" class=\"alignleft wp-image-7837\" src=\"http:\/\/www5.tjba.jus.br\/estrategia\/wp-content\/uploads\/2023\/06\/grupo-de-pesquisas-judiciarias-vertical-colorida-1-288x300.png\" alt=\"\" width=\"72\" height=\"72\" srcset=\"https:\/\/www.tjba.jus.br\/estrategia\/wp-content\/uploads\/2023\/06\/grupo-de-pesquisas-judiciarias-vertical-colorida-1-150x150.png 150w, https:\/\/www.tjba.jus.br\/estrategia\/wp-content\/uploads\/2023\/06\/grupo-de-pesquisas-judiciarias-vertical-colorida-1-50x50.png 50w\" sizes=\"auto, (max-width: 72px) 100vw, 72px\" \/><span style=\"font-size: thin;\"><strong>O Grupo de Pesquisas Judici\u00e1rias (GPJ)<\/strong> tem compet\u00eancia para gest\u00e3o, organiza\u00e7\u00e3o e valida\u00e7\u00e3o de bases de dados, produ\u00e7\u00e3o de estat\u00edsticas e elabora\u00e7\u00e3o de diagn\u00f3sticos sobre a atua\u00e7\u00e3o do Tribunal de Justi\u00e7a do Estado da Bahia. <span style=\"color: #0000ff;\"><a style=\"color: #0000ff;\" href=\"http:\/\/www5.tjba.jus.br\/estrategia\/index.php\/pesquisas-publicadas\/\" target=\"_blank\" rel=\"noopener noreferrer\">Pesquisas<\/a><\/span> | <span style=\"color: #0000ff;\"><a style=\"color: #0000ff;\" href=\"http:\/\/www5.tjba.jus.br\/estrategia\/index.php\/grupo-de-pesquisas-judiciarias\" target=\"_blank\" rel=\"noopener noreferrer\">Sobre o GPJ<\/a><\/span> | <span style=\"color: #0000ff;\"><a style=\"color: #0000ff;\" href=\"http:\/\/www5.tjba.jus.br\/estrategia\/index.php\/atualizacoes-nas-tabelas-processuais-unificadas\/\" target=\"_blank\" rel=\"noopener noreferrer\">Atualiza\u00e7\u00f5es nas Tabelas Processuais Unific<span style=\"color: #0000ff;\">adas<\/span><\/a><\/span>.<\/span><\/h5>\n<h5 style=\"text-align: justify;\"><img loading=\"lazy\" decoding=\"async\" class=\"wp-image-9084 alignleft\" src=\"http:\/\/www5.tjba.jus.br\/estrategia\/wp-content\/uploads\/2025\/02\/search-300x300-1.png\" alt=\"\" width=\"72\" height=\"72\" srcset=\"https:\/\/www.tjba.jus.br\/estrategia\/wp-content\/uploads\/2025\/02\/search-300x300-1.png 300w, https:\/\/www.tjba.jus.br\/estrategia\/wp-content\/uploads\/2025\/02\/search-300x300-1-150x150.png 150w, https:\/\/www.tjba.jus.br\/estrategia\/wp-content\/uploads\/2025\/02\/search-300x300-1-50x50.png 50w\" sizes=\"auto, (max-width: 72px) 100vw, 72px\" \/><span style=\"font-size: thin;\"><strong>Consulta P\u00fablica de Processos <\/strong>\u00e9 f<\/span><span style=\"font-size: thin;\">uncionalidade que permite identificar a numera\u00e7\u00e3o \u00fanica do processo a partir do CPF, dados das partes ou representantes. <\/span><span style=\"color: #0000ff;\"><a style=\"color: #0000ff;\" href=\"https:\/\/www.tjba.jus.br\/portal\/busca-resultado\" target=\"_blank\" rel=\"noopener noreferrer\">Acesse aqui<\/a><\/span>. <span style=\"font-size: thin;\">Tamb\u00e9m \u00e9 poss\u00edvel acompanhar as movimenta\u00e7\u00f5es lan\u00e7adas diretamente nesta p\u00e1gina ou ainda na API P\u00fablica do DATAJUD (CNJ), a partir da numera\u00e7\u00e3o \u00fanica.\u00a0<\/span><\/h5>\n<h5 style=\"text-align: justify;\"><img loading=\"lazy\" decoding=\"async\" class=\"alignleft wp-image-7721\" src=\"http:\/\/www5.tjba.jus.br\/estrategia\/wp-content\/uploads\/2023\/04\/bt-grafico-150x150.png\" alt=\"\" width=\"72\" height=\"72\" srcset=\"https:\/\/www.tjba.jus.br\/estrategia\/wp-content\/uploads\/2023\/04\/bt-grafico-150x150.png 150w, https:\/\/www.tjba.jus.br\/estrategia\/wp-content\/uploads\/2023\/04\/bt-grafico-50x50.png 50w\" sizes=\"auto, (max-width: 72px) 100vw, 72px\" \/><span style=\"font-size: thin;\"><strong>API P\u00fablica do DATAJUD (CNJ)<\/strong><br \/>\nA API P\u00fablica do Datajud \u00e9 uma ferramenta que permite o acesso p\u00fablico aos metadados de processos judiciais de todo o Brasil. Os dados disponibilizados pela API s\u00e3o origin\u00e1rios da Base Nacional de Dados do Poder Judici\u00e1rio (Datajud) e seguem os crit\u00e9rios estabelecidos pela\u00a0<span style=\"color: #0000ff;\"><a style=\"color: #0000ff;\" href=\"https:\/\/atos.cnj.jus.br\/atos\/detalhar\/3453\" target=\"_blank\" rel=\"noopener noreferrer\">Portaria N\u00ba 160 de 09\/09\/2020<\/a><\/span> bem como o resguardo de processos sigilosos e dados de partes. <span style=\"color: #0000ff;\"><a style=\"color: #0000ff;\" href=\"https:\/\/datajud-wiki.cnj.jus.br\/api-publica\/\" target=\"_blank\" rel=\"noopener noreferrer\">Documenta\u00e7\u00e3o da API<\/a><\/span> | <span style=\"color: #0000ff;\"><a style=\"color: #0000ff;\" href=\"https:\/\/api-publica.datajud.cnj.jus.br\/api_publica_tjba\/_search\" target=\"_blank\" rel=\"noopener noreferrer\">Endere\u00e7o para o <em>endpoint<\/em> espec\u00edfico do TJBA<\/a><\/span> | <span style=\"color: #0000ff;\"><a style=\"color: #0000ff;\" href=\"https:\/\/datajud-wiki.cnj.jus.br\/api-publica\/glossario\" target=\"_blank\" rel=\"noopener noreferrer\">Gloss\u00e1rio dos Dados<\/a><\/span> |<span style=\"color: #0000ff;\"> <a style=\"color: #0000ff;\" href=\"https:\/\/datajud-wiki.cnj.jus.br\/api-publica\/exemplos\/\" target=\"_blank\" rel=\"noopener noreferrer\">Exemplos de requisi\u00e7\u00f5es na API<\/a> <\/span>|<span style=\"color: #0000ff;\"> <a style=\"color: #0000ff;\" href=\"https:\/\/datajud-wiki.cnj.jus.br\/api-publica\/acesso\" target=\"_blank\" rel=\"noopener noreferrer\">Chave de Acesso<\/a><\/span><br \/>\n<\/span><\/h5>\n<h5 style=\"text-align: justify;\"><img loading=\"lazy\" decoding=\"async\" class=\"alignleft wp-image-7721\" src=\"http:\/\/www5.tjba.jus.br\/estrategia\/wp-content\/uploads\/2023\/04\/bt-grafico-150x150.png\" alt=\"\" width=\"72\" height=\"72\" srcset=\"https:\/\/www.tjba.jus.br\/estrategia\/wp-content\/uploads\/2023\/04\/bt-grafico-150x150.png 150w, https:\/\/www.tjba.jus.br\/estrategia\/wp-content\/uploads\/2023\/04\/bt-grafico-50x50.png 50w\" sizes=\"auto, (max-width: 72px) 100vw, 72px\" \/><span style=\"font-size: thin;\"><strong>Painel de Estat\u00edstica do DATAJUD (CNJ)<\/strong><br \/>\nEm cumprimento \u00e0 Resolu\u00e7\u00e3o N\u00ba 333\/2020 e \u00e0 Portaria N\u00ba 119\/2021 do Conselho Nacional de Justi\u00e7a (CNJ), o painel elaborado pelo Departamento de Pesquisas Judici\u00e1rias (DPJ) est\u00e1 dispon\u00edvel neste endere\u00e7o <span style=\"color: #0000ff;\"><a style=\"color: #0000ff;\" href=\"https:\/\/justica-em-numeros.cnj.jus.br\/painel-estatisticas\/\">Painel de Estat\u00edstica do CNJ<\/a><\/span>. Com essa aplica\u00e7\u00e3o \u00e9 poss\u00edvel consultar o n\u00famero \u00fanico dos processos atrav\u00e9s da API dispon\u00edvel na sua aba de downloads.<\/span><\/h5>\n<h5 style=\"text-align: justify;\"><img loading=\"lazy\" decoding=\"async\" class=\"alignleft wp-image-7721\" src=\"http:\/\/www5.tjba.jus.br\/estrategia\/wp-content\/uploads\/2023\/04\/bt-grafico-150x150.png\" alt=\"\" width=\"72\" height=\"72\" srcset=\"https:\/\/www.tjba.jus.br\/estrategia\/wp-content\/uploads\/2023\/04\/bt-grafico-150x150.png 150w, https:\/\/www.tjba.jus.br\/estrategia\/wp-content\/uploads\/2023\/04\/bt-grafico-50x50.png 50w\" sizes=\"auto, (max-width: 72px) 100vw, 72px\" \/><span style=\"font-size: thin;\"><strong><span style=\"font-size: thin;\">Radar do TJBA<\/span><br \/>\n<\/strong>Apresenta dados consolidados de pessoal, or\u00e7amento, execu\u00e7\u00e3o de Metas Nacionais e outros. A publica\u00e7\u00e3o \u00e9 atualizada mensalmente neste endere\u00e7o: <a href=\"http:\/\/www5.tjba.jus.br\/estrategia\/index.php\/radar-do-tjba-2026\/\" target=\"_blank\" rel=\"noopener noreferrer\"><span style=\"color: #0000ff;\">\u00a0Radar do TJBA<\/span>\u00a0<\/a> (Edi\u00e7\u00f5es de anos anteriores: <a href=\"http:\/\/www5.tjba.jus.br\/estrategia\/index.php\/radar-do-pjba-2025\/\" target=\"_blank\" rel=\"noopener noreferrer\"><span style=\"color: #0000ff;\">2025<\/span><\/a>,<span style=\"color: #0000ff;\"><a style=\"color: #0000ff;\" href=\"http:\/\/www5.tjba.jus.br\/estrategia\/index.php\/radar-do-tjba-2024\/\">2024<\/a>, <a style=\"color: #0000ff;\" href=\"http:\/\/www5.tjba.jus.br\/estrategia\/index.php\/radar-do-tjba-2023\/\">2023<\/a>,\u00a0<\/span><\/span><span style=\"font-size: thin;\"><span style=\"color: #0000ff;\"><a style=\"color: #0000ff;\" href=\"http:\/\/www5.tjba.jus.br\/estrategia\/index.php\/radar-do-tjba-2022\/\" target=\"_blank\" rel=\"noopener noreferrer\"> 2022<\/a>, <a style=\"color: #0000ff;\" href=\"http:\/\/www5.tjba.jus.br\/estrategia\/index.php\/radar-do-pjba-2021\/\" target=\"_blank\" rel=\"noopener noreferrer\">2021<\/a> e <\/span><span style=\"color: #0000ff;\"><a style=\"color: #0000ff;\" href=\"http:\/\/www5.tjba.jus.br\/estrategia\/index.php\/radar-do-pjba\/\" target=\"_blank\" rel=\"noopener noreferrer\">2020<\/a><\/span>).<\/span><\/h5>\n<h5 style=\"text-align: justify;\"><img loading=\"lazy\" decoding=\"async\" class=\"alignleft wp-image-7721 \" src=\"http:\/\/www5.tjba.jus.br\/estrategia\/wp-content\/uploads\/2023\/04\/bt-grafico-150x150.png\" alt=\"\" width=\"72\" height=\"72\" srcset=\"https:\/\/www.tjba.jus.br\/estrategia\/wp-content\/uploads\/2023\/04\/bt-grafico-150x150.png 150w, https:\/\/www.tjba.jus.br\/estrategia\/wp-content\/uploads\/2023\/04\/bt-grafico-50x50.png 50w\" sizes=\"auto, (max-width: 72px) 100vw, 72px\" \/><span style=\"font-size: thin;\"><span style=\"font-size: thin;\">Pain\u00e9is Din\u00e2micos 01:<\/span><br \/>\nPainel de Distribui\u00e7\u00e3o e Acervo, por serventia, neste endere\u00e7o: <a href=\"https:\/\/resumoexaudi.tjba.jus.br\/\" target=\"_blank\" rel=\"noopener noreferrer\"><span style=\"color: #0000ff;\">Distribui\u00e7\u00e3o e Acervo<\/span>\u00a0<\/a>.<br \/>\nPainel das Metas Nacionais 1 e 2, por serventia, neste endere\u00e7o: <a href=\"https:\/\/resumometasnacionais.tjba.jus.br\/\" target=\"_blank\" rel=\"noopener noreferrer\"><span style=\"color: #0000ff;\">Resumo Metas Nacionais<\/span>\u00a0<\/a>.<\/span><\/h5>\n<h5 style=\"text-align: justify;\"><\/h5>\n<h5 style=\"text-align: justify;\"><img loading=\"lazy\" decoding=\"async\" class=\"alignleft wp-image-7721 \" src=\"http:\/\/www5.tjba.jus.br\/estrategia\/wp-content\/uploads\/2023\/04\/bt-grafico-150x150.png\" alt=\"\" width=\"72\" height=\"72\" srcset=\"https:\/\/www.tjba.jus.br\/estrategia\/wp-content\/uploads\/2023\/04\/bt-grafico-150x150.png 150w, https:\/\/www.tjba.jus.br\/estrategia\/wp-content\/uploads\/2023\/04\/bt-grafico-50x50.png 50w\" sizes=\"auto, (max-width: 72px) 100vw, 72px\" \/><span style=\"font-size: thin;\"><span style=\"font-size: thin;\">Pain\u00e9is Din\u00e2micos 02:<\/span><br \/>\nPainel das Vari\u00e1veis do M\u00f3dulo de Produtividade Mensal (MPM), neste endere\u00e7o:<span style=\"color: #0000ff;\"> <a style=\"color: #0000ff;\" href=\"https:\/\/resumompm.tjba.jus.br\/\" target=\"_blank\" rel=\"noopener noreferrer\">Resumo MPM<\/a><\/span>.<br \/>\nPainel com quantitativos relativos \u00e0s Medidas Protetivas de Urg\u00eancia (MPU) da Lei Maria da Penha, neste endere\u00e7o: <a href=\"https:\/\/resumompu.tjba.jus.br\/\" target=\"_blank\" rel=\"noopener noreferrer\"><span style=\"color: #0000ff;\">Medidas Protetivas de Urg\u00eancia<\/span>\u00a0<\/a><\/span>.<\/h5>\n<h5><img loading=\"lazy\" decoding=\"async\" class=\"alignleft wp-image-7721 \" src=\"http:\/\/www5.tjba.jus.br\/estrategia\/wp-content\/uploads\/2023\/04\/bt-grafico-150x150.png\" alt=\"\" width=\"72\" height=\"72\" srcset=\"https:\/\/www.tjba.jus.br\/estrategia\/wp-content\/uploads\/2023\/04\/bt-grafico-150x150.png 150w, https:\/\/www.tjba.jus.br\/estrategia\/wp-content\/uploads\/2023\/04\/bt-grafico-50x50.png 50w\" sizes=\"auto, (max-width: 72px) 100vw, 72px\" \/><span style=\"font-size: thin;\"><span style=\"font-size: thin;\">Resumo Estat\u00edstico\u00a0<\/span><br \/>\nDisp\u00f5e de vari\u00e1veis do M\u00f3dulo de Produtividade Mensal e de Metas Nacionais de forma anal\u00edtica, por serventia do TJBA. Atualizado mensalmente neste endere\u00e7o: <span style=\"color: #0000ff;\"><a style=\"color: #0000ff;\" href=\"https:\/\/resumompm.tjba.jus.br\/\" target=\"_blank\" rel=\"noopener noreferrer\">Painel Din\u00e2mico<\/a><\/span> | <span style=\"color: #0000ff;\"><a style=\"color: #0000ff;\" href=\"http:\/\/www5.tjba.jus.br\/estrategia\/index.php\/resumo-estatistico-mensal-2026\/\" target=\"_blank\" rel=\"noopener noreferrer\">Est\u00e1tico 2026<\/a> <\/span>(Edi\u00e7\u00f5es de anos anteriores:<span style=\"color: #0000ff;\"> <a style=\"color: #0000ff;\" href=\"http:\/\/www5.tjba.jus.br\/estrategia\/index.php\/resumo-estatistico-mensal-2025\/\" target=\"_blank\" rel=\"noopener noreferrer\">2025<\/a>,<a style=\"color: #0000ff;\" href=\"http:\/\/www5.tjba.jus.br\/estrategia\/index.php\/resumo-estatistico-mensal-2024\">2024<\/a>,<a style=\"color: #0000ff;\" href=\"http:\/\/www5.tjba.jus.br\/estrategia\/index.php\/7395-2\/\" target=\"_blank\" rel=\"noopener noreferrer\">2023<\/a>, <a style=\"color: #0000ff;\" href=\"http:\/\/www5.tjba.jus.br\/estrategia\/index.php\/resumo-estatistico-mensal-2022\/\" target=\"_blank\" rel=\"noopener noreferrer\">2022<\/a>, <a style=\"color: #0000ff;\" href=\"http:\/\/www5.tjba.jus.br\/estrategia\/index.php\/resumo-estatistico-mensal\/\" target=\"_blank\" rel=\"noopener noreferrer\">2021<\/a>\u00a0e <a style=\"color: #0000ff;\" href=\"http:\/\/www5.tjba.jus.br\/estrategia\/index.php\/resumo-estatistico-mensal-2020\/\" target=\"_blank\" rel=\"noopener noreferrer\">2020<\/a><\/span>)<\/span>.<\/h5>\n<h5 style=\"text-align: justify;\"><img loading=\"lazy\" decoding=\"async\" class=\"alignleft wp-image-7721\" src=\"http:\/\/www5.tjba.jus.br\/estrategia\/wp-content\/uploads\/2023\/04\/bt-grafico-150x150.png\" alt=\"\" width=\"72\" height=\"72\" srcset=\"https:\/\/www.tjba.jus.br\/estrategia\/wp-content\/uploads\/2023\/04\/bt-grafico-150x150.png 150w, https:\/\/www.tjba.jus.br\/estrategia\/wp-content\/uploads\/2023\/04\/bt-grafico-50x50.png 50w\" sizes=\"auto, (max-width: 72px) 100vw, 72px\" \/><span style=\"font-size: thin;\"><strong>Outros Pain\u00e9is Publicados pelo CNJ<\/strong><br \/>\nOutras ferramentas desenvolvidas pelo Conselho Nacional de Justi\u00e7a. Clique <span style=\"color: #0000ff;\"><a style=\"color: #0000ff;\" href=\"https:\/\/www.cnj.jus.br\/pesquisas-judiciarias\/paineis-cnj\/\" target=\"_blank\" rel=\"noopener noreferrer\">aqui<\/a><\/span>.<strong><br \/>\n<\/strong><br \/>\n<\/span><\/h5>\n<h5 style=\"text-align: justify;\"><\/h5>\n<h5>Em caso de d\u00favidas sobre as publica\u00e7\u00f5es, encaminhe e-mail para: <a href=\"mailto:seplan.dpe@tjba.jus.br\">seplan.dpe@tjba.jus.br<\/a>.<\/h5>\n","protected":false},"excerpt":{"rendered":"<p>&nbsp; O Grupo de Pesquisas Judici\u00e1rias (GPJ) tem compet\u00eancia para gest\u00e3o, organiza\u00e7\u00e3o e valida\u00e7\u00e3o de bases de dados, produ\u00e7\u00e3o de estat\u00edsticas e elabora\u00e7\u00e3o de diagn\u00f3sticos sobre a atua\u00e7\u00e3o do Tribunal de Justi\u00e7a do Estado da Bahia. Pesquisas | Sobre o GPJ | Atualiza\u00e7\u00f5es nas Tabelas Processuais Unificadas. Consulta P\u00fablica de Processos \u00e9 funcionalidade que permite [&hellip;]<\/p>\n","protected":false},"author":7,"featured_media":0,"parent":0,"menu_order":0,"comment_status":"closed","ping_status":"closed","template":"","meta":{"footnotes":""},"class_list":["post-7380","page","type-page","status-publish","hentry"],"acf":[],"featured_image_src":null,"_links":{"self":[{"href":"https:\/\/www.tjba.jus.br\/estrategia\/wp-json\/wp\/v2\/pages\/7380","targetHints":{"allow":["GET"]}}],"collection":[{"href":"https:\/\/www.tjba.jus.br\/estrategia\/wp-json\/wp\/v2\/pages"}],"about":[{"href":"https:\/\/www.tjba.jus.br\/estrategia\/wp-json\/wp\/v2\/types\/page"}],"author":[{"embeddable":true,"href":"https:\/\/www.tjba.jus.br\/estrategia\/wp-json\/wp\/v2\/users\/7"}],"replies":[{"embeddable":true,"href":"https:\/\/www.tjba.jus.br\/estrategia\/wp-json\/wp\/v2\/comments?post=7380"}],"version-history":[{"count":132,"href":"https:\/\/www.tjba.jus.br\/estrategia\/wp-json\/wp\/v2\/pages\/7380\/revisions"}],"predecessor-version":[{"id":9656,"href":"https:\/\/www.tjba.jus.br\/estrategia\/wp-json\/wp\/v2\/pages\/7380\/revisions\/9656"}],"wp:attachment":[{"href":"https:\/\/www.tjba.jus.br\/estrategia\/wp-json\/wp\/v2\/media?parent=7380"}],"curies":[{"name":"wp","href":"https:\/\/api.w.org\/{rel}","templated":true}]}}