{"id":7410,"date":"2023-02-23T12:14:59","date_gmt":"2023-02-23T14:14:59","guid":{"rendered":"http:\/\/www5.tjba.jus.br\/estrategia\/?page_id=7410"},"modified":"2023-02-23T12:14:59","modified_gmt":"2023-02-23T14:14:59","slug":"ldo-2021","status":"publish","type":"page","link":"https:\/\/www.tjba.jus.br\/estrategia\/ldo-2021\/","title":{"rendered":"LDO 2021"},"content":{"rendered":"<div style=\"text-align: justify;\">\n<blockquote><p>A <strong>Lei de Diretrizes Or\u00e7ament\u00e1rias<\/strong> seleciona os programas previstos no Plano Plurianual (PPA) que receber\u00e3o dota\u00e7\u00f5es or\u00e7ament\u00e1rias na Lei Or\u00e7ament\u00e1ria Anual (LOA). \u00c9, portanto, um instrumento de orienta\u00e7\u00e3o para elabora\u00e7\u00e3o desta. As diretrizes or\u00e7ament\u00e1rias dispostas na LDO representam uma ponte entre o PPA e a LOA.<\/p><\/blockquote>\n<hr \/>\n<p><strong>LEI N\u00ba 14.288 DE 30 DE DEZEMBRO DE 2020<\/strong><br \/>\n<strong>Disp\u00f5e sobre as diretrizes or\u00e7ament\u00e1rias para o exerc\u00edcio de<\/strong><br \/>\n<strong>2021, e d\u00e1 outras provid\u00eancias.<\/strong><br \/>\n<strong>O GOVERNADOR DO ESTADO DA BAHIA<\/strong>, fa\u00e7o saber que a Assembleia<br \/>\nLegislativa decreta e eu sanciono a seguinte Lei:<br \/>\n<strong>DISPOSI\u00c7\u00c3O PRELIMINAR<\/strong><br \/>\nArt. 1\u00ba &#8211; Ficam estabelecidas as diretrizes or\u00e7ament\u00e1rias do Estado para o<br \/>\nexerc\u00edcio de 2021, em conformidade com o disposto na Constitui\u00e7\u00e3o Federal, na Constitui\u00e7\u00e3o<br \/>\nEstadual e na Lei Complementar Federal n\u00ba 101, de 04 de maio de 2000, Lei de<br \/>\nResponsabilidade Fiscal, compreendendo:<br \/>\nI &#8211; as metas fiscais e as prioridades da Administra\u00e7\u00e3o P\u00fablica Estadual;<br \/>\nII &#8211; a estrutura e a organiza\u00e7\u00e3o dos or\u00e7amentos;<br \/>\nIII &#8211; as diretrizes para elabora\u00e7\u00e3o e execu\u00e7\u00e3o dos or\u00e7amentos do Estado e suas<br \/>\naltera\u00e7\u00f5es;<br \/>\nIV &#8211; as disposi\u00e7\u00f5es referentes \u00e0s transfer\u00eancias volunt\u00e1rias aos munic\u00edpios e ao<br \/>\nsetor privado;<br \/>\nV &#8211; as disposi\u00e7\u00f5es relativas \u00e0 pol\u00edtica e \u00e0 despesa de pessoal do Estado;<br \/>\nVI &#8211; as disposi\u00e7\u00f5es sobre altera\u00e7\u00f5es na legisla\u00e7\u00e3o tribut\u00e1ria estadual e medidas<br \/>\npara incremento da receita;<br \/>\nVII &#8211; a pol\u00edtica de aplica\u00e7\u00e3o de recursos da ag\u00eancia financeira estadual de<br \/>\nfomento;<br \/>\nVIII &#8211; as disposi\u00e7\u00f5es finais.<\/p>\n<p>[&#8230;]<\/p>\n<\/div>\n<div style=\"text-align: justify;\">\n<p><a href=\"http:\/\/www5.tjba.jus.br\/estrategia\/wp-content\/uploads\/2023\/02\/LDO-2021.pdf\" target=\"_blank\" rel=\"noopener noreferrer\">Clique aqui para visualizar o conte\u00fado completo em PDF. <\/a><\/p>\n<\/div>\n","protected":false},"excerpt":{"rendered":"<p>A Lei de Diretrizes Or\u00e7ament\u00e1rias seleciona os programas previstos no Plano Plurianual (PPA) que receber\u00e3o dota\u00e7\u00f5es or\u00e7ament\u00e1rias na Lei Or\u00e7ament\u00e1ria Anual (LOA). \u00c9, portanto, um instrumento de orienta\u00e7\u00e3o para elabora\u00e7\u00e3o desta. As diretrizes or\u00e7ament\u00e1rias dispostas na LDO representam uma ponte entre o PPA e a LOA. LEI N\u00ba 14.288 DE 30 DE DEZEMBRO DE 2020 [&hellip;]<\/p>\n","protected":false},"author":7,"featured_media":0,"parent":0,"menu_order":0,"comment_status":"closed","ping_status":"closed","template":"","meta":{"footnotes":""},"class_list":["post-7410","page","type-page","status-publish","hentry"],"acf":[],"featured_image_src":null,"_links":{"self":[{"href":"https:\/\/www.tjba.jus.br\/estrategia\/wp-json\/wp\/v2\/pages\/7410","targetHints":{"allow":["GET"]}}],"collection":[{"href":"https:\/\/www.tjba.jus.br\/estrategia\/wp-json\/wp\/v2\/pages"}],"about":[{"href":"https:\/\/www.tjba.jus.br\/estrategia\/wp-json\/wp\/v2\/types\/page"}],"author":[{"embeddable":true,"href":"https:\/\/www.tjba.jus.br\/estrategia\/wp-json\/wp\/v2\/users\/7"}],"replies":[{"embeddable":true,"href":"https:\/\/www.tjba.jus.br\/estrategia\/wp-json\/wp\/v2\/comments?post=7410"}],"version-history":[{"count":1,"href":"https:\/\/www.tjba.jus.br\/estrategia\/wp-json\/wp\/v2\/pages\/7410\/revisions"}],"predecessor-version":[{"id":7415,"href":"https:\/\/www.tjba.jus.br\/estrategia\/wp-json\/wp\/v2\/pages\/7410\/revisions\/7415"}],"wp:attachment":[{"href":"https:\/\/www.tjba.jus.br\/estrategia\/wp-json\/wp\/v2\/media?parent=7410"}],"curies":[{"name":"wp","href":"https:\/\/api.w.org\/{rel}","templated":true}]}}