{"id":7440,"date":"2023-02-23T12:24:29","date_gmt":"2023-02-23T14:24:29","guid":{"rendered":"http:\/\/www5.tjba.jus.br\/estrategia\/?page_id=7440"},"modified":"2023-02-23T13:39:30","modified_gmt":"2023-02-23T15:39:30","slug":"loa-2023","status":"publish","type":"page","link":"https:\/\/www.tjba.jus.br\/estrategia\/loa-2023\/","title":{"rendered":"LOA 2023"},"content":{"rendered":"<div style=\"text-align: justify;\">\n<blockquote><p>A <strong>Lei Or\u00e7ament\u00e1ria Anual<\/strong> operacionaliza, no curto prazo, os programas previstos no Plano Plurianual (PPA) que foram priorizados na Lei de Diretrizes Or\u00e7ament\u00e1rias (LDO). A LOA cont\u00e9m receitas previstas, despesas autorizadas e metas que dever\u00e3o ser atingidas durante o exerc\u00edcio financeiro (dura\u00e7\u00e3o de um ano).<\/p><\/blockquote>\n<hr \/>\n<p><strong>LEI N\u00ba 14.531\/2022 DE 30 DE DEZEMBRO DE 2022<\/strong><br \/>\n<strong>Estima a receita e fixa a despesa do Estado para o exerc\u00edcio <\/strong><br \/>\n<strong>financeiro de 2023.<\/strong><br \/>\n<strong>O GOVERNADOR DO ESTADO DA BAHIA<\/strong>, fa\u00e7o saber que a Assembleia<br \/>\nLegislativa decreta e eu sanciono a seguinte Lei:<br \/>\n<strong>CAP\u00cdTULO I<\/strong><br \/>\n<strong>DAS DISPOSI\u00c7\u00d5ES GERAIS<\/strong><br \/>\nArt. 1\u00ba &#8211; Esta Lei estima a receita e fixa a despesa do Estado para o exerc\u00edcio<br \/>\nfinanceiro de 2023 no montante de R$64.316.410.600,00 (sessenta e quatro bilh\u00f5es, trezentos<br \/>\ne dezesseis milh\u00f5es, quatrocentos e dez mil e seiscentos reais), compreendendo, nos termos<br \/>\ndas normas das Constitui\u00e7\u00f5es Federal e Estadual e da Lei n\u00ba 14.490, de 30 de dezembro de<br \/>\n2022 &#8211; LDO\/2023:<br \/>\nI &#8211; o Or\u00e7amento Fiscal, referente aos Poderes, ao Minist\u00e9rio P\u00fablico e \u00e0<br \/>\nDefensoria P\u00fablica, seus \u00f3rg\u00e3os, fundos, autarquias, empresas estatais dependentes e<br \/>\nfunda\u00e7\u00f5es institu\u00eddas e mantidas pelo Poder P\u00fablico;<br \/>\nII &#8211; o Or\u00e7amento da Seguridade Social, abrangendo todos os \u00f3rg\u00e3os e entidades<br \/>\nda Administra\u00e7\u00e3o direta e indireta, bem como os fundos e funda\u00e7\u00f5es institu\u00eddos e mantidos<br \/>\npelo Poder P\u00fablico, cujas a\u00e7\u00f5es s\u00e3o relativas \u00e0 sa\u00fade, previd\u00eancia e assist\u00eancia social;<br \/>\nIII &#8211; o Or\u00e7amento de Investimento das Empresas, abrangendo aquelas em que o<br \/>\nEstado, direta ou indiretamente, det\u00e9m a maioria do capital social com direito a voto.<\/p>\n<p>[&#8230;]<\/p>\n<\/div>\n<p><a href=\"http:\/\/www5.tjba.jus.br\/estrategia\/wp-content\/uploads\/2023\/02\/LOA-2023.pdf\" target=\"_blank\" rel=\"noopener noreferrer\">Clique aqui para visualizar o conte\u00fado completo em PDF.<\/a><\/p>\n<div style=\"text-align: justify;\">\n<p>&nbsp;<\/p>\n<p>&nbsp;<\/p>\n<\/div>\n","protected":false},"excerpt":{"rendered":"<p>A Lei Or\u00e7ament\u00e1ria Anual operacionaliza, no curto prazo, os programas previstos no Plano Plurianual (PPA) que foram priorizados na Lei de Diretrizes Or\u00e7ament\u00e1rias (LDO). A LOA cont\u00e9m receitas previstas, despesas autorizadas e metas que dever\u00e3o ser atingidas durante o exerc\u00edcio financeiro (dura\u00e7\u00e3o de um ano). LEI N\u00ba 14.531\/2022 DE 30 DE DEZEMBRO DE 2022 Estima [&hellip;]<\/p>\n","protected":false},"author":7,"featured_media":0,"parent":0,"menu_order":0,"comment_status":"closed","ping_status":"closed","template":"","meta":{"footnotes":""},"class_list":["post-7440","page","type-page","status-publish","hentry"],"acf":[],"featured_image_src":null,"_links":{"self":[{"href":"https:\/\/www.tjba.jus.br\/estrategia\/wp-json\/wp\/v2\/pages\/7440","targetHints":{"allow":["GET"]}}],"collection":[{"href":"https:\/\/www.tjba.jus.br\/estrategia\/wp-json\/wp\/v2\/pages"}],"about":[{"href":"https:\/\/www.tjba.jus.br\/estrategia\/wp-json\/wp\/v2\/types\/page"}],"author":[{"embeddable":true,"href":"https:\/\/www.tjba.jus.br\/estrategia\/wp-json\/wp\/v2\/users\/7"}],"replies":[{"embeddable":true,"href":"https:\/\/www.tjba.jus.br\/estrategia\/wp-json\/wp\/v2\/comments?post=7440"}],"version-history":[{"count":3,"href":"https:\/\/www.tjba.jus.br\/estrategia\/wp-json\/wp\/v2\/pages\/7440\/revisions"}],"predecessor-version":[{"id":7457,"href":"https:\/\/www.tjba.jus.br\/estrategia\/wp-json\/wp\/v2\/pages\/7440\/revisions\/7457"}],"wp:attachment":[{"href":"https:\/\/www.tjba.jus.br\/estrategia\/wp-json\/wp\/v2\/media?parent=7440"}],"curies":[{"name":"wp","href":"https:\/\/api.w.org\/{rel}","templated":true}]}}