{"id":7470,"date":"2023-03-14T08:15:49","date_gmt":"2023-03-14T11:15:49","guid":{"rendered":"http:\/\/www5.tjba.jus.br\/estrategia\/?page_id=7470"},"modified":"2026-03-25T14:26:37","modified_gmt":"2026-03-25T17:26:37","slug":"radar-do-tjba-2023","status":"publish","type":"page","link":"https:\/\/www.tjba.jus.br\/estrategia\/radar-do-tjba-2023\/","title":{"rendered":"RADAR DO TJBA &#8211; 2023"},"content":{"rendered":"<p><img loading=\"lazy\" decoding=\"async\" class=\"alignnone wp-image-5153 size-full\" src=\"http:\/\/www5.tjba.jus.br\/estrategia\/wp-content\/uploads\/2020\/04\/Cabe\u00e7alho.png\" alt=\"\" width=\"1430\" height=\"318\" srcset=\"https:\/\/www.tjba.jus.br\/estrategia\/wp-content\/uploads\/2020\/04\/Cabe\u00e7alho.png 1430w, https:\/\/www.tjba.jus.br\/estrategia\/wp-content\/uploads\/2020\/04\/Cabe\u00e7alho-300x67.png 300w, https:\/\/www.tjba.jus.br\/estrategia\/wp-content\/uploads\/2020\/04\/Cabe\u00e7alho-768x171.png 768w, https:\/\/www.tjba.jus.br\/estrategia\/wp-content\/uploads\/2020\/04\/Cabe\u00e7alho-1024x228.png 1024w\" sizes=\"auto, (max-width: 1430px) 100vw, 1430px\" \/><\/p>\n<p>O boletim &#8220;Radar do PJBA&#8221; re\u00fane informa\u00e7\u00f5es diversas acerca do Tribunal de Justi\u00e7a do Estado da Bahia cobrindo temas como Estrutura, Metas Nacionais, Or\u00e7amento e Sustentabilidade. Os dados ser\u00e3o atualizados mensalmente. Confira!<\/p>\n<p><a href=\"http:\/\/www5.tjba.jus.br\/estrategia\/wp-content\/uploads\/2024\/02\/RADAR-PJBA-46\u00aa-Edi\u00e7\u00e3o.pdf\">RADAR PJBA &#8211; 46\u00aa Edi\u00e7\u00e3o<\/a> (Dezembro\/2023)<br \/><a href=\"http:\/\/www5.tjba.jus.br\/estrategia\/wp-content\/uploads\/2023\/12\/RADAR-PJBA-45\u00aa-Edi\u00e7\u00e3o.pdf\">RADAR PJBA &#8211; 45\u00aa Edi\u00e7\u00e3o<\/a> (Novembro\/2023)<br \/><a href=\"http:\/\/www5.tjba.jus.br\/estrategia\/wp-content\/uploads\/2023\/12\/RADAR%20PJBA%20-%2044%C2%AA%20Edi%C3%A7%C3%A3o.pdf\" target=\"_blank\" rel=\"noopener noreferrer\">RADAR PJBA &#8211; 44\u00aa Edi\u00e7\u00e3o<\/a> (Outubro\/2023)<br \/><a href=\"http:\/\/www5.tjba.jus.br\/estrategia\/wp-content\/uploads\/2023\/12\/RADAR%20PJBA%20-%2043%C2%AA%20Edi%C3%A7%C3%A3o.pdf\" target=\"_blank\" rel=\"noopener noreferrer\">RADAR PJBA &#8211; 43\u00aa Edic\u0327a\u0303o<\/a> (Setembro\/2023)<br \/><a href=\"http:\/\/www5.tjba.jus.br\/estrategia\/wp-content\/uploads\/2023\/12\/RADAR%20PJBA%20-%2042%C2%AA%20Edi%C3%A7%C3%A3o.pdf\">RADAR PJBA &#8211; 42\u00aa Edi\u00e7\u00e3o<\/a> (Agosto\/2023)<br \/><a href=\"http:\/\/www5.tjba.jus.br\/estrategia\/wp-content\/uploads\/2023\/12\/RADAR%20PJBA%20-%2041%C2%AA%20Edi%C3%A7%C3%A3o.pdf\">RADAR PJBA &#8211; 41\u00aa Edi\u00e7\u00e3o<\/a> (Julho\/2023)<br \/><a href=\"http:\/\/www5.tjba.jus.br\/estrategia\/wp-content\/uploads\/2023\/12\/RADAR%20PJBA%20-%2040%C2%AA%20Edi%C3%A7%C3%A3o.pdf\">RADAR PJBA &#8211; 40\u00aa Edi\u00e7\u00e3o<\/a> (Junho\/2023)<br \/><a href=\"http:\/\/www5.tjba.jus.br\/estrategia\/wp-content\/uploads\/2023\/12\/RADAR%20PJBA%20-%2039%C2%AA%20Edi%C3%A7%C3%A3o.pdf\">RADAR PJBA &#8211; 39\u00aa Edi\u00e7\u00e3o<\/a> (Maio\/2023)<br \/><a href=\"http:\/\/www5.tjba.jus.br\/estrategia\/wp-content\/uploads\/2023\/12\/RADAR%20PJBA%20-%2038%C2%AA%20Edi%C3%A7%C3%A3o.pdf\">RADAR PJBA &#8211; 38\u00aa Edi\u00e7\u00e3o<\/a>\u00a0(Abril\/2023)<br \/><a href=\"http:\/\/www5.tjba.jus.br\/estrategia\/wp-content\/uploads\/2023\/12\/RADAR%20PJBA%20-%2037%C2%AA%20Edi%C3%A7%C3%A3o.pdf\">RADAR PJBA &#8211; 37\u00aa Edi\u00e7\u00e3o<\/a> (Mar\u00e7o\/2023)<br \/><a href=\"http:\/\/www5.tjba.jus.br\/estrategia\/wp-content\/uploads\/2023\/12\/RADAR%20PJBA%20-%2036%C2%AA%20Edi%C3%A7%C3%A3o.pdf\">RADAR PJBA &#8211; 36\u00aa Edi\u00e7\u00e3o<\/a> (Fevereiro\/2023)<br \/><a href=\"http:\/\/www5.tjba.jus.br\/estrategia\/wp-content\/uploads\/2023\/12\/RADAR%20PJBA%20-%2035%C2%AA%20Edi%C3%A7%C3%A3o.pdf\">RADAR PJBA &#8211; 35\u00aa Edi\u00e7\u00e3o<\/a> (Janeiro\/2023)<\/p>\n<h6><span style=\"color: #ff0000;\"><a style=\"color: #ff0000;\" href=\"https:\/\/www.tjba.jus.br\/estrategia\/wp-content\/uploads\/2026\/03\/Radar-Arquivos-CSV-2023.zip\"><strong data-start=\"77\" data-end=\"117\"><span class=\"BZ_Pyq_fadeIn\">Vers\u00e3o <\/span><span class=\"BZ_Pyq_fadeIn\">em <\/span><span class=\"BZ_Pyq_fadeIn\">planilha <\/span><span class=\"BZ_Pyq_fadeIn\">eletr\u00f4nica (<\/span><span class=\"BZ_Pyq_fadeIn\">CSV) aqui.<\/span><\/strong><\/a><\/span> <span class=\"BZ_Pyq_fadeIn\">Arquivo <\/span><span class=\"BZ_Pyq_fadeIn\">compactado (.<\/span><span class=\"BZ_Pyq_fadeIn\">zip) <\/span><span class=\"BZ_Pyq_fadeIn\">contendo <\/span><span class=\"BZ_Pyq_fadeIn\">os <\/span><span class=\"BZ_Pyq_fadeIn\">dados <\/span><span class=\"BZ_Pyq_fadeIn\">mensais <\/span><span class=\"BZ_Pyq_fadeIn\">em <\/span><span class=\"BZ_Pyq_fadeIn\">formato <\/span><span class=\"BZ_Pyq_fadeIn\">CSV.<\/span><\/h6>\n<div class=\"ms-editor-squiggler\" style=\"color: initial; font: initial; font-feature-settings: initial; font-kerning: initial; font-optical-sizing: initial; font-variation-settings: initial; forced-color-adjust: initial; text-orientation: initial; text-rendering: initial; -webkit-font-smoothing: initial; -webkit-locale: initial; -webkit-text-orientation: initial; -webkit-writing-mode: initial; writing-mode: initial; zoom: initial; place-content: initial; place-items: initial; place-self: initial; alignment-baseline: initial; animation: initial; appearance: initial; aspect-ratio: initial; backdrop-filter: initial; backface-visibility: initial; background: initial; background-blend-mode: initial; baseline-shift: initial; block-size: initial; border-block: initial; border: initial; border-radius: initial; border-collapse: initial; border-end-end-radius: initial; border-end-start-radius: initial; border-inline: initial; border-start-end-radius: initial; border-start-start-radius: initial; inset: initial; box-shadow: initial; box-sizing: initial; break-after: initial; break-before: initial; break-inside: initial; buffered-rendering: initial; caption-side: initial; caret-color: initial; clear: initial; clip: initial; clip-path: initial; clip-rule: initial; color-interpolation: initial; color-interpolation-filters: initial; color-rendering: initial; color-scheme: initial; columns: initial; column-fill: initial; gap: initial; column-rule: initial; column-span: initial; contain: initial; contain-intrinsic-size: initial; content: initial; content-visibility: initial; counter-increment: initial; counter-reset: initial; counter-set: initial; cursor: initial; cx: initial; cy: initial; d: initial; display: block; dominant-baseline: initial; empty-cells: initial; fill: initial; fill-opacity: initial; fill-rule: initial; filter: initial; flex: initial; flex-flow: initial; float: initial; flood-color: initial; flood-opacity: initial; grid: initial; grid-area: initial; height: 0px; hyphens: initial; image-orientation: initial; image-rendering: initial; inline-size: initial; inset-block: initial; inset-inline: initial; isolation: initial; letter-spacing: initial; lighting-color: initial; line-break: initial; list-style: initial; margin-block: initial; margin: initial; margin-inline: initial; marker: initial; mask: initial; mask-type: initial; max-block-size: initial; max-height: initial; max-inline-size: initial; max-width: initial; min-block-size: initial; min-height: initial; min-inline-size: initial; min-width: initial; mix-blend-mode: initial; object-fit: initial; object-position: initial; offset: initial; opacity: initial; order: initial; origin-trial-test-property: initial; orphans: initial; outline: initial; outline-offset: initial; overflow-anchor: initial; overflow-wrap: initial; overflow: initial; overscroll-behavior-block: initial; overscroll-behavior-inline: initial; overscroll-behavior: initial; padding-block: initial; padding: initial; padding-inline: initial; page: initial; page-orientation: initial; paint-order: initial; perspective: initial; perspective-origin: initial; pointer-events: initial; position: initial; quotes: initial; r: initial; resize: initial; ruby-position: initial; rx: initial; ry: initial; scroll-behavior: initial; scroll-margin-block: initial; scroll-margin: initial; scroll-margin-inline: initial; scroll-padding-block: initial; scroll-padding: initial; scroll-padding-inline: initial; scroll-snap-align: initial; scroll-snap-stop: initial; scroll-snap-type: initial; shape-image-threshold: initial; shape-margin: initial; shape-outside: initial; shape-rendering: initial; size: initial; speak: initial; stop-color: initial; stop-opacity: initial; stroke: initial; stroke-dasharray: initial; stroke-dashoffset: initial; stroke-linecap: initial; stroke-linejoin: initial; stroke-miterlimit: initial; stroke-opacity: initial; stroke-width: initial; tab-size: initial; table-layout: initial; text-align: initial; text-align-last: initial; text-anchor: initial; text-combine-upright: initial; text-decoration: initial; text-decoration-skip-ink: initial; text-indent: initial; text-overflow: initial; text-shadow: initial; text-size-adjust: initial; text-transform: initial; text-underline-offset: initial; text-underline-position: initial; touch-action: initial; transform: initial; transform-box: initial; transform-origin: initial; transform-style: initial; transition: initial; user-select: initial; vector-effect: initial; vertical-align: initial; visibility: initial; -webkit-app-region: initial; border-spacing: initial; -webkit-border-image: initial; -webkit-box-align: initial; -webkit-box-decoration-break: initial; -webkit-box-direction: initial; -webkit-box-flex: initial; -webkit-box-ordinal-group: initial; -webkit-box-orient: initial; -webkit-box-pack: initial; -webkit-box-reflect: initial; -webkit-highlight: initial; -webkit-hyphenate-character: initial; -webkit-line-break: initial; -webkit-line-clamp: initial; -webkit-mask-box-image: initial; -webkit-mask: initial; -webkit-mask-composite: initial; -webkit-perspective-origin-x: initial; -webkit-perspective-origin-y: initial; -webkit-print-color-adjust: initial; -webkit-rtl-ordering: initial; -webkit-ruby-position: initial; -webkit-tap-highlight-color: initial; -webkit-text-combine: initial; -webkit-text-decorations-in-effect: initial; -webkit-text-emphasis: initial; -webkit-text-emphasis-position: initial; -webkit-text-fill-color: initial; -webkit-text-security: initial; -webkit-text-stroke: initial; -webkit-transform-origin-x: initial; -webkit-transform-origin-y: initial; -webkit-transform-origin-z: initial; -webkit-user-drag: initial; -webkit-user-modify: initial; white-space: initial; widows: initial; width: initial; will-change: initial; word-break: initial; word-spacing: initial; x: initial; y: initial; z-index: initial;\">\u00a0<\/div>\n<div class=\"ms-editor-squiggler\" style=\"color: initial; font: initial; font-feature-settings: initial; font-kerning: initial; font-optical-sizing: initial; font-variation-settings: initial; forced-color-adjust: initial; text-orientation: initial; text-rendering: initial; -webkit-font-smoothing: initial; -webkit-locale: initial; -webkit-text-orientation: initial; -webkit-writing-mode: initial; writing-mode: initial; zoom: initial; place-content: initial; place-items: initial; place-self: initial; alignment-baseline: initial; animation: initial; appearance: initial; aspect-ratio: initial; backdrop-filter: initial; backface-visibility: initial; background: initial; background-blend-mode: initial; baseline-shift: initial; block-size: initial; border-block: initial; border: initial; border-radius: initial; border-collapse: initial; border-end-end-radius: initial; border-end-start-radius: initial; border-inline: initial; border-start-end-radius: initial; border-start-start-radius: initial; inset: initial; box-shadow: initial; box-sizing: initial; break-after: initial; break-before: initial; break-inside: initial; buffered-rendering: initial; caption-side: initial; caret-color: initial; clear: initial; clip: initial; clip-path: initial; clip-rule: initial; color-interpolation: initial; color-interpolation-filters: initial; color-rendering: initial; color-scheme: initial; columns: initial; column-fill: initial; gap: initial; column-rule: initial; column-span: initial; contain: initial; contain-intrinsic-size: initial; content: initial; content-visibility: initial; counter-increment: initial; counter-reset: initial; counter-set: initial; cursor: initial; cx: initial; cy: initial; d: initial; display: block; dominant-baseline: initial; empty-cells: initial; fill: initial; fill-opacity: initial; fill-rule: initial; filter: initial; flex: initial; flex-flow: initial; float: initial; flood-color: initial; flood-opacity: initial; grid: initial; grid-area: initial; height: 0px; hyphens: initial; image-orientation: initial; image-rendering: initial; inline-size: initial; inset-block: initial; inset-inline: initial; isolation: initial; letter-spacing: initial; lighting-color: initial; line-break: initial; list-style: initial; margin-block: initial; margin: initial; margin-inline: initial; marker: initial; mask: initial; mask-type: initial; max-block-size: initial; max-height: initial; max-inline-size: initial; max-width: initial; min-block-size: initial; min-height: initial; min-inline-size: initial; min-width: initial; mix-blend-mode: initial; object-fit: initial; object-position: initial; offset: initial; opacity: initial; order: initial; origin-trial-test-property: initial; orphans: initial; outline: initial; outline-offset: initial; overflow-anchor: initial; overflow-wrap: initial; overflow: initial; overscroll-behavior-block: initial; overscroll-behavior-inline: initial; overscroll-behavior: initial; padding-block: initial; padding: initial; padding-inline: initial; page: initial; page-orientation: initial; paint-order: initial; perspective: initial; perspective-origin: initial; pointer-events: initial; position: initial; quotes: initial; r: initial; resize: initial; ruby-position: initial; rx: initial; ry: initial; scroll-behavior: initial; scroll-margin-block: initial; scroll-margin: initial; scroll-margin-inline: initial; scroll-padding-block: initial; scroll-padding: initial; scroll-padding-inline: initial; scroll-snap-align: initial; scroll-snap-stop: initial; scroll-snap-type: initial; shape-image-threshold: initial; shape-margin: initial; shape-outside: initial; shape-rendering: initial; size: initial; speak: initial; stop-color: initial; stop-opacity: initial; stroke: initial; stroke-dasharray: initial; stroke-dashoffset: initial; stroke-linecap: initial; stroke-linejoin: initial; stroke-miterlimit: initial; stroke-opacity: initial; stroke-width: initial; tab-size: initial; table-layout: initial; text-align: initial; text-align-last: initial; text-anchor: initial; text-combine-upright: initial; text-decoration: initial; text-decoration-skip-ink: initial; text-indent: initial; text-overflow: initial; text-shadow: initial; text-size-adjust: initial; text-transform: initial; text-underline-offset: initial; text-underline-position: initial; touch-action: initial; transform: initial; transform-box: initial; transform-origin: initial; transform-style: initial; transition: initial; user-select: initial; vector-effect: initial; vertical-align: initial; visibility: initial; -webkit-app-region: initial; border-spacing: initial; -webkit-border-image: initial; -webkit-box-align: initial; -webkit-box-decoration-break: initial; -webkit-box-direction: initial; -webkit-box-flex: initial; -webkit-box-ordinal-group: initial; -webkit-box-orient: initial; -webkit-box-pack: initial; -webkit-box-reflect: initial; -webkit-highlight: initial; -webkit-hyphenate-character: initial; -webkit-line-break: initial; -webkit-line-clamp: initial; -webkit-mask-box-image: initial; -webkit-mask: initial; -webkit-mask-composite: initial; -webkit-perspective-origin-x: initial; -webkit-perspective-origin-y: initial; -webkit-print-color-adjust: initial; -webkit-rtl-ordering: initial; -webkit-ruby-position: initial; -webkit-tap-highlight-color: initial; -webkit-text-combine: initial; -webkit-text-decorations-in-effect: initial; -webkit-text-emphasis: initial; -webkit-text-emphasis-position: initial; -webkit-text-fill-color: initial; -webkit-text-security: initial; -webkit-text-stroke: initial; -webkit-transform-origin-x: initial; -webkit-transform-origin-y: initial; -webkit-transform-origin-z: initial; -webkit-user-drag: initial; -webkit-user-modify: initial; white-space: initial; widows: initial; width: initial; will-change: initial; word-break: initial; word-spacing: initial; x: initial; y: initial; z-index: initial;\">\u00a0<\/div>\n\n\n<p><\/p>\n","protected":false},"excerpt":{"rendered":"<p>O boletim &#8220;Radar do PJBA&#8221; re\u00fane informa\u00e7\u00f5es diversas acerca do Tribunal de Justi\u00e7a do Estado da Bahia cobrindo temas como Estrutura, Metas Nacionais, Or\u00e7amento e Sustentabilidade. Os dados ser\u00e3o atualizados mensalmente. Confira! RADAR PJBA &#8211; 46\u00aa Edi\u00e7\u00e3o (Dezembro\/2023)RADAR PJBA &#8211; 45\u00aa Edi\u00e7\u00e3o (Novembro\/2023)RADAR PJBA &#8211; 44\u00aa Edi\u00e7\u00e3o (Outubro\/2023)RADAR PJBA &#8211; 43\u00aa Edic\u0327a\u0303o (Setembro\/2023)RADAR PJBA &#8211; [&hellip;]<\/p>\n","protected":false},"author":7,"featured_media":0,"parent":0,"menu_order":0,"comment_status":"closed","ping_status":"closed","template":"","meta":{"footnotes":""},"class_list":["post-7470","page","type-page","status-publish","hentry"],"acf":[],"featured_image_src":null,"_links":{"self":[{"href":"https:\/\/www.tjba.jus.br\/estrategia\/wp-json\/wp\/v2\/pages\/7470","targetHints":{"allow":["GET"]}}],"collection":[{"href":"https:\/\/www.tjba.jus.br\/estrategia\/wp-json\/wp\/v2\/pages"}],"about":[{"href":"https:\/\/www.tjba.jus.br\/estrategia\/wp-json\/wp\/v2\/types\/page"}],"author":[{"embeddable":true,"href":"https:\/\/www.tjba.jus.br\/estrategia\/wp-json\/wp\/v2\/users\/7"}],"replies":[{"embeddable":true,"href":"https:\/\/www.tjba.jus.br\/estrategia\/wp-json\/wp\/v2\/comments?post=7470"}],"version-history":[{"count":20,"href":"https:\/\/www.tjba.jus.br\/estrategia\/wp-json\/wp\/v2\/pages\/7470\/revisions"}],"predecessor-version":[{"id":10270,"href":"https:\/\/www.tjba.jus.br\/estrategia\/wp-json\/wp\/v2\/pages\/7470\/revisions\/10270"}],"wp:attachment":[{"href":"https:\/\/www.tjba.jus.br\/estrategia\/wp-json\/wp\/v2\/media?parent=7470"}],"curies":[{"name":"wp","href":"https:\/\/api.w.org\/{rel}","templated":true}]}}