{"id":7490,"date":"2023-03-21T09:10:51","date_gmt":"2023-03-21T12:10:51","guid":{"rendered":"http:\/\/www5.tjba.jus.br\/estrategia\/?page_id=7490"},"modified":"2025-03-28T14:00:40","modified_gmt":"2025-03-28T17:00:40","slug":"painel-estatistico-do-cnj","status":"publish","type":"page","link":"https:\/\/www.tjba.jus.br\/estrategia\/painel-estatistico-do-cnj\/","title":{"rendered":"Painel Estat\u00edstico do CNJ"},"content":{"rendered":"<h4 style=\"text-align: justify;\">Em cumprimento \u00e0 Resolu\u00e7\u00e3o N\u00ba 333\/2020 e \u00e0 Portaria N\u00ba 119\/2021 do Conselho Nacional de Justi\u00e7a (CNJ), o painel elaborado pelo Departamento de Pesquisas Judici\u00e1rias (DPJ) est\u00e1 dispon\u00edvel abaixo. Com essa aplica\u00e7\u00e3o \u00e9 poss\u00edvel consultar o n\u00famero \u00fanico dos processos e extrair relat\u00f3rios em formato eletr\u00f4nico aberto atrav\u00e9s da API dispon\u00edvel na sua aba de downloads.<\/h4>\n<div><\/div>\n<div><iframe loading=\"lazy\" src=\"https:\/\/painel-estatistica.stg.cloud.cnj.jus.br\/estatisticas.html\" width=\"1200\" height=\"900\" allowfullscreen=\"allowfullscreen\"><span data-mce-type=\"bookmark\" style=\"display: inline-block; width: 0px; overflow: hidden; line-height: 0;\" class=\"mce_SELRES_start\">\ufeff<\/span><span data-mce-type=\"bookmark\" style=\"display: inline-block; width: 0px; overflow: hidden; line-height: 0;\" class=\"mce_SELRES_start\">\ufeff<\/span><span data-mce-type=\"bookmark\" style=\"display: inline-block; width: 0px; overflow: hidden; line-height: 0;\" class=\"mce_SELRES_start\">\ufeff<\/span><span data-mce-type=\"bookmark\" style=\"display: inline-block; width: 0px; overflow: hidden; line-height: 0;\" class=\"mce_SELRES_start\">\ufeff<\/span> PAINEL DE ESTAT\u00cdSTICA DO CNJ<span data-mce-type=\"bookmark\" style=\"display: inline-block; width: 0px; overflow: hidden; line-height: 0;\" class=\"mce_SELRES_start\">\ufeff<\/span><\/iframe><\/div>\n","protected":false},"excerpt":{"rendered":"<p>Em cumprimento \u00e0 Resolu\u00e7\u00e3o N\u00ba 333\/2020 e \u00e0 Portaria N\u00ba 119\/2021 do Conselho Nacional de Justi\u00e7a (CNJ), o painel elaborado pelo Departamento de Pesquisas Judici\u00e1rias (DPJ) est\u00e1 dispon\u00edvel abaixo. Com essa aplica\u00e7\u00e3o \u00e9 poss\u00edvel consultar o n\u00famero \u00fanico dos processos e extrair relat\u00f3rios em formato eletr\u00f4nico aberto atrav\u00e9s da API dispon\u00edvel na sua aba de [&hellip;]<\/p>\n","protected":false},"author":1,"featured_media":0,"parent":0,"menu_order":0,"comment_status":"closed","ping_status":"closed","template":"","meta":{"footnotes":""},"class_list":["post-7490","page","type-page","status-publish","hentry"],"acf":[],"featured_image_src":null,"_links":{"self":[{"href":"https:\/\/www.tjba.jus.br\/estrategia\/wp-json\/wp\/v2\/pages\/7490","targetHints":{"allow":["GET"]}}],"collection":[{"href":"https:\/\/www.tjba.jus.br\/estrategia\/wp-json\/wp\/v2\/pages"}],"about":[{"href":"https:\/\/www.tjba.jus.br\/estrategia\/wp-json\/wp\/v2\/types\/page"}],"author":[{"embeddable":true,"href":"https:\/\/www.tjba.jus.br\/estrategia\/wp-json\/wp\/v2\/users\/1"}],"replies":[{"embeddable":true,"href":"https:\/\/www.tjba.jus.br\/estrategia\/wp-json\/wp\/v2\/comments?post=7490"}],"version-history":[{"count":6,"href":"https:\/\/www.tjba.jus.br\/estrategia\/wp-json\/wp\/v2\/pages\/7490\/revisions"}],"predecessor-version":[{"id":9179,"href":"https:\/\/www.tjba.jus.br\/estrategia\/wp-json\/wp\/v2\/pages\/7490\/revisions\/9179"}],"wp:attachment":[{"href":"https:\/\/www.tjba.jus.br\/estrategia\/wp-json\/wp\/v2\/media?parent=7490"}],"curies":[{"name":"wp","href":"https:\/\/api.w.org\/{rel}","templated":true}]}}