{"id":7579,"date":"2023-04-13T10:23:41","date_gmt":"2023-04-13T13:23:41","guid":{"rendered":"http:\/\/www5.tjba.jus.br\/estrategia\/?page_id=7579"},"modified":"2024-05-13T19:47:55","modified_gmt":"2024-05-13T22:47:55","slug":"semana-de-saneamento-de-dados","status":"publish","type":"page","link":"https:\/\/www.tjba.jus.br\/estrategia\/semana-de-saneamento-de-dados\/","title":{"rendered":"Semana de Saneamento de Dados"},"content":{"rendered":"<h5>Processos saneados por dia<\/h5>\n<p>[wp_charts title=&#8221;SANEAMENTO POR DIA&#8221; type=&#8221;line&#8221; align=&#8221;aligncenter&#8221; canvaswidth=&#8221;600&#8243; canvasheight=&#8221;400&#8243;\u00a0 datasets=&#8221;45000,45000,45000,45000,45000 next 30000,35000,40000,45000,50000&#8243; labels=&#8221;13\/05,14\/05,15\/05,16\/05,17\/05&#8243;]<\/p>\n<p>Informa\u00e7\u00f5es:<br \/>\n<a href=\"https:\/\/www.tjba.jus.br\/portal\/wp-content\/uploads\/2024\/05\/ATO-CONJUNTO-No-006-SEMANA-ESTADUAL-DE-SANEAMENTO-DE-DADOS.pdf\" target=\"_blank\" rel=\"noopener noreferrer\">Ato Conjunto N\u00ba 6, de 29 de abril de 2024<\/a><br \/>\n<a href=\"https:\/\/www.youtube.com\/watch?v=VaEUOTXW1iM\" target=\"_blank\" rel=\"noopener noreferrer\">Minuto PJE &#8211; Retifica\u00e7\u00e3o de Dados das Partes (V\u00eddeo)<\/a><\/p>\n","protected":false},"excerpt":{"rendered":"<p>Processos saneados por dia [wp_charts title=&#8221;SANEAMENTO POR DIA&#8221; type=&#8221;line&#8221; align=&#8221;aligncenter&#8221; canvaswidth=&#8221;600&#8243; canvasheight=&#8221;400&#8243;\u00a0 datasets=&#8221;45000,45000,45000,45000,45000 next 30000,35000,40000,45000,50000&#8243; labels=&#8221;13\/05,14\/05,15\/05,16\/05,17\/05&#8243;] Informa\u00e7\u00f5es: Ato Conjunto N\u00ba 6, de 29 de abril de 2024 Minuto PJE &#8211; Retifica\u00e7\u00e3o de Dados das Partes (V\u00eddeo)<\/p>\n","protected":false},"author":1,"featured_media":0,"parent":0,"menu_order":0,"comment_status":"closed","ping_status":"closed","template":"","meta":{"footnotes":""},"class_list":["post-7579","page","type-page","status-publish","hentry"],"acf":[],"featured_image_src":null,"_links":{"self":[{"href":"https:\/\/www.tjba.jus.br\/estrategia\/wp-json\/wp\/v2\/pages\/7579","targetHints":{"allow":["GET"]}}],"collection":[{"href":"https:\/\/www.tjba.jus.br\/estrategia\/wp-json\/wp\/v2\/pages"}],"about":[{"href":"https:\/\/www.tjba.jus.br\/estrategia\/wp-json\/wp\/v2\/types\/page"}],"author":[{"embeddable":true,"href":"https:\/\/www.tjba.jus.br\/estrategia\/wp-json\/wp\/v2\/users\/1"}],"replies":[{"embeddable":true,"href":"https:\/\/www.tjba.jus.br\/estrategia\/wp-json\/wp\/v2\/comments?post=7579"}],"version-history":[{"count":48,"href":"https:\/\/www.tjba.jus.br\/estrategia\/wp-json\/wp\/v2\/pages\/7579\/revisions"}],"predecessor-version":[{"id":8649,"href":"https:\/\/www.tjba.jus.br\/estrategia\/wp-json\/wp\/v2\/pages\/7579\/revisions\/8649"}],"wp:attachment":[{"href":"https:\/\/www.tjba.jus.br\/estrategia\/wp-json\/wp\/v2\/media?parent=7579"}],"curies":[{"name":"wp","href":"https:\/\/api.w.org\/{rel}","templated":true}]}}