{"id":7861,"date":"2023-06-30T09:14:28","date_gmt":"2023-06-30T12:14:28","guid":{"rendered":"http:\/\/www5.tjba.jus.br\/estrategia\/?page_id=7861"},"modified":"2023-08-15T15:14:17","modified_gmt":"2023-08-15T18:14:17","slug":"paineis-dinamicos","status":"publish","type":"page","link":"https:\/\/www.tjba.jus.br\/estrategia\/paineis-dinamicos\/","title":{"rendered":"Pain\u00e9is Din\u00e2micos"},"content":{"rendered":"<p><a href=\"https:\/\/dash.tjba.jus.br\/resumoexaudi\" target=\"_blank\" rel=\"noopener noreferrer\"><img loading=\"lazy\" decoding=\"async\" class=\"alignleft\" src=\"https:\/\/dash.tjba.jus.br\/assets\/logo_exaudi.png\" alt=\"\" width=\"400\" height=\"500\" \/><\/a><\/p>\n<p align=\"justify\">O painel &#8220;<strong>Distribui\u00e7\u00e3o e Acervo<\/strong>&#8221; apresenta informa\u00e7\u00f5es gerais e por serventia de aforamento e acervo. A ferramenta permite baixar os dados selecionados em planilha eletr\u00f4nica selecionando dados sint\u00e9ticos (por comarca e serventia) ou anal\u00edticos (por comarca, serventia e compet\u00eancia). Os dados s\u00e3o coletados na base de dados Exaudi.<\/p>\n<p>&nbsp;<\/p>\n<p><a href=\"https:\/\/resumometasnacionais.tjba.jus.br\" target=\"_blank\" rel=\"noopener noreferrer\"><img loading=\"lazy\" decoding=\"async\" class=\"alignleft\" src=\"https:\/\/resumometasnacionais.tjba.jus.br\/assets\/logo_red_verde.jpg\" alt=\"\" width=\"400\" height=\"500\" \/><\/a><\/p>\n<p align=\"justify\">O &#8220;Resumo Estat\u00edstico Din\u00e2mico &#8211; <strong>Metas Nacionais<\/strong>&#8221; disponibiliza o percentual de execu\u00e7\u00e3o das Metas Nacionais do Conselho Nacional de Justi\u00e7a 1 e 2. Permite baixar planilha eletr\u00f4nica com os dados das unidades selecionadas.<\/p>\n<p>&nbsp;<\/p>\n<p><a href=\"https:\/\/resumompm.tjba.jus.br\" target=\"_blank\" rel=\"noopener noreferrer\"><img loading=\"lazy\" decoding=\"async\" class=\"alignleft\" src=\"https:\/\/resumometasnacionais.tjba.jus.br\/assets\/logo_red_verde.jpg\" alt=\"\" width=\"400\" height=\"500\" \/><\/a><\/p>\n<p align=\"justify\">O &#8220;Resumo Estat\u00edstico Din\u00e2mico &#8211; <strong>MPM<\/strong>&#8221; (M\u00f3dulo de Produtividade Mensal) apresenta vari\u00e1veis estat\u00edsticas previstas na Resolu\u00e7\u00e3o 76\/2009 do Conselho Nacional de Justi\u00e7a, tais como Casos Novos, Baixados, Pendentes, \u00cdndice de Atendimento \u00e0 Demanda e Taxa de Congestionamento. Permite baixar planilha eletr\u00f4nica com os dados das unidades selecionadas.<\/p>\n<p align=\"justify\"><a href=\"https:\/\/resumompu.tjba.jus.br\/\" target=\"_blank\" rel=\"noopener noreferrer\"><img loading=\"lazy\" decoding=\"async\" class=\"alignleft wp-image-7971\" src=\"http:\/\/www5.tjba.jus.br\/estrategia\/wp-content\/uploads\/2023\/08\/topo_mpu-1024x174.png\" alt=\"\" width=\"400\" height=\"68\" srcset=\"https:\/\/www.tjba.jus.br\/estrategia\/wp-content\/uploads\/2023\/08\/topo_mpu-1024x174.png 1024w, https:\/\/www.tjba.jus.br\/estrategia\/wp-content\/uploads\/2023\/08\/topo_mpu-300x51.png 300w, https:\/\/www.tjba.jus.br\/estrategia\/wp-content\/uploads\/2023\/08\/topo_mpu-768x130.png 768w, https:\/\/www.tjba.jus.br\/estrategia\/wp-content\/uploads\/2023\/08\/topo_mpu.png 1302w\" sizes=\"auto, (max-width: 400px) 100vw, 400px\" \/><\/a>O painel &#8220;<strong>Medidas Protetivas de Urg\u00eancia<\/strong> (Lei Maria da Penha)&#8221; apresenta o quantitativo de Medidas Protetivas no acervo, distribu\u00eddo, bem como quantas foram concedidas, concedidas parcialmente ou indeferidas. Os dados podem ser consultados por Comarca e Unidade e tamb\u00e9m podem ser baixados em planilha eletr\u00f4nica. Os dados seguem os par\u00e2metros do Gloss\u00e1rio &#8220;Justi\u00e7a pela Paz em Casa&#8221;, elaborado pelo Conselho Nacional de Justi\u00e7a.<\/p>\n","protected":false},"excerpt":{"rendered":"<p>O painel &#8220;Distribui\u00e7\u00e3o e Acervo&#8221; apresenta informa\u00e7\u00f5es gerais e por serventia de aforamento e acervo. A ferramenta permite baixar os dados selecionados em planilha eletr\u00f4nica selecionando dados sint\u00e9ticos (por comarca e serventia) ou anal\u00edticos (por comarca, serventia e compet\u00eancia). Os dados s\u00e3o coletados na base de dados Exaudi. &nbsp; O &#8220;Resumo Estat\u00edstico Din\u00e2mico &#8211; Metas [&hellip;]<\/p>\n","protected":false},"author":7,"featured_media":0,"parent":0,"menu_order":0,"comment_status":"closed","ping_status":"closed","template":"","meta":{"footnotes":""},"class_list":["post-7861","page","type-page","status-publish","hentry"],"acf":[],"featured_image_src":null,"_links":{"self":[{"href":"https:\/\/www.tjba.jus.br\/estrategia\/wp-json\/wp\/v2\/pages\/7861","targetHints":{"allow":["GET"]}}],"collection":[{"href":"https:\/\/www.tjba.jus.br\/estrategia\/wp-json\/wp\/v2\/pages"}],"about":[{"href":"https:\/\/www.tjba.jus.br\/estrategia\/wp-json\/wp\/v2\/types\/page"}],"author":[{"embeddable":true,"href":"https:\/\/www.tjba.jus.br\/estrategia\/wp-json\/wp\/v2\/users\/7"}],"replies":[{"embeddable":true,"href":"https:\/\/www.tjba.jus.br\/estrategia\/wp-json\/wp\/v2\/comments?post=7861"}],"version-history":[{"count":19,"href":"https:\/\/www.tjba.jus.br\/estrategia\/wp-json\/wp\/v2\/pages\/7861\/revisions"}],"predecessor-version":[{"id":7976,"href":"https:\/\/www.tjba.jus.br\/estrategia\/wp-json\/wp\/v2\/pages\/7861\/revisions\/7976"}],"wp:attachment":[{"href":"https:\/\/www.tjba.jus.br\/estrategia\/wp-json\/wp\/v2\/media?parent=7861"}],"curies":[{"name":"wp","href":"https:\/\/api.w.org\/{rel}","templated":true}]}}