{"id":8020,"date":"2023-09-13T16:23:45","date_gmt":"2023-09-13T19:23:45","guid":{"rendered":"http:\/\/www5.tjba.jus.br\/estrategia\/?page_id=8020"},"modified":"2023-09-13T16:27:37","modified_gmt":"2023-09-13T19:27:37","slug":"relatorio-estatistico-web","status":"publish","type":"page","link":"https:\/\/www.tjba.jus.br\/estrategia\/relatorio-estatistico-web\/","title":{"rendered":"Relat\u00f3rio Estat\u00edstico WEB"},"content":{"rendered":"<p>Para facilitar o acesso ao relat\u00f3rio Estat\u00edstica mensal esta vers\u00e3o WEB disp\u00f5em de um formato que possui filtro e ordena\u00e7\u00e3o por coluna.<\/p>\n<p>[table id=13 \/]<\/p>\n","protected":false},"excerpt":{"rendered":"<p>Para facilitar o acesso ao relat\u00f3rio Estat\u00edstica mensal esta vers\u00e3o WEB disp\u00f5em de um formato que possui filtro e ordena\u00e7\u00e3o por coluna. [table id=13 \/]<\/p>\n","protected":false},"author":7,"featured_media":0,"parent":0,"menu_order":0,"comment_status":"closed","ping_status":"closed","template":"","meta":{"footnotes":""},"class_list":["post-8020","page","type-page","status-publish","hentry"],"acf":[],"featured_image_src":null,"_links":{"self":[{"href":"https:\/\/www.tjba.jus.br\/estrategia\/wp-json\/wp\/v2\/pages\/8020","targetHints":{"allow":["GET"]}}],"collection":[{"href":"https:\/\/www.tjba.jus.br\/estrategia\/wp-json\/wp\/v2\/pages"}],"about":[{"href":"https:\/\/www.tjba.jus.br\/estrategia\/wp-json\/wp\/v2\/types\/page"}],"author":[{"embeddable":true,"href":"https:\/\/www.tjba.jus.br\/estrategia\/wp-json\/wp\/v2\/users\/7"}],"replies":[{"embeddable":true,"href":"https:\/\/www.tjba.jus.br\/estrategia\/wp-json\/wp\/v2\/comments?post=8020"}],"version-history":[{"count":2,"href":"https:\/\/www.tjba.jus.br\/estrategia\/wp-json\/wp\/v2\/pages\/8020\/revisions"}],"predecessor-version":[{"id":8028,"href":"https:\/\/www.tjba.jus.br\/estrategia\/wp-json\/wp\/v2\/pages\/8020\/revisions\/8028"}],"wp:attachment":[{"href":"https:\/\/www.tjba.jus.br\/estrategia\/wp-json\/wp\/v2\/media?parent=8020"}],"curies":[{"name":"wp","href":"https:\/\/api.w.org\/{rel}","templated":true}]}}