{"id":8052,"date":"2023-09-28T09:18:13","date_gmt":"2023-09-28T12:18:13","guid":{"rendered":"http:\/\/www5.tjba.jus.br\/estrategia\/?page_id=8052"},"modified":"2026-04-28T13:37:17","modified_gmt":"2026-04-28T16:37:17","slug":"pesquisas-publicadas","status":"publish","type":"page","link":"https:\/\/www.tjba.jus.br\/estrategia\/pesquisas-publicadas\/","title":{"rendered":"Grupo de Pesquisas Judici\u00e1rias: Pesquisas Publicadas e Atividades Desenvolvidas"},"content":{"rendered":"\n<h4 class=\"wp-block-heading\"><strong>2025<\/strong><\/h4>\n\n\n\n<p><a href=\"https:\/\/www.tjba.jus.br\/estrategia\/wp-content\/uploads\/2026\/03\/RELATORIO-DE-ATIVIDADES-DO-GRUPO-DE-PESQUISAS-JUDICIARIAS_2025-1-1.pdf\">Relat\u00f3rio de Atividades<\/a><\/p>\n\n\n\n<h4 class=\"wp-block-heading\"><strong>2024<\/strong><\/h4>\n\n\n\n<h4 class=\"wp-block-heading\"><strong>MEDIDAS PROTETIVAS DE URG\u00caNCIA NO TJBA (LEI MARIA DA PENHA &#8211; 11.340\/2006)<\/strong><\/h4>\n\n\n\n<ul class=\"wp-block-list\">\n<li><span style=\"color: #808080;\">Data de publica\u00e7\u00e3o: 24\/10\/2024<\/span><\/li>\n<\/ul>\n\n\n\n<blockquote class=\"wp-block-quote is-layout-flow wp-block-quote-is-layout-flow\">\n<p><span style=\"color: #000000;\">&#8220;O estudo teve como objetivo construir um panorama sobre as Medidas Protetivas de Urg\u00eancia tramitadas no Tribunal de Justi\u00e7a da Bahia. Buscou, ainda, delinear o perfil das v\u00edtimas de viol\u00eancia dom\u00e9stica e familiar, o dos(as) supostos(as) agressores(as) e descrever circunst\u00e2ncias das viol\u00eancias.&#8221;<\/span><\/p>\n\n\n\n<p>Clique <a href=\"http:\/\/www5.tjba.jus.br\/estrategia\/wp-content\/uploads\/2024\/10\/Relato\u0301rio-Estudo-MPUs-v.0.2_editado-2.pdf\" target=\"_blank\" rel=\"noopener noreferrer\">aqui<\/a> para acessar o estudo (arquivo no formato <em>pdf<\/em>).<\/p>\n<\/blockquote>\n\n\n<div class=\"wp-block-ub-divider ub_divider ub-divider-orientation-horizontal\" id=\"ub_divider_a179a8c7-75e6-422e-9e71-0ffa1556b889\"><div class=\"ub_divider_wrapper\" style=\"position: relative; margin-bottom: 2px; width: 100%; height: 2px; \" data-divider-alignment=\"center\"><div class=\"ub_divider_line\" style=\"border-top: 2px solid #ccc; margin-top: 2px; \"><\/div><\/div><\/div>\n\n\n<h3 class=\"wp-block-heading\"><strong>A\u00e7\u00f5es Judiciais de Div\u00f3rcio no Estado da Bahia &#8211; 2018 a 2023<\/strong><\/h3>\n\n\n\n<ul class=\"wp-block-list\">\n<li><span style=\"color: #808080;\">Data de publica\u00e7\u00e3o: 28\/11\/2024<\/span><\/li>\n<\/ul>\n\n\n\n<blockquote class=\"wp-block-quote is-layout-flow wp-block-quote-is-layout-flow\">\n<p class=\"has-text-align-left\"><span style=\"color: #000000;\">&#8220;O estudo foi pioneiro em analisar dados das a\u00e7\u00f5es de div\u00f3rcio na Justi\u00e7a estadual, tendo como objetivo central investigar a s\u00e9rie hist\u00f3rica destas a\u00e7\u00f5es no TJBA. Adotou como metodologia as diretrizes e orienta\u00e7\u00f5es de Pesquisa Emp\u00edrica Judici\u00e1ria do Tribunal (TJBA, 2024), como as prescri\u00e7\u00f5es para extra\u00e7\u00e3o de dados, t\u00e9cnicas de tratamento e uso de Estat\u00edstica Descritiva para exposi\u00e7\u00e3o dos resultados e an\u00e1lises. Como resultados mais relevantes, a pesquisa revelou que o impacto das a\u00e7\u00f5es de \u201cDissolu\u00e7\u00e3o\u201d na distribui\u00e7\u00e3o das Varas Judiciais do TJBA \u00e9 de cerca de 20%. Tamb\u00e9m, verificou a exist\u00eancia de relevantes varia\u00e7\u00f5es no volume de processos recebidos entre os anos de 2018 e 2023, alto \u00edndice de processos de \u201cDiv\u00f3rcio Consensual\u201d tramitando nas vias judiciais e que 30% dos processos de div\u00f3rcio s\u00e3o julgados e baixados em at\u00e9 100 dias.&#8221;<\/span><\/p>\n<\/blockquote>\n\n\n\n<p>Clique <a href=\"http:\/\/www5.tjba.jus.br\/estrategia\/wp-content\/uploads\/2024\/11\/Relato\u0301rio-Estudo-Divo\u0301rcio.pdf\" target=\"_blank\" rel=\"noopener noreferrer\">aqui<\/a> para acessar o estudo (arquivo no formato <em>pdf<\/em>).<\/p>\n\n\n<div class=\"wp-block-ub-divider ub_divider ub-divider-orientation-horizontal\" id=\"ub_divider_066f4cba-6e18-4814-83fe-87304b7cb05f\"><div class=\"ub_divider_wrapper\" style=\"position: relative; margin-bottom: 2px; width: 100%; height: 2px; \" data-divider-alignment=\"center\"><div class=\"ub_divider_line\" style=\"border-top: 2px solid #ccc; margin-top: 2px; \"><\/div><\/div><\/div>\n\n\n<h3 class=\"wp-block-heading\"><strong>Reforma da Justi\u00e7a Gratuita no Tribunal de Justi\u00e7a do Estado da Bahia 2021-2023<\/strong><\/h3>\n\n\n\n<ul class=\"wp-block-list\">\n<li><span style=\"color: #808080;\">Data de publica\u00e7\u00e3o: 19\/12\/2024<\/span><\/li>\n<\/ul>\n\n\n\n<blockquote class=\"wp-block-quote is-layout-flow wp-block-quote-is-layout-flow\">\n<p><span style=\"color: #000000;\">&#8220;O estudo teve como objetivo identificar as situa\u00e7\u00f5es em que a solicita\u00e7\u00e3o de Justi\u00e7a Gratuita resultou em um recurso de agravo de instrumento, analisado pelo 2\u00ba grau de jurisdi\u00e7\u00e3o, especificamente nas C\u00e2maras C\u00edveis. Foram considerados dados que permitem entender o volume de recursos ao 2\u00ba grau e o comportamento das c\u00e2maras no julgamento dos agravos.&#8221;<\/span><\/p>\n<\/blockquote>\n\n\n\n<p>Clique <a href=\"http:\/\/www5.tjba.jus.br\/estrategia\/wp-content\/uploads\/2025\/03\/Relat\u00f3rio-Estudo-Justi\u00e7a-Gratuita-vers\u00e3o-final.pdf\" target=\"_blank\" rel=\"noopener noreferrer\">aqui<\/a> para acessar o estudo (arquivo no formato <em>pdf<\/em>).<\/p>\n\n\n\n<h4 class=\"wp-block-heading\"><strong>2023<\/strong><\/h4>\n\n\n\n<hr class=\"wp-block-separator has-alpha-channel-opacity\"\/>\n\n\n\n<h4 class=\"wp-block-heading\"><strong>ESTUDO SOBRE A FOR\u00c7A DE TRABALHO NO TJBA <\/strong><strong>RELACIONADO A PROJE\u00c7\u00c3O DAS APOSENTADORIAS <\/strong><strong>DE MAGISTRADOS E SERVIDORES PARA OS PR\u00d3XIMOS <\/strong><strong>5 ANOS (2023 &#8211; 2027)&nbsp;<\/strong><\/h4>\n\n\n\n<ul class=\"wp-block-list\">\n<li><span style=\"color: #808080;\">Data de publica\u00e7\u00e3o: 28\/09\/2023<\/span><\/li>\n<\/ul>\n\n\n\n<blockquote class=\"wp-block-quote is-layout-flow wp-block-quote-is-layout-flow\">\n<p><span style=\"color: #000000;\">&#8220;O presente trabalho busca mapear o cen\u00e1rio atual do Tribunal de Justi\u00e7a do Estado da Bahia <\/span><span style=\"color: #000000;\">(TJBA) quanto \u00e0 evolu\u00e7\u00e3o gradativa de suas aposentadorias pelo perfil de magistrados e <\/span><span style=\"color: #000000;\">servidores ativos com o objetivo de servir de material de apoio para melhor planejamento e <\/span><span style=\"color: #000000;\">tomada de decis\u00e3o acerca da renova\u00e7\u00e3o, utiliza\u00e7\u00e3o e capacidade da for\u00e7a de trabalho que <\/span><span style=\"color: #000000;\">comp\u00f5e as diversas \u00e1reas deste Tribunal.&#8221; (p\u00e1g. 5)<\/span><\/p>\n<\/blockquote>\n\n\n\n<p>Clique <strong><a href=\"http:\/\/www5.tjba.jus.br\/estrategia\/wp-content\/uploads\/2023\/10\/Relat\u00f3rio-pesquisa-aposentadoria-setembro-2023-v1.32-PV.pdf\" target=\"_blank\" rel=\"noopener noreferrer\">AQUI<\/a><\/strong>&nbsp;para acessar o estudo (arquivo no formato <em>pdf<\/em>).<\/p>\n\n\n<div class=\"wp-block-ub-divider ub_divider ub-divider-orientation-horizontal\" id=\"ub_divider_f79815bb-2930-4211-b7d2-3fbe00a3d5a8\"><div class=\"ub_divider_wrapper\" style=\"position: relative; margin-bottom: 2px; width: 100%; height: 2px; \" data-divider-alignment=\"center\"><div class=\"ub_divider_line\" style=\"border-top: 2px solid #ccc; margin-top: 2px; \"><\/div><\/div><\/div>\n\n\n<h4 class=\"wp-block-heading\"><strong>ESTUDO SOBRE A TAXA DE REFORMA DO 2\u00ba GRAU SOBRE AS DECIS\u00d5ES DO 1\u00ba GRAU ENTRE 2019-2022<\/strong><\/h4>\n\n\n\n<ul class=\"wp-block-list\">\n<li>D<span style=\"color: #808080;\">ata de publica\u00e7\u00e3o: 16\/10\/2023<\/span><\/li>\n<\/ul>\n\n\n\n<blockquote class=\"wp-block-quote is-layout-flow wp-block-quote-is-layout-flow\">\n<p><span style=\"color: #000000;\">&#8220;O presente trabalho busca conhecer a Taxa de Reforma por meio da an\u00e1lise de como s\u00e3o decididos os recursos de apela\u00e7\u00e3o perante as Turmas das C\u00e2maras Criminais do Tribunal de Justi\u00e7a do Estado da Bahia (TJBA).&#8221; (p\u00e1g. 5)<\/span><br>Clique <strong><a href=\"http:\/\/www5.tjba.jus.br\/estrategia\/wp-content\/uploads\/2023\/10\/Relat\u00f3rio-Estudo-Taxa-de-Reforma-da-Decis\u00e3o-do-1\u00baG-v1.0.pdf\" target=\"_blank\" rel=\"noopener noreferrer\">AQUI<\/a><\/strong>&nbsp;para acessar o estudo (arquivo no formato <em>pdf<\/em>).<\/p>\n<\/blockquote>\n\n\n<div class=\"wp-block-ub-divider ub_divider ub-divider-orientation-horizontal\" id=\"ub_divider_9539c880-544f-4aba-bdc9-630ce61bb958\"><div class=\"ub_divider_wrapper\" style=\"position: relative; margin-bottom: 2px; width: 100%; height: 2px; \" data-divider-alignment=\"center\"><div class=\"ub_divider_line\" style=\"border-top: 2px solid #ccc; margin-top: 2px; \"><\/div><\/div><\/div>\n\n\n<h4 class=\"wp-block-heading\"><strong>ESTUDO SOBRE A POL\u00cdTICA DE ATEN\u00c7\u00c3O INTEGRAL \u00c0 SA\u00daDE DE MAGISTRADOS E SERVIDORES DO PODER JUDICI\u00c1RIO DA BAHIA ENTRE 2018-2022<\/strong><\/h4>\n\n\n\n<ul class=\"wp-block-list\">\n<li>Data de publica\u00e7\u00e3o: 19\/12\/2023<\/li>\n<\/ul>\n\n\n\n<blockquote class=\"wp-block-quote is-layout-flow wp-block-quote-is-layout-flow\">\n<p class=\"has-text-align-left\"><span style=\"color: #000000;\">&#8220;O presente trabalho apresenta uma an\u00e1lise sobre os afastamentos por motivo de sa\u00fade no \u00e2mbito do Tribunal de Justi\u00e7a do Estado da Bahia (TJBA), com base no registro da quantidade dos atestados m\u00e9dicos fornecidos pelos magistrados e servidores, para servir como indicador na realiza\u00e7\u00e3o de programas e a\u00e7\u00f5es que visem contribuir na melhoria da sa\u00fade destes agentes p\u00fablicos. \u00c9 importante ressaltar que para este estudo foram computados todos atestados, ainda que um mesmo agente tenha apresentado diversos, seja em per\u00edodos<br>cont\u00edguos ou alternados. &#8221; (p\u00e1g. 5)<\/span><br>Clique <a href=\"http:\/\/www5.tjba.jus.br\/estrategia\/wp-content\/uploads\/2023\/12\/Estudo-Sobre-a-Pol\u00edtica-de-Aten\u00e7\u00e3o-Integral-\u00e0-Sa\u00fade-dos-Magistrados-e-Servidores-V1.5-PV.pdf\" target=\"_blank\" rel=\"noopener noreferrer\">aqui<\/a> para acessar o estudo (arquivo no formato <em>pdf<\/em>).<\/p>\n<\/blockquote>\n\n\n\n<p>D\u00favidas ou sugest\u00f5es? Encaminhe sua mensagem para o <em>email<\/em>: gpj@tjba.jus.br.<\/p>\n\n\n\n<p>&nbsp;<\/p>\n","protected":false},"excerpt":{"rendered":"<p>2025 Relat\u00f3rio de Atividades 2024 MEDIDAS PROTETIVAS DE URG\u00caNCIA NO TJBA (LEI MARIA DA PENHA &#8211; 11.340\/2006) &#8220;O estudo teve como objetivo construir um panorama sobre as Medidas Protetivas de Urg\u00eancia tramitadas no Tribunal de Justi\u00e7a da Bahia. Buscou, ainda, delinear o perfil das v\u00edtimas de viol\u00eancia dom\u00e9stica e familiar, o dos(as) supostos(as) agressores(as) e [&hellip;]<\/p>\n","protected":false},"author":7,"featured_media":0,"parent":0,"menu_order":0,"comment_status":"closed","ping_status":"closed","template":"page-modelo-1280px.php","meta":{"footnotes":""},"class_list":["post-8052","page","type-page","status-publish","hentry"],"acf":[],"featured_image_src":null,"_links":{"self":[{"href":"https:\/\/www.tjba.jus.br\/estrategia\/wp-json\/wp\/v2\/pages\/8052","targetHints":{"allow":["GET"]}}],"collection":[{"href":"https:\/\/www.tjba.jus.br\/estrategia\/wp-json\/wp\/v2\/pages"}],"about":[{"href":"https:\/\/www.tjba.jus.br\/estrategia\/wp-json\/wp\/v2\/types\/page"}],"author":[{"embeddable":true,"href":"https:\/\/www.tjba.jus.br\/estrategia\/wp-json\/wp\/v2\/users\/7"}],"replies":[{"embeddable":true,"href":"https:\/\/www.tjba.jus.br\/estrategia\/wp-json\/wp\/v2\/comments?post=8052"}],"version-history":[{"count":50,"href":"https:\/\/www.tjba.jus.br\/estrategia\/wp-json\/wp\/v2\/pages\/8052\/revisions"}],"predecessor-version":[{"id":10692,"href":"https:\/\/www.tjba.jus.br\/estrategia\/wp-json\/wp\/v2\/pages\/8052\/revisions\/10692"}],"wp:attachment":[{"href":"https:\/\/www.tjba.jus.br\/estrategia\/wp-json\/wp\/v2\/media?parent=8052"}],"curies":[{"name":"wp","href":"https:\/\/api.w.org\/{rel}","templated":true}]}}