{"id":8617,"date":"2024-05-08T14:02:50","date_gmt":"2024-05-08T17:02:50","guid":{"rendered":"http:\/\/www5.tjba.jus.br\/estrategia\/?page_id=8617"},"modified":"2025-05-16T09:30:14","modified_gmt":"2025-05-16T12:30:14","slug":"pesquisa-de-opiniao-2023","status":"publish","type":"page","link":"https:\/\/www.tjba.jus.br\/estrategia\/pesquisa-de-opiniao-2023\/","title":{"rendered":"Pesquisa de Opini\u00e3o 2023"},"content":{"rendered":"<blockquote>\n<div class=\"x_elementToProof\">A Pesquisa de Opini\u00e3o do Tribunal de Justi\u00e7a do Estado da Bahia (TJBA) \u00e9 uma necessidade imposta pela Resolu\u00e7\u00e3o n\u00ba 325\/2020, do CNJ, e pela Resolu\u00e7\u00e3o n\u00ba 3\/2021, do TJBA, que instituiu o Planejamento Estrat\u00e9gico 2021-2026.<\/div>\n<div class=\"x_elementToProof\">Essa pesquisa visa conhecer a opini\u00e3o dos nossos usu\u00e1rios sobre diferentes aspectos como atendimento, audi\u00eancias e instala\u00e7\u00f5es f\u00edsicas, a fim de melhorar e corrigir poss\u00edveis falhas nos servi\u00e7os prestados \u00e0 nossa popula\u00e7\u00e3o.<\/div>\n<\/blockquote>\n<p>Acesse o <a href=\"http:\/\/www5.tjba.jus.br\/estrategia\/wp-content\/uploads\/2025\/05\/Relat\u00f3rio-pesquisa-opin\u00e3o-2023_v0.7.pdf\" target=\"_blank\" rel=\"noopener noreferrer\">relat\u00f3rio da pesquisa.<\/a><\/p>\n","protected":false},"excerpt":{"rendered":"<p>A Pesquisa de Opini\u00e3o do Tribunal de Justi\u00e7a do Estado da Bahia (TJBA) \u00e9 uma necessidade imposta pela Resolu\u00e7\u00e3o n\u00ba 325\/2020, do CNJ, e pela Resolu\u00e7\u00e3o n\u00ba 3\/2021, do TJBA, que instituiu o Planejamento Estrat\u00e9gico 2021-2026. Essa pesquisa visa conhecer a opini\u00e3o dos nossos usu\u00e1rios sobre diferentes aspectos como atendimento, audi\u00eancias e instala\u00e7\u00f5es f\u00edsicas, a [&hellip;]<\/p>\n","protected":false},"author":7,"featured_media":0,"parent":0,"menu_order":0,"comment_status":"closed","ping_status":"closed","template":"","meta":{"footnotes":""},"class_list":["post-8617","page","type-page","status-publish","hentry"],"acf":[],"featured_image_src":null,"_links":{"self":[{"href":"https:\/\/www.tjba.jus.br\/estrategia\/wp-json\/wp\/v2\/pages\/8617","targetHints":{"allow":["GET"]}}],"collection":[{"href":"https:\/\/www.tjba.jus.br\/estrategia\/wp-json\/wp\/v2\/pages"}],"about":[{"href":"https:\/\/www.tjba.jus.br\/estrategia\/wp-json\/wp\/v2\/types\/page"}],"author":[{"embeddable":true,"href":"https:\/\/www.tjba.jus.br\/estrategia\/wp-json\/wp\/v2\/users\/7"}],"replies":[{"embeddable":true,"href":"https:\/\/www.tjba.jus.br\/estrategia\/wp-json\/wp\/v2\/comments?post=8617"}],"version-history":[{"count":5,"href":"https:\/\/www.tjba.jus.br\/estrategia\/wp-json\/wp\/v2\/pages\/8617\/revisions"}],"predecessor-version":[{"id":9263,"href":"https:\/\/www.tjba.jus.br\/estrategia\/wp-json\/wp\/v2\/pages\/8617\/revisions\/9263"}],"wp:attachment":[{"href":"https:\/\/www.tjba.jus.br\/estrategia\/wp-json\/wp\/v2\/media?parent=8617"}],"curies":[{"name":"wp","href":"https:\/\/api.w.org\/{rel}","templated":true}]}}