{"id":8796,"date":"2024-07-23T13:26:34","date_gmt":"2024-07-23T16:26:34","guid":{"rendered":"http:\/\/www5.tjba.jus.br\/estrategia\/?page_id=8796"},"modified":"2024-07-23T13:26:34","modified_gmt":"2024-07-23T16:26:34","slug":"reunioes-de-lideres-avancados-2024","status":"publish","type":"page","link":"https:\/\/www.tjba.jus.br\/estrategia\/reunioes-de-lideres-avancados-2024\/","title":{"rendered":"Reuni\u00f5es de L\u00edderes Avan\u00e7ados 2024"},"content":{"rendered":"<p><strong>..:: ATAS ::..<\/strong><\/p>\n<p><strong>1\u00aa Reuni\u00e3o COLETIVA \u00a0 \u00a0 \u00a0 \u00a0 \u00a0 \u00a0 \u00a0 \u00a0 \u00a0 \u00a0 \u00a0 \u00a0 \u00a0 \u00a0 \u00a0 \u00a0 \u00a0 \u00a0 \u00a0 \u00a0 \u00a0 \u00a0<\/strong><br \/>\n<span style=\"color: #000000;\"><b>Julho de 2024<\/b><\/span><br \/>\n<a href=\"http:\/\/www5.tjba.jus.br\/estrategia\/wp-content\/uploads\/2024\/07\/Ata-1\u00aa-RLA_2024-07-04-1.pdf\" target=\"_blank\" rel=\"noopener noreferrer\">Acesse a ata.<\/a><\/p>\n<p>&nbsp;<\/p>\n","protected":false},"excerpt":{"rendered":"<p>..:: ATAS ::.. 1\u00aa Reuni\u00e3o COLETIVA \u00a0 \u00a0 \u00a0 \u00a0 \u00a0 \u00a0 \u00a0 \u00a0 \u00a0 \u00a0 \u00a0 \u00a0 \u00a0 \u00a0 \u00a0 \u00a0 \u00a0 \u00a0 \u00a0 \u00a0 \u00a0 \u00a0 Julho de 2024 Acesse a ata. &nbsp;<\/p>\n","protected":false},"author":7,"featured_media":0,"parent":0,"menu_order":0,"comment_status":"closed","ping_status":"closed","template":"","meta":{"footnotes":""},"class_list":["post-8796","page","type-page","status-publish","hentry"],"acf":[],"featured_image_src":null,"_links":{"self":[{"href":"https:\/\/www.tjba.jus.br\/estrategia\/wp-json\/wp\/v2\/pages\/8796","targetHints":{"allow":["GET"]}}],"collection":[{"href":"https:\/\/www.tjba.jus.br\/estrategia\/wp-json\/wp\/v2\/pages"}],"about":[{"href":"https:\/\/www.tjba.jus.br\/estrategia\/wp-json\/wp\/v2\/types\/page"}],"author":[{"embeddable":true,"href":"https:\/\/www.tjba.jus.br\/estrategia\/wp-json\/wp\/v2\/users\/7"}],"replies":[{"embeddable":true,"href":"https:\/\/www.tjba.jus.br\/estrategia\/wp-json\/wp\/v2\/comments?post=8796"}],"version-history":[{"count":1,"href":"https:\/\/www.tjba.jus.br\/estrategia\/wp-json\/wp\/v2\/pages\/8796\/revisions"}],"predecessor-version":[{"id":8801,"href":"https:\/\/www.tjba.jus.br\/estrategia\/wp-json\/wp\/v2\/pages\/8796\/revisions\/8801"}],"wp:attachment":[{"href":"https:\/\/www.tjba.jus.br\/estrategia\/wp-json\/wp\/v2\/media?parent=8796"}],"curies":[{"name":"wp","href":"https:\/\/api.w.org\/{rel}","templated":true}]}}