{"id":8810,"date":"2024-07-30T15:00:35","date_gmt":"2024-07-30T18:00:35","guid":{"rendered":"http:\/\/www5.tjba.jus.br\/estrategia\/?page_id=8810"},"modified":"2026-03-11T13:14:08","modified_gmt":"2026-03-11T16:14:08","slug":"plano-de-gestao","status":"publish","type":"page","link":"https:\/\/www.tjba.jus.br\/estrategia\/plano-de-gestao\/","title":{"rendered":"Plano de Gest\u00e3o"},"content":{"rendered":"<blockquote align=\"justify\"><p><span style=\"color: #000000;\">O Plano de Gest\u00e3o 2024-2026 do Tribunal de Justi\u00e7a do Estado da Bahia (TJBA) estabelece as iniciativas a serem implementadas pela administra\u00e7\u00e3o da Presid\u00eancia do TJBA, de forma a promover uma gest\u00e3o eficiente, efetiva, eficaz e transparente. Este plano est\u00e1 alinhado com o Plano Estrat\u00e9gico 2021-2026, ao Plano Plurianual (PPA) e \u00e0s diretrizes da Presid\u00eancia. O documento re\u00fane programas e a\u00e7\u00f5es organizadas em tr\u00eas eixos tem\u00e1ticos: +Acesso, +Efici\u00eancia e +Governan\u00e7a.<\/span><\/p><\/blockquote>\n<p>Acesse\u00a0<a href=\"http:\/\/www5.tjba.jus.br\/estrategia\/wp-content\/uploads\/2024\/07\/Plano-de-Gestao-PJBA-2024-2026-v1.0.pdf\" target=\"_blank\" rel=\"noopener noreferrer\">aqui<\/a> o Plano da Gest\u00e3o 2024-2026 no formato &#8220;pdf&#8221;.<\/p>\n","protected":false},"excerpt":{"rendered":"<p>O Plano de Gest\u00e3o 2024-2026 do Tribunal de Justi\u00e7a do Estado da Bahia (TJBA) estabelece as iniciativas a serem implementadas pela administra\u00e7\u00e3o da Presid\u00eancia do TJBA, de forma a promover uma gest\u00e3o eficiente, efetiva, eficaz e transparente. Este plano est\u00e1 alinhado com o Plano Estrat\u00e9gico 2021-2026, ao Plano Plurianual (PPA) e \u00e0s diretrizes da Presid\u00eancia. [&hellip;]<\/p>\n","protected":false},"author":7,"featured_media":0,"parent":0,"menu_order":0,"comment_status":"closed","ping_status":"closed","template":"page-modelo-1280px.php","meta":{"footnotes":""},"class_list":["post-8810","page","type-page","status-publish","hentry"],"acf":[],"featured_image_src":null,"_links":{"self":[{"href":"https:\/\/www.tjba.jus.br\/estrategia\/wp-json\/wp\/v2\/pages\/8810","targetHints":{"allow":["GET"]}}],"collection":[{"href":"https:\/\/www.tjba.jus.br\/estrategia\/wp-json\/wp\/v2\/pages"}],"about":[{"href":"https:\/\/www.tjba.jus.br\/estrategia\/wp-json\/wp\/v2\/types\/page"}],"author":[{"embeddable":true,"href":"https:\/\/www.tjba.jus.br\/estrategia\/wp-json\/wp\/v2\/users\/7"}],"replies":[{"embeddable":true,"href":"https:\/\/www.tjba.jus.br\/estrategia\/wp-json\/wp\/v2\/comments?post=8810"}],"version-history":[{"count":5,"href":"https:\/\/www.tjba.jus.br\/estrategia\/wp-json\/wp\/v2\/pages\/8810\/revisions"}],"predecessor-version":[{"id":8822,"href":"https:\/\/www.tjba.jus.br\/estrategia\/wp-json\/wp\/v2\/pages\/8810\/revisions\/8822"}],"wp:attachment":[{"href":"https:\/\/www.tjba.jus.br\/estrategia\/wp-json\/wp\/v2\/media?parent=8810"}],"curies":[{"name":"wp","href":"https:\/\/api.w.org\/{rel}","templated":true}]}}