{"id":8975,"date":"2024-11-29T12:42:56","date_gmt":"2024-11-29T14:42:56","guid":{"rendered":"http:\/\/www5.tjba.jus.br\/estrategia\/?page_id=8975"},"modified":"2024-11-29T12:43:57","modified_gmt":"2024-11-29T14:43:57","slug":"pesquisa-judiciaria-metodologias-do-tribunal-de-justica-do-estado-da-bahia","status":"publish","type":"page","link":"https:\/\/www.tjba.jus.br\/estrategia\/pesquisa-judiciaria-metodologias-do-tribunal-de-justica-do-estado-da-bahia\/","title":{"rendered":"Pesquisa Judici\u00e1ria: Metodologias do Tribunal de Justi\u00e7a do Estado da Bahia"},"content":{"rendered":"<p>O Manual de \u201cPesquisa Judici\u00e1ria: Metodologias do Tribunal de Justi\u00e7a do Estado da Bahia\u201d \u00e9 um guia para a realiza\u00e7\u00e3o de pesquisas emp\u00edricas com foco na descri\u00e7\u00e3o de m\u00e9todos e conceitos de pesquisa emp\u00edrica e ainda a sistematiza\u00e7\u00e3o das metodologias de pesquisa j\u00e1 empregadas pelo Grupo de Pesquisa Judici\u00e1ria (GPJ). O objetivo \u00e9 assegurar que as pesquisas realizadas tenham no seu horizonte a excel\u00eancia na presta\u00e7\u00e3o jurisdicional e prezem pela alta qualidade em sua concep\u00e7\u00e3o e execu\u00e7\u00e3o, possibilitando a posterior tomada de decis\u00f5es bem-informadas. O p\u00fablico-alvo interno desse guia \u00e9 o GPJ e a Secretaria de Planejamento e Or\u00e7amento (SEPLAN), na condi\u00e7\u00e3o de apoio t\u00e9cnico ao GPJ, entretanto este \u00e9 um projeto que ambiciona contribuir com a realiza\u00e7\u00e3o de estudos em todo Tribunal de Justi\u00e7a do Estado da Bahia (TJBA). Al\u00e9m de ser um comp\u00eandio \u00fatil para interlocu\u00e7\u00e3o com outros Grupos de Pesquisas Judici\u00e1rias e institui\u00e7\u00f5es de dados e pesquisas em todo territ\u00f3rio nacional. O manual \u00e9 composto por uma introdu\u00e7\u00e3o com informa\u00e7\u00f5es conceituais sobre o ciclo de Pesquisas Judici\u00e1rias de natureza emp\u00edrica, um passo a passo para realiza\u00e7\u00e3o de pesquisas e exemplos das pesquisas conclu\u00eddas. Ao fim, apresentam-se as considera\u00e7\u00f5es finais.<\/p>\n<p><a href=\"http:\/\/www5.tjba.jus.br\/estrategia\/wp-content\/uploads\/2024\/11\/Metodologia-de-Pesquisa-GPJ-V0.4.pdf\">Metodologia de Pesquisa GPJ V0.4<\/a><\/p>\n","protected":false},"excerpt":{"rendered":"<p>O Manual de \u201cPesquisa Judici\u00e1ria: Metodologias do Tribunal de Justi\u00e7a do Estado da Bahia\u201d \u00e9 um guia para a realiza\u00e7\u00e3o de pesquisas emp\u00edricas com foco na descri\u00e7\u00e3o de m\u00e9todos e conceitos de pesquisa emp\u00edrica e ainda a sistematiza\u00e7\u00e3o das metodologias de pesquisa j\u00e1 empregadas pelo Grupo de Pesquisa Judici\u00e1ria (GPJ). O objetivo \u00e9 assegurar que [&hellip;]<\/p>\n","protected":false},"author":7,"featured_media":0,"parent":0,"menu_order":0,"comment_status":"closed","ping_status":"closed","template":"","meta":{"footnotes":""},"class_list":["post-8975","page","type-page","status-publish","hentry"],"acf":[],"featured_image_src":null,"_links":{"self":[{"href":"https:\/\/www.tjba.jus.br\/estrategia\/wp-json\/wp\/v2\/pages\/8975","targetHints":{"allow":["GET"]}}],"collection":[{"href":"https:\/\/www.tjba.jus.br\/estrategia\/wp-json\/wp\/v2\/pages"}],"about":[{"href":"https:\/\/www.tjba.jus.br\/estrategia\/wp-json\/wp\/v2\/types\/page"}],"author":[{"embeddable":true,"href":"https:\/\/www.tjba.jus.br\/estrategia\/wp-json\/wp\/v2\/users\/7"}],"replies":[{"embeddable":true,"href":"https:\/\/www.tjba.jus.br\/estrategia\/wp-json\/wp\/v2\/comments?post=8975"}],"version-history":[{"count":2,"href":"https:\/\/www.tjba.jus.br\/estrategia\/wp-json\/wp\/v2\/pages\/8975\/revisions"}],"predecessor-version":[{"id":8981,"href":"https:\/\/www.tjba.jus.br\/estrategia\/wp-json\/wp\/v2\/pages\/8975\/revisions\/8981"}],"wp:attachment":[{"href":"https:\/\/www.tjba.jus.br\/estrategia\/wp-json\/wp\/v2\/media?parent=8975"}],"curies":[{"name":"wp","href":"https:\/\/api.w.org\/{rel}","templated":true}]}}