{"id":9099,"date":"2025-02-26T10:03:33","date_gmt":"2025-02-26T13:03:33","guid":{"rendered":"http:\/\/www5.tjba.jus.br\/estrategia\/?page_id=9099"},"modified":"2026-02-27T13:39:03","modified_gmt":"2026-02-27T16:39:03","slug":"pac","status":"publish","type":"page","link":"https:\/\/www.tjba.jus.br\/estrategia\/pac\/","title":{"rendered":"Plano Anual de Contrata\u00e7\u00f5es"},"content":{"rendered":"<h4><img loading=\"lazy\" decoding=\"async\" class=\"wp-image-9100 alignleft\" src=\"http:\/\/www5.tjba.jus.br\/estrategia\/wp-content\/uploads\/2025\/02\/agreement-300x300.png\" alt=\"\" width=\"128\" height=\"128\" srcset=\"https:\/\/www.tjba.jus.br\/estrategia\/wp-content\/uploads\/2025\/02\/agreement-300x300.png 300w, https:\/\/www.tjba.jus.br\/estrategia\/wp-content\/uploads\/2025\/02\/agreement-150x150.png 150w, https:\/\/www.tjba.jus.br\/estrategia\/wp-content\/uploads\/2025\/02\/agreement-50x50.png 50w, https:\/\/www.tjba.jus.br\/estrategia\/wp-content\/uploads\/2025\/02\/agreement.png 512w\" sizes=\"auto, (max-width: 128px) 100vw, 128px\" \/>Atendendo a Resolu\u00e7\u00e3o CNJ n\u00ba 347\/2020 e a Lei 14.133\/2021<\/h4>\n<p>O PAC \u00e9 o resultado do planejamento institucional que define por interm\u00e9dio do levantamento das demandas junto as unidades consumidoras as aquisi\u00e7\u00f5es e contrata\u00e7\u00f5es que o \u00f3rg\u00e3o pretende realizar no exerc\u00edcio posterior quanto \u00e0 bens, insumos e servi\u00e7os. Trata-se de um documento complementar ao Plano de Log\u00edstica Sustent\u00e1vel (PLS), Plano de Obras, Plano de Capacita\u00e7\u00f5es e ao Plano Diretor de Tecnologia da Informa\u00e7\u00e3o e Comunica\u00e7\u00e3o (PDTIC).<\/p>\n<p><a href=\"http:\/\/www5.tjba.jus.br\/estrategia\/wp-content\/uploads\/2026\/02\/PAC-2026-26.02.2026.pdf\" target=\"_blank\" rel=\"noopener noreferrer\">PAC 2026 (Disponibilizado em 26.02.2026)<\/a><br \/>\n<a href=\"http:\/\/www5.tjba.jus.br\/estrategia\/wp-content\/uploads\/2025\/10\/PAC-2026-CONSOLIDADO.pdf\">PAC 2026 (vers\u00e3o final 30.10.2025)<\/a><br \/>\n<a href=\"http:\/\/www5.tjba.jus.br\/estrategia\/wp-content\/uploads\/2025\/04\/DFD-CONSOLIDADO.pdf\">PAC 2026 (vers\u00e3o inicial 30.04.2025)<\/a><\/p>\n<h3>S\u00e9rie Hist\u00f3rica<\/h3>\n<p><a href=\"http:\/\/www5.tjba.jus.br\/estrategia\/index.php\/pac_2025\/\">Acesse aqui<\/a><\/p>\n","protected":false},"excerpt":{"rendered":"<p>Atendendo a Resolu\u00e7\u00e3o CNJ n\u00ba 347\/2020 e a Lei 14.133\/2021 O PAC \u00e9 o resultado do planejamento institucional que define por interm\u00e9dio do levantamento das demandas junto as unidades consumidoras as aquisi\u00e7\u00f5es e contrata\u00e7\u00f5es que o \u00f3rg\u00e3o pretende realizar no exerc\u00edcio posterior quanto \u00e0 bens, insumos e servi\u00e7os. Trata-se de um documento complementar ao Plano [&hellip;]<\/p>\n","protected":false},"author":7,"featured_media":0,"parent":0,"menu_order":0,"comment_status":"closed","ping_status":"closed","template":"","meta":{"footnotes":""},"class_list":["post-9099","page","type-page","status-publish","hentry"],"acf":[],"featured_image_src":null,"_links":{"self":[{"href":"https:\/\/www.tjba.jus.br\/estrategia\/wp-json\/wp\/v2\/pages\/9099","targetHints":{"allow":["GET"]}}],"collection":[{"href":"https:\/\/www.tjba.jus.br\/estrategia\/wp-json\/wp\/v2\/pages"}],"about":[{"href":"https:\/\/www.tjba.jus.br\/estrategia\/wp-json\/wp\/v2\/types\/page"}],"author":[{"embeddable":true,"href":"https:\/\/www.tjba.jus.br\/estrategia\/wp-json\/wp\/v2\/users\/7"}],"replies":[{"embeddable":true,"href":"https:\/\/www.tjba.jus.br\/estrategia\/wp-json\/wp\/v2\/comments?post=9099"}],"version-history":[{"count":9,"href":"https:\/\/www.tjba.jus.br\/estrategia\/wp-json\/wp\/v2\/pages\/9099\/revisions"}],"predecessor-version":[{"id":9658,"href":"https:\/\/www.tjba.jus.br\/estrategia\/wp-json\/wp\/v2\/pages\/9099\/revisions\/9658"}],"wp:attachment":[{"href":"https:\/\/www.tjba.jus.br\/estrategia\/wp-json\/wp\/v2\/media?parent=9099"}],"curies":[{"name":"wp","href":"https:\/\/api.w.org\/{rel}","templated":true}]}}