{"id":9299,"date":"2025-06-05T09:24:02","date_gmt":"2025-06-05T12:24:02","guid":{"rendered":"http:\/\/www5.tjba.jus.br\/estrategia\/?page_id=9299"},"modified":"2025-06-05T09:27:25","modified_gmt":"2025-06-05T12:27:25","slug":"orientacao-gerar-planilha-de-processos-com-120-dias-sem-movimentacao","status":"publish","type":"page","link":"https:\/\/www.tjba.jus.br\/estrategia\/orientacao-gerar-planilha-de-processos-com-120-dias-sem-movimentacao\/","title":{"rendered":"Orienta\u00e7\u00e3o &#8211; Gerar planilha de processos com 120 dias sem movimenta\u00e7\u00e3o"},"content":{"rendered":"<p>Enquanto o relat\u00f3rio do sistema n\u00e3o disp\u00f5e desta funcionalidade, a Comiss\u00e3o do Sistema EXAUDI orienta como gerar planilha para acompanhamento dos processos n\u00e3o movimentados h\u00e1 120 dias ou mais.<\/p>\n<p><a href=\"http:\/\/www5.tjba.jus.br\/estrategia\/wp-content\/uploads\/2025\/06\/Relat\u00f3rio-120-dias.pdf\">Tutorial<\/a><\/p>\n<p>Demonstra\u00e7\u00e3o em v\u00eddeo:<\/p>\n<div style=\"width: 1920px;\" class=\"wp-video\"><video class=\"wp-video-shortcode\" id=\"video-9299-1\" width=\"1920\" height=\"1080\" preload=\"metadata\" controls=\"controls\"><source type=\"video\/mp4\" src=\"http:\/\/www5.tjba.jus.br\/estrategia\/wp-content\/uploads\/2025\/06\/120dias.mp4?_=1\" \/><a href=\"http:\/\/www5.tjba.jus.br\/estrategia\/wp-content\/uploads\/2025\/06\/120dias.mp4\">http:\/\/www5.tjba.jus.br\/estrategia\/wp-content\/uploads\/2025\/06\/120dias.mp4<\/a><\/video><\/div>\n","protected":false},"excerpt":{"rendered":"<p>Enquanto o relat\u00f3rio do sistema n\u00e3o disp\u00f5e desta funcionalidade, a Comiss\u00e3o do Sistema EXAUDI orienta como gerar planilha para acompanhamento dos processos n\u00e3o movimentados h\u00e1 120 dias ou mais. Tutorial Demonstra\u00e7\u00e3o em v\u00eddeo:<\/p>\n","protected":false},"author":7,"featured_media":0,"parent":0,"menu_order":0,"comment_status":"closed","ping_status":"closed","template":"","meta":{"footnotes":""},"class_list":["post-9299","page","type-page","status-publish","hentry"],"acf":[],"featured_image_src":null,"_links":{"self":[{"href":"https:\/\/www.tjba.jus.br\/estrategia\/wp-json\/wp\/v2\/pages\/9299","targetHints":{"allow":["GET"]}}],"collection":[{"href":"https:\/\/www.tjba.jus.br\/estrategia\/wp-json\/wp\/v2\/pages"}],"about":[{"href":"https:\/\/www.tjba.jus.br\/estrategia\/wp-json\/wp\/v2\/types\/page"}],"author":[{"embeddable":true,"href":"https:\/\/www.tjba.jus.br\/estrategia\/wp-json\/wp\/v2\/users\/7"}],"replies":[{"embeddable":true,"href":"https:\/\/www.tjba.jus.br\/estrategia\/wp-json\/wp\/v2\/comments?post=9299"}],"version-history":[{"count":1,"href":"https:\/\/www.tjba.jus.br\/estrategia\/wp-json\/wp\/v2\/pages\/9299\/revisions"}],"predecessor-version":[{"id":9305,"href":"https:\/\/www.tjba.jus.br\/estrategia\/wp-json\/wp\/v2\/pages\/9299\/revisions\/9305"}],"wp:attachment":[{"href":"https:\/\/www.tjba.jus.br\/estrategia\/wp-json\/wp\/v2\/media?parent=9299"}],"curies":[{"name":"wp","href":"https:\/\/api.w.org\/{rel}","templated":true}]}}