{"id":9365,"date":"2025-07-16T13:30:24","date_gmt":"2025-07-16T16:30:24","guid":{"rendered":"http:\/\/www5.tjba.jus.br\/estrategia\/?page_id=9365"},"modified":"2026-01-28T09:44:18","modified_gmt":"2026-01-28T11:44:18","slug":"apuracao-dos-indicadores-selo-justica-em-numeros-tjba-2025","status":"publish","type":"page","link":"https:\/\/www.tjba.jus.br\/estrategia\/apuracao-dos-indicadores-selo-justica-em-numeros-tjba-2025\/","title":{"rendered":"APURA\u00c7\u00c3O DOS INDICADORES &#8211; SELO JUSTI\u00c7A EM N\u00daMEROS TJBA 2025"},"content":{"rendered":"<p>APURA\u00c7\u00c3O DOS INDICADORES &#8211; SELO JUSTI\u00c7A EM N\u00daMEROS TJBA 2025<\/p>\n<p>Indicadores Parciais Dezembro &#8211; <a href=\"http:\/\/www5.tjba.jus.br\/estrategia\/wp-content\/uploads\/2026\/01\/Apura\u00e7\u00e3o-dos-Indicadores-do-Selo-TJ-BA-2025-Dezembro.pdf\">Unidades Judiciais (pdf)<\/a><\/p>\n<p>Indicadores Parciais Dezembro &#8211; <a href=\"http:\/\/www5.tjba.jus.br\/estrategia\/wp-content\/uploads\/2026\/01\/Apura\u00e7\u00e3o-dos-Indicadores-do-Selo-TJ-BA-2025-Dezembro.xlsx\">Unidades Judiciais (xlsx)<\/a><\/p>\n<p>Indicadores Parciais Novembro &#8211; <a href=\"http:\/\/www5.tjba.jus.br\/estrategia\/wp-content\/uploads\/2025\/12\/Apura\u00e7\u00e3o-dos-Indicadores-do-Selo-TJ-BA-2025-Novemb-ro.pdf\">Unidades Judiciais (pdf)<\/a><\/p>\n<p>Indicadores Parciais Novembro &#8211; <a href=\"http:\/\/www5.tjba.jus.br\/estrategia\/wp-content\/uploads\/2025\/12\/Apura\u00e7\u00e3o-dos-Indicadores-do-Selo-TJ-BA-2025-Novemb-ro.xlsx\">Unidades Judiciais (xlsx)<\/a><\/p>\n<p>Indicadores Parciais Outubro\u00a0&#8211; <a href=\"http:\/\/www5.tjba.jus.br\/estrategia\/wp-content\/uploads\/2025\/11\/Apura\u00e7\u00e3o-dos-Indicadores-do-Selo-TJ-BA-2025-Outubro.pdf\">Unidades Judiciais (pdf)<\/a><\/p>\n<p>Indicadores Parciais Outubro\u00a0&#8211; <a href=\"http:\/\/www5.tjba.jus.br\/estrategia\/wp-content\/uploads\/2025\/11\/Apura\u00e7\u00e3o-dos-Indicadores-do-Selo-TJ-BA-2025-Outubro.xlsx\">Unidades Judiciais (xlsx)<\/a><\/p>\n<p>Indicadores Parciais Setembro &#8211; <a href=\"http:\/\/www5.tjba.jus.br\/estrategia\/wp-content\/uploads\/2025\/10\/Apura\u00e7\u00e3o-dos-Indicadores-do-Selo-TJ-BA-2025-Setembro.pdf\">Unidades Judiciais (pdf)<\/a><\/p>\n<p>Indicadores Parciais Setembro &#8211; <a href=\"http:\/\/www5.tjba.jus.br\/estrategia\/wp-content\/uploads\/2025\/10\/Apura\u00e7\u00e3o-dos-Indicadores-do-Selo-TJ-BA-2025-Setembro.xlsx\">Unidades Judiciais (xlsx)<\/a><\/p>\n<p>Indicadores Parciais Agosto &#8211; <a href=\"http:\/\/www5.tjba.jus.br\/estrategia\/wp-content\/uploads\/2025\/09\/Apura\u00e7\u00e3o-dos-Indicadores-do-Selo-TJ-BA-2025-Agosto.pdf\">Unidades Judiciais (pdf)<\/a><\/p>\n<p>Indicadores Parciais Agosto &#8211; <a href=\"http:\/\/www5.tjba.jus.br\/estrategia\/wp-content\/uploads\/2025\/09\/Apura\u00e7\u00e3o-dos-Indicadores-do-Selo-TJ-BA-2025-Agosto.xlsx\">Unidades Judiciais (xlsx)<\/a><\/p>\n<p>Indicadores Parciais Julho &#8211; <a href=\"http:\/\/www5.tjba.jus.br\/estrategia\/wp-content\/uploads\/2025\/08\/Apura\u00e7\u00e3o-dos-Indicadores-do-Selo-TJ-BA-2025-Julho.pdf\">Unidades Judiciais (pdf)<\/a><\/p>\n<p>Indicadores Parciais Julho &#8211; <a href=\"http:\/\/www5.tjba.jus.br\/estrategia\/wp-content\/uploads\/2025\/08\/Apura\u00e7\u00e3o-dos-Indicadores-do-Selo-TJ-BA-2025-Julho.xlsx\">Unidades Judiciais (xlsx)<\/a><\/p>\n<p>Indicadores Parciais Junho &#8211; <a href=\"http:\/\/www5.tjba.jus.br\/estrategia\/wp-content\/uploads\/2025\/07\/Apura\u00e7\u00e3o-dos-Indicadores-do-Selo-TJ-BA-2025-Junho.pdf\">Unidades Judiciais (pdf)<\/a><\/p>\n<p>Indicadores Parciais Junho &#8211; <a href=\"http:\/\/www5.tjba.jus.br\/estrategia\/wp-content\/uploads\/2025\/07\/Apura\u00e7\u00e3o-dos-Indicadores-do-Selo-TJ-BA-2025-Junho.xlsx\">Unidades Judiciais (xlsx)<\/a><\/p>\n<p>&nbsp;<\/p>\n<p><strong>Para eventuais d\u00favidas ou diverg\u00eancias, encaminhe e-mail para o NEGE (nege@tjba.jus.br).<\/strong><\/p>\n","protected":false},"excerpt":{"rendered":"<p>APURA\u00c7\u00c3O DOS INDICADORES &#8211; SELO JUSTI\u00c7A EM N\u00daMEROS TJBA 2025 Indicadores Parciais Dezembro &#8211; Unidades Judiciais (pdf) Indicadores Parciais Dezembro &#8211; Unidades Judiciais (xlsx) Indicadores Parciais Novembro &#8211; Unidades Judiciais (pdf) Indicadores Parciais Novembro &#8211; Unidades Judiciais (xlsx) Indicadores Parciais Outubro\u00a0&#8211; Unidades Judiciais (pdf) Indicadores Parciais Outubro\u00a0&#8211; Unidades Judiciais (xlsx) Indicadores Parciais Setembro &#8211; Unidades [&hellip;]<\/p>\n","protected":false},"author":7,"featured_media":0,"parent":0,"menu_order":0,"comment_status":"closed","ping_status":"closed","template":"","meta":{"footnotes":""},"class_list":["post-9365","page","type-page","status-publish","hentry"],"acf":[],"featured_image_src":null,"_links":{"self":[{"href":"https:\/\/www.tjba.jus.br\/estrategia\/wp-json\/wp\/v2\/pages\/9365","targetHints":{"allow":["GET"]}}],"collection":[{"href":"https:\/\/www.tjba.jus.br\/estrategia\/wp-json\/wp\/v2\/pages"}],"about":[{"href":"https:\/\/www.tjba.jus.br\/estrategia\/wp-json\/wp\/v2\/types\/page"}],"author":[{"embeddable":true,"href":"https:\/\/www.tjba.jus.br\/estrategia\/wp-json\/wp\/v2\/users\/7"}],"replies":[{"embeddable":true,"href":"https:\/\/www.tjba.jus.br\/estrategia\/wp-json\/wp\/v2\/comments?post=9365"}],"version-history":[{"count":18,"href":"https:\/\/www.tjba.jus.br\/estrategia\/wp-json\/wp\/v2\/pages\/9365\/revisions"}],"predecessor-version":[{"id":9615,"href":"https:\/\/www.tjba.jus.br\/estrategia\/wp-json\/wp\/v2\/pages\/9365\/revisions\/9615"}],"wp:attachment":[{"href":"https:\/\/www.tjba.jus.br\/estrategia\/wp-json\/wp\/v2\/media?parent=9365"}],"curies":[{"name":"wp","href":"https:\/\/api.w.org\/{rel}","templated":true}]}}