{"id":9447,"date":"2025-10-03T09:35:12","date_gmt":"2025-10-03T12:35:12","guid":{"rendered":"http:\/\/www5.tjba.jus.br\/estrategia\/?page_id=9447"},"modified":"2025-10-29T09:51:55","modified_gmt":"2025-10-29T12:51:55","slug":"pesquisa-de-opiniao-2025","status":"publish","type":"page","link":"https:\/\/www.tjba.jus.br\/estrategia\/pesquisa-de-opiniao-2025\/","title":{"rendered":"Pesquisa de Opini\u00e3o 2025"},"content":{"rendered":"<div><\/div>\n<p><a href=\"http:\/\/tjba.jus.br\/enquete\/index.php\/897498?lang=pt-BR\"><img loading=\"lazy\" decoding=\"async\" class=\"wp-image-9517 alignleft\" src=\"http:\/\/www5.tjba.jus.br\/estrategia\/wp-content\/uploads\/2025\/10\/Bot\u00e3o-Magistrados-300x141.png\" alt=\"\" width=\"221\" height=\"104\" srcset=\"https:\/\/www.tjba.jus.br\/estrategia\/wp-content\/uploads\/2025\/10\/Bot\u00e3o-Magistrados-300x141.png 300w, https:\/\/www.tjba.jus.br\/estrategia\/wp-content\/uploads\/2025\/10\/Bot\u00e3o-Magistrados.png 350w\" sizes=\"auto, (max-width: 221px) 100vw, 221px\" \/><\/a> <a href=\"http:\/\/tjba.jus.br\/enquete\/index.php\/524176?lang=pt-BR\"><img loading=\"lazy\" decoding=\"async\" class=\"wp-image-9516 alignleft\" src=\"http:\/\/www5.tjba.jus.br\/estrategia\/wp-content\/uploads\/2025\/10\/Bot\u00e3o-Servidores-300x141.png\" alt=\"\" width=\"219\" height=\"103\" srcset=\"https:\/\/www.tjba.jus.br\/estrategia\/wp-content\/uploads\/2025\/10\/Bot\u00e3o-Servidores-300x141.png 300w, https:\/\/www.tjba.jus.br\/estrategia\/wp-content\/uploads\/2025\/10\/Bot\u00e3o-Servidores.png 351w\" sizes=\"auto, (max-width: 219px) 100vw, 219px\" \/><\/a> <a href=\"http:\/\/tjba.jus.br\/enquete\/index.php\/465178?lang=pt-BR\"><img loading=\"lazy\" decoding=\"async\" class=\"wp-image-9511 alignleft\" src=\"http:\/\/www5.tjba.jus.br\/estrategia\/wp-content\/uploads\/2025\/10\/Bot\u00e3o-OAB-300x141.png\" alt=\"\" width=\"225\" height=\"106\" srcset=\"https:\/\/www.tjba.jus.br\/estrategia\/wp-content\/uploads\/2025\/10\/Bot\u00e3o-OAB-300x141.png 300w, https:\/\/www.tjba.jus.br\/estrategia\/wp-content\/uploads\/2025\/10\/Bot\u00e3o-OAB.png 358w\" sizes=\"auto, (max-width: 225px) 100vw, 225px\" \/><\/a><\/p>\n<div><img loading=\"lazy\" decoding=\"async\" class=\"alignnone size-full wp-image-9528\" src=\"http:\/\/www5.tjba.jus.br\/estrategia\/wp-content\/uploads\/2025\/10\/Pesquisa-de-Opini\u00e3o-banner-1920x1080-Capa-de-mat\u00e9ria@4x-1.png\" alt=\"\" width=\"7680\" height=\"4320\" srcset=\"https:\/\/www.tjba.jus.br\/estrategia\/wp-content\/uploads\/2025\/10\/Pesquisa-de-Opini\u00e3o-banner-1920x1080-Capa-de-mat\u00e9ria@4x-1.png 7680w, https:\/\/www.tjba.jus.br\/estrategia\/wp-content\/uploads\/2025\/10\/Pesquisa-de-Opini\u00e3o-banner-1920x1080-Capa-de-mat\u00e9ria@4x-1-300x169.png 300w, https:\/\/www.tjba.jus.br\/estrategia\/wp-content\/uploads\/2025\/10\/Pesquisa-de-Opini\u00e3o-banner-1920x1080-Capa-de-mat\u00e9ria@4x-1-768x432.png 768w, https:\/\/www.tjba.jus.br\/estrategia\/wp-content\/uploads\/2025\/10\/Pesquisa-de-Opini\u00e3o-banner-1920x1080-Capa-de-mat\u00e9ria@4x-1-1024x576.png 1024w\" sizes=\"auto, (max-width: 7680px) 100vw, 7680px\" \/><\/div>\n<div><\/div>\n<div><\/div>\n<blockquote>\n<div><\/div>\n<div class=\"x_elementToProof\">A Pesquisa de Opini\u00e3o do Tribunal de Justi\u00e7a do Estado da Bahia (TJBA) \u00e9 uma iniciativa alinhada \u00e0 Resolu\u00e7\u00e3o n\u00ba 325\/2020, do CNJ, e \u00e0 Resolu\u00e7\u00e3o n\u00ba 3\/2021, do TJBA, que instituiu o Planejamento Estrat\u00e9gico 2021-2026.<\/div>\n<div class=\"x_elementToProof\">Essa pesquisa visa conhecer a opini\u00e3o dos nossos usu\u00e1rios sobre diferentes aspectos como atendimento, audi\u00eancias e instala\u00e7\u00f5es f\u00edsicas, a fim de aperfei\u00e7oar os servi\u00e7os prestados \u00e0 sociedade.<\/div>\n<\/blockquote>\n<p><strong>Observa\u00e7\u00e3o: Para os cidad\u00e3os, a pesquisa ser\u00e1 aplicada presencialmente nos F\u00f3runs.<\/strong><\/p>\n","protected":false},"excerpt":{"rendered":"<p>A Pesquisa de Opini\u00e3o do Tribunal de Justi\u00e7a do Estado da Bahia (TJBA) \u00e9 uma iniciativa alinhada \u00e0 Resolu\u00e7\u00e3o n\u00ba 325\/2020, do CNJ, e \u00e0 Resolu\u00e7\u00e3o n\u00ba 3\/2021, do TJBA, que instituiu o Planejamento Estrat\u00e9gico 2021-2026. Essa pesquisa visa conhecer a opini\u00e3o dos nossos usu\u00e1rios sobre diferentes aspectos como atendimento, audi\u00eancias e instala\u00e7\u00f5es f\u00edsicas, a [&hellip;]<\/p>\n","protected":false},"author":12,"featured_media":0,"parent":0,"menu_order":0,"comment_status":"closed","ping_status":"closed","template":"","meta":{"footnotes":""},"class_list":["post-9447","page","type-page","status-publish","hentry"],"acf":[],"featured_image_src":null,"_links":{"self":[{"href":"https:\/\/www.tjba.jus.br\/estrategia\/wp-json\/wp\/v2\/pages\/9447","targetHints":{"allow":["GET"]}}],"collection":[{"href":"https:\/\/www.tjba.jus.br\/estrategia\/wp-json\/wp\/v2\/pages"}],"about":[{"href":"https:\/\/www.tjba.jus.br\/estrategia\/wp-json\/wp\/v2\/types\/page"}],"author":[{"embeddable":true,"href":"https:\/\/www.tjba.jus.br\/estrategia\/wp-json\/wp\/v2\/users\/12"}],"replies":[{"embeddable":true,"href":"https:\/\/www.tjba.jus.br\/estrategia\/wp-json\/wp\/v2\/comments?post=9447"}],"version-history":[{"count":26,"href":"https:\/\/www.tjba.jus.br\/estrategia\/wp-json\/wp\/v2\/pages\/9447\/revisions"}],"predecessor-version":[{"id":9530,"href":"https:\/\/www.tjba.jus.br\/estrategia\/wp-json\/wp\/v2\/pages\/9447\/revisions\/9530"}],"wp:attachment":[{"href":"https:\/\/www.tjba.jus.br\/estrategia\/wp-json\/wp\/v2\/media?parent=9447"}],"curies":[{"name":"wp","href":"https:\/\/api.w.org\/{rel}","templated":true}]}}