{"id":9633,"date":"2026-02-25T16:30:18","date_gmt":"2026-02-25T19:30:18","guid":{"rendered":"http:\/\/www5.tjba.jus.br\/estrategia\/?page_id=9633"},"modified":"2026-04-14T10:45:16","modified_gmt":"2026-04-14T13:45:16","slug":"radar-do-tjba-2026","status":"publish","type":"page","link":"https:\/\/www.tjba.jus.br\/estrategia\/radar-do-tjba-2026\/","title":{"rendered":"Radar do TJBA 2026"},"content":{"rendered":"\n<figure class=\"wp-block-image\"><img loading=\"lazy\" decoding=\"async\" width=\"1430\" height=\"318\" src=\"http:\/\/www5.tjba.jus.br\/estrategia\/wp-content\/uploads\/2020\/04\/Cabe\u00e7alho.png\" alt=\"\" class=\"wp-image-5153\" srcset=\"https:\/\/www.tjba.jus.br\/estrategia\/wp-content\/uploads\/2020\/04\/Cabe\u00e7alho.png 1430w, https:\/\/www.tjba.jus.br\/estrategia\/wp-content\/uploads\/2020\/04\/Cabe\u00e7alho-300x67.png 300w, https:\/\/www.tjba.jus.br\/estrategia\/wp-content\/uploads\/2020\/04\/Cabe\u00e7alho-768x171.png 768w, https:\/\/www.tjba.jus.br\/estrategia\/wp-content\/uploads\/2020\/04\/Cabe\u00e7alho-1024x228.png 1024w\" sizes=\"auto, (max-width: 1430px) 100vw, 1430px\" \/><\/figure>\n\n\n\n<p><\/p>\n\n\n\n<p>O boletim &#8220;Radar do PJBA&#8221; re\u00fane informa\u00e7\u00f5es diversas acerca do Tribunal de Justi\u00e7a do Estado da Bahia cobrindo temas como Estrutura, Metas Nacionais, Or\u00e7amento e Sustentabilidade. Os dados ser\u00e3o atualizados mensalmente. Confira!<\/p>\n\n\n\n<p><a href=\"https:\/\/www.tjba.jus.br\/estrategia\/wp-content\/uploads\/2026\/04\/RADAR-PJBA-73a-Edicao.pdf\">RADAR PJBA &#8211; 73\u00aa Edi\u00e7\u00e3o<\/a> (Mar\u00e7o\/2026)<\/p>\n\n\n\n<p><a href=\"https:\/\/www.tjba.jus.br\/estrategia\/wp-content\/uploads\/2026\/03\/RADAR-PJBA-72a-Edicao.pdf\">RADAR PJBA &#8211; 72\u00aa Edi\u00e7\u00e3o<\/a> (Feveiro\/2026)<\/p>\n\n\n\n<p><a href=\"http:\/\/www5.tjba.jus.br\/estrategia\/wp-content\/uploads\/2026\/02\/RADAR-PJBA-71\u00aa-Edi\u00e7\u00e3o.pdf\">RADAR PJBA &#8211; 71\u00aa Edi\u00e7\u00e3o<\/a> (Janeiro\/2026)<\/p>\n\n\n\n<p><\/p>\n\n\n\n<p>&nbsp;<\/p>\n\n\n<div class=\"wp-block-ub-divider ub_divider ub-divider-orientation-horizontal\" id=\"ub_divider_10093a8a-ccb9-44aa-a8e7-c18ee53e0dc8\"><div class=\"ub_divider_wrapper\" style=\"position: relative; margin-bottom: 2px; width: 100%; height: 2px; \" data-divider-alignment=\"center\"><div class=\"ub_divider_line\" style=\"border-top: 2px solid #ccc; margin-top: 2px; \"><\/div><\/div><\/div>\n\n\n<blockquote class=\"wp-block-quote is-layout-flow wp-block-quote-is-layout-flow\">\n<p data-wp-context---core-fit-text=\"core\/fit-text::{&quot;fontSize&quot;:&quot;&quot;}\" data-wp-init---core-fit-text=\"core\/fit-text::callbacks.init\" data-wp-interactive data-wp-style--font-size=\"core\/fit-text::context.fontSize\" class=\"has-fit-text\"><a href=\"https:\/\/www.tjba.jus.br\/estrategia\/wp-content\/uploads\/2026\/04\/Radar-versao-csv-Atualizado-Marco.zip\"><strong>Vers\u00e3o\u00a0em\u00a0planilha\u00a0eletr\u00f4nica (CSV) aqui.<\/strong><\/a>\u00a0Arquivo\u00a0compactado (.zip)\u00a0contendo\u00a0os\u00a0dados\u00a0mensais\u00a0em\u00a0formato\u00a0CSV<\/p>\n<\/blockquote>\n\n\n\n<div class=\"ms-editor-squiggler\" style=\"color: initial; font: initial; font-feature-settings: initial; font-kerning: initial; font-optical-sizing: initial; font-variation-settings: initial; forced-color-adjust: initial; text-orientation: initial; text-rendering: initial; -webkit-font-smoothing: initial; -webkit-locale: initial; -webkit-text-orientation: initial; -webkit-writing-mode: initial; writing-mode: initial; zoom: initial; place-content: initial; place-items: initial; place-self: initial; alignment-baseline: initial; animation: initial; appearance: initial; aspect-ratio: initial; backdrop-filter: initial; backface-visibility: initial; background: initial; background-blend-mode: initial; baseline-shift: initial; block-size: initial; border-block: initial; border: initial; border-radius: initial; border-collapse: initial; border-end-end-radius: initial; border-end-start-radius: initial; border-inline: initial; border-start-end-radius: initial; border-start-start-radius: initial; inset: initial; box-shadow: initial; box-sizing: initial; break-after: initial; break-before: initial; break-inside: initial; buffered-rendering: initial; caption-side: initial; caret-color: initial; clear: initial; clip: initial; clip-path: initial; clip-rule: initial; color-interpolation: initial; color-interpolation-filters: initial; color-rendering: initial; color-scheme: initial; columns: initial; column-fill: initial; gap: initial; column-rule: initial; column-span: initial; contain: initial; contain-intrinsic-size: initial; content: initial; content-visibility: initial; counter-increment: initial; counter-reset: initial; counter-set: initial; cursor: initial; cx: initial; cy: initial; d: initial; display: block; dominant-baseline: initial; empty-cells: initial; fill: initial; fill-opacity: initial; fill-rule: initial; filter: initial; flex: initial; flex-flow: initial; float: initial; flood-color: initial; flood-opacity: initial; grid: initial; grid-area: initial; height: 0px; hyphens: initial; image-orientation: initial; image-rendering: initial; inline-size: initial; inset-block: initial; inset-inline: initial; isolation: initial; letter-spacing: initial; lighting-color: initial; line-break: initial; list-style: initial; margin-block: initial; margin: initial; margin-inline: initial; marker: initial; mask: initial; mask-type: initial; max-block-size: initial; max-height: initial; max-inline-size: initial; max-width: initial; min-block-size: initial; min-height: initial; min-inline-size: initial; min-width: initial; mix-blend-mode: initial; object-fit: initial; object-position: initial; offset: initial; opacity: initial; order: initial; origin-trial-test-property: initial; orphans: initial; outline: initial; outline-offset: initial; overflow-anchor: initial; overflow-wrap: initial; overflow: initial; overscroll-behavior-block: initial; overscroll-behavior-inline: initial; overscroll-behavior: initial; padding-block: initial; padding: initial; padding-inline: initial; page: initial; page-orientation: initial; paint-order: initial; perspective: initial; perspective-origin: initial; pointer-events: initial; position: initial; quotes: initial; r: initial; resize: initial; ruby-position: initial; rx: initial; ry: initial; scroll-behavior: initial; scroll-margin-block: initial; scroll-margin: initial; scroll-margin-inline: initial; scroll-padding-block: initial; scroll-padding: initial; scroll-padding-inline: initial; scroll-snap-align: initial; scroll-snap-stop: initial; scroll-snap-type: initial; shape-image-threshold: initial; shape-margin: initial; shape-outside: initial; shape-rendering: initial; size: initial; speak: initial; stop-color: initial; stop-opacity: initial; stroke: initial; stroke-dasharray: initial; stroke-dashoffset: initial; stroke-linecap: initial; stroke-linejoin: initial; stroke-miterlimit: initial; stroke-opacity: initial; stroke-width: initial; tab-size: initial; table-layout: initial; text-align: initial; text-align-last: initial; text-anchor: initial; text-combine-upright: initial; text-decoration: initial; text-decoration-skip-ink: initial; text-indent: initial; text-overflow: initial; text-shadow: initial; text-size-adjust: initial; text-transform: initial; text-underline-offset: initial; text-underline-position: initial; touch-action: initial; transform: initial; transform-box: initial; transform-origin: initial; transform-style: initial; transition: initial; user-select: initial; vector-effect: initial; vertical-align: initial; visibility: initial; -webkit-app-region: initial; border-spacing: initial; -webkit-border-image: initial; -webkit-box-align: initial; -webkit-box-decoration-break: initial; -webkit-box-direction: initial; -webkit-box-flex: initial; -webkit-box-ordinal-group: initial; -webkit-box-orient: initial; -webkit-box-pack: initial; -webkit-box-reflect: initial; -webkit-highlight: initial; -webkit-hyphenate-character: initial; -webkit-line-break: initial; -webkit-line-clamp: initial; -webkit-mask-box-image: initial; -webkit-mask: initial; -webkit-mask-composite: initial; -webkit-perspective-origin-x: initial; -webkit-perspective-origin-y: initial; -webkit-print-color-adjust: initial; -webkit-rtl-ordering: initial; -webkit-ruby-position: initial; -webkit-tap-highlight-color: initial; -webkit-text-combine: initial; -webkit-text-decorations-in-effect: initial; -webkit-text-emphasis: initial; -webkit-text-emphasis-position: initial; -webkit-text-fill-color: initial; -webkit-text-security: initial; -webkit-text-stroke: initial; -webkit-transform-origin-x: initial; -webkit-transform-origin-y: initial; -webkit-transform-origin-z: initial; -webkit-user-drag: initial; -webkit-user-modify: initial; white-space: initial; widows: initial; width: initial; will-change: initial; word-break: initial; word-spacing: initial; x: initial; y: initial; z-index: initial;\">&nbsp;<\/div>\n","protected":false},"excerpt":{"rendered":"<p>O boletim &#8220;Radar do PJBA&#8221; re\u00fane informa\u00e7\u00f5es diversas acerca do Tribunal de Justi\u00e7a do Estado da Bahia cobrindo temas como Estrutura, Metas Nacionais, Or\u00e7amento e Sustentabilidade. Os dados ser\u00e3o atualizados mensalmente. Confira! RADAR PJBA &#8211; 73\u00aa Edi\u00e7\u00e3o (Mar\u00e7o\/2026) RADAR PJBA &#8211; 72\u00aa Edi\u00e7\u00e3o (Feveiro\/2026) RADAR PJBA &#8211; 71\u00aa Edi\u00e7\u00e3o (Janeiro\/2026) &nbsp; Vers\u00e3o\u00a0em\u00a0planilha\u00a0eletr\u00f4nica (CSV) aqui.\u00a0Arquivo\u00a0compactado (.zip)\u00a0contendo\u00a0os\u00a0dados\u00a0mensais\u00a0em\u00a0formato\u00a0CSV [&hellip;]<\/p>\n","protected":false},"author":7,"featured_media":0,"parent":0,"menu_order":0,"comment_status":"closed","ping_status":"closed","template":"page-modelo-1280px.php","meta":{"footnotes":""},"class_list":["post-9633","page","type-page","status-publish","hentry"],"acf":[],"featured_image_src":null,"_links":{"self":[{"href":"https:\/\/www.tjba.jus.br\/estrategia\/wp-json\/wp\/v2\/pages\/9633","targetHints":{"allow":["GET"]}}],"collection":[{"href":"https:\/\/www.tjba.jus.br\/estrategia\/wp-json\/wp\/v2\/pages"}],"about":[{"href":"https:\/\/www.tjba.jus.br\/estrategia\/wp-json\/wp\/v2\/types\/page"}],"author":[{"embeddable":true,"href":"https:\/\/www.tjba.jus.br\/estrategia\/wp-json\/wp\/v2\/users\/7"}],"replies":[{"embeddable":true,"href":"https:\/\/www.tjba.jus.br\/estrategia\/wp-json\/wp\/v2\/comments?post=9633"}],"version-history":[{"count":6,"href":"https:\/\/www.tjba.jus.br\/estrategia\/wp-json\/wp\/v2\/pages\/9633\/revisions"}],"predecessor-version":[{"id":10520,"href":"https:\/\/www.tjba.jus.br\/estrategia\/wp-json\/wp\/v2\/pages\/9633\/revisions\/10520"}],"wp:attachment":[{"href":"https:\/\/www.tjba.jus.br\/estrategia\/wp-json\/wp\/v2\/media?parent=9633"}],"curies":[{"name":"wp","href":"https:\/\/api.w.org\/{rel}","templated":true}]}}