{"id":9751,"date":"2026-03-05T14:51:03","date_gmt":"2026-03-05T17:51:03","guid":{"rendered":"https:\/\/homologacaointerna.tjba.jus.br\/estrategia\/?page_id=9751"},"modified":"2026-03-05T14:51:03","modified_gmt":"2026-03-05T17:51:03","slug":"o-grupo-de-pesquisas-judiciarias-gpj","status":"publish","type":"page","link":"https:\/\/www.tjba.jus.br\/estrategia\/o-grupo-de-pesquisas-judiciarias-gpj\/","title":{"rendered":"O Grupo de Pesquisas Judici\u00e1rias (GPJ)"},"content":{"rendered":"\n<p><strong>O Grupo de Pesquisas Judici\u00e1rias (GPJ)<\/strong>\u00a0tem compet\u00eancia para gest\u00e3o, organiza\u00e7\u00e3o e valida\u00e7\u00e3o de bases de dados, produ\u00e7\u00e3o de estat\u00edsticas e elabora\u00e7\u00e3o de diagn\u00f3sticos sobre a atua\u00e7\u00e3o do Tribunal de Justi\u00e7a do Estado da Bahia.<\/p>\n\n\n\n<ul class=\"wp-block-list\">\n<li><a href=\"https:\/\/www.tjba.jus.br\/estrategia\/index.php\/pesquisas-publicadas\/\" data-type=\"page\" data-id=\"8052\">Pesquisas<\/a><\/li>\n\n\n\n<li><a href=\"https:\/\/www.tjba.jus.br\/estrategia\/index.php\/grupo-de-pesquisas-judiciarias\/\" data-type=\"page\" data-id=\"7836\">Sobre GPJ<\/a><\/li>\n\n\n\n<li><a href=\"https:\/\/www.tjba.jus.br\/estrategia\/index.php\/relatorios-e-paineis-estatisticos\/\" data-type=\"page\" data-id=\"7380\" target=\"_blank\" rel=\"noreferrer noopener\">Atualiza\u00e7\u00f5es nas Tabelas Processuais Unificadas<\/a><\/li>\n<\/ul>\n\n\n\n<p><\/p>\n","protected":false},"excerpt":{"rendered":"<p>O Grupo de Pesquisas Judici\u00e1rias (GPJ)\u00a0tem compet\u00eancia para gest\u00e3o, organiza\u00e7\u00e3o e valida\u00e7\u00e3o de bases de dados, produ\u00e7\u00e3o de estat\u00edsticas e elabora\u00e7\u00e3o de diagn\u00f3sticos sobre a atua\u00e7\u00e3o do Tribunal de Justi\u00e7a do Estado da Bahia.<\/p>\n","protected":false},"author":7,"featured_media":0,"parent":0,"menu_order":0,"comment_status":"closed","ping_status":"closed","template":"","meta":{"footnotes":""},"class_list":["post-9751","page","type-page","status-publish","hentry"],"acf":[],"featured_image_src":null,"_links":{"self":[{"href":"https:\/\/www.tjba.jus.br\/estrategia\/wp-json\/wp\/v2\/pages\/9751","targetHints":{"allow":["GET"]}}],"collection":[{"href":"https:\/\/www.tjba.jus.br\/estrategia\/wp-json\/wp\/v2\/pages"}],"about":[{"href":"https:\/\/www.tjba.jus.br\/estrategia\/wp-json\/wp\/v2\/types\/page"}],"author":[{"embeddable":true,"href":"https:\/\/www.tjba.jus.br\/estrategia\/wp-json\/wp\/v2\/users\/7"}],"replies":[{"embeddable":true,"href":"https:\/\/www.tjba.jus.br\/estrategia\/wp-json\/wp\/v2\/comments?post=9751"}],"version-history":[{"count":1,"href":"https:\/\/www.tjba.jus.br\/estrategia\/wp-json\/wp\/v2\/pages\/9751\/revisions"}],"predecessor-version":[{"id":9755,"href":"https:\/\/www.tjba.jus.br\/estrategia\/wp-json\/wp\/v2\/pages\/9751\/revisions\/9755"}],"wp:attachment":[{"href":"https:\/\/www.tjba.jus.br\/estrategia\/wp-json\/wp\/v2\/media?parent=9751"}],"curies":[{"name":"wp","href":"https:\/\/api.w.org\/{rel}","templated":true}]}}