{"id":9758,"date":"2026-03-05T14:53:59","date_gmt":"2026-03-05T17:53:59","guid":{"rendered":"https:\/\/homologacaointerna.tjba.jus.br\/estrategia\/?page_id=9758"},"modified":"2026-03-05T14:53:59","modified_gmt":"2026-03-05T17:53:59","slug":"consulta-publica-de-processos","status":"publish","type":"page","link":"https:\/\/www.tjba.jus.br\/estrategia\/consulta-publica-de-processos\/","title":{"rendered":"Consulta P\u00fablica de Processos"},"content":{"rendered":"\n<p>A <strong>Consulta P\u00fablica de Processos<\/strong> \u00e9 uma funcionalidade que permite localizar a <strong>numera\u00e7\u00e3o \u00fanica do processo<\/strong> a partir do <strong>CPF<\/strong> e de dados das <strong>partes<\/strong> ou <strong>representantes<\/strong>.<\/p>\n\n\n\n<p>Ap\u00f3s localizar o n\u00famero, voc\u00ea pode <strong>acompanhar as movimenta\u00e7\u00f5es<\/strong> diretamente nesta p\u00e1gina ou, se preferir, via <strong>API P\u00fablica do DataJud (CNJ)<\/strong>, utilizando a numera\u00e7\u00e3o \u00fanica do processo. <strong><a href=\"https:\/\/www.tjba.jus.br\/portal\/busca-resultado\">Acesse aqui<\/a>.<\/strong><\/p>\n\n\n\n<p><\/p>\n","protected":false},"excerpt":{"rendered":"<p>A Consulta P\u00fablica de Processos \u00e9 uma funcionalidade que permite localizar a numera\u00e7\u00e3o \u00fanica do processo a partir do CPF e de dados das partes ou representantes. Ap\u00f3s localizar o n\u00famero, voc\u00ea pode acompanhar as movimenta\u00e7\u00f5es diretamente nesta p\u00e1gina ou, se preferir, via API P\u00fablica do DataJud (CNJ), utilizando a numera\u00e7\u00e3o \u00fanica do processo. Acesse [&hellip;]<\/p>\n","protected":false},"author":7,"featured_media":0,"parent":0,"menu_order":0,"comment_status":"closed","ping_status":"closed","template":"","meta":{"footnotes":""},"class_list":["post-9758","page","type-page","status-publish","hentry"],"acf":[],"featured_image_src":null,"_links":{"self":[{"href":"https:\/\/www.tjba.jus.br\/estrategia\/wp-json\/wp\/v2\/pages\/9758","targetHints":{"allow":["GET"]}}],"collection":[{"href":"https:\/\/www.tjba.jus.br\/estrategia\/wp-json\/wp\/v2\/pages"}],"about":[{"href":"https:\/\/www.tjba.jus.br\/estrategia\/wp-json\/wp\/v2\/types\/page"}],"author":[{"embeddable":true,"href":"https:\/\/www.tjba.jus.br\/estrategia\/wp-json\/wp\/v2\/users\/7"}],"replies":[{"embeddable":true,"href":"https:\/\/www.tjba.jus.br\/estrategia\/wp-json\/wp\/v2\/comments?post=9758"}],"version-history":[{"count":1,"href":"https:\/\/www.tjba.jus.br\/estrategia\/wp-json\/wp\/v2\/pages\/9758\/revisions"}],"predecessor-version":[{"id":9762,"href":"https:\/\/www.tjba.jus.br\/estrategia\/wp-json\/wp\/v2\/pages\/9758\/revisions\/9762"}],"wp:attachment":[{"href":"https:\/\/www.tjba.jus.br\/estrategia\/wp-json\/wp\/v2\/media?parent=9758"}],"curies":[{"name":"wp","href":"https:\/\/api.w.org\/{rel}","templated":true}]}}