{"id":9764,"date":"2026-03-05T14:55:46","date_gmt":"2026-03-05T17:55:46","guid":{"rendered":"https:\/\/homologacaointerna.tjba.jus.br\/estrategia\/?page_id=9764"},"modified":"2026-03-05T14:59:56","modified_gmt":"2026-03-05T17:59:56","slug":"api-publica-do-datajud-cnj","status":"publish","type":"page","link":"https:\/\/www.tjba.jus.br\/estrategia\/api-publica-do-datajud-cnj\/","title":{"rendered":"API P\u00fablica do DATAJUD (CNJ)"},"content":{"rendered":"\n<p>A <strong>API P\u00fablica do DataJud<\/strong> \u00e9 uma ferramenta que viabiliza o <strong>acesso p\u00fablico aos metadados de processos judiciais<\/strong> de todo o Brasil. As informa\u00e7\u00f5es disponibilizadas s\u00e3o provenientes da <strong>Base Nacional de Dados do Poder Judici\u00e1rio (DataJud)<\/strong> e seguem os crit\u00e9rios definidos pela <strong><a href=\"https:\/\/atos.cnj.jus.br\/atos\/detalhar\/3453\">Portaria n\u00ba 160, de 09\/09\/2020<\/a><\/strong>, garantindo tamb\u00e9m o <strong>resguardo de processos sigilosos<\/strong> e a <strong>prote\u00e7\u00e3o de dados das partes<\/strong>.<\/p>\n\n\n\n<ul class=\"wp-block-list\">\n<li><a href=\"https:\/\/datajud-wiki.cnj.jus.br\/api-publica\/\">Documenta\u00e7\u00e3o da API<\/a><\/li>\n\n\n\n<li><a href=\"https:\/\/api-publica.datajud.cnj.jus.br\/api_publica_tjba\/_search\" target=\"_blank\" rel=\"noreferrer noopener\">Endere\u00e7o para o\u00a0<em>endpoint<\/em>\u00a0espec\u00edfico do TJBA<\/a><\/li>\n\n\n\n<li><a href=\"https:\/\/datajud-wiki.cnj.jus.br\/api-publica\/glossario\" target=\"_blank\" rel=\"noreferrer noopener\">Gloss\u00e1rio dos Dados<\/a>\u00a0<\/li>\n\n\n\n<li><a href=\"https:\/\/datajud-wiki.cnj.jus.br\/api-publica\/exemplos\/\" target=\"_blank\" rel=\"noreferrer noopener\">Exemplos de requisi\u00e7\u00f5es na API<\/a><\/li>\n\n\n\n<li><a href=\"https:\/\/datajud-wiki.cnj.jus.br\/api-publica\/acesso\" target=\"_blank\" rel=\"noreferrer noopener\">Chave de Acesso<\/a><\/li>\n<\/ul>\n\n\n\n<p><\/p>\n","protected":false},"excerpt":{"rendered":"<p>A API P\u00fablica do DataJud \u00e9 uma ferramenta que viabiliza o acesso p\u00fablico aos metadados de processos judiciais de todo o Brasil. As informa\u00e7\u00f5es disponibilizadas s\u00e3o provenientes da Base Nacional de Dados do Poder Judici\u00e1rio (DataJud) e seguem os crit\u00e9rios definidos pela Portaria n\u00ba 160, de 09\/09\/2020, garantindo tamb\u00e9m o resguardo de processos sigilosos e [&hellip;]<\/p>\n","protected":false},"author":7,"featured_media":0,"parent":0,"menu_order":0,"comment_status":"closed","ping_status":"closed","template":"","meta":{"footnotes":""},"class_list":["post-9764","page","type-page","status-publish","hentry"],"acf":[],"featured_image_src":null,"_links":{"self":[{"href":"https:\/\/www.tjba.jus.br\/estrategia\/wp-json\/wp\/v2\/pages\/9764","targetHints":{"allow":["GET"]}}],"collection":[{"href":"https:\/\/www.tjba.jus.br\/estrategia\/wp-json\/wp\/v2\/pages"}],"about":[{"href":"https:\/\/www.tjba.jus.br\/estrategia\/wp-json\/wp\/v2\/types\/page"}],"author":[{"embeddable":true,"href":"https:\/\/www.tjba.jus.br\/estrategia\/wp-json\/wp\/v2\/users\/7"}],"replies":[{"embeddable":true,"href":"https:\/\/www.tjba.jus.br\/estrategia\/wp-json\/wp\/v2\/comments?post=9764"}],"version-history":[{"count":3,"href":"https:\/\/www.tjba.jus.br\/estrategia\/wp-json\/wp\/v2\/pages\/9764\/revisions"}],"predecessor-version":[{"id":9771,"href":"https:\/\/www.tjba.jus.br\/estrategia\/wp-json\/wp\/v2\/pages\/9764\/revisions\/9771"}],"wp:attachment":[{"href":"https:\/\/www.tjba.jus.br\/estrategia\/wp-json\/wp\/v2\/media?parent=9764"}],"curies":[{"name":"wp","href":"https:\/\/api.w.org\/{rel}","templated":true}]}}