{"id":9773,"date":"2026-03-05T15:02:51","date_gmt":"2026-03-05T18:02:51","guid":{"rendered":"https:\/\/homologacaointerna.tjba.jus.br\/estrategia\/?page_id=9773"},"modified":"2026-03-05T15:03:15","modified_gmt":"2026-03-05T18:03:15","slug":"painel-de-estatistica-do-datajud-cnj","status":"publish","type":"page","link":"https:\/\/www.tjba.jus.br\/estrategia\/painel-de-estatistica-do-datajud-cnj\/","title":{"rendered":"Painel de Estat\u00edstica do DATAJUD (CNJ)"},"content":{"rendered":"\n<p>Em cumprimento \u00e0 <strong>Resolu\u00e7\u00e3o n\u00ba 333\/2020<\/strong> e \u00e0 <strong>Portaria n\u00ba 119\/2021<\/strong> do Conselho Nacional de Justi\u00e7a (<strong>CNJ<\/strong>), o painel desenvolvido pelo <strong>Departamento de Pesquisas Judici\u00e1rias (DPJ)<\/strong> disponibiliza consultas e estat\u00edsticas oficiais. Por meio dessa aplica\u00e7\u00e3o, tamb\u00e9m \u00e9 poss\u00edvel <strong>consultar o n\u00famero \u00fanico dos processos<\/strong> utilizando a <strong>API<\/strong>, dispon\u00edvel na aba <strong>Downloads<\/strong>.<\/p>\n\n\n\n<ul class=\"wp-block-list\">\n<li><a href=\"https:\/\/justica-em-numeros.cnj.jus.br\/painel-estatisticas\/\">Painel de Estat\u00edstica do CNJ<\/a><\/li>\n<\/ul>\n\n\n\n<p><\/p>\n","protected":false},"excerpt":{"rendered":"<p>Em cumprimento \u00e0 Resolu\u00e7\u00e3o n\u00ba 333\/2020 e \u00e0 Portaria n\u00ba 119\/2021 do Conselho Nacional de Justi\u00e7a (CNJ), o painel desenvolvido pelo Departamento de Pesquisas Judici\u00e1rias (DPJ) disponibiliza consultas e estat\u00edsticas oficiais. Por meio dessa aplica\u00e7\u00e3o, tamb\u00e9m \u00e9 poss\u00edvel consultar o n\u00famero \u00fanico dos processos utilizando a API, dispon\u00edvel na aba Downloads.<\/p>\n","protected":false},"author":7,"featured_media":0,"parent":0,"menu_order":0,"comment_status":"closed","ping_status":"closed","template":"","meta":{"footnotes":""},"class_list":["post-9773","page","type-page","status-publish","hentry"],"acf":[],"featured_image_src":null,"_links":{"self":[{"href":"https:\/\/www.tjba.jus.br\/estrategia\/wp-json\/wp\/v2\/pages\/9773","targetHints":{"allow":["GET"]}}],"collection":[{"href":"https:\/\/www.tjba.jus.br\/estrategia\/wp-json\/wp\/v2\/pages"}],"about":[{"href":"https:\/\/www.tjba.jus.br\/estrategia\/wp-json\/wp\/v2\/types\/page"}],"author":[{"embeddable":true,"href":"https:\/\/www.tjba.jus.br\/estrategia\/wp-json\/wp\/v2\/users\/7"}],"replies":[{"embeddable":true,"href":"https:\/\/www.tjba.jus.br\/estrategia\/wp-json\/wp\/v2\/comments?post=9773"}],"version-history":[{"count":3,"href":"https:\/\/www.tjba.jus.br\/estrategia\/wp-json\/wp\/v2\/pages\/9773\/revisions"}],"predecessor-version":[{"id":9779,"href":"https:\/\/www.tjba.jus.br\/estrategia\/wp-json\/wp\/v2\/pages\/9773\/revisions\/9779"}],"wp:attachment":[{"href":"https:\/\/www.tjba.jus.br\/estrategia\/wp-json\/wp\/v2\/media?parent=9773"}],"curies":[{"name":"wp","href":"https:\/\/api.w.org\/{rel}","templated":true}]}}