{"id":9794,"date":"2026-03-05T15:14:22","date_gmt":"2026-03-05T18:14:22","guid":{"rendered":"https:\/\/homologacaointerna.tjba.jus.br\/estrategia\/?page_id=9794"},"modified":"2026-03-05T15:14:22","modified_gmt":"2026-03-05T18:14:22","slug":"paineis-dinamicos-02","status":"publish","type":"page","link":"https:\/\/www.tjba.jus.br\/estrategia\/paineis-dinamicos-02\/","title":{"rendered":"Pain\u00e9is Din\u00e2micos 02"},"content":{"rendered":"\n<p><strong>Painel das Vari\u00e1veis do M\u00f3dulo de Produtividade Mensal (MPM):<\/strong> <a href=\"https:\/\/resumompm.tjba.jus.br\/\">Resumo MPM<\/a><\/p>\n\n\n\n<p><strong>Painel de quantitativos de Medidas Protetivas de Urg\u00eancia (MPU) \u2013 Lei Maria da Penha:<\/strong> <a href=\"https:\/\/resumompu.tjba.jus.br\/\">Medidas Protetivas de Urg\u00eancia<\/a><\/p>\n\n\n\n<p><\/p>\n","protected":false},"excerpt":{"rendered":"<p>Painel das Vari\u00e1veis do M\u00f3dulo de Produtividade Mensal (MPM): Resumo MPM Painel de quantitativos de Medidas Protetivas de Urg\u00eancia (MPU) \u2013 Lei Maria da Penha: Medidas Protetivas de Urg\u00eancia<\/p>\n","protected":false},"author":7,"featured_media":0,"parent":0,"menu_order":0,"comment_status":"closed","ping_status":"closed","template":"","meta":{"footnotes":""},"class_list":["post-9794","page","type-page","status-publish","hentry"],"acf":[],"featured_image_src":null,"_links":{"self":[{"href":"https:\/\/www.tjba.jus.br\/estrategia\/wp-json\/wp\/v2\/pages\/9794","targetHints":{"allow":["GET"]}}],"collection":[{"href":"https:\/\/www.tjba.jus.br\/estrategia\/wp-json\/wp\/v2\/pages"}],"about":[{"href":"https:\/\/www.tjba.jus.br\/estrategia\/wp-json\/wp\/v2\/types\/page"}],"author":[{"embeddable":true,"href":"https:\/\/www.tjba.jus.br\/estrategia\/wp-json\/wp\/v2\/users\/7"}],"replies":[{"embeddable":true,"href":"https:\/\/www.tjba.jus.br\/estrategia\/wp-json\/wp\/v2\/comments?post=9794"}],"version-history":[{"count":1,"href":"https:\/\/www.tjba.jus.br\/estrategia\/wp-json\/wp\/v2\/pages\/9794\/revisions"}],"predecessor-version":[{"id":9798,"href":"https:\/\/www.tjba.jus.br\/estrategia\/wp-json\/wp\/v2\/pages\/9794\/revisions\/9798"}],"wp:attachment":[{"href":"https:\/\/www.tjba.jus.br\/estrategia\/wp-json\/wp\/v2\/media?parent=9794"}],"curies":[{"name":"wp","href":"https:\/\/api.w.org\/{rel}","templated":true}]}}