{"id":9800,"date":"2026-03-05T15:20:09","date_gmt":"2026-03-05T18:20:09","guid":{"rendered":"https:\/\/homologacaointerna.tjba.jus.br\/estrategia\/?page_id=9800"},"modified":"2026-03-05T15:20:09","modified_gmt":"2026-03-05T18:20:09","slug":"resumo-estatistico","status":"publish","type":"page","link":"https:\/\/www.tjba.jus.br\/estrategia\/resumo-estatistico\/","title":{"rendered":"Resumo Estat\u00edstico"},"content":{"rendered":"\n<p>Disponibiliza, de forma <strong>anal\u00edtica<\/strong> e <strong>por serventia do TJBA<\/strong>, vari\u00e1veis do <strong>M\u00f3dulo de Produtividade Mensal (MPM)<\/strong> e das <strong>Metas Nacionais<\/strong>. A atualiza\u00e7\u00e3o \u00e9 <strong>mensal<\/strong>.<\/p>\n\n\n\n<ul class=\"wp-block-list\">\n<li><strong><a href=\"https:\/\/resumompm.tjba.jus.br\/\">Painel Din\u00e2mico<\/a> | <a href=\"http:\/\/www5.tjba.jus.br\/estrategia\/index.php\/resumo-estatistico-mensal-2026\/\">Est\u00e1tico 2026<\/a><\/strong><\/li>\n\n\n\n<li><strong>Edi\u00e7\u00f5es anteriores:<\/strong> <a href=\"https:\/\/www.tjba.jus.br\/estrategia\/index.php\/resumo-estatistico-mensal-2025\/\" data-type=\"page\" data-id=\"9185\">2025<\/a>, <a href=\"https:\/\/www.tjba.jus.br\/estrategia\/index.php\/resumo-estatistico-mensal-2024\/\" data-type=\"page\" data-id=\"8264\">2024<\/a>, <a href=\"http:\/\/Resumo Estat\u00edstico Mensal 2023\">2023<\/a>, <a href=\"https:\/\/www.tjba.jus.br\/estrategia\/index.php\/resumo-estatistico-mensal-2022\/\" data-type=\"page\" data-id=\"6810\">2022<\/a>, <a href=\"https:\/\/www.tjba.jus.br\/estrategia\/index.php\/resumo-estatistico-mensal\/\" data-type=\"page\" data-id=\"4822\">2021<\/a> e <a href=\"https:\/\/www.tjba.jus.br\/estrategia\/index.php\/resumo-estatistico-mensal-2020\/\" data-type=\"page\" data-id=\"6496\">2020<\/a><\/li>\n<\/ul>\n\n\n\n<p><\/p>\n","protected":false},"excerpt":{"rendered":"<p>Disponibiliza, de forma anal\u00edtica e por serventia do TJBA, vari\u00e1veis do M\u00f3dulo de Produtividade Mensal (MPM) e das Metas Nacionais. A atualiza\u00e7\u00e3o \u00e9 mensal.<\/p>\n","protected":false},"author":7,"featured_media":0,"parent":0,"menu_order":0,"comment_status":"closed","ping_status":"closed","template":"","meta":{"footnotes":""},"class_list":["post-9800","page","type-page","status-publish","hentry"],"acf":[],"featured_image_src":null,"_links":{"self":[{"href":"https:\/\/www.tjba.jus.br\/estrategia\/wp-json\/wp\/v2\/pages\/9800","targetHints":{"allow":["GET"]}}],"collection":[{"href":"https:\/\/www.tjba.jus.br\/estrategia\/wp-json\/wp\/v2\/pages"}],"about":[{"href":"https:\/\/www.tjba.jus.br\/estrategia\/wp-json\/wp\/v2\/types\/page"}],"author":[{"embeddable":true,"href":"https:\/\/www.tjba.jus.br\/estrategia\/wp-json\/wp\/v2\/users\/7"}],"replies":[{"embeddable":true,"href":"https:\/\/www.tjba.jus.br\/estrategia\/wp-json\/wp\/v2\/comments?post=9800"}],"version-history":[{"count":1,"href":"https:\/\/www.tjba.jus.br\/estrategia\/wp-json\/wp\/v2\/pages\/9800\/revisions"}],"predecessor-version":[{"id":9804,"href":"https:\/\/www.tjba.jus.br\/estrategia\/wp-json\/wp\/v2\/pages\/9800\/revisions\/9804"}],"wp:attachment":[{"href":"https:\/\/www.tjba.jus.br\/estrategia\/wp-json\/wp\/v2\/media?parent=9800"}],"curies":[{"name":"wp","href":"https:\/\/api.w.org\/{rel}","templated":true}]}}