{"id":9961,"date":"2026-03-09T17:25:29","date_gmt":"2026-03-09T20:25:29","guid":{"rendered":"https:\/\/homologacaointerna.tjba.jus.br\/estrategia\/?page_id=9961"},"modified":"2026-05-07T16:56:42","modified_gmt":"2026-05-07T19:56:42","slug":"estrategia","status":"publish","type":"page","link":"https:\/\/www.tjba.jus.br\/estrategia\/estrategia\/","title":{"rendered":"Estrat\u00e9gia"},"content":{"rendered":"\n<div class=\"wp-block-media-text is-stacked-on-mobile\" style=\"grid-template-columns:20% auto\"><figure class=\"wp-block-media-text__media\"><img loading=\"lazy\" decoding=\"async\" width=\"512\" height=\"512\" src=\"https:\/\/www.tjba.jus.br\/estrategia\/wp-content\/uploads\/2026\/03\/estrategia-1.png\" alt=\"\" class=\"wp-image-9962 size-full\" srcset=\"https:\/\/www.tjba.jus.br\/estrategia\/wp-content\/uploads\/2026\/03\/estrategia-1.png 512w, https:\/\/www.tjba.jus.br\/estrategia\/wp-content\/uploads\/2026\/03\/estrategia-1-300x300.png 300w, https:\/\/www.tjba.jus.br\/estrategia\/wp-content\/uploads\/2026\/03\/estrategia-1-150x150.png 150w\" sizes=\"auto, (max-width: 512px) 100vw, 512px\" \/><\/figure><div class=\"wp-block-media-text__content\">\n<p>Estrat\u00e9gia \u00e9 o conjunto de diretrizes que orienta as a\u00e7\u00f5es de uma institui\u00e7\u00e3o para alcan\u00e7ar objetivos de longo prazo e melhorar seus resultados. No Poder Judici\u00e1rio, ela \u00e9 constru\u00edda de forma colaborativa e coordenada em \u00e2mbito nacional, sob a orienta\u00e7\u00e3o do Conselho Nacional de Justi\u00e7a (CNJ).<br>A partir dessas diretrizes, cada tribunal elabora seu Plano Estrat\u00e9gico, definindo objetivos, indicadores e metas que orientam a gest\u00e3o e permitem acompanhar, de forma transparente, os resultados alcan\u00e7ados ao longo do ciclo estrat\u00e9gico.<\/p>\n\n\n\n<p><strong>Selecione o Plano Estrat\u00e9gico abaixo para visualizar Plano, Mapa, Resultados e Indicadores.<\/strong><\/p>\n<\/div><\/div>\n\n\n<div class=\"wp-block-ub-divider ub_divider ub-divider-orientation-horizontal\" id=\"ub_divider_98a69a02-94ca-40bf-ae48-fd1e82c630a8\"><div class=\"ub_divider_wrapper\" style=\"position: relative; margin-bottom: 2px; width: 100%; height: 2px; \" data-divider-alignment=\"center\"><div class=\"ub_divider_line\" style=\"border-top: 2px solid #ccc; margin-top: 2px; \"><\/div><\/div><\/div>\n\n<div class=\"wp-block-ub-content-toggle wp-block-ub-content-toggle-block\" id=\"ub-content-toggle-block-e6066310-2099-40a3-b7b7-f2a518f8cb01\" data-mobilecollapse=\"false\" data-desktopcollapse=\"false\" data-preventcollapse=\"false\" data-showonlyone=\"false\">\n<div class=\"wp-block-ub-content-toggle-accordion\" style=\"border-color: #f1f1f1; \" id=\"ub-content-toggle-panel-block-\">\n\t\t\t<div class=\"wp-block-ub-content-toggle-accordion-title-wrap\" style=\"background-color: #f1f1f1;\" aria-controls=\"ub-content-toggle-panel-0-e6066310-2099-40a3-b7b7-f2a518f8cb01\" tabindex=\"0\">\n\t\t\t<p class=\"wp-block-ub-content-toggle-accordion-title ub-content-toggle-title-e6066310-2099-40a3-b7b7-f2a518f8cb01\" style=\"color: #000000; \">Plano Estrat\u00e9gico 2021-2026<\/p>\n\t\t\t<div class=\"wp-block-ub-content-toggle-accordion-toggle-wrap right\" style=\"color: #000000;\"><span class=\"wp-block-ub-content-toggle-accordion-state-indicator wp-block-ub-chevron-down open\"><\/span><\/div>\n\t\t<\/div>\n\t\t\t<div role=\"region\" aria-expanded=\"true\" class=\"wp-block-ub-content-toggle-accordion-content-wrap\" id=\"ub-content-toggle-panel-0-e6066310-2099-40a3-b7b7-f2a518f8cb01\">\n\n<p><a href=\"https:\/\/www.tjba.jus.br\/estrategia\/index.php\/planejamento-estrategico-2021-2026\/\">Plano Estrat\u00e9gico<\/a><\/p>\n\n\n\n<p><a href=\"https:\/\/www.tjba.jus.br\/estrategia\/index.php\/mapa-estrategico-2021-2026\/\">Mapa Estrat\u00e9gico<\/a><\/p>\n\n\n\n<p><a href=\"https:\/\/www.tjba.jus.br\/estrategia\/indicadores-e-metas-2021-2026\/\">Resultados, Indicadores e Metas<\/a><\/p>\n\n\n\n<p><a href=\"https:\/\/lookerstudio.google.com\/reporting\/94742a6f-26c5-47eb-9b55-8e2be61cae04\">Painel de Resultados do Planejamento Estrat\u00e9gico<\/a> (atualiza\u00e7\u00e3o 06\/05\/2026)<\/p>\n\n<\/div>\n\t\t<\/div>\n\n<div class=\"wp-block-ub-content-toggle-accordion\" style=\"border-color: #f1f1f1; \" id=\"ub-content-toggle-panel-block-\">\n\t\t\t<div class=\"wp-block-ub-content-toggle-accordion-title-wrap\" style=\"background-color: #f1f1f1;\" aria-controls=\"ub-content-toggle-panel-1-e6066310-2099-40a3-b7b7-f2a518f8cb01\" tabindex=\"0\">\n\t\t\t<p class=\"wp-block-ub-content-toggle-accordion-title ub-content-toggle-title-e6066310-2099-40a3-b7b7-f2a518f8cb01\" style=\"color: #000000; \">Plano Estrat\u00e9gico 2015-2020<\/p>\n\t\t\t<div class=\"wp-block-ub-content-toggle-accordion-toggle-wrap right\" style=\"color: #000000;\"><span class=\"wp-block-ub-content-toggle-accordion-state-indicator wp-block-ub-chevron-down open\"><\/span><\/div>\n\t\t<\/div>\n\t\t\t<div role=\"region\" aria-expanded=\"true\" class=\"wp-block-ub-content-toggle-accordion-content-wrap\" id=\"ub-content-toggle-panel-1-e6066310-2099-40a3-b7b7-f2a518f8cb01\">\n\n<p><a href=\"https:\/\/www.tjba.jus.br\/estrategia\/index.php\/plano-estrategico-2015-2020\/\">Plano Estrat\u00e9gico<\/a><\/p>\n\n\n\n<p><a href=\"https:\/\/www.tjba.jus.br\/estrategia\/mapa-estrategico\/\">Mapa Estrat\u00e9gico<\/a><\/p>\n\n\n\n<p><a href=\"https:\/\/www.tjba.jus.br\/estrategia\/indicadores-e-metas\/\">Indicadores e Metas<\/a><\/p>\n\n<\/div>\n\t\t<\/div>\n<\/div>\n\n\n<p><\/p>\n","protected":false},"excerpt":{"rendered":"<p>Estrat\u00e9gia \u00e9 o conjunto de diretrizes que orienta as a\u00e7\u00f5es de uma institui\u00e7\u00e3o para alcan\u00e7ar objetivos de longo prazo e melhorar seus resultados. No Poder Judici\u00e1rio, ela \u00e9 constru\u00edda de forma colaborativa e coordenada em \u00e2mbito nacional, sob a orienta\u00e7\u00e3o do Conselho Nacional de Justi\u00e7a (CNJ).A partir dessas diretrizes, cada tribunal elabora seu Plano Estrat\u00e9gico, [&hellip;]<\/p>\n","protected":false},"author":16,"featured_media":0,"parent":0,"menu_order":0,"comment_status":"closed","ping_status":"closed","template":"page-modelo-1280px.php","meta":{"footnotes":""},"class_list":["post-9961","page","type-page","status-publish","hentry"],"acf":[],"featured_image_src":null,"_links":{"self":[{"href":"https:\/\/www.tjba.jus.br\/estrategia\/wp-json\/wp\/v2\/pages\/9961","targetHints":{"allow":["GET"]}}],"collection":[{"href":"https:\/\/www.tjba.jus.br\/estrategia\/wp-json\/wp\/v2\/pages"}],"about":[{"href":"https:\/\/www.tjba.jus.br\/estrategia\/wp-json\/wp\/v2\/types\/page"}],"author":[{"embeddable":true,"href":"https:\/\/www.tjba.jus.br\/estrategia\/wp-json\/wp\/v2\/users\/16"}],"replies":[{"embeddable":true,"href":"https:\/\/www.tjba.jus.br\/estrategia\/wp-json\/wp\/v2\/comments?post=9961"}],"version-history":[{"count":17,"href":"https:\/\/www.tjba.jus.br\/estrategia\/wp-json\/wp\/v2\/pages\/9961\/revisions"}],"predecessor-version":[{"id":10867,"href":"https:\/\/www.tjba.jus.br\/estrategia\/wp-json\/wp\/v2\/pages\/9961\/revisions\/10867"}],"wp:attachment":[{"href":"https:\/\/www.tjba.jus.br\/estrategia\/wp-json\/wp\/v2\/media?parent=9961"}],"curies":[{"name":"wp","href":"https:\/\/api.w.org\/{rel}","templated":true}]}}