{"id":2091,"date":"2025-05-15T12:46:24","date_gmt":"2025-05-15T15:46:24","guid":{"rendered":"https:\/\/homologacaointerna.tjba.jus.br\/juizadosespeciais\/?page_id=2091"},"modified":"2025-05-16T15:26:20","modified_gmt":"2025-05-16T18:26:20","slug":"leis","status":"publish","type":"page","link":"https:\/\/www.tjba.jus.br\/juizadosespeciais\/leis\/","title":{"rendered":"Leis"},"content":{"rendered":"\n<p><a href=\"\/juizadosespeciais\/wp-content\/uploads\/joomla_uploads\/pdf\/legislacao\/Lei_13994_de_24_de_abril_de_2020_Altera_a_Lei_9099_95.pdf\" target=\"_blank\" rel=\"noreferrer noopener\">Lei n\u00ba 13994\/2020<\/a>&nbsp;&#8211; Altera&nbsp;a Lei n\u00ba 9.099, de 26 de setembro de 1995, para possibilitar a concilia\u00e7\u00e3o n\u00e3o presencial no \u00e2mbito dos Juizados Especiais C\u00edveis<\/p>\n\n\n\n<p><a href=\"\/juizadosespeciais\/wp-content\/uploads\/joomla_uploads\/pdf\/legislacao\/LEI_11919_2010-CRIA_CET.pdf\" target=\"_blank\" rel=\"noreferrer noopener\">Lei n\u00ba 11919\/2010<\/a>&nbsp;&#8211; Disp\u00f5e sobre a extin\u00e7\u00e3o do adicional de fun\u00e7\u00e3o e a cria\u00e7\u00e3o da gratifica\u00e7\u00e3o por Condi\u00e7\u00f5es Especiais de Trabalho-CET<\/p>\n\n\n\n<p><a href=\"\/juizadosespeciais\/wp-content\/uploads\/joomla_uploads\/pdf\/legislacao\/LEI_11916_2010-EXTIN_CARGOS.pdf\" target=\"_blank\" rel=\"noreferrer noopener\">Lei n\u00ba 11916\/2010<\/a>\u00a0&#8211; Disp\u00f5e sobre a extin\u00e7\u00e3o, a transforma\u00e7\u00e3o e a cria\u00e7\u00e3o de cargos no \u00e2mbito do Poder Judici\u00e1rio.<\/p>\n\n\n\n<p><a href=\"\/juizadosespeciais\/wp-content\/uploads\/joomla_uploads\/pdf\/legislacao\/LEI_11915_2010-CRIA_CARGOS.pdf\" target=\"_blank\" rel=\"noreferrer noopener\">Lei n\u00ba 11915\/2010<\/a>&nbsp;&#8211; Cria cargos na estrutura do Poder Judici\u00e1rio<\/p>\n\n\n\n<p><a href=\"\/juizadosespeciais\/wp-content\/uploads\/joomla_uploads\/pdf\/legislacao\/LEI_12.153_2009.pdf\" target=\"_blank\" rel=\"noreferrer noopener\">Lei n\u00ba 12153\/2009<\/a>&nbsp;&#8211; Disp\u00f5e sobre os Juizados Especiais da Fazenda P\u00fablica<\/p>\n\n\n\n<p><a href=\"\/juizadosespeciais\/wp-content\/uploads\/joomla_uploads\/pdf\/legislacao\/LEI_11.170-CARGOS_E_SALARIOS_2008.pdf\" target=\"_blank\" rel=\"noreferrer noopener\">Lei n\u00ba 11170\/2008<\/a>&nbsp;&#8211; Carreiras dos Servidores do Poder Judici\u00e1rio do Estado da Bahia<\/p>\n\n\n\n<p><a href=\"\/juizadosespeciais\/wp-content\/uploads\/joomla_uploads\/pdf\/legislacao\/LOJ_10845_2007-ORGANIZACAO-JUDICIARIA.pdf\" target=\"_blank\" rel=\"noreferrer noopener\">Lei n\u00ba 10845\/2007<\/a>&nbsp;&#8211; Disp\u00f5e sobre a Organiza\u00e7\u00e3o e Divis\u00e3o Judici\u00e1ria do Estado da Bahia<\/p>\n\n\n\n<p><a href=\"\/juizadosespeciais\/wp-content\/uploads\/joomla_uploads\/pdf\/legislacao\/LEI_10555-PCS_E_VENCIM.pdf\" target=\"_blank\" rel=\"noreferrer noopener\">Lei n\u00ba 10555\/2007<\/a>&nbsp;&#8211; Altera a Lei n\u00ba 8977\/2004<\/p>\n\n\n\n<p><a href=\"\/juizadosespeciais\/wp-content\/uploads\/joomla_uploads\/pdf\/legislacao\/LEI_9653-ENC_RECEP.pdf\" target=\"_blank\" rel=\"noreferrer noopener\">Lei n\u00ba 9653\/2005<\/a>&nbsp;&#8211; Altera dispositivos da Lei n\u00ba 8977\/2004<\/p>\n\n\n\n<p><a href=\"\/juizadosespeciais\/wp-content\/uploads\/joomla_uploads\/pdf\/legislacao\/LEI_8977-PCS.pdf\" target=\"_blank\" rel=\"noreferrer noopener\">Lei n\u00ba 8977\/2004<\/a>&nbsp;&#8211; Plano de Cargos e Sal\u00e1rios<\/p>\n\n\n\n<p><a href=\"\/juizadosespeciais\/wp-content\/uploads\/joomla_uploads\/pdf\/legislacao\/LEI_7687_2000-CRIA_SAJ.pdf\" target=\"_blank\" rel=\"noreferrer noopener\">Lei n\u00ba 7687\/2000<\/a>&nbsp;&#8211; Cria o Servi\u00e7o de Atendimento Judici\u00e1rio nas Comarcas que indica<\/p>\n\n\n\n<p><a href=\"\/juizadosespeciais\/wp-content\/uploads\/joomla_uploads\/pdf\/legislacao\/LEI_7436_99-ALTERA_ORG_JUDIC.pdf\" target=\"_blank\" rel=\"noreferrer noopener\">Lei n\u00ba 7436\/1999<\/a>&nbsp;&#8211; Altera a organiza\u00e7\u00e3o judici\u00e1ria do Estado<\/p>\n\n\n\n<p><a href=\"\/juizadosespeciais\/wp-content\/uploads\/joomla_uploads\/pdf\/legislacao\/LEI_7213_97-ALTERA_LEI_7033.pdf\" target=\"_blank\" rel=\"noreferrer noopener\">Lei n\u00ba 7213\/1997<\/a>&nbsp;&#8211; Altera a Lei 7033\/1997<\/p>\n\n\n\n<p><a href=\"\/juizadosespeciais\/wp-content\/uploads\/joomla_uploads\/pdf\/legislacao\/LEI_7033_97-SISTEMA_JUIZ_ESPEC.pdf\" target=\"_blank\" rel=\"noreferrer noopener\">Lei n\u00ba 7033\/1997<\/a>&nbsp;&#8211; Disp\u00f5e sobre o Sistema Estadual dos Juizados Especiais C\u00edveis e Criminais<\/p>\n\n\n\n<p><a href=\"\/juizadosespeciais\/wp-content\/uploads\/joomla_uploads\/pdf\/legislacao\/LEI_7032_97-CRIA_CARGOS.pdf\" target=\"_blank\" rel=\"noreferrer noopener\">Lei n\u00ba 7032\/1997<\/a>&nbsp;&#8211; Cria cargos na estrutura do Poder Judici\u00e1rio<\/p>\n\n\n\n<p><a href=\"http:\/\/www.planalto.gov.br\/ccivil_03\/leis\/l9099.htm\" target=\"_blank\" rel=\"noreferrer noopener\">Lei n\u00ba 9099\/1995<\/a>&nbsp;&#8211; Disp\u00f5e sobre os Juizados Especiais C\u00edveis e Criminais<\/p>\n\n\n\n<p><a href=\"\/juizadosespeciais\/wp-content\/uploads\/joomla_uploads\/pdf\/legislacao\/LEI_6677_94-ESTATUTO_SERVIDOR_PBLICO.pdf\" target=\"_blank\" rel=\"noreferrer noopener\">Lei n\u00ba 6677\/1994<\/a>&nbsp;&#8211; Estatuto do Servidor P\u00fablico<\/p>\n\n\n\n<p><a href=\"\/juizadosespeciais\/wp-content\/uploads\/joomla_uploads\/pdf\/legislacao\/LEI_6471_1993-CRIA_JZD_BAHIA.pdf\" target=\"_blank\" rel=\"noreferrer noopener\">Lei n\u00ba 6471\/1993<\/a>&nbsp;&#8211; Altera a Lei n\u00ba 6371\/1992<\/p>\n\n\n\n<p><a href=\"\/juizadosespeciais\/wp-content\/uploads\/joomla_uploads\/pdf\/legislacao\/LEI_6371_1992-CRIA_JZD_BAHIA.pdf\" target=\"_blank\" rel=\"noreferrer noopener\">Lei n\u00ba 6371\/1992<\/a>&nbsp;&#8211; Disp\u00f5e sobre os Juizados Especiais<\/p>\n\n\n\n<p><a href=\"\/juizadosespeciais\/wp-content\/uploads\/joomla_uploads\/pdf\/legislacao\/LEI_6064_1991-CRIA_JZD_CONSUM.pdf\" target=\"_blank\" rel=\"noreferrer noopener\">Lei n\u00ba 6064\/1991<\/a>&nbsp;&#8211; Cria os Juizados Especiais de Pequenas Causas de Defesa do Consumidor<\/p>\n\n\n\n<p><a href=\"\/juizadosespeciais\/wp-content\/uploads\/joomla_uploads\/pdf\/legislacao\/LEI_4630_1985-CRIZ_JZD_PEQ_CAUSAS.pdf\" target=\"_blank\" rel=\"noreferrer noopener\">Lei n\u00ba 4630\/1985<\/a>&nbsp;&#8211; Cria os Juizados Especiais de Pequenas Causas e d\u00e1 outras provid\u00eancias<\/p>\n","protected":false},"excerpt":{"rendered":"<p>Lei n\u00ba 13994\/2020&nbsp;&#8211; Altera&nbsp;a Lei n\u00ba 9.099, de 26 de setembro de 1995, para possibilitar a concilia\u00e7\u00e3o n\u00e3o presencial no \u00e2mbito dos Juizados Especiais C\u00edveis Lei n\u00ba 11919\/2010&nbsp;&#8211; Disp\u00f5e sobre a extin\u00e7\u00e3o do adicional de fun\u00e7\u00e3o e a cria\u00e7\u00e3o da gratifica\u00e7\u00e3o por Condi\u00e7\u00f5es Especiais de Trabalho-CET Lei n\u00ba 11916\/2010\u00a0&#8211; Disp\u00f5e sobre a extin\u00e7\u00e3o, a transforma\u00e7\u00e3o [&hellip;]<\/p>\n","protected":false},"author":2,"featured_media":0,"parent":0,"menu_order":0,"comment_status":"closed","ping_status":"closed","template":"page-modelo.php","meta":{"_acf_changed":false,"footnotes":""},"class_list":["post-2091","page","type-page","status-publish","hentry"],"featured_image_src":null,"acf":[],"_links":{"self":[{"href":"https:\/\/www.tjba.jus.br\/juizadosespeciais\/wp-json\/wp\/v2\/pages\/2091","targetHints":{"allow":["GET"]}}],"collection":[{"href":"https:\/\/www.tjba.jus.br\/juizadosespeciais\/wp-json\/wp\/v2\/pages"}],"about":[{"href":"https:\/\/www.tjba.jus.br\/juizadosespeciais\/wp-json\/wp\/v2\/types\/page"}],"author":[{"embeddable":true,"href":"https:\/\/www.tjba.jus.br\/juizadosespeciais\/wp-json\/wp\/v2\/users\/2"}],"replies":[{"embeddable":true,"href":"https:\/\/www.tjba.jus.br\/juizadosespeciais\/wp-json\/wp\/v2\/comments?post=2091"}],"version-history":[{"count":2,"href":"https:\/\/www.tjba.jus.br\/juizadosespeciais\/wp-json\/wp\/v2\/pages\/2091\/revisions"}],"predecessor-version":[{"id":2124,"href":"https:\/\/www.tjba.jus.br\/juizadosespeciais\/wp-json\/wp\/v2\/pages\/2091\/revisions\/2124"}],"wp:attachment":[{"href":"https:\/\/www.tjba.jus.br\/juizadosespeciais\/wp-json\/wp\/v2\/media?parent=2091"}],"curies":[{"name":"wp","href":"https:\/\/api.w.org\/{rel}","templated":true}]}}