{"id":2109,"date":"2025-05-15T17:06:11","date_gmt":"2025-05-15T20:06:11","guid":{"rendered":"https:\/\/homologacaointerna.tjba.jus.br\/juizadosespeciais\/?page_id=2109"},"modified":"2025-09-19T09:07:16","modified_gmt":"2025-09-19T12:07:16","slug":"boas-praticas","status":"publish","type":"page","link":"https:\/\/www.tjba.jus.br\/juizadosespeciais\/boas-praticas\/","title":{"rendered":"Boas Pr\u00e1ticas"},"content":{"rendered":"\n<p>Este espa\u00e7o \u00e9 destinado para a publica\u00e7\u00e3o e reconhecimento de boas pr\u00e1ticas.<\/p>\n\n\n\n<p>As sugest\u00f5es devem ser enviadas para o e-mail juizadosespeciais@tjba.jus.br, contendo:<\/p>\n\n\n\n<ul class=\"wp-block-list\">\n<li>Nome do criador da iniciativa;<\/li>\n\n\n\n<li>Unidade e turno onde labora, se servidor do Tribunal de Justi\u00e7a do Estado da Bahia;<\/li>\n\n\n\n<li>Descri\u00e7\u00e3o resumida da proposta e dos resultados esperados;<\/li>\n\n\n\n<li>Autoriza\u00e7\u00e3o para a publica\u00e7\u00e3o da proposta.<\/li>\n<\/ul>\n\n\n\n<hr class=\"wp-block-separator has-alpha-channel-opacity\"\/>\n\n\n\n<p>Portal de Boas Pr\u00e1ticas do CNJ:&nbsp; <a href=\"https:\/\/boaspraticas.cnj.jus.br\/\" target=\"_blank\" rel=\"noreferrer noopener\">https:\/\/boaspraticas.cnj.jus.br\/<\/a>&nbsp;<\/p>\n\n\n\n<p><\/p>\n","protected":false},"excerpt":{"rendered":"<p>Este espa\u00e7o \u00e9 destinado para a publica\u00e7\u00e3o e reconhecimento de boas pr\u00e1ticas. As sugest\u00f5es devem ser enviadas para o e-mail juizadosespeciais@tjba.jus.br, contendo: Portal de Boas Pr\u00e1ticas do CNJ:&nbsp; https:\/\/boaspraticas.cnj.jus.br\/&nbsp;<\/p>\n","protected":false},"author":2,"featured_media":0,"parent":0,"menu_order":0,"comment_status":"closed","ping_status":"closed","template":"","meta":{"_acf_changed":false,"footnotes":""},"class_list":["post-2109","page","type-page","status-publish","hentry"],"featured_image_src":null,"acf":[],"_links":{"self":[{"href":"https:\/\/www.tjba.jus.br\/juizadosespeciais\/wp-json\/wp\/v2\/pages\/2109","targetHints":{"allow":["GET"]}}],"collection":[{"href":"https:\/\/www.tjba.jus.br\/juizadosespeciais\/wp-json\/wp\/v2\/pages"}],"about":[{"href":"https:\/\/www.tjba.jus.br\/juizadosespeciais\/wp-json\/wp\/v2\/types\/page"}],"author":[{"embeddable":true,"href":"https:\/\/www.tjba.jus.br\/juizadosespeciais\/wp-json\/wp\/v2\/users\/2"}],"replies":[{"embeddable":true,"href":"https:\/\/www.tjba.jus.br\/juizadosespeciais\/wp-json\/wp\/v2\/comments?post=2109"}],"version-history":[{"count":4,"href":"https:\/\/www.tjba.jus.br\/juizadosespeciais\/wp-json\/wp\/v2\/pages\/2109\/revisions"}],"predecessor-version":[{"id":2576,"href":"https:\/\/www.tjba.jus.br\/juizadosespeciais\/wp-json\/wp\/v2\/pages\/2109\/revisions\/2576"}],"wp:attachment":[{"href":"https:\/\/www.tjba.jus.br\/juizadosespeciais\/wp-json\/wp\/v2\/media?parent=2109"}],"curies":[{"name":"wp","href":"https:\/\/api.w.org\/{rel}","templated":true}]}}