{"id":2125,"date":"2025-05-16T15:27:44","date_gmt":"2025-05-16T18:27:44","guid":{"rendered":"https:\/\/homologacaointerna.tjba.jus.br\/juizadosespeciais\/?page_id=2125"},"modified":"2025-05-19T10:32:49","modified_gmt":"2025-05-19T13:32:49","slug":"teste","status":"publish","type":"page","link":"https:\/\/www.tjba.jus.br\/juizadosespeciais\/teste\/","title":{"rendered":"Toggle test"},"content":{"rendered":"<div class=\"wp-block-ub-content-toggle ub-content-toggle-custom wp-block-ub-content-toggle-block\" id=\"ub-content-toggle-block-a1cf0f23-2c90-4d6d-bf0a-6d03a44a9765\" data-mobilecollapse=\"false\" data-desktopcollapse=\"false\" data-preventcollapse=\"false\" data-showonlyone=\"false\">\n<div class=\"wp-block-ub-content-toggle-accordion ub-content-toggle-custom\" style=\"border-color: #f1f1f1;\" id=\"ub-content-toggle-panel-block-\">\n\t\t\t<div class=\"wp-block-ub-content-toggle-accordion-title-wrap\" style=\"background-color: #f1f1f1;\" aria-controls=\"ub-content-toggle-panel-0-a1cf0f23-2c90-4d6d-bf0a-6d03a44a9765\" tabindex=\"0\">\n\t\t\t<p class=\"wp-block-ub-content-toggle-accordion-title ub-content-toggle-title-a1cf0f23-2c90-4d6d-bf0a-6d03a44a9765\" style=\"color: #000000; \">Teste<\/p>\n\t\t\t<div class=\"wp-block-ub-content-toggle-accordion-toggle-wrap right\" style=\"color: #000000;\"><span class=\"wp-block-ub-content-toggle-accordion-state-indicator wp-block-ub-math-plus open\"><\/span><\/div>\n\t\t<\/div>\n\t\t\t<div role=\"region\" aria-expanded=\"true\" class=\"wp-block-ub-content-toggle-accordion-content-wrap\" id=\"ub-content-toggle-panel-0-a1cf0f23-2c90-4d6d-bf0a-6d03a44a9765\">\n\n<p>Com o objetivo de destacar a\u00e7\u00f5es realizadas ao longo dos 40 anos da Coordena\u00e7\u00e3o de Servi\u00e7os Gr\u00e1ficos (CGRAF) do Tribunal de Justi\u00e7a da Bahia (TJBA), que completa essa idade em 30 de maio, o podcast \u201cSaiba Mais\u201d, da R\u00e1dio Web TJBA, recebeu o coordenador do setor, Frederico Rios Tognin.\u00a0\u00a0<\/p>\n\n\n\n<p>Na conversa, foi explicado por que \u00e9 necess\u00e1ria a comunh\u00e3o das atividades da gr\u00e1fica com pr\u00e1ticas sustent\u00e1veis, al\u00e9m de enfatizar o papel dos materiais impressos para pessoas exclu\u00eddas digitalmente. \u201cHoje, imprimimos o essencial, de forma sustent\u00e1vel. Mas \u00e9 preciso, sim, continuar imprimindo para aproximar as pessoas do Poder Judici\u00e1rio. N\u00f3s temos celulares, internet, sabemos usar os aparelhos eletr\u00f4nicos, mas muitas pessoas n\u00e3o sabem\u201d, destacou Frederico Tognin.\u00a0\u00a0<\/p>\n\n\n\n<p>O bate-papo passeou pela hist\u00f3ria do CGRAF, com destaque aos momentos antigos em que a tecnologia utilizada demandava muita tinta, tempo e produtos qu\u00edmicos para revelar as chapas de grava\u00e7\u00e3o. Tamb\u00e9m foram relembradas \u00e9pocas em que havia a impress\u00e3o di\u00e1ria do Di\u00e1rio Oficial, entre outros marcos.\u00a0\u00a0<\/p>\n\n<\/div>\n\t\t<\/div>\n<\/div>\n\n\n<p><\/p>\n","protected":false},"excerpt":{"rendered":"","protected":false},"author":1,"featured_media":0,"parent":0,"menu_order":0,"comment_status":"closed","ping_status":"closed","template":"","meta":{"_acf_changed":false,"footnotes":""},"class_list":["post-2125","page","type-page","status-publish","hentry"],"featured_image_src":null,"acf":[],"_links":{"self":[{"href":"https:\/\/www.tjba.jus.br\/juizadosespeciais\/wp-json\/wp\/v2\/pages\/2125","targetHints":{"allow":["GET"]}}],"collection":[{"href":"https:\/\/www.tjba.jus.br\/juizadosespeciais\/wp-json\/wp\/v2\/pages"}],"about":[{"href":"https:\/\/www.tjba.jus.br\/juizadosespeciais\/wp-json\/wp\/v2\/types\/page"}],"author":[{"embeddable":true,"href":"https:\/\/www.tjba.jus.br\/juizadosespeciais\/wp-json\/wp\/v2\/users\/1"}],"replies":[{"embeddable":true,"href":"https:\/\/www.tjba.jus.br\/juizadosespeciais\/wp-json\/wp\/v2\/comments?post=2125"}],"version-history":[{"count":6,"href":"https:\/\/www.tjba.jus.br\/juizadosespeciais\/wp-json\/wp\/v2\/pages\/2125\/revisions"}],"predecessor-version":[{"id":2152,"href":"https:\/\/www.tjba.jus.br\/juizadosespeciais\/wp-json\/wp\/v2\/pages\/2125\/revisions\/2152"}],"wp:attachment":[{"href":"https:\/\/www.tjba.jus.br\/juizadosespeciais\/wp-json\/wp\/v2\/media?parent=2125"}],"curies":[{"name":"wp","href":"https:\/\/api.w.org\/{rel}","templated":true}]}}