{"id":2712,"date":"2018-08-08T17:49:57","date_gmt":"2018-08-08T20:49:57","guid":{"rendered":"https:\/\/homologacaointerna.tjba.jus.br\/nupemec\/?page_id=2712"},"modified":"2019-01-16T17:57:15","modified_gmt":"2019-01-16T20:57:15","slug":"cejusc","status":"publish","type":"page","link":"https:\/\/www.tjba.jus.br\/nupemec\/cejusc\/","title":{"rendered":"O que \u00e9 CEJUSC?"},"content":{"rendered":"<h1 style=\"text-align: center;\"><img loading=\"lazy\" decoding=\"async\" width=\"250\" height=\"123\" class=\"size-medium wp-image-2996 aligncenter\" src=\"https:\/\/www.tjba.jus.br\/nupemec\/wp-content\/uploads\/2018\/12\/Marca-Cejusc-250x123.png\" alt=\"\" srcset=\"https:\/\/www.tjba.jus.br\/nupemec\/wp-content\/uploads\/2018\/12\/Marca-Cejusc-250x123.png 250w, https:\/\/www.tjba.jus.br\/nupemec\/wp-content\/uploads\/2018\/12\/Marca-Cejusc-768x379.png 768w, https:\/\/www.tjba.jus.br\/nupemec\/wp-content\/uploads\/2018\/12\/Marca-Cejusc-700x345.png 700w, https:\/\/www.tjba.jus.br\/nupemec\/wp-content\/uploads\/2018\/12\/Marca-Cejusc-120x59.png 120w, https:\/\/www.tjba.jus.br\/nupemec\/wp-content\/uploads\/2018\/12\/Marca-Cejusc.png 2002w\" sizes=\"auto, (max-width: 250px) 100vw, 250px\" \/><\/h1>\n<h2 style=\"text-align: center;\">Aqui voc\u00ea define o resultado!<\/h2>\n<p style=\"text-align: justify;\">\u00c9 uma unidade do Poder Judici\u00e1rio\u00a0especializada em atendimento ao p\u00fablico para a solu\u00e7\u00e3o consensual de conflitos e orienta\u00e7\u00e3o nas mat\u00e9rias relativas \u00e0 cidadania,\u00a0\u00a0compete ao CEJUSC, preferencialmente, a realiza\u00e7\u00e3o das sess\u00f5es e audi\u00eancias de concilia\u00e7\u00e3o e de media\u00e7\u00e3o a cargo de conciliadores e mediadores qualificados pelo Tribunal de Justi\u00e7a.<\/p>\n<p>&nbsp;<\/p>\n<p style=\"text-align: justify;\">No plano infralegal, o tema \u00e9 tradado na Resolu\u00e7\u00e3o n\u00ba 125\/2010, do Conselho Nacional de Justi\u00e7a.<\/p>\n<p>&nbsp;<\/p>\n<p style=\"text-align: justify;\">Os Centros Judici\u00e1rios de Solu\u00e7\u00e3o de Conflitos s\u00e3o integrados pelos setores Processual, Pr\u00e9-Processual e Cidadania.<\/p>\n<p>&nbsp;<\/p>\n<p style=\"text-align: justify;\">O CEJUSC busca aproxima\u00e7\u00e3o da sociedade, e amplo acesso \u00e0 Justi\u00e7a, sem custos, sem demora, sem grandes formalidades, trazendo benef\u00edcios para todos os envolvidos. Cumpre ainda um papel preventivo, dirimindo o conflito j\u00e1 em seu nascedouro.<\/p>\n<p>&nbsp;<\/p>\n<p style=\"text-align: justify;\">Em janeiro de 2016, o Tribunal de Justi\u00e7a da Bahia, inaugurou\u00a0 o primeiro Centro Judici\u00e1rio de Solu\u00e7\u00e3o Consensual de Conflitos \u2013 CEJUSC das Varas de Rela\u00e7\u00e3o de Consumo da capital, com sede no t\u00e9rreo do F\u00f3rum Orlando Gomes, no Campo da P\u00f3lvora.<\/p>\n<p>&nbsp;<\/p>\n<p style=\"text-align: justify;\">Atualmente, o Tribunal de Justi\u00e7a da Bahia possui <strong>135 unidades<\/strong> do CEJSUC implantadas.<\/p>\n<p style=\"text-align: justify;\">\n","protected":false},"excerpt":{"rendered":"<p>Aqui voc\u00ea define o resultado! \u00c9 uma unidade do Poder Judici\u00e1rio\u00a0especializada em atendimento ao p\u00fablico para a solu\u00e7\u00e3o consensual de [&hellip;]<\/p>\n","protected":false},"author":3,"featured_media":0,"parent":0,"menu_order":0,"comment_status":"closed","ping_status":"closed","template":"","meta":{"_acf_changed":false,"footnotes":""},"class_list":["post-2712","page","type-page","status-publish","hentry"],"acf":[],"featured_image_src":null,"_links":{"self":[{"href":"https:\/\/www.tjba.jus.br\/nupemec\/wp-json\/wp\/v2\/pages\/2712","targetHints":{"allow":["GET"]}}],"collection":[{"href":"https:\/\/www.tjba.jus.br\/nupemec\/wp-json\/wp\/v2\/pages"}],"about":[{"href":"https:\/\/www.tjba.jus.br\/nupemec\/wp-json\/wp\/v2\/types\/page"}],"author":[{"embeddable":true,"href":"https:\/\/www.tjba.jus.br\/nupemec\/wp-json\/wp\/v2\/users\/3"}],"replies":[{"embeddable":true,"href":"https:\/\/www.tjba.jus.br\/nupemec\/wp-json\/wp\/v2\/comments?post=2712"}],"version-history":[{"count":3,"href":"https:\/\/www.tjba.jus.br\/nupemec\/wp-json\/wp\/v2\/pages\/2712\/revisions"}],"predecessor-version":[{"id":3019,"href":"https:\/\/www.tjba.jus.br\/nupemec\/wp-json\/wp\/v2\/pages\/2712\/revisions\/3019"}],"wp:attachment":[{"href":"https:\/\/www.tjba.jus.br\/nupemec\/wp-json\/wp\/v2\/media?parent=2712"}],"curies":[{"name":"wp","href":"https:\/\/api.w.org\/{rel}","templated":true}]}}