{"id":2820,"date":"2018-08-09T14:43:06","date_gmt":"2018-08-09T17:43:06","guid":{"rendered":"https:\/\/homologacaointerna.tjba.jus.br\/nupemec\/?page_id=2820"},"modified":"2026-04-08T22:07:30","modified_gmt":"2026-04-09T01:07:30","slug":"materiais","status":"publish","type":"page","link":"https:\/\/www.tjba.jus.br\/nupemec\/materiais\/","title":{"rendered":"PODCAST, GUIAS, TUTORIAIS, ESTAT\u00cdSTICAS"},"content":{"rendered":"\n<div class=\"wp-block-cover wp-duotone-dark-grayscale\"><span aria-hidden=\"true\" class=\"wp-block-cover__background has-background-dim\"><\/span><div class=\"wp-block-cover__inner-container is-layout-flow wp-block-cover-is-layout-flow\">\n<div class=\"wp-block-group\"><div class=\"wp-block-group__inner-container is-layout-constrained wp-block-group-is-layout-constrained\">\n<div class=\"wp-block-columns are-vertically-aligned-center is-layout-flex wp-container-core-columns-is-layout-9d6595d7 wp-block-columns-is-layout-flex\">\n<div class=\"wp-block-column is-vertically-aligned-center is-layout-flow wp-block-column-is-layout-flow\" style=\"flex-basis:100%\">\n<div class=\"wp-block-group is-nowrap is-layout-flex wp-container-core-group-is-layout-ad2f72ca wp-block-group-is-layout-flex\">\n<figure class=\"wp-block-video\"><video height=\"720\" style=\"aspect-ratio: 1280 \/ 720;\" width=\"1280\" controls src=\"https:\/\/www.tjba.jus.br\/nupemec\/wp-content\/uploads\/2026\/04\/Resolvendo_Conflitos.mp4\"><\/video><figcaption class=\"wp-element-caption\"><strong>Resolvendo Conflitos<\/strong><\/figcaption><\/figure>\n\n\n\n<figure class=\"wp-block-video\"><video height=\"720\" style=\"aspect-ratio: 1280 \/ 720;\" width=\"1280\" controls src=\"https:\/\/www.tjba.jus.br\/nupemec\/wp-content\/uploads\/2026\/04\/Res-325-358.mp4\"><\/video><figcaption class=\"wp-element-caption\"><strong>Resol. CNJ 325 e 358<\/strong><\/figcaption><\/figure>\n<\/div>\n<\/div>\n<\/div>\n<\/div><\/div>\n<\/div><\/div>\n\n\n<div class=\"wp-block-ub-content-toggle wp-block-ub-content-toggle-block\" id=\"ub-content-toggle-block-5aa00d3e-6227-4bac-94d1-f82b03ff517d\" data-mobilecollapse=\"false\" data-desktopcollapse=\"false\" data-preventcollapse=\"false\" data-showonlyone=\"false\">\n<div class=\"wp-block-ub-content-toggle-accordion\" style=\"border-color: #f1f1f1;\" id=\"ub-content-toggle-panel-block-9016e972-e2d0-4e4c-917e-98fa9b63d9c2\">\n\t\t\t<div class=\"wp-block-ub-content-toggle-accordion-title-wrap\" style=\"background-color: #f1f1f1;\" aria-controls=\"ub-content-toggle-panel-0-5aa00d3e-6227-4bac-94d1-f82b03ff517d\" tabindex=\"0\">\n\t\t\t<h3 class=\"wp-block-ub-content-toggle-accordion-title ub-content-toggle-title-5aa00d3e-6227-4bac-94d1-f82b03ff517d\" style=\"color: #000000; \"><strong>Guias e V\u00eddeos<\/strong><\/h3>\n\t\t\t<div class=\"wp-block-ub-content-toggle-accordion-toggle-wrap right\" style=\"color: #000000;\"><span class=\"wp-block-ub-content-toggle-accordion-state-indicator wp-block-ub-chevron-down open\"><\/span><\/div>\n\t\t<\/div>\n\t\t\t<div role=\"region\" aria-expanded=\"true\" class=\"wp-block-ub-content-toggle-accordion-content-wrap\" id=\"ub-content-toggle-panel-0-5aa00d3e-6227-4bac-94d1-f82b03ff517d\">\n\n<p><strong>Audi\u00eancias CEJUSCs &#8211; COJE<\/strong><\/p>\n\n\n\n<p><a href=\"https:\/\/www.tjba.jus.br\/juizadosespeciais\/wp-content\/uploads\/joomla_uploads\/pdf\/manuais\/DESIGNACAO_AUDIENCIAS_CEJUSC.mp4\" target=\"_blank\" rel=\"noreferrer noopener\">Servidores \u2013 Unidades judiciais de 1\u00ba Grau | Designa\u00e7\u00e3o das audi\u00eancias para CEJUSC<\/a><\/p>\n\n\n\n<p><a href=\"https:\/\/www.tjba.jus.br\/juizadosespeciais\/wp-content\/uploads\/joomla_uploads\/pdf\/manuais\/CONFIGURACAO_PAUTA_CEJUSC.mp4\" target=\"_blank\" rel=\"noreferrer noopener\">Servidores \u2013 CEJUSC | Configura\u00e7\u00e3o de salas e pauta de audi\u00eancias<\/a><\/p>\n\n\n\n<p><a href=\"https:\/\/www.tjba.jus.br\/juizadosespeciais\/wp-content\/uploads\/joomla_uploads\/pdf\/manuais\/RECEBIMENTO_AUDIENCIAS_CEJUSC.mp4\" target=\"_blank\" rel=\"noreferrer noopener\">Servidores \u2013 CEJUSC | Recebimento dos autos e libera\u00e7\u00e3o das audi\u00eancias para realiza\u00e7\u00e3o<\/a><\/p>\n\n\n\n<p><a href=\"https:\/\/www.tjba.jus.br\/juizadosespeciais\/wp-content\/uploads\/joomla_uploads\/pdf\/manuais\/REALIZACAO_AUDIENCIAS_CEJUSC.mp4\" target=\"_blank\" rel=\"noreferrer noopener\">Conciliadores \u2013 CEJUSC | Realiza\u00e7\u00e3o das audi\u00eancias<\/a><\/p>\n\n\n\n<p><strong>Manuais<\/strong><\/p>\n\n\n\n<p><a href=\"https:\/\/www.tjba.jus.br\/nupemec\/wp-content\/uploads\/2026\/03\/CEJUSC-PRE-PROCESSUAL-2023-2.pdf\" target=\"_blank\" rel=\"noreferrer noopener\">Cejuscs &#8211; Procedimentos Pr\u00e9-processuais (Manual )<\/a><\/p>\n\n\n\n<p><a href=\"https:\/\/www.tjba.jus.br\/nupemec\/wp-content\/uploads\/2026\/03\/MANUAL-CEJUSC-PROCESSUAL-2023-1-1-1.pdf\" target=\"_blank\" rel=\"noreferrer noopener\">Cejuscs &#8211; Procedimentos Processuais (Manual )<\/a><\/p>\n\n\n\n<p><a href=\"https:\/\/www.tjba.jus.br\/nupemec\/wp-content\/uploads\/2023\/11\/GUIA-BASICO-DO-PROCEDIMENTO-PRE-PROCESSUAL.docx.pdf\" target=\"_blank\" rel=\"noreferrer noopener\">Cejuscs &#8211; Procedimentos Pr\u00e9-processuais (Guia 2023)<\/a><\/p>\n\n\n\n<p><a href=\"https:\/\/www.tjba.jus.br\/nupemec\/wp-content\/uploads\/2025\/11\/Normativa-Digitalizacao-doc.pdf\" data-type=\"attachment\" data-id=\"6817\">Normativa Digitaliza\u00e7\u00e3o 2025<\/a><\/p>\n\n\n\n<p><a href=\"https:\/\/www.tjba.jus.br\/nupemec\/wp-content\/uploads\/2024\/01\/MEDIACAO-NAS-SERVENTIAS-PROCEDIMENTOS.docx-2.pdf\">Media\u00e7\u00e3o nas Serventias Extrajudiciais<\/a><\/p>\n\n\n\n<p><a href=\"https:\/\/www.tjba.jus.br\/nupemec\/wp-content\/uploads\/2023\/10\/MATERIAL-BASICO-PARA-NUCLEO-DE-SUPERENDIVIDAMENTO-2.pdf\">Material B\u00e1sico do N\u00facleo de Superendividamento<\/a><\/p>\n\n\n\n<p><a href=\"https:\/\/www.tjba.jus.br\/nupemec\/wp-content\/uploads\/2021\/08\/GUIA-DE-COMPET%C3%8ANCIAS-CEJUSC-2021.pdf\">Guia de Compet\u00eancias do Cejusc 2021\u00a0<\/a><\/p>\n\n\n\n<p><a href=\"https:\/\/www.tjba.jus.br\/nupemec\/wp-content\/uploads\/2021\/08\/GUIA-DE-COMPET%C3%8ANCIAS-NUPEMEC-2021.pdf\">Guia de Compet\u00eancias do Nupemec 2021<\/a>\u00a0<\/p>\n\n\n\n<p><a href=\"https:\/\/www.tjba.jus.br\/nupemec\/wp-content\/uploads\/2023\/05\/Caderno-de-Enunciados-ate%CC%81-13o-FONAMEC-2023.pdf\">Enunciados do FONAMEC<\/a><\/p>\n\n\n\n<p><a href=\"https:\/\/www.tjba.jus.br\/nupemec\/wp-content\/uploads\/2021\/11\/VIOL%C3%8ANCIA-DOM%C3%89STICA-INFORMA%C3%87%C3%95ES.pdf\">Viol\u00eancia Dom\u00e9stica &#8211; Guia de Informa\u00e7\u00f5es<\/a><\/p>\n\n\n\n<p><strong>Folhetos Informativos<\/strong><\/p>\n\n\n\n<p><a href=\"https:\/\/www.tjba.jus.br\/nupemec\/wp-content\/uploads\/2026\/01\/Folheto-Informativo-CEJUSC-PROCESSUAL-Enviado-Para-a-Grafica.pdf\" data-type=\"attachment\" data-id=\"6957\">Folheto Informativo CEJUSC \u2013 PROCESSUAL<\/a><\/p>\n\n\n\n<p><a href=\"https:\/\/www.tjba.jus.br\/nupemec\/wp-content\/uploads\/2026\/01\/Folheto-Informativo-CEJUSC-PRE-PROCESSUAL-Enviado-Para-a-Grafica.pdf\" data-type=\"attachment\" data-id=\"6956\">Folheto Informativo CEJUSC \u2013 PR\u00c9-PROCESSUAL<\/a><\/p>\n\n\n\n<p><a href=\"https:\/\/www.tjba.jus.br\/nupemec\/wp-content\/uploads\/2026\/01\/CEJUSC-Virtual-Enviado-Para-a-Grafica.pdf\" data-type=\"attachment\" data-id=\"6955\">Folheto Informativo CEJUSC Virtual <\/a><\/p>\n\n\n\n<p><a href=\"https:\/\/www.tjba.jus.br\/nupemec\/wp-content\/uploads\/2026\/01\/CEJUSC-Pai-Presente-Enviado-para-a-Grafica.pdf\" data-type=\"attachment\" data-id=\"6954\">Folheto Informativo CEJUSC Pai Presente<\/a><\/p>\n\n\n\n<p><br><strong>Modelos de Documentos Edit\u00e1veis<\/strong><br><br><a href=\"https:\/\/drive.google.com\/drive\/folders\/10ZYbxzeqXnNQiNj0kZ1s1jyUlKgMmraC?usp=drive_link\" target=\"_blank\" rel=\"noreferrer noopener\">Modelos de Documentos &#8211; GoogleDrive<\/a><\/p>\n\n\n\n<p><br><strong>Capacita\u00e7\u00e3o para implanta\u00e7\u00e3o do PJE (2022)<\/strong><\/p>\n\n\n\n<p><a href=\"https:\/\/playback.lifesize.com\/#\/publicvideo\/54d7822a-d8b3-430f-b260-2221bb1dd85d?vcpubtoken=89d148bc-b13a-4a65-896e-acf515506684\">Aula 01<\/a><\/p>\n\n\n\n<p><a href=\"https:\/\/playback.lifesize.com\/#\/publicvideo\/8d48afa9-86ad-4168-8213-f2ee071ebd83?vcpubtoken=3f37f185-a986-4227-8f5f-67e3663e1016\">Aula 02<\/a><\/p>\n\n\n\n<p><a href=\"https:\/\/playback.lifesize.com\/#\/publicvideo\/f7391871-b31b-4bed-ba25-6a34920d3298?vcpubtoken=6e7c8ab6-9046-4f8b-9972-8e418de38182\">Aula 03<\/a><\/p>\n\n\n\n<p><a href=\"https:\/\/playback.lifesize.com\/#\/publicvideo\/b4b46520-4854-4be7-be8a-b66f308c33fb?vcpubtoken=23379c85-975f-4696-b949-8abfbe166e50\">Aula 04<\/a><\/p>\n\n\n\n<p><br><strong>Implanta\u00e7\u00e3o do Cejusc Integrado &#8211; Salvador &#8211; 2023<\/strong><\/p>\n\n\n\n<p><a href=\"https:\/\/youtu.be\/ByLsrhXKu1M\">CEJUSCs PR\u00c9-PROCESSUAIS, Perfil Mediador \u2013 Protocolo<\/a><\/p>\n\n\n\n<p><a href=\"https:\/\/www.youtube.com\/watch?v=ToZGCPkruy0\">CEJUSCs PR\u00c9-PROCESSUAIS, Perfil Diretor de Secretaria<\/a><\/p>\n\n\n\n<p><a href=\"https:\/\/youtu.be\/Taf70RJAizg\">CEJUSCs PR\u00c9-PROCESSUAIS, Perfis Juiz e Assessor<\/a><\/p>\n\n\n\n<p><br><strong>V\u00eddeos do Portal de Informa\u00e7\u00f5es PJE<\/strong><\/p>\n\n\n\n<p><a href=\"http:\/\/streaming.tjba.jus.br\/pje1g\/videos\/pje_protocolar_processo_orgaos_externos.wmv\">PROTOCOLO DE PROCESSO<\/a><\/p>\n\n\n\n<p><a href=\"https:\/\/drive.tjba.jus.br\/nextcloud\/index.php\/s\/yGi3zksBffxYJjw\">CADASTRAR SALA DE AUDI\u00caNCIA<\/a><\/p>\n\n\n\n<p><a href=\"https:\/\/drive.tjba.jus.br\/nextcloud\/index.php\/s\/yGi3zksBffxYJjw\">DESIGNA\u00c7\u00c3O DE AUDI\u00caNCIA<\/a><\/p>\n\n\n\n<p><a href=\"https:\/\/drive.tjba.jus.br\/nextcloud\/index.php\/s\/ZGBfjsDCAgZ7Mtw\">REALIZA\u00c7\u00c3O DE AUDI\u00caNCIA<\/a><\/p>\n\n\n\n<p><a href=\"http:\/\/streaming.tjba.jus.br\/pje1g\/videos\/9_Intimacao_CITACAO_PAC_Mini_PAC_Cartorio.wmv\">CONVITE, ATO DE COMUNICA\u00c7\u00c3O<\/a><\/p>\n\n\n\n<p><a href=\"https:\/\/drive.tjba.jus.br\/nextcloud\/index.php\/s\/SinWRMKKcb3rAEr\">EVOLU\u00c7\u00c3O DA CLASSE PROCESSUAL (utilize a op\u00e7\u00e3o &#8220;evolu\u00e7\u00e3o&#8221;, em vez de &#8220;retifica\u00e7\u00e3o&#8221;, depois do acordo<\/a>)<\/p>\n\n\n\n<p><a href=\"https:\/\/drive.tjba.jus.br\/nextcloud\/index.php\/s\/i54RzLETMT4gLiK\">CADASTRO DE MODELOS DE DOCUMENTOS<\/a><\/p>\n\n\n\n<p><a href=\"http:\/\/streaming.tjba.jus.br\/pje1g\/videos\/20_Minutar_Despacho_Decisao_Sentenca_Gabinete.wmv\">MINUTAR DESPACHO, DECIS\u00c3O<\/a><\/p>\n\n\n\n<p><a href=\"http:\/\/streaming.tjba.jus.br\/pje1g\/videos\/15_5_Consulta_de_Pauta_de_audiencia_Cartorio.wmv\">CONSULTA DE PAUTA DE AUDI\u00caNCIA<\/a><\/p>\n\n\n\n<p><a href=\"https:\/\/www.youtube.com\/watch?v=uliLrb4US6g&amp;t=105s\">V\u00cdDEOAULA SOBRE O FUNCIONAMENTO DO CEJUSC<\/a><\/p>\n\n<\/div>\n\t\t<\/div>\n\n<div class=\"wp-block-ub-content-toggle-accordion\" style=\"border-color: #f1f1f1;\" id=\"ub-content-toggle-panel-block-9016e972-e2d0-4e4c-917e-98fa9b63d9c2\">\n\t\t\t<div class=\"wp-block-ub-content-toggle-accordion-title-wrap\" style=\"background-color: #f1f1f1;\" aria-controls=\"ub-content-toggle-panel-1-5aa00d3e-6227-4bac-94d1-f82b03ff517d\" tabindex=\"0\">\n\t\t\t<h3 class=\"wp-block-ub-content-toggle-accordion-title ub-content-toggle-title-5aa00d3e-6227-4bac-94d1-f82b03ff517d\" style=\"color: #000000; \"><strong>PODCAST &#8211; Pontes em Constru\u00e7\u00e3o<\/strong><\/h3>\n\t\t\t<div class=\"wp-block-ub-content-toggle-accordion-toggle-wrap right\" style=\"color: #000000;\"><span class=\"wp-block-ub-content-toggle-accordion-state-indicator wp-block-ub-chevron-down open\"><\/span><\/div>\n\t\t<\/div>\n\t\t\t<div role=\"region\" aria-expanded=\"true\" class=\"wp-block-ub-content-toggle-accordion-content-wrap\" id=\"ub-content-toggle-panel-1-5aa00d3e-6227-4bac-94d1-f82b03ff517d\">\n\n<p>EP 1 &#8211; <a href=\"https:\/\/www.youtube.com\/watch?v=6pntS1ISmtU&amp;list=PL0ehBcUcNadNMI18azkmaZfuvyOGqrnoH\">O conflito pela \u00f3tica da literatura com a Ju\u00edza Cristiane Barreto<\/a><\/p>\n\n\n\n<p>EP 2 &#8211; <a href=\"https:\/\/www.youtube.com\/watch?v=1sktvBTX_sA&amp;list=PL0ehBcUcNadNMI18azkmaZfuvyOGqrnoH&amp;index=3\" target=\"_blank\" rel=\"noreferrer noopener\">O tempo e a resolu\u00e7\u00e3o de conflitos com a Ju\u00edza Cristiane Menezes<\/a><\/p>\n\n\n\n<p>EP 3 &#8211; <a href=\"https:\/\/www.youtube.com\/watch?v=t9fp0rWIlRQ\" target=\"_blank\" rel=\"noreferrer noopener\">A media\u00e7\u00e3o e a atua\u00e7\u00e3o do Nupemec com a Ju\u00edza Cristiane Menezes<\/a><\/p>\n\n<\/div>\n\t\t<\/div>\n\n<div class=\"wp-block-ub-content-toggle-accordion\" style=\"border-color: #f1f1f1;\" id=\"ub-content-toggle-panel-block-9016e972-e2d0-4e4c-917e-98fa9b63d9c2\">\n\t\t\t<div class=\"wp-block-ub-content-toggle-accordion-title-wrap\" style=\"background-color: #f1f1f1;\" aria-controls=\"ub-content-toggle-panel-2-5aa00d3e-6227-4bac-94d1-f82b03ff517d\" tabindex=\"0\">\n\t\t\t<h3 class=\"wp-block-ub-content-toggle-accordion-title ub-content-toggle-title-5aa00d3e-6227-4bac-94d1-f82b03ff517d\" style=\"color: #000000; \"><strong>Tutoriais PJe<\/strong><\/h3>\n\t\t\t<div class=\"wp-block-ub-content-toggle-accordion-toggle-wrap right\" style=\"color: #000000;\"><span class=\"wp-block-ub-content-toggle-accordion-state-indicator wp-block-ub-chevron-down open\"><\/span><\/div>\n\t\t<\/div>\n\t\t\t<div role=\"region\" aria-expanded=\"true\" class=\"wp-block-ub-content-toggle-accordion-content-wrap\" id=\"ub-content-toggle-panel-2-5aa00d3e-6227-4bac-94d1-f82b03ff517d\">\n\n<p><a href=\"https:\/\/www.tjba.jus.br\/nupemec\/wp-content\/uploads\/2023\/04\/Mobile2023.pdf\">Token Mobile<\/a><\/p>\n\n\n\n<p><a href=\"https:\/\/www.tjba.jus.br\/nupemec\/wp-content\/uploads\/2023\/08\/CEJUSC-PRE-PROCESSUAL-2023-1.pdf\">PJE &#8211; Procedimento pr\u00e9-processual no Cejusc<\/a><\/p>\n\n\n\n<p><a href=\"https:\/\/www.tjba.jus.br\/nupemec\/wp-content\/uploads\/2023\/08\/CEJUSC-PROCESSUAL-2023.pdf\">PJE &#8211; Audi\u00eancias Processuais no CEJUSC<\/a><\/p>\n\n\n\n<p><a href=\"https:\/\/www.tjba.jus.br\/nupemec\/wp-content\/uploads\/2023\/05\/MANUAL-CEJUSC-INTEGRADO-2023.pdf\">PJE &#8211; Manual do Cejusc Integrado 2023<\/a><\/p>\n\n\n\n<p><a href=\"https:\/\/www.tjba.jus.br\/nupemec\/wp-content\/uploads\/2022\/09\/DICAS-PJE-N%C2%BA-1-1.pdf\">Implanta\u00e7\u00e3o do PJE nos Cejuscs de Salvador &#8211; set 2022\u00a0<\/a><\/p>\n\n<\/div>\n\t\t<\/div>\n\n<div class=\"wp-block-ub-content-toggle-accordion\" style=\"border-color: #f1f1f1;\" id=\"ub-content-toggle-panel-block-9016e972-e2d0-4e4c-917e-98fa9b63d9c2\">\n\t\t\t<div class=\"wp-block-ub-content-toggle-accordion-title-wrap\" style=\"background-color: #f1f1f1;\" aria-controls=\"ub-content-toggle-panel-3-5aa00d3e-6227-4bac-94d1-f82b03ff517d\" tabindex=\"0\">\n\t\t\t<h3 class=\"wp-block-ub-content-toggle-accordion-title ub-content-toggle-title-5aa00d3e-6227-4bac-94d1-f82b03ff517d\" style=\"color: #000000; \"><strong>Estat\u00edsticas, Pesquisa de Opini\u00e3o, Relat\u00f3rios<\/strong><\/h3>\n\t\t\t<div class=\"wp-block-ub-content-toggle-accordion-toggle-wrap right\" style=\"color: #000000;\"><span class=\"wp-block-ub-content-toggle-accordion-state-indicator wp-block-ub-chevron-down open\"><\/span><\/div>\n\t\t<\/div>\n\t\t\t<div role=\"region\" aria-expanded=\"true\" class=\"wp-block-ub-content-toggle-accordion-content-wrap\" id=\"ub-content-toggle-panel-3-5aa00d3e-6227-4bac-94d1-f82b03ff517d\">\n\n<p><a href=\"https:\/\/www.tjba.jus.br\/nupemec\/wp-content\/uploads\/2024\/02\/Estatistica-Cejuscs-Janeiro-de-2024.pdf\">ESTAT\u00cdSTICA CEJUSCs JANEIRO 2024<\/a><\/p>\n\n\n\n<p><a href=\"https:\/\/www.tjba.jus.br\/nupemec\/wp-content\/uploads\/2023\/12\/ESTATISTICA-NUPEMEC-2023.pdf\">ESTAT\u00cdSTICA 2023<\/a><\/p>\n\n\n\n<p><a href=\"https:\/\/www.tjba.jus.br\/nupemec\/wp-content\/uploads\/2023\/01\/Estatistica-Cejusc-2022.pdf\">ESTAT\u00cdSTICA 2022<\/a><\/p>\n\n\n\n<p><a href=\"https:\/\/www.tjba.jus.br\/nupemec\/wp-content\/uploads\/2024\/01\/PESQUISA-CEJUSC-TJBA-2023.pdf\">PESQUISA CEJUSCs 2023<\/a><\/p>\n\n\n\n<p><a href=\"https:\/\/www.tjba.jus.br\/nupemec\/wp-content\/uploads\/2022\/12\/PESQUISA-2022-2a-SEMESTRE.pdf\">PESQUISA MEDIADORES 2022 &#8211; 2\u00ba SEMESTRE<\/a><\/p>\n\n\n\n<p><a href=\"https:\/\/www.tjba.jus.br\/nupemec\/wp-content\/uploads\/2022\/12\/PESQUISA-2022-1a-SEMESTRE.pdf\">PESQUISA MEDIADORES 2022 &#8211; 1\u00ba SEMESTRE<\/a><\/p>\n\n\n\n<p><a href=\"https:\/\/www.tjba.jus.br\/nupemec\/wp-content\/uploads\/2022\/07\/PESQUISA-2021-2%C2%AA-SEMESTRE.pdf\">PESQUISA MEDIADORES 2021 &#8211; 2\u00ba SEMESTRE<\/a><\/p>\n\n\n\n<p><a href=\"https:\/\/www.tjba.jus.br\/nupemec\/wp-content\/uploads\/2021\/07\/PESQUISA-NUPEMEC-TJBA-MEDIADORES-2021-1%C2%AA-SEMESTRE.pdf\">PESQUISA MEDIADORES 2021 &#8211; 1\u00ba SEMESTRE<\/a><\/p>\n\n\n\n<p><a href=\"https:\/\/www.tjba.jus.br\/nupemec\/wp-content\/uploads\/2020\/12\/Pesquisa-de-opini%C3%A3o-2020-CEJUSC-VIRTUAL-PARTE-1.pdf\">PESQUISA DE OPINI\u00c3O 2020 &#8211; CEJUSC VIRTUAL<\/a><\/p>\n\n\n\n<p><a href=\"https:\/\/www.tjba.jus.br\/nupemec\/wp-content\/uploads\/2020\/12\/Pesquisa-de-opini%C3%A3o-2020-2%C2%BA-MEDIADORES-PARTE-2-1.pdf\">PESQUISA DE OPINI\u00c3O 2020 \u2013 MEDIADORES<\/a><\/p>\n\n\n\n<p><a href=\"https:\/\/www.tjba.jus.br\/nupemec\/wp-content\/uploads\/2020\/12\/AUDI%C3%8ANCIAS-VIRTUAIS-CEJUSC-PR%C3%89-PROCESSUAL-FAM%C3%8DLIA-2020.pdf\">ESTAT\u00cdSTICA 2020 \u2013 CEJUSC VIRTUAL<\/a><\/p>\n\n\n\n<p><a href=\"https:\/\/www.tjba.jus.br\/nupemec\/wp-content\/uploads\/2020\/12\/Estat%C3%ADstica-Geral-2019.pdf\">ESTAT\u00cdSTICA 2019<\/a><\/p>\n\n\n\n<p><br>RELAT\u00d3RIOS:<\/p>\n\n\n\n<p><a href=\"https:\/\/www.tjba.jus.br\/nupemec\/wp-content\/uploads\/2026\/01\/RELATORIO-DE-GESTAO-NUPEMEC-BIENIO-2024_2026_versao-2.0-1.pdf\">BI\u00caNIO 2024-2026<\/a><\/p>\n\n\n\n<p><a href=\"https:\/\/www.tjba.jus.br\/nupemec\/wp-content\/uploads\/2024\/01\/BIENIO-2022-2023-Nupemec.pdf\">BI\u00caNIO 2022-2023<\/a><\/p>\n\n\n\n<p><a href=\"https:\/\/www.tjba.jus.br\/nupemec\/wp-content\/uploads\/2022\/04\/RELAT%C3%93RIO-2020-2021.pdf\">BI\u00caNIO 2020-2021<\/a><\/p>\n\n\n\n<p><a href=\"https:\/\/www.tjba.jus.br\/nupemec\/wp-content\/uploads\/2021\/09\/RELAT%C3%93RIO-2018-e-2019.pdf\">BI\u00caNIO 2018-2019<\/a><\/p>\n\n\n\n<p><a href=\"https:\/\/www.tjba.jus.br\/nupemec\/wp-content\/uploads\/2022\/12\/2016-2017-Relatorio-da-Gestao.pdf\">BI\u00caNIO 2016-2017<\/a><\/p>\n\n\n\n<p><a href=\"https:\/\/www.tjba.jus.br\/nupemec\/wp-content\/uploads\/2022\/12\/2016-10-anos-de-resultados.pdf\">ANO DE 2016 \u2013\u00a0<em>10 Anos de Resultados<\/em><\/a><\/p>\n\n\n\n<p><a href=\"https:\/\/www.tjba.jus.br\/nupemec\/wp-content\/uploads\/2022\/12\/2014-2016-Relatorio-da-Gestao.pdf\">BI\u00caNIO 2014-2015<\/a><\/p>\n\n\n\n<p><a href=\"https:\/\/www.tjba.jus.br\/nupemec\/wp-content\/uploads\/2022\/12\/2012-2013-Relatorio-de-Gestao.pdf\">BI\u00caNIO 2012-2013<\/a><\/p>\n\n\n\n<p><a href=\"https:\/\/www.tjba.jus.br\/nupemec\/wp-content\/uploads\/2022\/12\/2010-2011-Relatorio-da-Gestao.pdf\">BI\u00caNIO 2010-2011<\/a><\/p>\n\n\n\n<p><a href=\"https:\/\/www.tjba.jus.br\/nupemec\/wp-content\/uploads\/2022\/12\/2008-2009-Relatorio-da-Gestao.pdf\">BI\u00caNIO 2008-2009<\/a><\/p>\n\n\n\n<p><a href=\"https:\/\/www.tjba.jus.br\/nupemec\/wp-content\/uploads\/2022\/12\/2006-2007-Relatorio-da-Gestao.pdf\">BI\u00caNIO 2006-2007<\/a><\/p>\n\n<\/div>\n\t\t<\/div>\n<\/div>\n\n\n<p><\/p>\n","protected":false},"excerpt":{"rendered":"","protected":false},"author":3,"featured_media":0,"parent":0,"menu_order":0,"comment_status":"closed","ping_status":"closed","template":"page-materialconsulta.php","meta":{"_acf_changed":false,"footnotes":""},"class_list":["post-2820","page","type-page","status-publish","hentry"],"acf":[],"featured_image_src":null,"_links":{"self":[{"href":"https:\/\/www.tjba.jus.br\/nupemec\/wp-json\/wp\/v2\/pages\/2820","targetHints":{"allow":["GET"]}}],"collection":[{"href":"https:\/\/www.tjba.jus.br\/nupemec\/wp-json\/wp\/v2\/pages"}],"about":[{"href":"https:\/\/www.tjba.jus.br\/nupemec\/wp-json\/wp\/v2\/types\/page"}],"author":[{"embeddable":true,"href":"https:\/\/www.tjba.jus.br\/nupemec\/wp-json\/wp\/v2\/users\/3"}],"replies":[{"embeddable":true,"href":"https:\/\/www.tjba.jus.br\/nupemec\/wp-json\/wp\/v2\/comments?post=2820"}],"version-history":[{"count":39,"href":"https:\/\/www.tjba.jus.br\/nupemec\/wp-json\/wp\/v2\/pages\/2820\/revisions"}],"predecessor-version":[{"id":7220,"href":"https:\/\/www.tjba.jus.br\/nupemec\/wp-json\/wp\/v2\/pages\/2820\/revisions\/7220"}],"wp:attachment":[{"href":"https:\/\/www.tjba.jus.br\/nupemec\/wp-json\/wp\/v2\/media?parent=2820"}],"curies":[{"name":"wp","href":"https:\/\/api.w.org\/{rel}","templated":true}]}}