{"id":2905,"date":"2018-08-20T17:29:47","date_gmt":"2018-08-20T20:29:47","guid":{"rendered":"https:\/\/homologacaointerna.tjba.jus.br\/nupemec\/?page_id=2905"},"modified":"2024-10-11T16:35:55","modified_gmt":"2024-10-11T19:35:55","slug":"capital","status":"publish","type":"page","link":"https:\/\/www.tjba.jus.br\/nupemec\/capital\/","title":{"rendered":"CEJUSCs"},"content":{"rendered":"<ul style=\"list-style-type: square;\">\n<li style=\"text-align: left;\"><strong><span style=\"font-size: 14pt;\"><a href=\"https:\/\/www.tjba.jus.br\/nupemec\/wp-content\/uploads\/2024\/10\/ATUALIZADA-ENDERECO-CEJUSC-2024-3.pdf\" target=\"_blank\" rel=\"noopener\">RELA\u00c7\u00c3O COMPLETA &#8211; CEJUSCs<\/a><\/span><\/strong><\/li>\n<li style=\"text-align: left;\"><strong><strong><span style=\"font-size: 14pt;\"><a href=\"https:\/\/www.tjba.jus.br\/nupemec\/wp-content\/uploads\/2022\/05\/UNIDADES-JR-2022.pdf\">UNIDADES COM JUSTI\u00c7A RESTAURATIVA<\/a><\/span><\/strong><\/strong><\/li>\n<\/ul>\n\n\n<p><br><\/p>\n\n\n\n<p><strong>\u2022 CEJUSC VIRTUAL&nbsp;<\/strong><br>Atividades:<br>1] Realiza as audi\u00eancias e sess\u00f5es de media\u00e7\u00e3o e concilia\u00e7\u00e3o pr\u00e9-processuais em mat\u00e9ria de fam\u00edlia, como div\u00f3rcio, alimentos, reconhecimento de paternidade e dissolu\u00e7\u00e3o de uni\u00e3o est\u00e1vel entre pessoas residentes em qualquer munic\u00edpio do Estado da Bahia, por videoconfer\u00eancia (pelo menos uma das partes deve residir no Estado).<\/p>\n\n\n\n<p>Para a solicita\u00e7\u00e3o da abertura do procedimento, o interessado deve preencher o&nbsp;<strong><a href=\"https:\/\/docs.google.com\/forms\/d\/e\/1FAIpQLSfuFu-qV18D3zZlXG6vIyX1FfOgDABGy8W_PFbigbdqiuPZKg\/viewform\">formul\u00e1rio pr\u00f3prio (clique aqui)<\/a><\/strong> e enviar mensagem de Whatsapp para <strong>71 99979-1295<\/strong>.<\/p>\n\n\n\n<p>2] Realiza as sess\u00f5es de concilia\u00e7\u00e3o e media\u00e7\u00e3o processuais, especialmente de procedimentos em tramita\u00e7\u00e3o em comarca que n\u00e3o disponha de Cejusc em funcionamento ou n\u00e3o conte com a atua\u00e7\u00e3o de mediador\/conciliador pr\u00f3prio.<\/p>\n\n\n\n<p>Para a realiza\u00e7\u00e3o de audi\u00eancias processuais, o magistrado ou diretor de secretaria deve entrar em contato com a supervis\u00e3o do Cejusc pelo telefone <strong>71 3372-5080<\/strong> e, ainda, por mensagem para cejuscvirtual@tjba.jus.br<\/p>\n\n\n\n<p><br><\/p>\n\n\n\n<p><strong>\u2022 CEJUSC C\u00cdVEL E RELA\u00c7\u00d5ES DE CONSUMO<\/strong><br>Atividades:<br>1] Realiza as audi\u00eancias e sess\u00f5es de media\u00e7\u00e3o e concilia\u00e7\u00e3o designadas em processos em curso nas varas C\u00edveis, Empresariais e de Rela\u00e7\u00f5es de Consumo. Havendo designa\u00e7\u00e3o de audi\u00eancia virtual, a vara deve informar o link da sala no ato convocat\u00f3rio ou nos autos do processo.<br>2] Realiza as sess\u00f5es de concilia\u00e7\u00e3o e media\u00e7\u00e3o pr\u00e9-processuais c\u00edveis e de rela\u00e7\u00f5es de consumo. A abertura do procedimento autocompositivo deve ser solicitada por mensagem de e-mail, \u00e0 qual devem ser anexados os documentos relativos \u00e0 quest\u00e3o a ser mediada, comprovante de resid\u00eancia e documento de identifica\u00e7\u00e3o do requerente.<br>E-mail: cejuscconsumidor@tjba.jus.br<br>Endere\u00e7o: Pra\u00e7a D. Pedro II, t\u00e9rreo, Campo da P\u00f3lvora, Edf. Prof. Orlando Gomes, anexo ao F\u00f3rum Ruy Barbosa, CEP 40.040-900.<br>Balc\u00e3o Virtual: https:\/\/call.lifesizecloud.com\/19008043<br>Telefones: 3320-6640 e 3320-6642<\/p>\n\n\n\n<p><br><\/p>\n\n\n\n<p><strong>\u2022 CEJUSC FAM\u00cdLIA E SUCESS\u00d5ES<\/strong><br>Atividade: <\/p>\n\n\n\n<p>1] Realiza as audi\u00eancias e sess\u00f5es de media\u00e7\u00e3o e concilia\u00e7\u00e3o designadas em processos em curso nas varas de Fam\u00edlia e de Sucess\u00f5es. Havendo designa\u00e7\u00e3o de audi\u00eancia virtual, o link da sala ser\u00e1 informado pelo Cejusc e disponibilizado nos autos.<br>Endere\u00e7o: Rua do Tingui, T\u00e9rreo, F\u00f3rum das Fam\u00edlias, Nazar\u00e9, CEP 40.040-900.<br>Balc\u00e3o Virtual: https:\/\/call.lifesizecloud.com\/8386265<br>Telefones: 3320-9790 e 3320-6623<br>E-mail: cejuscfamiliaesucessoesssa@tjba.jus.br<\/p>\n\n\n\n<p><br><\/p>\n\n\n\n<p><strong>\u2022 CEJUSCS 2\u00b0 GRAU<\/strong><br>Atividade: <\/p>\n\n\n\n<p>1] Realiza as audi\u00eancias e sess\u00f5es de media\u00e7\u00e3o e concilia\u00e7\u00e3o designadas em processos em grau de recurso no TJBA.<br>Endere\u00e7o: 5\u00aa Avenida Centro Administrativo da Bahia, 560, 3\u00ba andar, sala 310-Norte, CEP 41745-971<br>Telefone: 3372-5172<br>E-mail: ibulos@tjba.jus.br<\/p>\n\n\n\n<p><br><\/p>\n\n\n\n<p><strong>\u2022 CEJUSC LAPINHA DE JUSTI\u00c7A RESTAURATIVA<\/strong><br>Atividade: <\/p>\n\n\n\n<p>1] Efetua a aplica\u00e7\u00e3o de c\u00edrculos restaurativos em rela\u00e7\u00e3o a processos em curso nos Juizados Especiais Criminais.<br>Endere\u00e7o: Travessa Marcelino, s\/n, Lapinha, Salvador<br>Telefone: 3312-4283<br>E-mail: njrestaurativa1@tjba.jus.br &#8211; Hor\u00e1rio de atendimento: 7 \u00e0s 19h<\/p>\n\n\n\n<p><br><\/p>\n\n\n\n<p><strong>\u2022 CEJUSC SOCIOAMBIENTAL<\/strong><br>Atividade: <\/p>\n\n\n\n<p>1] O CEJUSC Socioambiental de Salvador, Regi\u00e3o Metropolitana e da Ba\u00eda de Todos-os-Santos, atua na solu\u00e7\u00e3o consensual dos conflitos relacionados a danos ambientais, bem como pelo estudo e desenvolvimento de programas destinados a auxiliar, orientar e estimular a autocomposi\u00e7\u00e3o pr\u00e9-processual e processual relativa ao tema. De acordo como <a href=\"http:\/\/www5.tjba.jus.br\/portal\/wp-content\/uploads\/2021\/05\/Cejusc_Socioambiental.pdf\">Decreto n\u00ba 332, de 21 de maio de 2021<\/a>, a sua compet\u00eancia territorial abrange as seguintes comarcas e distritos judici\u00e1rios: Aratu\u00edpe, Cachoeira, Cama\u00e7ari, Candeias, Dias D\u2019\u00c1vila, Itaparica, Jaguaripe, Lauro de Freitas, Madre de Deus, Maragogipe, Muritiba, Nazar\u00e9, Mata de S\u00e3o Jo\u00e3o, Pojuca, Salinas da Margarida, Salvador, Santo Amaro, S\u00e3o F\u00e9lix, S\u00e3o Francisco do Conde, S\u00e3o Sebasti\u00e3o do Pass\u00e9, Saubara, Sim\u00f5es Filho, Vera Cruz.<br>Endere\u00e7o: Pra\u00e7a D. Pedro II, sala 5, subsolo, F\u00f3rum Ruy Barbosa, Campo da P\u00f3lvora, CEP 40.040-900.<br>E-mail: cejuscsocioambientalssa@tjba.jus.br<br>Telefone: (71) 3320-6761<\/p>\n\n\n\n<p><br><\/p>\n\n\n\n<p><strong>\u2022 CEJUSC FAZEND\u00c1RIO<\/strong><br>Atividade: <\/p>\n\n\n\n<p>1] Realiza as audi\u00eancias e sess\u00f5es de media\u00e7\u00e3o e concilia\u00e7\u00e3o designadas em processos em curso nas varas de Fazenda P\u00fablica.<br>Endere\u00e7o: Pra\u00e7a D. Pedro II, sala 5, subsolo, F\u00f3rum Ruy Barbosa, Campo da P\u00f3lvora, CEP 40.040-900.<br>Telefone: (71) 3320-6761.<\/p>\n\n\n\n<p><br><\/p>\n\n\n\n<p><strong>\u2022 CEJUSCS PR\u00c9-PROCESSUAIS DE SALVADOR<\/strong><br>Atividade: <\/p>\n\n\n\n<p>1] Realizam sess\u00f5es de media\u00e7\u00e3o e concilia\u00e7\u00e3o pr\u00e9-processuais em mat\u00e9ria de div\u00f3rcio, alimentos, reconhecimento\/dissolu\u00e7\u00e3o de uni\u00e3o est\u00e1vel e reconhecimento espont\u00e2neo de paternidade.<br>Em Salvador, a media\u00e7\u00e3o pr\u00e9-processual de fam\u00edlia \u00e9 descentralizada em unidades de bairro (v\u00ea rela\u00e7\u00e3o completa no link \u00e0 cima).<br>O acesso \u00e0s unidades instaladas em prefeitura de bairro: Itapu\u00e3; Cajazeiras; Val\u00e9ria; Cabula; Paripe; Ribeira; Pau da Lima; Periperi; Rio Vermelho (Prefeitura-bairro Barra-Pituba); Av. San Martin (Prefeitura-bairro Liberdade-S\u00e3o Caetano) \u00e9 efetuado o por meio do sistema <a href=\"https:\/\/horamarcada.salvador.ba.gov.br\/HM\/HM\/\">HORA MARCADA<\/a>.<br>O atendimento nas demais unidades \u2013 Mussurunga, telefone n\u00ba 71 3376-4256; Cajazeiras-SAC, telefone n\u00ba 71 3202-6500; Pernambu\u00e9s, telefone n\u00ba 71 3431-0785; Mans\u00e3o do Caminho, telefone n\u00ba 71 3393-3568 \u2013 \u00e9 efetuado de forma presencial.<br>O \u00f3rg\u00e3o tamb\u00e9m disponibiliza a solicita\u00e7\u00e3o de abertura de procedimento por meio do <a href=\"https:\/\/forms.gle\/dg4Vf65pCFDksM7y9\">formul\u00e1rio eletr\u00f4nico<\/a> e por mensagem de whatsapp para o n\u00famero 71 99979-1295.<br>Os Cejuscs disp\u00f5em de uma Secretaria instalada no F\u00f3rum das Fam\u00edlias, na Rua do Tingui, t\u00e9rreo, Nazar\u00e9, CEP 40.040-310, Salvador-BA. Telefones 3372-6945 \/ 6837 \/ 6944 \u2013 e-mails secretariabjc@gmail.com e secretariabjc@tjba.jus.br<\/p>\n\n\n\n<p><br><\/p>\n\n\n\n<p><strong>\u2022&nbsp;CEJUSCS PAI PRESENTE<\/strong><\/p>\n\n\n\n<p>Atividade: <\/p>\n\n\n\n<p>1] Estimula o reconhecimento de paternidade por meio de mutir\u00f5es para coleta de material para exame de DNA e realiza as audi\u00eancias de concilia\u00e7\u00e3o e divulga\u00e7\u00e3o de resultados.<br>Endere\u00e7o: 5\u00aa Avenida Centro Administrativo da Bahia, 560, 3\u00ba andar, sala 310-Norte, CEP 41745-971<br>Telefone: 71 3372-5167 \u2013 0800 284-2252<br>E-mail: paipresente@tjba.jus.br<br>Whatsapp: 71 98167-4922<\/p>\n\n\n\n<p><br><\/p>\n\n\n\n<p><strong>C\u00c2MARAS DE MEDIA\u00c7\u00c3O CREDENCIADAS<\/strong><\/p>\n\n\n\n<p>\u2022 <a href=\"https:\/\/www.instagram.com\/eloresolucaodeconflitos\/\">ELO RESOLU\u00c7\u00d5ES DE CONFLITOS E ESPA\u00c7O COMPARTILHADO LTDA &#8211; Porto Seguro<\/a><\/p>\n\n\n\n<p>\u2022 <a href=\"http:\/\/camob.com.br\/\">C\u00c2MARA DE ARBITAGEM E MEDIA\u00c7\u00c3O DO OESTE DA BAHIA S\/S LTDA &#8211; Barreiras<\/a><\/p>\n\n\n\n<p>\u2022 <a href=\"https:\/\/www.facebook.com\/people\/C%C3%A2mara-de-Media%C3%A7%C3%A3o-e-Concilia%C3%A7%C3%A3o-Ant%C3%B4nio-Lima-dos-Anjos\/100054603437702\/\">C\u00c2MARA DE MEDIA\u00c7\u00c3O E CONCILIA\u00c7\u00c3O ANTONIO LIMA DOS ANJOS &#8211; Brumado<\/a><\/p>\n\n\n\n<p>\u2022 <a href=\"https:\/\/www.facebook.com\/people\/C%C3%A2mara-de-Media%C3%A7%C3%A3o-e-Concilia%C3%A7%C3%A3o-Ant%C3%B4nio-Lima-dos-Anjos\/100054603437702\/\">PACIFICAR &#8211; SOLU\u00c7\u00c3O DE CONFLITOS, CURSOS E CONSULTORIA &#8211; Vit\u00f3ria da Conquista<\/a><\/p>\n\n\n\n<p><br><\/p>\n\n\n\n<p><strong>\u00d3RG\u00c3OS DE COORDENA\u00c7\u00c3O<\/strong><\/p>\n\n\n\n<p><strong>\u2022 <\/strong>N\u00daCLEO PERMANENTE DE M\u00c9TODOS CONSENSUAIS DE SOLU\u00c7\u00c3O DE CONFLITOS &#8211; NUPEMEC<br>Coordena e orienta as atividades dos Centros Judici\u00e1rios de Solu\u00e7\u00e3o Consensual de Conflitos no plano estadual.<br>Endere\u00e7o: 5\u00aa Avenida do Centro Administrativo, CAB, n\u00ba 560, 3\u00ba andar, sala 310-Norte, CEP 41745-971, Telefones 3372-5049 \/ 5396 \/ 5393 \/ 5159 \/ 5153 \/ 5323<br><\/p>\n\n\n\n<p><strong>\u2022 <\/strong>N\u00daCLEO DE JUSTI\u00c7A RESTAURATIVA DE 2\u00ba GRAU<br>Coordena e orienta as atividades relacionadas \u00e0 aplica\u00e7\u00e3o da Justi\u00e7a Restaurativa no plano estadual.<br>5\u00aa Avenida do Centro Administrativo, CAB, n\u00ba 560, 2\u00ba andar, sala 216-Norte, CEP 41.746, E-mail: njrestaurativa2@tjba.jus.br, WhatsApp 71 3372-5141, Instagram NJR2.Ba, Hor\u00e1rio de atendimento: segunda a sexta, das 9 as 18h.<\/p>\n","protected":false},"excerpt":{"rendered":"<p>RELA\u00c7\u00c3O COMPLETA &#8211; CEJUSCs UNIDADES COM JUSTI\u00c7A RESTAURATIVA \u2022 CEJUSC VIRTUAL&nbsp;Atividades:1] Realiza as audi\u00eancias e sess\u00f5es de media\u00e7\u00e3o e concilia\u00e7\u00e3o [&hellip;]<\/p>\n","protected":false},"author":3,"featured_media":0,"parent":0,"menu_order":0,"comment_status":"closed","ping_status":"closed","template":"","meta":{"_acf_changed":false,"footnotes":""},"class_list":["post-2905","page","type-page","status-publish","hentry"],"acf":[],"featured_image_src":null,"_links":{"self":[{"href":"https:\/\/www.tjba.jus.br\/nupemec\/wp-json\/wp\/v2\/pages\/2905","targetHints":{"allow":["GET"]}}],"collection":[{"href":"https:\/\/www.tjba.jus.br\/nupemec\/wp-json\/wp\/v2\/pages"}],"about":[{"href":"https:\/\/www.tjba.jus.br\/nupemec\/wp-json\/wp\/v2\/types\/page"}],"author":[{"embeddable":true,"href":"https:\/\/www.tjba.jus.br\/nupemec\/wp-json\/wp\/v2\/users\/3"}],"replies":[{"embeddable":true,"href":"https:\/\/www.tjba.jus.br\/nupemec\/wp-json\/wp\/v2\/comments?post=2905"}],"version-history":[{"count":151,"href":"https:\/\/www.tjba.jus.br\/nupemec\/wp-json\/wp\/v2\/pages\/2905\/revisions"}],"predecessor-version":[{"id":6120,"href":"https:\/\/www.tjba.jus.br\/nupemec\/wp-json\/wp\/v2\/pages\/2905\/revisions\/6120"}],"wp:attachment":[{"href":"https:\/\/www.tjba.jus.br\/nupemec\/wp-json\/wp\/v2\/media?parent=2905"}],"curies":[{"name":"wp","href":"https:\/\/api.w.org\/{rel}","templated":true}]}}