{"id":3202,"date":"2019-08-02T10:15:05","date_gmt":"2019-08-02T13:15:05","guid":{"rendered":"https:\/\/homologacaointerna.tjba.jus.br\/nupemec\/?page_id=3202"},"modified":"2026-03-13T17:03:09","modified_gmt":"2026-03-13T20:03:09","slug":"quem-somos","status":"publish","type":"page","link":"https:\/\/www.tjba.jus.br\/nupemec\/quem-somos\/","title":{"rendered":"Quem Somos"},"content":{"rendered":"\n<p class=\"has-text-align-left\">O N\u00facleo Permanente de M\u00e9todos Consensuais de Solu\u00e7\u00e3o de Conflitos (NUPEMEC), institu\u00eddo pelo Decreto Judici\u00e1rio n\u00ba 247, de 29 de mar\u00e7o de 2011, \u00e9 o \u00f3rg\u00e3o central incumbido do planejamento e coordena\u00e7\u00e3o das unidades de media\u00e7\u00e3o e concilia\u00e7\u00e3o do Poder Judici\u00e1rio e pelo desenvolvimento dos programas destinados \u00e0 capacita\u00e7\u00e3o e estimulo \u00e0 autocomposi\u00e7\u00e3o (<a href=\"https:\/\/drive.google.com\/file\/d\/1QJVyFRujpSSUJVVzfvuoIGv-jZ1dwbbB\/view\" target=\"_blank\" rel=\"noreferrer noopener\">Resolu\u00e7\u00e3o n\u00ba 24\/2015<\/a>).<\/p>\n\n\n\n<p class=\"has-text-align-center\">&nbsp;<\/p>\n\n\n\n<p class=\"has-text-align-center\"><\/p>\n\n\n<div style=\"gap: 20px;\" class=\"align-button-center ub-buttons orientation-button-row ub-flex-wrap wp-block-ub-button\" id=\"ub-button-c94a7227-63b1-4a0d-8ffe-c345d86db239\"><div class=\"ub-button-container\">\n\t\t\t<a href=\"https:\/\/www.tjba.jus.br\/nupemec\/wp-content\/uploads\/2021\/04\/APRESENTA%C3%87%C3%83O-2021.pdf\" target=\"_blank\" rel=\"noopener noreferrer\" class=\"ub-button-block-main   ub-button-flex\" role=\"button\" style=\"--ub-button-background-color: #336d96; --ub-button-color: #ffffff; --ub-button-border: none; --ub-button-hover-background-color: #313131; --ub-button-hover-color: #ffffff; --ub-button-hover-border: none; padding-top: 10px; padding-right: 10px; padding-bottom: 10px; padding-left: 10px; border-top-left-radius: 10px;; border-top-right-radius: 10px;; border-bottom-left-radius: 10px;; border-bottom-right-radius: 10px;; \">\n\t\t\t\t<div class=\"ub-button-content-holder\" style=\"flex-direction: row\">\n\t\t\t\t\t<span class=\"ub-button-block-btn\">Sobre o CEJUSC<\/span>\n\t\t\t\t<\/div>\n\t\t\t<\/a>\n\t\t<\/div><div class=\"ub-button-container\">\n\t\t\t<a href=\"https:\/\/www.tjba.jus.br\/nupemec\/wp-content\/uploads\/2024\/05\/Guia-do-NUPEMEC-Divisao-de-Competencias-2.0.pdf\" target=\"_blank\" rel=\"noopener noreferrer\" class=\"ub-button-block-main   ub-button-flex\" role=\"button\" style=\"--ub-button-background-color: #336d96; --ub-button-color: #ffffff; --ub-button-border: none; --ub-button-hover-background-color: #313131; --ub-button-hover-color: #ffffff; --ub-button-hover-border: none; padding-top: 10px; padding-right: 10px; padding-bottom: 10px; padding-left: 10px; border-top-left-radius: 10px;; border-top-right-radius: 10px;; border-bottom-left-radius: 10px;; border-bottom-right-radius: 10px;; \">\n\t\t\t\t<div class=\"ub-button-content-holder\" style=\"flex-direction: row\">\n\t\t\t\t\t<span class=\"ub-button-block-btn\">Sobre o NUPEMEC<\/span>\n\t\t\t\t<\/div>\n\t\t\t<\/a>\n\t\t<\/div><div class=\"ub-button-container\">\n\t\t\t<a href=\"https:\/\/www.tjba.jus.br\/nupemec\/wp-content\/uploads\/2021\/08\/GUIA-DE-COMPET%C3%8ANCIAS-NUPEMEC-2021.pdf\" target=\"_blank\" rel=\"noopener noreferrer\" class=\"ub-button-block-main   ub-button-flex\" role=\"button\" style=\"--ub-button-background-color: #336d96; --ub-button-color: #ffffff; --ub-button-border: none; --ub-button-hover-background-color: #313131; --ub-button-hover-color: #ffffff; --ub-button-hover-border: none; padding-top: 10px; padding-right: 10px; padding-bottom: 10px; padding-left: 10px; border-top-left-radius: 10px;; border-top-right-radius: 10px;; border-bottom-left-radius: 10px;; border-bottom-right-radius: 10px;; \">\n\t\t\t\t<div class=\"ub-button-content-holder\" style=\"flex-direction: row\">\n\t\t\t\t\t<span class=\"ub-button-block-btn\">Guia de Compet\u00eancias &#8211; NUPEMEC<\/span>\n\t\t\t\t<\/div>\n\t\t\t<\/a>\n\t\t<\/div><div class=\"ub-button-container\">\n\t\t\t<a href=\"https:\/\/www.tjba.jus.br\/nupemec\/wp-content\/uploads\/2021\/08\/GUIA-DE-COMPET%C3%8ANCIAS-CEJUSC-2021.pdf\" target=\"_blank\" rel=\"noopener noreferrer\" class=\"ub-button-block-main   ub-button-flex\" role=\"button\" style=\"--ub-button-background-color: #336d96; --ub-button-color: #ffffff; --ub-button-border: none; --ub-button-hover-background-color: #313131; --ub-button-hover-color: #ffffff; --ub-button-hover-border: none; padding-top: 10px; padding-right: 10px; padding-bottom: 10px; padding-left: 10px; border-top-left-radius: 10px;; border-top-right-radius: 10px;; border-bottom-left-radius: 10px;; border-bottom-right-radius: 10px;; \">\n\t\t\t\t<div class=\"ub-button-content-holder\" style=\"flex-direction: row\">\n\t\t\t\t\t<span class=\"ub-button-block-btn\">Guia de Compet\u00eancias &#8211; CEJUSC<\/span>\n\t\t\t\t<\/div>\n\t\t\t<\/a>\n\t\t<\/div><div class=\"ub-button-container\">\n\t\t\t<a href=\"https:\/\/www.tjba.jus.br\/nupemec\/wp-content\/uploads\/2024\/05\/Plano-de-Gestao-Nupemec-2024-2026.pdf\" target=\"_blank\" rel=\"noopener noreferrer\" class=\"ub-button-block-main   ub-button-flex\" role=\"button\" style=\"--ub-button-background-color: #336d96; --ub-button-color: #ffffff; --ub-button-border: none; --ub-button-hover-background-color: #313131; --ub-button-hover-color: #ffffff; --ub-button-hover-border: none; padding-top: 10px; padding-right: 10px; padding-bottom: 10px; padding-left: 10px; border-top-left-radius: 10px;; border-top-right-radius: 10px;; border-bottom-left-radius: 10px;; border-bottom-right-radius: 10px;; \">\n\t\t\t\t<div class=\"ub-button-content-holder\" style=\"flex-direction: row\">\n\t\t\t\t\t<span class=\"ub-button-block-btn\">Plano de Gest\u00e3o<\/span>\n\t\t\t\t<\/div>\n\t\t\t<\/a>\n\t\t<\/div><div class=\"ub-button-container\">\n\t\t\t<a href=\"https:\/\/www.tjba.jus.br\/nupemec\/wp-content\/uploads\/2025\/10\/Organograma-NUPEMEC-2025-v1.0.drawio.html\" target=\"_blank\" rel=\"noopener noreferrer\" class=\"ub-button-block-main   ub-button-flex\" role=\"button\" style=\"--ub-button-background-color: #336d96; --ub-button-color: #ffffff; --ub-button-border: none; --ub-button-hover-background-color: #313131; --ub-button-hover-color: #ffffff; --ub-button-hover-border: none; padding-top: 10px; padding-right: 10px; padding-bottom: 10px; padding-left: 10px; border-top-left-radius: 10px;; border-top-right-radius: 10px;; border-bottom-left-radius: 10px;; border-bottom-right-radius: 10px;; \">\n\t\t\t\t<div class=\"ub-button-content-holder\" style=\"flex-direction: row\">\n\t\t\t\t\t<span class=\"ub-button-block-btn\">Organograma NUPEMEC 2025<\/span>\n\t\t\t\t<\/div>\n\t\t\t<\/a>\n\t\t<\/div><\/div>\n\n\n<p class=\"has-text-align-center\"><br><\/p>\n\n\n<div class=\"wp-block-ub-content-toggle wp-block-ub-content-toggle-block\" id=\"ub-content-toggle-block-124982fe-5556-410a-8aa6-c97d1827629b\" data-mobilecollapse=\"false\" data-desktopcollapse=\"false\" data-preventcollapse=\"false\" data-showonlyone=\"false\">\n<div class=\"wp-block-ub-content-toggle-accordion\" style=\"border-color: #f1f1f1;\" id=\"ub-content-toggle-panel-block-\">\n\t\t\t<div class=\"wp-block-ub-content-toggle-accordion-title-wrap\" style=\"background-color: #f1f1f1;\" aria-controls=\"ub-content-toggle-panel-0-124982fe-5556-410a-8aa6-c97d1827629b\" tabindex=\"0\">\n\t\t\t<p class=\"wp-block-ub-content-toggle-accordion-title ub-content-toggle-title-124982fe-5556-410a-8aa6-c97d1827629b\" style=\"color: #000000; \">Composi\u00e7\u00e3o<\/p>\n\t\t\t<div class=\"wp-block-ub-content-toggle-accordion-toggle-wrap right\" style=\"color: #000000;\"><span class=\"wp-block-ub-content-toggle-accordion-state-indicator wp-block-ub-chevron-down open\"><\/span><\/div>\n\t\t<\/div>\n\t\t\t<div role=\"region\" aria-expanded=\"true\" class=\"wp-block-ub-content-toggle-accordion-content-wrap\" id=\"ub-content-toggle-panel-0-124982fe-5556-410a-8aa6-c97d1827629b\">\n\n<p class=\"has-text-align-center\"><strong>Supervisora do NUPEMEC<\/strong><\/p>\n\n\n\n<p class=\"has-text-align-center\">Desembargadora\u00a0 MARIELZA BRAND\u00c3O FRANCO<\/p>\n\n\n\n<p class=\"has-text-align-center\"><strong>Coordenadora do NUPEMEC<\/strong><\/p>\n\n\n\n<p class=\"has-text-align-center\">Ju\u00edza ELKE FIGUEIREDO SCHUSTER GORDILHO<\/p>\n\n\n\n<p>\u00a0\u00a0<\/p>\n<p class=\"has-text-align-center\"><strong>Diretor<\/strong><\/p>\n\n\n\n<p class=\"has-text-align-center\">PEDRO L\u00daCIO SILVA VIVAS<br><\/p>\n\n\n\n<p class=\"has-text-align-center\"><strong>N\u00facleo Administrativo<\/strong><\/p>\n\n\n\n<p class=\"has-text-align-center\">ADRIANE MATOS DE SOUZA<\/p>\n\n\n\n<p class=\"has-text-align-center\"><strong>N\u00facleo de Sistema e Inova\u00e7\u00e3o<\/strong><\/p>\n\n\n\n<p class=\"has-text-align-center\">JORGE AUGUSTO DE NORONHA TRINDADE JR.<br><\/p>\n\n\n\n<p class=\"has-text-align-center\"><strong>N\u00facleo de Governan\u00e7a e Conv\u00eanios<\/strong><\/p>\n\n\n\n<p class=\"has-text-align-center\">CLARISSA ROCHA DA SILVA SALAZAR<\/p>\n\n\n\n<p class=\"has-text-align-center\"><strong><strong>N\u00facleo de Governan\u00e7a e Conv\u00eanios<\/strong><\/strong><\/p>\n\n\n\n<p class=\"has-text-align-center\">JULIANA MOURA SOUZA<\/p>\n\n\n\n<p class=\"has-text-align-center\"><strong><strong><strong>N\u00facleo de Governan\u00e7a e Conv\u00eanios<\/strong><\/strong><\/strong><\/p>\n\n\n\n<p class=\"has-text-align-center\">CARLA PARANHOS DE SANTANA NUNES<\/p>\n\n\n\n<p class=\"has-text-align-center\"><strong>N\u00facleo de Controle e Monitoramento<\/strong><\/p>\n\n\n\n<p class=\"has-text-align-center\">J\u00daLIA SILVEIRA SP\u00cdNOLA DA CUNHA<\/p>\n\n\n\n<p class=\"has-text-align-center\"><strong>N\u00facleo de Mobiliza\u00e7\u00e3o<\/strong><\/p>\n\n\n\n<p class=\"has-text-align-center\">ELI\u00daDE DE CARVALHO ROSA<\/p>\n\n\n\n<p class=\"has-text-align-center\"><strong>N\u00facleo de Desenvolvimento e Credenciamento<\/strong><\/p>\n\n\n\n<p class=\"has-text-align-center\">ISABELA BORGES BULOS<\/p>\n\n\n\n<p class=\"has-text-align-center\"><strong>N\u00facleo de Desenvolvimento e Credenciamento<\/strong><\/p>\n\n\n\n<p class=\"has-text-align-center\">JACYRA FERRAZ LARANJEIRA BARBOSA<\/p>\n\n<\/div>\n\t\t<\/div>\n<\/div>\n\n\n<div class=\"wp-block-group\"><div class=\"wp-block-group__inner-container is-layout-constrained wp-block-group-is-layout-constrained\">\n<p><br><\/p>\n<\/div><\/div>\n\n\n<div style=\"gap: 20px;\" class=\"align-button-center ub-buttons orientation-button-row ub-flex-wrap wp-block-ub-button\" id=\"ub-button-c623a197-c85d-4ecc-94ac-461132c1858f\"><div class=\"ub-button-container\">\n\t\t\t<a href=\"https:\/\/www.tjba.jus.br\/nupemec\/wp-content\/uploads\/2024\/02\/Mapa-Estrategico-NUPEMEC-2021-2026.pdf\" target=\"_blank\" rel=\"noopener noreferrer\" class=\"ub-button-block-main   ub-button-flex\" role=\"button\" style=\"--ub-button-background-color: #336d96; --ub-button-color: #ffffff; --ub-button-border: none; --ub-button-hover-background-color: #313131; --ub-button-hover-color: #ffffff; --ub-button-hover-border: none; padding-top: 10px; padding-right: 10px; padding-bottom: 10px; padding-left: 10px; border-top-left-radius: 10px;; border-top-right-radius: 10px;; border-bottom-left-radius: 10px;; border-bottom-right-radius: 10px;; \">\n\t\t\t\t<div class=\"ub-button-content-holder\" style=\"flex-direction: row\">\n\t\t\t\t\t<span class=\"ub-button-icon-holder\">\n\t\t\t\t<svg xmlns=\"http:\/\/www.w3.org\/2000\/svg\" height=\"30\" width=\"30\" viewbox=\"0 0 512 512\">\n\t\t\t\t\t<path fill=\"currentColor\" d=\"M0 256a256 256 0 1 0 512 0A256 256 0 1 0 0 256zM241 377c-9.4 9.4-24.6 9.4-33.9 0s-9.4-24.6 0-33.9l87-87-87-87c-9.4-9.4-9.4-24.6 0-33.9s24.6-9.4 33.9 0L345 239c9.4 9.4 9.4 24.6 0 33.9L241 377z\">\n\t\t\t\t<\/path><\/svg>\n\t\t\t<\/span><span class=\"ub-button-block-btn\">Mapa Estrat\u00e9gico 2021 &#8211; 2026 NUPEMEC<\/span>\n\t\t\t\t<\/div>\n\t\t\t<\/a>\n\t\t<\/div><\/div>\n\n\n<p><br><\/p>\n\n\n\n<blockquote class=\"wp-block-quote has-text-align-center is-layout-flow wp-block-quote-is-layout-flow\">\n<p><strong>ENDERE\u00c7O E TELEFONES<\/strong><\/p>\n\n\n\n<p>N\u00facleo Permanente de M\u00e9todos Consensuais de Solu\u00e7\u00e3o de Conflitos &#8211; NUPEMEC<br>5\u00aa Avenida do Centro Administrativo \u2013 CAB, n\u00ba 560, 3\u00ba andar, sala 310-Norte, CEP 41.746-900<br>Telefones: (71) 3372-5049 \/ 5159 \/ 5153 \/ 5323<\/p>\n<\/blockquote>\n","protected":false},"excerpt":{"rendered":"<p>O N\u00facleo Permanente de M\u00e9todos Consensuais de Solu\u00e7\u00e3o de Conflitos (NUPEMEC), institu\u00eddo pelo Decreto Judici\u00e1rio n\u00ba 247, de 29 de [&hellip;]<\/p>\n","protected":false},"author":3,"featured_media":0,"parent":0,"menu_order":0,"comment_status":"closed","ping_status":"closed","template":"","meta":{"_acf_changed":false,"footnotes":""},"class_list":["post-3202","page","type-page","status-publish","hentry"],"acf":[],"featured_image_src":null,"_links":{"self":[{"href":"https:\/\/www.tjba.jus.br\/nupemec\/wp-json\/wp\/v2\/pages\/3202","targetHints":{"allow":["GET"]}}],"collection":[{"href":"https:\/\/www.tjba.jus.br\/nupemec\/wp-json\/wp\/v2\/pages"}],"about":[{"href":"https:\/\/www.tjba.jus.br\/nupemec\/wp-json\/wp\/v2\/types\/page"}],"author":[{"embeddable":true,"href":"https:\/\/www.tjba.jus.br\/nupemec\/wp-json\/wp\/v2\/users\/3"}],"replies":[{"embeddable":true,"href":"https:\/\/www.tjba.jus.br\/nupemec\/wp-json\/wp\/v2\/comments?post=3202"}],"version-history":[{"count":75,"href":"https:\/\/www.tjba.jus.br\/nupemec\/wp-json\/wp\/v2\/pages\/3202\/revisions"}],"predecessor-version":[{"id":7127,"href":"https:\/\/www.tjba.jus.br\/nupemec\/wp-json\/wp\/v2\/pages\/3202\/revisions\/7127"}],"wp:attachment":[{"href":"https:\/\/www.tjba.jus.br\/nupemec\/wp-json\/wp\/v2\/media?parent=3202"}],"curies":[{"name":"wp","href":"https:\/\/api.w.org\/{rel}","templated":true}]}}