{"id":4158,"date":"2022-03-29T16:34:49","date_gmt":"2022-03-29T19:34:49","guid":{"rendered":"https:\/\/homologacaointerna.tjba.jus.br\/nupemec\/?page_id=4158"},"modified":"2026-04-01T14:54:33","modified_gmt":"2026-04-01T17:54:33","slug":"nucleo-superendividamento","status":"publish","type":"page","link":"https:\/\/www.tjba.jus.br\/nupemec\/nucleo-superendividamento\/","title":{"rendered":"N\u00daCLEO DE SUPERENDIVIDAMENTO"},"content":{"rendered":"<p style=\"text-align: justify;\"><span style=\"font-size: 14pt;\"><strong>A IMPORT\u00c2NCIA DA EDUCA\u00c7\u00c3O FINANCEIRA<\/strong><\/span><\/p>\n<p style=\"text-align: right;\">Professor Ant\u00f4nio Carvalho<\/p>\n<\/p>\n<p style=\"text-align: justify;\">\u201cDinheiro \u00e9 para gastar!\u201d Essa express\u00e3o popular reflete o comportamento do consumidor brasileiro e, sobretudo, a sua concep\u00e7\u00e3o acerca do dinheiro que comp\u00f5e a sua renda. N\u00e3o somos educados financeiramente, n\u00e3o nos ensinaram que ele \u00e9 limitado, que ele tem uma origem, que demanda esfor\u00e7o para ser obtido e, principalmente, que ele \u00e9 finito, e assim, caso n\u00e3o tenha a sua utiliza\u00e7\u00e3o regulada, pode ser gasto com coisas sup\u00e9rfluas e faltar quando \u00e9 necess\u00e1rio para atender as necessidades reais.\u00a0<a href=\"https:\/\/www.tjba.jus.br\/nupemec\/wp-content\/uploads\/2022\/10\/A-IMPORTANCIA-DA-EDUCA\u00c7\u00c3O-FINANCEIRA.pdf\" target=\"_blank\" rel=\"noopener\"><strong><em>Ler mais\u2026<\/em><\/strong><\/a><\/p>\n<\/p>\n<ul style=\"list-style-type: disc;\">\n<li style=\"list-style-type: none;\">\n<ul style=\"list-style-type: disc;\">\n<li><strong>ATENDIMENTO PR\u00c9-PROCESSUAL, DADOS SOCIOECON\u00d4MICOS, REEDUCA\u00c7\u00c3O FINANCEIRA\n<p><\/strong><\/li>\n<\/ul>\n<\/li>\n<\/ul>\n\n\n<div class=\"wp-block-buttons is-layout-flex wp-block-buttons-is-layout-flex\">\n<div class=\"wp-block-button\"><a class=\"wp-block-button__link has-white-color has-text-color has-background wp-element-button\" href=\"https:\/\/www.tjba.jus.br\/nupemec\/wp-content\/uploads\/2022\/06\/GUIA-SUPERENDIVIDAMENTO.pdf\" style=\"background:linear-gradient(135deg,rgb(6,147,227) 50%,rgb(155,81,224) 100%)\" target=\"_blank\" rel=\"noreferrer noopener\">Guia<\/a><\/div>\n\n\n\n<div class=\"wp-block-button\"><a class=\"wp-block-button__link has-white-color has-text-color has-background wp-element-button\" href=\"http:\/\/www5.tjba.jus.br\/juizadosespeciais\/images\/Nucleo_de_Prevencao_e_Tratamento_do_Superendividamento\/APRESENTACAO.mp4\" style=\"background:linear-gradient(135deg,rgb(6,147,227) 47%,rgb(155,81,224) 100%)\" target=\"_blank\" rel=\"noreferrer noopener\">Saiba Mais<\/a><\/div>\n\n\n\n<div class=\"wp-block-button\"><a class=\"wp-block-button__link has-white-color has-text-color has-background wp-element-button\" href=\"https:\/\/www.tjba.jus.br\/nupemec\/wp-content\/uploads\/2023\/04\/AtualizadopptFoldernvAzulEscu.pdf\" style=\"background:linear-gradient(135deg,rgb(6,147,227) 50%,rgb(155,81,224) 100%)\" target=\"_blank\" rel=\"noreferrer noopener\">Dicas<\/a><\/div>\n\n\n\n<div class=\"wp-block-button\"><a class=\"wp-block-button__link has-white-color has-text-color has-background wp-element-button\" href=\"https:\/\/www.tjba.jus.br\/nupemec\/wp-content\/uploads\/2023\/10\/TESTE-SUPERENDIVIDAMENTO-1.xlsx\" style=\"background:linear-gradient(135deg,rgb(6,147,227) 50%,rgb(155,81,224) 100%)\">Teste<\/a><\/div>\n\n\n\n<div class=\"wp-block-button\"><a class=\"wp-block-button__link has-white-color has-text-color has-background wp-element-button\" href=\"https:\/\/www.tjba.jus.br\/nupemec\/wp-content\/uploads\/2022\/04\/Controle_de_gastos_pessoais-1.xls\" style=\"background:linear-gradient(135deg,rgb(6,147,227) 46%,rgb(155,81,224) 100%)\" target=\"_blank\" rel=\"noreferrer noopener\">Tabela<\/a><\/div>\n\n\n\n<div class=\"wp-block-button\"><a class=\"wp-block-button__link has-white-color has-text-color has-background wp-element-button\" href=\"https:\/\/www.cnj.jus.br\/wp-content\/uploads\/2022\/08\/cartilha-superendividamento.pdf\" style=\"background:linear-gradient(135deg,rgb(6,147,227) 46%,rgb(155,81,224) 100%)\" target=\"_blank\" rel=\"noreferrer noopener\">Cartilha<\/a><\/div>\n\n\n\n<div class=\"wp-block-button\"><a class=\"wp-block-button__link has-white-color has-text-color has-background wp-element-button\" href=\"https:\/\/youtu.be\/B04averfV98\" style=\"background:linear-gradient(135deg,rgb(6,147,227) 52%,rgb(155,81,224) 100%)\" target=\"_blank\" rel=\"noreferrer noopener\">Educa\u00e7\u00e3o dos Filhos<\/a><\/div>\n\n\n\n<div class=\"wp-block-button\"><a class=\"wp-block-button__link has-background wp-element-button\" href=\"https:\/\/forms.gle\/CrsJoAvXcoeHuqyY7\" style=\"background:linear-gradient(135deg,rgb(6,147,227) 39%,rgb(155,81,224) 100%)\" target=\"_blank\" rel=\"noreferrer noopener\">Reeduca\u00e7\u00e3o Financeira<\/a><\/div>\n\n\n\n<div class=\"wp-block-button\"><a class=\"wp-block-button__link has-background wp-element-button\" href=\"https:\/\/www.tjba.jus.br\/nupemec\/wp-content\/uploads\/2023\/10\/FLUXOGRAMAS-ART.-104-A-e-ART.-104-B-2.pdf\" style=\"background:linear-gradient(135deg,rgb(6,147,227) 39%,rgb(155,81,224) 100%)\" target=\"_blank\" rel=\"noreferrer noopener\">Fluxogramas<\/a><\/div>\n<\/div>\n\n\n\n<p><\/p>\n\n\n\n<p><\/p>\n\n\n\n<p>\u00a0<\/p>\n<p>\u00a0<\/p>\n<ul style=\"list-style-type: disc;\">\n<li style=\"text-align: left;\"><strong><a href=\"https:\/\/www.tjba.jus.br\/nupemec\/wp-content\/uploads\/2024\/01\/DESIGNACAO-DE-AUDIENCIAS-DE-CONCILIACAO-NO-NUCLEO-DE-SUPERENDIVIDAMENTO-SV.pdf\" target=\"_blank\" rel=\"noopener\"><span style=\"color: #000000;\">AUDI\u00caNCIAS PROCESSUAIS &#8211; CLIQUE AQUI<\/span><\/a><\/strong><\/li>\n<\/ul>\n<p>\u00a0<\/p>\n<p style=\"text-align: center;\"><strong>Telefone Superendividamento: (71) 3320-6620<\/strong><\/p>\n<p style=\"text-align: center;\"><strong>\u00a0Apoio CEJUSC: (71) 3320-6640 ou 3320-6642<\/strong><\/p>\n<p style=\"text-align: center;\"><strong>E-mail: superendividamento@tjba.jus.br<\/strong><\/p>\n<p style=\"text-align: center;\"><strong>Balc\u00e3o Virtual:<\/strong> <strong>https:\/\/call.lifesizecloud.com\/19008043<\/strong><\/p>\n<p>\u00a0<\/p>\n","protected":false},"excerpt":{"rendered":"<p>A IMPORT\u00c2NCIA DA EDUCA\u00c7\u00c3O FINANCEIRA Professor Ant\u00f4nio Carvalho \u201cDinheiro \u00e9 para gastar!\u201d Essa express\u00e3o popular reflete o comportamento do consumidor [&hellip;]<\/p>\n","protected":false},"author":20,"featured_media":0,"parent":0,"menu_order":0,"comment_status":"closed","ping_status":"closed","template":"","meta":{"_acf_changed":false,"footnotes":""},"class_list":["post-4158","page","type-page","status-publish","hentry"],"acf":[],"featured_image_src":null,"_links":{"self":[{"href":"https:\/\/www.tjba.jus.br\/nupemec\/wp-json\/wp\/v2\/pages\/4158","targetHints":{"allow":["GET"]}}],"collection":[{"href":"https:\/\/www.tjba.jus.br\/nupemec\/wp-json\/wp\/v2\/pages"}],"about":[{"href":"https:\/\/www.tjba.jus.br\/nupemec\/wp-json\/wp\/v2\/types\/page"}],"author":[{"embeddable":true,"href":"https:\/\/www.tjba.jus.br\/nupemec\/wp-json\/wp\/v2\/users\/20"}],"replies":[{"embeddable":true,"href":"https:\/\/www.tjba.jus.br\/nupemec\/wp-json\/wp\/v2\/comments?post=4158"}],"version-history":[{"count":74,"href":"https:\/\/www.tjba.jus.br\/nupemec\/wp-json\/wp\/v2\/pages\/4158\/revisions"}],"predecessor-version":[{"id":7206,"href":"https:\/\/www.tjba.jus.br\/nupemec\/wp-json\/wp\/v2\/pages\/4158\/revisions\/7206"}],"wp:attachment":[{"href":"https:\/\/www.tjba.jus.br\/nupemec\/wp-json\/wp\/v2\/media?parent=4158"}],"curies":[{"name":"wp","href":"https:\/\/api.w.org\/{rel}","templated":true}]}}