{"id":4951,"date":"2023-06-26T19:18:54","date_gmt":"2023-06-26T22:18:54","guid":{"rendered":"https:\/\/homologacaointerna.tjba.jus.br\/nupemec\/?page_id=4951"},"modified":"2024-08-21T12:16:32","modified_gmt":"2024-08-21T15:16:32","slug":"semana-estadual-de-conciliacao","status":"publish","type":"page","link":"https:\/\/www.tjba.jus.br\/nupemec\/semana-estadual-de-conciliacao\/","title":{"rendered":"2\u00aa SEMANA ESTADUAL DE CONCILIA\u00c7\u00c3O"},"content":{"rendered":"\n<p><br><a href=\"https:\/\/www.tjba.jus.br\/nupemec\/wp-content\/uploads\/2024\/07\/Relatorio-Consolidado-1a-S.E.C-15-07-2024-2.pdf\">RELAT\u00d3RIO CONSOLIDADO DA 1\u00aa SEC<\/a><\/p>\n\n\n\n<p><\/p>\n\n\n\n<figure class=\"wp-block-image\"><img loading=\"lazy\" decoding=\"async\" width=\"1920\" height=\"1080\" src=\"https:\/\/www.tjba.jus.br\/nupemec\/wp-content\/uploads\/2024\/08\/Capa-de-Materia-2a-Semana-Estadual-da-Conciliacao.png\" alt=\"\" class=\"wp-image-5996\" srcset=\"https:\/\/www.tjba.jus.br\/nupemec\/wp-content\/uploads\/2024\/08\/Capa-de-Materia-2a-Semana-Estadual-da-Conciliacao.png 1920w, https:\/\/www.tjba.jus.br\/nupemec\/wp-content\/uploads\/2024\/08\/Capa-de-Materia-2a-Semana-Estadual-da-Conciliacao-250x141.png 250w, https:\/\/www.tjba.jus.br\/nupemec\/wp-content\/uploads\/2024\/08\/Capa-de-Materia-2a-Semana-Estadual-da-Conciliacao-700x394.png 700w, https:\/\/www.tjba.jus.br\/nupemec\/wp-content\/uploads\/2024\/08\/Capa-de-Materia-2a-Semana-Estadual-da-Conciliacao-768x432.png 768w, https:\/\/www.tjba.jus.br\/nupemec\/wp-content\/uploads\/2024\/08\/Capa-de-Materia-2a-Semana-Estadual-da-Conciliacao-1536x864.png 1536w, https:\/\/www.tjba.jus.br\/nupemec\/wp-content\/uploads\/2024\/08\/Capa-de-Materia-2a-Semana-Estadual-da-Conciliacao-120x68.png 120w\" sizes=\"auto, (max-width: 1920px) 100vw, 1920px\" \/><\/figure>\n\n\n\n<div class=\"\">\n<h5 class=\"titulo\">\u00a0<\/h5>\n<\/div>\n<div class=\"mt-3 img-interna\">\u00a0<\/div>\n<div class=\"mt-3\">\n<p>Voc\u00ea, cidad\u00e3o, com uma a\u00e7\u00e3o judicial em andamento, tem interesse em conciliar? A oportunidade est\u00e1 pr\u00f3xima! O Tribunal de Justi\u00e7a da Bahia (TJBA) realiza, de 29 de outubro a 1\u00ba de novembro, mais uma edi\u00e7\u00e3o da Semana Estadual da Concilia\u00e7\u00e3o, conforme o\u00a0<span style=\"background-color: #ffffff;\"><mark class=\"has-inline-color has-vivid-cyan-blue-color\"><a style=\"background-color: #ffffff;\" href=\"https:\/\/www.tjba.jus.br\/portal\/wp-content\/uploads\/2024\/08\/ATO-CONJ-11_semana-conciliacao-republicacao.pdf\">Ato Normativo Conjunto n\u00ba 11\/2024<\/a><span style=\"background-color: #ffffff;\">.\u202f\u202f\u00a0<\/span><\/mark><\/span><\/p>\n<p>Para participar, basta acionar seu advogado ou sua advogada para requerer a designa\u00e7\u00e3o de audi\u00eancia de concilia\u00e7\u00e3o ou media\u00e7\u00e3o ao(\u00e0) magistrado(a) do processo.\u202f\u202f\u00a0<\/p>\n<p>Em sua segunda edi\u00e7\u00e3o neste ano, a Semana objetiva a uni\u00e3o de esfor\u00e7os para conciliar o maior n\u00famero de processos poss\u00edvel nas \u00e1reas de fam\u00edlia, c\u00edvel e de consumo, visando fortalecer os m\u00e9todos autocompositivos e reduzir a taxa de congestionamento nas unidades judici\u00e1rias.\u202f\u202f\u202f\u00a0<\/p>\n<p>Durante o per\u00edodo, ser\u00e1 poss\u00edvel, tamb\u00e9m, solucionar quest\u00f5es ainda n\u00e3o judicializadas (pr\u00e9-processual). Para realizar tal procedimento, os interessados devem procurar o Centro Judici\u00e1rio de Solu\u00e7\u00e3o Consensual de Conflitos (CEJUSC) mais pr\u00f3ximo. <a href=\"https:\/\/www.tjba.jus.br\/nupemec\/wp-content\/uploads\/2024\/07\/ATUALIZADA-ENDERECO-CEJUSC-2024-2.pdf\">Consulte aqui<\/a><span style=\"background-color: #ffffff;\">\u00a0<\/span>telefones e endere\u00e7os.\u202f\u202f\u00a0<\/p>\n<p>\u00a0<\/p>\n<p><strong>PREPARA\u00c7\u00c3O<\/strong>\u202f\u00a0<\/p>\n<p>Em of\u00edcio encaminhado a ju\u00edzes e ju\u00edzas de todo o Estado, o N\u00facleo Permanente de M\u00e9todos Consensuais de Solu\u00e7\u00e3o de Conflitos (NUPEMEC) do TJBA informou sobre os procedimentos para designa\u00e7\u00e3o de audi\u00eancias aos CEJUSCs (imagem abaixo), bem como os respectivos prazos. Al\u00e9m da referida comunica\u00e7\u00e3o, o NUPEMEC promove reuni\u00f5es virtuais com os ju\u00edzes coordenadores e supervisores dos CEJUSCs. As Empresas Parceiras da Justi\u00e7a, tamb\u00e9m, est\u00e3o sendo contactadas, com a finalidade de discutir a\u00e7\u00f5es de fomento para a 2\u00aa Semana Estadual de Concilia\u00e7\u00e3o.\u202f\u00a0<\/p>\n<p>\u201cA primeira Semana Estadual de Concilia\u00e7\u00e3o foi um movimento de sucesso, pois foram homologados 1.876 acordos; portanto, para repetir o sucesso do movimento, vamos construir juntos mais uma vez\u201d, declarou a Ju\u00edza Coordenadora do NUPEMEC, Cristiane Menezes Santos Barreto.\u202f\u00a0<\/p>\n<p>\u00a0<\/p>\n<p style=\"text-align: center;\"><strong>FLUXO DE TRAMITA\u00c7\u00c3O<\/strong>\u202f\u00a0<\/p>\n<div class=\"wp-block-image\">\n<figure class=\"aligncenter size-large\"><img loading=\"lazy\" decoding=\"async\" class=\"wp-image-146272\" title=\" \" src=\"https:\/\/www.tjba.jus.br\/portal\/wp-content\/uploads\/2024\/08\/infografrico-1024x725.png\" sizes=\"auto, (max-width: 1024px) 100vw, 1024px\" srcset=\"https:\/\/www.tjba.jus.br\/portal\/wp-content\/uploads\/2024\/08\/infografrico-1024x725.png 1024w, https:\/\/www.tjba.jus.br\/portal\/wp-content\/uploads\/2024\/08\/infografrico-300x212.png 300w, https:\/\/www.tjba.jus.br\/portal\/wp-content\/uploads\/2024\/08\/infografrico-768x544.png 768w, https:\/\/www.tjba.jus.br\/portal\/wp-content\/uploads\/2024\/08\/infografrico-1536x1088.png 1536w, https:\/\/www.tjba.jus.br\/portal\/wp-content\/uploads\/2024\/08\/infografrico-2048x1450.png 2048w\" alt=\"Prazo para peticionar audi\u00eancia na Semana Estadual da Concilia\u00e7\u00e3o do TJBA encerra em 30 de agosto\u00a0  \" width=\"1024\" height=\"725\" \/><\/figure>\n<\/div>\n<p>\u00a0<\/p>\n<p><strong>PRAZO DE SOLICITA\u00c7\u00c3O DE AUDI\u00caNCIAS<\/strong>\u202f\u00a0<\/p>\n<p>As solicita\u00e7\u00f5es de audi\u00eancia de concilia\u00e7\u00e3o ou media\u00e7\u00e3o devem ser peticionadas nos autos do processo at\u00e9 o dia 30\/08\/2024.\u202f<\/p>\n<p>\u00a0<\/p>\n<p><strong>MAIS INFORMA\u00c7\u00d5ES<\/strong>\u202f\u00a0<\/p>\n<p>O N\u00facleo Permanente de M\u00e9todos Consensuais de Solu\u00e7\u00e3o de Conflitos do TJBA est\u00e1 \u00e0 disposi\u00e7\u00e3o de magistrados(as), servidores(as), advogados(as) e cidad\u00e3os para dirimir d\u00favidas sobre a 2\u00aa Semana Estadual da Concilia\u00e7\u00e3o.\u202f\u00a0<\/p>\n<p>Para mais informa\u00e7\u00f5es, entrar em contato pelo e-mail\u00a0<mark class=\"has-inline-color has-vivid-cyan-blue-color\"><span style=\"background-color: #ffffff;\"><a style=\"background-color: #ffffff;\" href=\"mailto:nupemec@tjba.jus.br\" target=\"_blank\" rel=\"noreferrer noopener\">nupemec@tjba.jus.br<\/a> <\/span><\/mark>ou pelo telefone 3372-5172.\u202f\u00a0<\/p>\n<p>\u00a0<\/p>\n<div class=\"wp-block-image\">\n<figure class=\"aligncenter size-full\"><img loading=\"lazy\" decoding=\"async\" class=\"aligncenter wp-image-146170\" title=\" \" src=\"https:\/\/www.tjba.jus.br\/portal\/wp-content\/uploads\/2024\/08\/CARTAZ-NUPEMEC.jpg\" sizes=\"auto, (max-width: 571px) 100vw, 571px\" srcset=\"https:\/\/www.tjba.jus.br\/portal\/wp-content\/uploads\/2024\/08\/CARTAZ-NUPEMEC.jpg 571w, https:\/\/www.tjba.jus.br\/portal\/wp-content\/uploads\/2024\/08\/CARTAZ-NUPEMEC-213x300.jpg 213w\" alt=\"Prazo para peticionar audi\u00eancia na Semana Estadual da Concilia\u00e7\u00e3o do TJBA encerra em 30 de agosto\u00a0  \" width=\"571\" height=\"803\" \/><\/figure>\n<\/div>\n<p><strong>\u202f<\/strong><\/p>\n<\/div>\n<p>\u00a0<\/p>\n<p>Telefones (71) 3372-5049\/ 5170 \/ 5393 \/ 5673 \/ 5438 \/ 5159 \/ 5323\u00a0<\/p>\n","protected":false},"excerpt":{"rendered":"<p>RELAT\u00d3RIO CONSOLIDADO DA 1\u00aa SEC \u00a0 \u00a0 Voc\u00ea, cidad\u00e3o, com uma a\u00e7\u00e3o judicial em andamento, tem interesse em conciliar? A [&hellip;]<\/p>\n","protected":false},"author":16,"featured_media":0,"parent":0,"menu_order":0,"comment_status":"closed","ping_status":"closed","template":"","meta":{"_acf_changed":false,"footnotes":""},"class_list":["post-4951","page","type-page","status-publish","hentry"],"acf":[],"featured_image_src":null,"_links":{"self":[{"href":"https:\/\/www.tjba.jus.br\/nupemec\/wp-json\/wp\/v2\/pages\/4951","targetHints":{"allow":["GET"]}}],"collection":[{"href":"https:\/\/www.tjba.jus.br\/nupemec\/wp-json\/wp\/v2\/pages"}],"about":[{"href":"https:\/\/www.tjba.jus.br\/nupemec\/wp-json\/wp\/v2\/types\/page"}],"author":[{"embeddable":true,"href":"https:\/\/www.tjba.jus.br\/nupemec\/wp-json\/wp\/v2\/users\/16"}],"replies":[{"embeddable":true,"href":"https:\/\/www.tjba.jus.br\/nupemec\/wp-json\/wp\/v2\/comments?post=4951"}],"version-history":[{"count":68,"href":"https:\/\/www.tjba.jus.br\/nupemec\/wp-json\/wp\/v2\/pages\/4951\/revisions"}],"predecessor-version":[{"id":6003,"href":"https:\/\/www.tjba.jus.br\/nupemec\/wp-json\/wp\/v2\/pages\/4951\/revisions\/6003"}],"wp:attachment":[{"href":"https:\/\/www.tjba.jus.br\/nupemec\/wp-json\/wp\/v2\/media?parent=4951"}],"curies":[{"name":"wp","href":"https:\/\/api.w.org\/{rel}","templated":true}]}}