{"id":6696,"date":"2025-10-29T16:49:27","date_gmt":"2025-10-29T19:49:27","guid":{"rendered":"https:\/\/www.tjba.jus.br\/nupemec\/?page_id=6696"},"modified":"2026-03-31T09:34:25","modified_gmt":"2026-03-31T12:34:25","slug":"informativo-nupemec","status":"publish","type":"page","link":"https:\/\/www.tjba.jus.br\/nupemec\/informativo-nupemec\/","title":{"rendered":"Informativo NUPEMEC"},"content":{"rendered":"<div class=\"wp-block-ub-content-toggle wp-block-ub-content-toggle-block\" id=\"ub-content-toggle-block-38a49a6f-a7d6-4fc7-a379-87f4c11ba337\" data-mobilecollapse=\"false\" data-desktopcollapse=\"false\" data-preventcollapse=\"false\" data-showonlyone=\"false\">\n<div class=\"wp-block-ub-content-toggle-accordion\" style=\"border-color: #f1f1f1;\" id=\"ub-content-toggle-panel-block-\">\n\t\t\t<div class=\"wp-block-ub-content-toggle-accordion-title-wrap\" style=\"background-color: #f1f1f1;\" aria-controls=\"ub-content-toggle-panel-0-38a49a6f-a7d6-4fc7-a379-87f4c11ba337\" tabindex=\"0\">\n\t\t\t<p class=\"wp-block-ub-content-toggle-accordion-title ub-content-toggle-title-38a49a6f-a7d6-4fc7-a379-87f4c11ba337\" style=\"color: #000000; \">aNO: 2025<\/p>\n\t\t\t<div class=\"wp-block-ub-content-toggle-accordion-toggle-wrap right\" style=\"color: #000000;\"><span class=\"wp-block-ub-content-toggle-accordion-state-indicator wp-block-ub-chevron-down open\"><\/span><\/div>\n\t\t<\/div>\n\t\t\t<div role=\"region\" aria-expanded=\"true\" class=\"wp-block-ub-content-toggle-accordion-content-wrap\" id=\"ub-content-toggle-panel-0-38a49a6f-a7d6-4fc7-a379-87f4c11ba337\">\n\n<p><a href=\"https:\/\/www.tjba.jus.br\/nupemec\/wp-content\/uploads\/2025\/10\/Informativo-NUPEMEC-Agosto-2025-1.pdf\" data-type=\"attachment\" data-id=\"6699\" target=\"_blank\" rel=\"noreferrer noopener\">1\u00aa Edi\u00e7\u00e3o &#8211; Agosto <\/a><\/p>\n\n\n\n<p><a href=\"https:\/\/www.tjba.jus.br\/nupemec\/wp-content\/uploads\/2025\/10\/Informativo-NUPEMEC-Setembro-2025.pdf\" data-type=\"attachment\" data-id=\"6698\" target=\"_blank\" rel=\"noreferrer noopener\">2\u00aa Edi\u00e7\u00e3o &#8211; Setembro<\/a><\/p>\n\n\n\n<p><a href=\"https:\/\/www.tjba.jus.br\/nupemec\/wp-content\/uploads\/2025\/10\/Informativo-NUPEMEC-3a-Edicao-Enviado-pra-ASCOM.pdf\" data-type=\"attachment\" data-id=\"6697\" target=\"_blank\" rel=\"noreferrer noopener\">3\u00aa Edi\u00e7\u00e3o &#8211; Outubro<\/a><\/p>\n\n\n\n<p><a href=\"https:\/\/www.tjba.jus.br\/portal\/wp-content\/uploads\/2025\/11\/Informativo-NUPEMEC-4a-Edicao.pdf\" data-type=\"attachment\" data-id=\"6697\" target=\"_blank\" rel=\"noreferrer noopener\">4\u00aa Edi\u00e7\u00e3o &#8211; Novembro<\/a><\/p>\n\n\n\n<p><a href=\"https:\/\/www.tjba.jus.br\/nupemec\/wp-content\/uploads\/2025\/12\/Informativo-NUPEMEC-5a-Edicao-2.pdf\" data-type=\"attachment\" data-id=\"6697\" target=\"_blank\" rel=\"noreferrer noopener\">5\u00aa Edi\u00e7\u00e3o &#8211; Dezembro<\/a><\/p>\n\n<\/div>\n\t\t<\/div>\n\n<div class=\"wp-block-ub-content-toggle-accordion\" style=\"border-color: #f1f1f1;\" id=\"ub-content-toggle-panel-block-\">\n\t\t\t<div class=\"wp-block-ub-content-toggle-accordion-title-wrap\" style=\"background-color: #f1f1f1;\" aria-controls=\"ub-content-toggle-panel-1-38a49a6f-a7d6-4fc7-a379-87f4c11ba337\" tabindex=\"0\">\n\t\t\t<p class=\"wp-block-ub-content-toggle-accordion-title ub-content-toggle-title-38a49a6f-a7d6-4fc7-a379-87f4c11ba337\" style=\"color: #000000; \">ano: 2026<\/p>\n\t\t\t<div class=\"wp-block-ub-content-toggle-accordion-toggle-wrap right\" style=\"color: #000000;\"><span class=\"wp-block-ub-content-toggle-accordion-state-indicator wp-block-ub-chevron-down open\"><\/span><\/div>\n\t\t<\/div>\n\t\t\t<div role=\"region\" aria-expanded=\"true\" class=\"wp-block-ub-content-toggle-accordion-content-wrap\" id=\"ub-content-toggle-panel-1-38a49a6f-a7d6-4fc7-a379-87f4c11ba337\">\n\n<p><a href=\"https:\/\/www.tjba.jus.br\/portal\/wp-content\/uploads\/2026\/02\/Informativo-NUPEMEC-1a-Edicao.2026-2-1.pdf\" data-type=\"attachment\" data-id=\"6699\" target=\"_blank\" rel=\"noreferrer noopener\">1\u00aa Edi\u00e7\u00e3o &#8211; Janeiro <\/a><\/p>\n\n\n\n<p><a href=\"https:\/\/www.tjba.jus.br\/nupemec\/wp-content\/uploads\/2026\/03\/Informativo-NUPEMEC-2a-Edicao.2026-1.pdf\" data-type=\"link\" data-id=\"https:\/\/www.tjba.jus.br\/nupemec\/wp-content\/uploads\/2026\/03\/Informativo-NUPEMEC-2a-Edicao.2026-1.pdf\" target=\"_blank\" rel=\"noreferrer noopener\">2\u00aa Edi\u00e7\u00e3o &#8211; Fevereiro <\/a><\/p>\n\n\n\n<p><a href=\"https:\/\/www.tjba.jus.br\/nupemec\/wp-content\/uploads\/2026\/03\/Informativo-NUPEMEC-3a-Edicao.2026.pdf\" data-type=\"link\" data-id=\"https:\/\/www.tjba.jus.br\/nupemec\/wp-content\/uploads\/2026\/03\/Informativo-NUPEMEC-2a-Edicao.2026-1.pdf\" target=\"_blank\" rel=\"noreferrer noopener\">3\u00aa Edi\u00e7\u00e3o &#8211; Mar\u00e7o <\/a><\/p>\n\n<\/div>\n\t\t<\/div>\n<\/div>\n\n\n<p><\/p>\n","protected":false},"excerpt":{"rendered":"","protected":false},"author":26,"featured_media":0,"parent":0,"menu_order":0,"comment_status":"closed","ping_status":"closed","template":"","meta":{"_acf_changed":false,"footnotes":""},"class_list":["post-6696","page","type-page","status-publish","hentry"],"acf":[],"featured_image_src":null,"_links":{"self":[{"href":"https:\/\/www.tjba.jus.br\/nupemec\/wp-json\/wp\/v2\/pages\/6696","targetHints":{"allow":["GET"]}}],"collection":[{"href":"https:\/\/www.tjba.jus.br\/nupemec\/wp-json\/wp\/v2\/pages"}],"about":[{"href":"https:\/\/www.tjba.jus.br\/nupemec\/wp-json\/wp\/v2\/types\/page"}],"author":[{"embeddable":true,"href":"https:\/\/www.tjba.jus.br\/nupemec\/wp-json\/wp\/v2\/users\/26"}],"replies":[{"embeddable":true,"href":"https:\/\/www.tjba.jus.br\/nupemec\/wp-json\/wp\/v2\/comments?post=6696"}],"version-history":[{"count":15,"href":"https:\/\/www.tjba.jus.br\/nupemec\/wp-json\/wp\/v2\/pages\/6696\/revisions"}],"predecessor-version":[{"id":7193,"href":"https:\/\/www.tjba.jus.br\/nupemec\/wp-json\/wp\/v2\/pages\/6696\/revisions\/7193"}],"wp:attachment":[{"href":"https:\/\/www.tjba.jus.br\/nupemec\/wp-json\/wp\/v2\/media?parent=6696"}],"curies":[{"name":"wp","href":"https:\/\/api.w.org\/{rel}","templated":true}]}}