{"id":7013,"date":"2026-02-24T16:18:04","date_gmt":"2026-02-24T19:18:04","guid":{"rendered":"https:\/\/www.tjba.jus.br\/nupemec\/?page_id=7013"},"modified":"2026-03-17T16:01:50","modified_gmt":"2026-03-17T19:01:50","slug":"cejusc-2o-grau","status":"publish","type":"page","link":"https:\/\/www.tjba.jus.br\/nupemec\/cejusc-2o-grau\/","title":{"rendered":"CEJUSC 2\u00ba Grau"},"content":{"rendered":"<div class=\"wp-block-image\">\n<figure class=\"aligncenter size-full is-resized\"><img decoding=\"async\" src=\"https:\/\/www.tjba.jus.br\/nupemec\/wp-content\/uploads\/2026\/02\/cejusc-2-grau-1-scaled.png\" alt=\"\" class=\"wp-image-7014\" style=\"aspect-ratio:3.0552001895285477;object-fit:cover;width:403px;height:auto\"\/><\/figure>\n<\/div>\n\n\n<p><\/p>\n\n\n\n<hr class=\"wp-block-separator has-alpha-channel-opacity\"\/>\n\n\n\n<h1 style=\"text-align: center;\"><strong>O Papel do CEJUSC 2\u00ba Grau<\/strong><br \/><strong> do Tribunal de Justi\u00e7a da Bahia<\/strong><\/h1>\n\n\n\n<hr class=\"wp-block-separator has-alpha-channel-opacity\"\/>\n\n\n\n<html>\n<table>\n<tbody>\n<tr>\n<td>\n<p style=\"text-align: justify;\">O <b>Centro Judici\u00e1rio de Solu\u00e7\u00e3o Consensual de Conflitos (CEJUSC) de 2\u00ba Grau<\/b> do <b>Tribunal de Justi\u00e7a do Estado da Bahia (TJBA)<\/b> \u00e9 a unidade respons\u00e1vel por promover a autocomposi\u00e7\u00e3o nos processos que j\u00e1 se encontram em fase recursal, ou seja, no \u00e2mbito do Tribunal.<\/p>\n\n<p style=\"text-align: justify;\">Sua atua\u00e7\u00e3o ocorre sob a coordena\u00e7\u00e3o do <b>N\u00facleo Permanente de Solu\u00e7\u00e3o de Conflitos (NUPEMEC)<\/b>, em conson\u00e2ncia com a pol\u00edtica judici\u00e1ria nacional estabelecida pelo <b>Conselho Nacional de Justi\u00e7a (CNJ)<\/b>, especialmente nos termos da <b>Resolu\u00e7\u00e3o n\u00ba 125\/2010<\/b>.<\/p>\n\n<p style=\"text-align: justify;\">Compete ao <b>CEJUSC de 2\u00ba Grau<\/b> fomentar a autocomposi\u00e7\u00e3o em processos que tramitam no Tribunal, incluindo apela\u00e7\u00f5es, agravos e demais recursos. A unidade busca a celebra\u00e7\u00e3o de acordos antes do julgamento colegiado, podendo atuar mediante provoca\u00e7\u00e3o das partes, por encaminhamento do relator ou por triagem interna de processos com potencial conciliat\u00f3rio.<\/p>\n\n<p style=\"text-align: justify;\">Al\u00e9m disso, o CEJUSC contribui para a redu\u00e7\u00e3o da litigiosidade e do tempo de tramita\u00e7\u00e3o processual, evitando julgamentos quando h\u00e1 consenso entre as partes e colaborando para a diminui\u00e7\u00e3o do acervo processual do Tribunal. Dessa forma, promove solu\u00e7\u00f5es o mais cel\u00e9re, eficiente e adequada aos conflitos.<\/p>\n\n<p style=\"text-align: justify;\">O \u00f3rg\u00e3o tamb\u00e9m assegura o tratamento adequado dos conflitos por meio da aplica\u00e7\u00e3o de t\u00e9cnicas de media\u00e7\u00e3o e concilia\u00e7\u00e3o, conduzidas por mediadores capacitados, observando princ\u00edpios como: voluntariedade; confidencialidade; imparcialidade; e autonomia da vontade das partes.<\/p>\n\n<p style=\"text-align: justify;\">No \u00e2mbito estrutural, o <b>CEJUSC de 2\u00ba Grau<\/b> atua como instrumento auxiliar dos gabinetes e c\u00e2maras julgadoras, podendo receber processos com pass\u00edveis de conciliar, formalizar os acordos celebrados e submet\u00ea-los \u00e0 homologa\u00e7\u00e3o judicial.<\/p>\n\n<p style=\"text-align: justify;\">Por fim, a atua\u00e7\u00e3o do <b>CEJUSC de 2\u00ba Grau<\/b> concretiza a pol\u00edtica de pacifica\u00e7\u00e3o social, conferindo efetividade ao artigo 3\u00ba \u00a7\u00a7 2\u00ba e 3\u00ba, do C\u00f3digo de Processo Civil, ao estimular a cultura da solu\u00e7\u00e3o consensual tamb\u00e9m na fase recursal. Sua relev\u00e2ncia estrat\u00e9gica se destaca especialmente porque muitos processos j\u00e1 passaram por tentativa de concilia\u00e7\u00e3o no 1\u00ba Grau, e a proximidade do julgamento tende a aumentar a disposi\u00e7\u00e3o das partes para negociar, possibilitando a resolu\u00e7\u00e3o do conflito antes da froma\u00e7\u00e3o de precedente judicial.<\/p>\n\n<p><\/p>\n<\/td>\n<\/tr>\n<\/tbody>\n<\/table>\n<\/html>\n\n\n<div class=\"wp-block-ub-content-toggle wp-block-ub-content-toggle-block\" id=\"ub-content-toggle-block-4ed36ec7-672b-48d5-8b4c-c852b459a19a\" data-mobilecollapse=\"false\" data-desktopcollapse=\"false\" data-preventcollapse=\"false\" data-showonlyone=\"false\">\n<div class=\"wp-block-ub-content-toggle-accordion\" style=\"border-color: #f1f1f1;\" id=\"ub-content-toggle-panel-block-\">\n\t\t\t<div class=\"wp-block-ub-content-toggle-accordion-title-wrap\" style=\"background-color: #f1f1f1;\" aria-controls=\"ub-content-toggle-panel-0-4ed36ec7-672b-48d5-8b4c-c852b459a19a\" tabindex=\"0\">\n\t\t\t<p class=\"wp-block-ub-content-toggle-accordion-title ub-content-toggle-title-4ed36ec7-672b-48d5-8b4c-c852b459a19a\" style=\"color: #000000; \">Contatos cejusc 2\u00ba grau<\/p>\n\t\t\t<div class=\"wp-block-ub-content-toggle-accordion-toggle-wrap left\" style=\"color: #000000;\"><span class=\"wp-block-ub-content-toggle-accordion-state-indicator wp-block-ub-chevron-down open\"><\/span><\/div>\n\t\t<\/div>\n\t\t\t<div role=\"region\" aria-expanded=\"true\" class=\"wp-block-ub-content-toggle-accordion-content-wrap\" id=\"ub-content-toggle-panel-0-4ed36ec7-672b-48d5-8b4c-c852b459a19a\">\n\n<p>O Centro Judici\u00e1rio de Solu\u00e7\u00e3o Consensual de Conflitos \u2013 CEJUSC de 2\u00ba Grau, vinculado ao N\u00facleo Permanente de M\u00e9todos Consensuais de Solu\u00e7\u00e3o de Conflitos \u2013 NUPEMEC, atua na promo\u00e7\u00e3o da autocomposi\u00e7\u00e3o em fase recursal no \u00e2mbito do Tribunal de Justi\u00e7a da Bahia.<\/p>\n\n\n\n<p><br>A unidade encontra-se instalada no Centro Administrativo da Bahia \u2013 CAB, no seguinte endere\u00e7o:<\/p>\n\n\n\n<p><br>5\u00aa Avenida do CAB, n\u00ba 560 \u2013 Edif\u00edcio Sede, 3\u00ba Andar, Sala 310-N, Salvador \u2013 Bahia<br>CEP 41745-004 \u2013 Brasil<\/p>\n\n\n\n<p><br>Para atendimento e informa\u00e7\u00f5es:<\/p>\n\n\n\n<p><br>Telefone: (71) 3372-5175 | E-mail: nupemec@tjba.jus.br<\/p>\n\n<\/div>\n\t\t<\/div>\n<\/div>\n\n<div class=\"wp-block-ub-content-toggle wp-block-ub-content-toggle-block\" id=\"ub-content-toggle-block-30348ab8-9b9b-4793-971e-ecbe0b7b7805\" data-mobilecollapse=\"false\" data-desktopcollapse=\"false\" data-preventcollapse=\"false\" data-showonlyone=\"false\">\n<div class=\"wp-block-ub-content-toggle-accordion\" style=\"border-color: #f1f1f1;\" id=\"ub-content-toggle-panel-block-\">\n\t\t\t<div class=\"wp-block-ub-content-toggle-accordion-title-wrap\" style=\"background-color: #f1f1f1;\" aria-controls=\"ub-content-toggle-panel-0-30348ab8-9b9b-4793-971e-ecbe0b7b7805\" tabindex=\"0\">\n\t\t\t<p class=\"wp-block-ub-content-toggle-accordion-title ub-content-toggle-title-30348ab8-9b9b-4793-971e-ecbe0b7b7805\" style=\"color: #000000; \">composi\u00e7\u00e3o<\/p>\n\t\t\t<div class=\"wp-block-ub-content-toggle-accordion-toggle-wrap left\" style=\"color: #000000;\"><span class=\"wp-block-ub-content-toggle-accordion-state-indicator wp-block-ub-chevron-down open\"><\/span><\/div>\n\t\t<\/div>\n\t\t\t<div role=\"region\" aria-expanded=\"true\" class=\"wp-block-ub-content-toggle-accordion-content-wrap\" id=\"ub-content-toggle-panel-0-30348ab8-9b9b-4793-971e-ecbe0b7b7805\">\n\n<p><\/p>\n\n\n\n<table>\n<tbody>\n<tr>\n<td>\n<p style=\"text-align: justify;\">\nO <strong>Centro Judici\u00e1rio de Solu\u00e7\u00e3o Consensual de Conflitos \u2013 CEJUSC de 2\u00ba Grau<\/strong> integra a estrutura do Tribunal de Justi\u00e7a da Bahia, atuando na promo\u00e7\u00e3o da autocomposi\u00e7\u00e3o em processos que tramitam em fase recursal, em conson\u00e2ncia com a Pol\u00edtica Judici\u00e1ria Nacional de tratamento adequado dos conflitos, institu\u00edda pela Resolu\u00e7\u00e3o n\u00ba 125\/2010 do Conselho Nacional de Justi\u00e7a.\n<\/p>\n<p style=\"text-align: justify;\"> <\/p>\n<p style=\"text-align: justify;\"> <\/p>\n\n<p style=\"text-align: justify;\">\nO <strong>CEJUSC de 2\u00ba Grau<\/strong> encontra-se institucionalmente vinculado ao N\u00facleo Permanente de M\u00e9todos Consensuais de Solu\u00e7\u00e3o de Conflitos \u2013 NUPEMEC, \u00f3rg\u00e3o respons\u00e1vel pela coordena\u00e7\u00e3o, supervis\u00e3o e implementa\u00e7\u00e3o das pol\u00edticas de media\u00e7\u00e3o e concilia\u00e7\u00e3o no \u00e2mbito do Tribunal.\n<\/p>\n<p style=\"text-align: justify;\"> <\/p>\n<p style=\"text-align: justify;\"> <\/p>\n<p style=\"text-align: justify;\">\n<strong>I \u2013 ESTRUTURA HIER\u00c1RQUICA INSTITUCIONAL<\/strong>\n<\/p><p><\/p>\n\n<p style=\"text-align: justify;\">\nDesembargadora <strong>MARIELZA BRAND\u00c3O FRANCO<\/strong><br>\nSupervis\u00e3o do NUPEMEC\n<\/p>\n\n<p style=\"text-align: justify;\">\nJu\u00edza <strong>ELKE FIGUEIREDO SCHUSTER<\/strong><br>\nCoordena\u00e7\u00e3o do NUPEMEC\n<\/p>\n\n<p style=\"text-align: justify;\">\n<strong>PEDRO L\u00daCIO SILVA VIVAS<\/strong><br>\nDiretoria Administrativa do NUPEMEC\n<\/p>\n\n<p style=\"text-align: justify;\"> <\/p>\n<p style=\"text-align: justify;\"> <\/p>\n<p style=\"text-align: justify;\">\n\n<strong>II \u2013 COMPOSI\u00c7\u00c3O FUNCIONAL<\/strong>\n<\/p><p><\/p>\n\n<h1 class=\"primaryText-789\" title=\"Elke Figueiredo Schuster\" data-log-name=\"DisplayName\"> <\/h1>\n\n<p style=\"text-align: justify;\">\n<strong>MARCOS PERCY MACEDO MACHADO<\/strong><br>\nSupervis\u00e3o do CEJUSC de 2\u00ba Grau\n<\/p>\n\n<p style=\"text-align: justify;\">\n<em>\nCompete ao Supervisor coordenar as atividades administrativas e operacionais da unidade, gerir os procedimentos de media\u00e7\u00e3o e concilia\u00e7\u00e3o em fase recursal, supervisionar a equipe de apoio, promover o cumprimento das diretrizes estabelecidas pelo NUPEMEC e assegurar a observ\u00e2ncia da Pol\u00edtica Judici\u00e1ria Nacional de tratamento adequado dos conflitos no \u00e2mbito do Tribunal.\n<\/em>\n<\/p>\n<p style=\"text-align: justify;\"> <\/p>\n<p style=\"text-align: justify;\">A referida estrutura evidencia a vincula\u00e7\u00e3o hier\u00e1rquica do CEJUSC de 2\u00ba Grau ao NUPEMEC, garantindo alinhamento normativo, coordena\u00e7\u00e3o estrat\u00e9gica e supervis\u00e3o administrativa das atividades desenvolvidas no \u00e2mbito do Tribunal de Justi\u00e7a da Bahia.\n<\/p>\n<p style=\"text-align: justify;\"> <\/p>\n\n<\/td>\n<\/tr>\n<\/tbody>\n<\/table>\n\n\n\n<p><\/p>\n\n<\/div>\n\t\t<\/div>\n<\/div>\n\n<div class=\"wp-block-ub-content-toggle wp-block-ub-content-toggle-block\" id=\"ub-content-toggle-block-799772fd-1010-41fa-9489-412236689918\" data-mobilecollapse=\"false\" data-desktopcollapse=\"false\" data-preventcollapse=\"false\" data-showonlyone=\"false\">\n<div class=\"wp-block-ub-content-toggle-accordion\" style=\"border-color: #f1f1f1;\" id=\"ub-content-toggle-panel-block-\">\n\t\t\t<div class=\"wp-block-ub-content-toggle-accordion-title-wrap\" style=\"background-color: #f1f1f1;\" aria-controls=\"ub-content-toggle-panel-0-799772fd-1010-41fa-9489-412236689918\" tabindex=\"0\">\n\t\t\t<p class=\"wp-block-ub-content-toggle-accordion-title ub-content-toggle-title-799772fd-1010-41fa-9489-412236689918\" style=\"color: #000000; \">Relat\u00f3rios estat\u00edsticos<\/p>\n\t\t\t<div class=\"wp-block-ub-content-toggle-accordion-toggle-wrap left\" style=\"color: #000000;\"><span class=\"wp-block-ub-content-toggle-accordion-state-indicator wp-block-ub-chevron-down open\"><\/span><\/div>\n\t\t<\/div>\n\t\t\t<div role=\"region\" aria-expanded=\"true\" class=\"wp-block-ub-content-toggle-accordion-content-wrap\" id=\"ub-content-toggle-panel-0-799772fd-1010-41fa-9489-412236689918\">\n\n<p><a href=\"https:\/\/www.tjba.jus.br\/nupemec\/wp-content\/uploads\/2026\/03\/Relatorio-Estatisco-Institucional-Controle-Mensal-de-Audiencias-marco-de-2026-1.pdf\">Relat\u00f3rio Estat\u00edstico CEJUSC 2\u00ba Grau &#8211; Mar\u00e7o 2026<\/a><\/p>\n\n\n\n<p><a href=\"https:\/\/www.tjba.jus.br\/nupemec\/wp-content\/uploads\/2026\/03\/Relatorio-Estatisco-Institucional-Controle-Mensal-de-Audiencias-Fevereiro-de-2026.pdf\" data-type=\"link\" data-id=\"https:\/\/www.tjba.jus.br\/nupemec\/wp-content\/uploads\/2026\/03\/Relatorio-Estatisco-Institucional-Controle-Mensal-de-Audiencias-Fevereiro-de-2026-1.pdf\">Relat\u00f3rio Estat\u00edstico CEJUSC 2\u00ba Grau &#8211; Fevereiro 2026<\/a><\/p>\n\n\n\n<p><a href=\"https:\/\/www.tjba.jus.br\/nupemec\/wp-content\/uploads\/2026\/03\/Relatorio-Estatisco-Institucional-Controle-Mensal-de-Audiencias-Janeiro-de-2026-1.pdf\">Relat\u00f3rio Estat\u00edstico CEJUSC 2\u00ba Grau &#8211; Janeiro 2026<\/a><\/p>\n\n<\/div>\n\t\t<\/div>\n\n<div class=\"wp-block-ub-content-toggle-accordion\" style=\"border-color: #f1f1f1;\" id=\"ub-content-toggle-panel-block-\">\n\t\t\t<div class=\"wp-block-ub-content-toggle-accordion-title-wrap\" style=\"background-color: #f1f1f1;\" aria-controls=\"ub-content-toggle-panel-1-799772fd-1010-41fa-9489-412236689918\" tabindex=\"0\">\n\t\t\t<p class=\"wp-block-ub-content-toggle-accordion-title ub-content-toggle-title-799772fd-1010-41fa-9489-412236689918\" style=\"color: #000000; \">materiais gr\u00e1ficos<\/p>\n\t\t\t<div class=\"wp-block-ub-content-toggle-accordion-toggle-wrap left\" style=\"color: #000000;\"><span class=\"wp-block-ub-content-toggle-accordion-state-indicator wp-block-ub-chevron-down open\"><\/span><\/div>\n\t\t<\/div>\n\t\t\t<div role=\"region\" aria-expanded=\"true\" class=\"wp-block-ub-content-toggle-accordion-content-wrap\" id=\"ub-content-toggle-panel-1-799772fd-1010-41fa-9489-412236689918\">\n\n<p><a href=\"https:\/\/www.tjba.jus.br\/nupemec\/wp-content\/uploads\/2026\/02\/Folheto-Informativo-CEJUSC-2o-Grau.pdf\">Folheto Informativo &#8211; CEJUSC 2\u00ba Grau<\/a><\/p>\n\n<\/div>\n\t\t<\/div>\n<\/div>\n\n\n<p><\/p>\n","protected":false},"excerpt":{"rendered":"<p>O Papel do CEJUSC 2\u00ba Grau do Tribunal de Justi\u00e7a da Bahia O Centro Judici\u00e1rio de Solu\u00e7\u00e3o Consensual de Conflitos [&hellip;]<\/p>\n","protected":false},"author":26,"featured_media":7014,"parent":0,"menu_order":0,"comment_status":"closed","ping_status":"closed","template":"","meta":{"_acf_changed":false,"footnotes":""},"class_list":["post-7013","page","type-page","status-publish","has-post-thumbnail","hentry"],"acf":[],"featured_image_src":"https:\/\/www.tjba.jus.br\/nupemec\/wp-content\/uploads\/2026\/02\/cejusc-2-grau-1-scaled-e1771960388114.png","_links":{"self":[{"href":"https:\/\/www.tjba.jus.br\/nupemec\/wp-json\/wp\/v2\/pages\/7013","targetHints":{"allow":["GET"]}}],"collection":[{"href":"https:\/\/www.tjba.jus.br\/nupemec\/wp-json\/wp\/v2\/pages"}],"about":[{"href":"https:\/\/www.tjba.jus.br\/nupemec\/wp-json\/wp\/v2\/types\/page"}],"author":[{"embeddable":true,"href":"https:\/\/www.tjba.jus.br\/nupemec\/wp-json\/wp\/v2\/users\/26"}],"replies":[{"embeddable":true,"href":"https:\/\/www.tjba.jus.br\/nupemec\/wp-json\/wp\/v2\/comments?post=7013"}],"version-history":[{"count":51,"href":"https:\/\/www.tjba.jus.br\/nupemec\/wp-json\/wp\/v2\/pages\/7013\/revisions"}],"predecessor-version":[{"id":7141,"href":"https:\/\/www.tjba.jus.br\/nupemec\/wp-json\/wp\/v2\/pages\/7013\/revisions\/7141"}],"wp:featuredmedia":[{"embeddable":true,"href":"https:\/\/www.tjba.jus.br\/nupemec\/wp-json\/wp\/v2\/media\/7014"}],"wp:attachment":[{"href":"https:\/\/www.tjba.jus.br\/nupemec\/wp-json\/wp\/v2\/media?parent=7013"}],"curies":[{"name":"wp","href":"https:\/\/api.w.org\/{rel}","templated":true}]}}