{"id":7170,"date":"2026-03-26T15:50:40","date_gmt":"2026-03-26T18:50:40","guid":{"rendered":"https:\/\/www.tjba.jus.br\/nupemec\/?page_id=7170"},"modified":"2026-03-26T16:45:30","modified_gmt":"2026-03-26T19:45:30","slug":"cejuscs-regionais-2","status":"publish","type":"page","link":"https:\/\/www.tjba.jus.br\/nupemec\/cejuscs-regionais-2\/","title":{"rendered":"CEJUSCs Regionais"},"content":{"rendered":"\n<table id=\"tablepress-11\" class=\"tablepress tablepress-id-11\">\n<thead>\n<tr class=\"row-1\">\n\t<th class=\"column-1\">CEJUSC Regional<\/th><th class=\"column-2\">Endere\u00e7o<\/th><th class=\"column-3\">Regi\u00e3o<\/th><th class=\"column-4\">CEJUSCs Vinculados<\/th>\n<\/tr>\n<\/thead>\n<tbody class=\"row-striping row-hover\">\n<tr class=\"row-2\">\n\t<td class=\"column-1\">Alagoinhas <br \/>\n(4 comarcas)<\/td><td class=\"column-2\">Rua Dantas Bi\u00e3o, shopping Laguna, 1\u00b0 andar \u2013 Centro, Alagoinhas.<\/td><td class=\"column-3\">Nordeste Baiano <\/td><td class=\"column-4\"><br \/>\nCEJUSC da Comarca de Conde <br \/>\n<br \/>\nCEJUSC da Comarca de Esplanada <br \/>\n<br \/>\nCEJUSC da Comarca de Monte Santo <br \/>\n<br \/>\nCEJUSC da Comarca de Uau\u00e1 <br \/>\n<br \/>\n<\/td>\n<\/tr>\n<tr class=\"row-3\">\n\t<td class=\"column-1\">Barreiras <br \/>\n(5 comarcas) <\/td><td class=\"column-2\">Rua An\u00edbal Alves Barbosa, s\/n, 4\u00ba andar, salas de media\u00e7\u00e3o n\u00ba 1 e 2, Centro, Barreiras, CEP: 47.800-163<\/td><td class=\"column-3\">Extremo-Oeste Baiano <\/td><td class=\"column-4\"><br \/>\nCEJUSC da Comarca de Baian\u00f3polis <br \/>\n<br \/>\nCEJUSC da Comarca de Coribe <br \/>\n<br \/>\nCEJUSC da Comarca de Cotegipe <br \/>\n<br \/>\nCEJUSC da Comarca de Santana <br \/>\n<br \/>\n<\/td>\n<\/tr>\n<tr class=\"row-4\">\n\t<td class=\"column-1\">Brumado <br \/>\n(11 comarcas) <\/td><td class=\"column-2\">Rua Dr. M\u00e1rio Meira n\u00ba 79, bairro Centro, Brumado. CEP 46.100-131<\/td><td class=\"column-3\">Centro-Sul Baiano <\/td><td class=\"column-4\"><br \/>\nCEJUSC da Comarca de Igapor\u00e3 <br \/>\n<br \/>\nCEJUSC da Comarca de Itarantim <br \/>\n<br \/>\nCEJUSC da Comarca de Itoror\u00f3 <br \/>\n<br \/>\nCEJUSC da Comarca de Macarani <br \/>\n<br \/>\nCEJUSC da Comarca de Marac\u00e1s <br \/>\n<br \/>\nCEJUSC da Comarca de Paratinga <br \/>\n<br \/>\nCEJUSC da Comarca de Pres. J\u00e2nio Quadros <br \/>\n<br \/>\nCEJUSC da Comarca de Santa In\u00eas <br \/>\n<br \/>\nCEJUSC da Comarca de Tanha\u00e7u <br \/>\n<br \/>\nCEJUSC da Comarca de Tanque Novo <br \/>\n<br \/>\nCEJUSC da Comarca de Urandi <br \/>\n<br \/>\n<\/td>\n<\/tr>\n<tr class=\"row-5\">\n\t<td class=\"column-1\">Coaraci <br \/>\n(4 comarcas) <\/td><td class=\"column-2\">Antigo F\u00f3rum: Rua Ant\u00f4nio Teixeira, n\u00b0 10, Centro, CEP 45.638-000<\/td><td class=\"column-3\">Sul Baiano <\/td><td class=\"column-4\"><br \/>\nCEJUSC da Comarca de Ibicara\u00ed <br \/>\n<br \/>\nCEJUSC da Comarca de Itaju\u00edpe <br \/>\n<br \/>\nCEJUSC da Comarca de Una <br \/>\n<br \/>\nCEJUSC da Comarca de Uru\u00e7uca <br \/>\n<br \/>\n<\/td>\n<\/tr>\n<tr class=\"row-6\">\n\t<td class=\"column-1\">Cruz das Almas <br \/>\n(6 comarcas) <\/td><td class=\"column-2\">Pra\u00e7a Manoel Caetano da Rocha Passos 308 Centro, Cruz das Almas<\/td><td class=\"column-3\">Zona Metropolitana de Salvador <\/td><td class=\"column-4\"><br \/>\nCEJUSC da Comarca de Governador Mangabeira <br \/>\n<br \/>\nCEJUSC da Comarca de Mutu\u00edpe <br \/>\n<br \/>\n CEJUSC da Comarca de Santa Terezinha <br \/>\n<br \/>\nCEJUSC da Comarca de Sapea\u00e7u <br \/>\n<br \/>\nCEJUSC da Comarca de Terra Nova <br \/>\n<br \/>\nCEJUSC da Comarca de Uba\u00edra <br \/>\n<br \/>\n<\/td>\n<\/tr>\n<tr class=\"row-7\">\n\t<td class=\"column-1\">Irec\u00ea <br \/>\n(4 comarcas) <\/td><td class=\"column-2\">Avenida Sol Poente, s\/n \u2013 Asa Norte, 3\u00ba Andar do F\u00f3rum Dantas Junior Ayres, Irec\u00ea\/BA<\/td><td class=\"column-3\">Centro-Norte Baiano <\/td><td class=\"column-4\"><br \/>\nCEJUSC da Comarca de Central <br \/>\n<br \/>\nCEJUSC da Comarca de Gentio do Ouro <br \/>\n<br \/>\nCEJUSC da Comarca de Iti\u00faba <br \/>\n<br \/>\nCEJUSC da Comarca de Mairi <br \/>\n<br \/>\n<\/td>\n<\/tr>\n<tr class=\"row-8\">\n\t<td class=\"column-1\">Jacobina <br \/>\n(4 comarcas) <\/td><td class=\"column-2\">Rua Margem Rio do Ouro, s\/n, Centro, CEP 44.700-000<\/td><td class=\"column-3\">Centro-Norte Baiano <\/td><td class=\"column-4\"><br \/>\n CEJUSC da Comarca de Miguel Calmon <br \/>\n<br \/>\nCEJUSC da Comarca de Piritiba <br \/>\n<br \/>\nCEJUSC da Comarca de Sa\u00fade <br \/>\n<br \/>\n CEJUSC da Comarca de Utinga <br \/>\n<br \/>\n<\/td>\n<\/tr>\n<tr class=\"row-9\">\n\t<td class=\"column-1\">Jequi\u00e9 <br \/>\n(8 comarcas) <\/td><td class=\"column-2\">Pra\u00e7a Duque de Caxias, s\/n, Jequiezinho \u2013 CEP 45208-902, Jequi\u00e9-BA<\/td><td class=\"column-3\">Centro-Sul Baiano <\/td><td class=\"column-4\"><br \/>\nCEJUSC da Comarca de Barra da Estiva <br \/>\n<br \/>\nCEJUSC da Comarca de Carinhanha <br \/>\n<br \/>\n<br \/>\nCEJUSC da Comarca de Conde\u00faba <br \/>\n<br \/>\nCEJUSC da Comarca de Jita\u00fana <br \/>\n<br \/>\nCEJUSC da Comarca de Itua\u00e7u <br \/>\n<br \/>\nCEJUSC da Comarca de Jacaraci <br \/>\n<br \/>\nCEJUSC da Comarca de Palmas de Monte Alto <br \/>\n<br \/>\nCEJUSC da Comarca de Riacho de Santana <br \/>\n<br \/>\n<\/td>\n<\/tr>\n<tr class=\"row-10\">\n\t<td class=\"column-1\">Paripiranga <br \/>\n(8 Comarcas) <\/td><td class=\"column-2\">F\u00f3rum da Comarca \u2013 Pra\u00e7a Pedro Rabelo de Matos s\/n\u00ba, Centro, CEP 48.430-000<\/td><td class=\"column-3\">Nordeste Baiano <\/td><td class=\"column-4\"><br \/>\nCEJUSC da Comarca de Antas <br \/>\n<br \/>\nCEJUSC da Comarca de Capela do Alto Alegre <br \/>\n<br \/>\nCEJUSC da Comarca de Cip\u00f3 <br \/>\n<br \/>\nCEJUSC da Comarca de Itapicuru <br \/>\n<br \/>\nCEJUSC da Comarca de Nova Soure <br \/>\n<br \/>\nCEJUSC da Comarca de Queimadas <br \/>\n<br \/>\nCEJUSC da Comarca de Retirol\u00e2ndia <br \/>\n<br \/>\nCEJUSC da Comarca de Teofil\u00e2ndia <\/td>\n<\/tr>\n<tr class=\"row-11\">\n\t<td class=\"column-1\">Paulo Afonso <br \/>\n(4 comarcas) <\/td><td class=\"column-2\">Rua das Caraibeiras, Quadra 4, 420 \u2013 Gen. Dutra, Paulo Afonso<\/td><td class=\"column-3\">S\u00e3o Franciscano da Bahia <\/td><td class=\"column-4\"><br \/>\nCEJUSC da Comarca de Chorroch\u00f3 <br \/>\n<br \/>\nCEJUSC da Comarca de Cura\u00e7\u00e1 <br \/>\n<br \/>\nCEJUSC da Comarca de Pil\u00e3o Arcado <br \/>\n<br \/>\n CEJUSC da Comarca de Sento S\u00e9 <br \/>\n<br \/>\n<\/td>\n<\/tr>\n<tr class=\"row-12\">\n\t<td class=\"column-1\">Valen\u00e7a <br \/>\n(8 comarcas) <\/td><td class=\"column-2\">Rua Guido Ara\u00fajo Magalh\u00e3es, s\/n, Novo Horizonte F\u00f3rum Gon\u00e7alo Porto de Souza, Valen\u00e7a-BA, CEP 45.400-000<\/td><td class=\"column-3\">Sul Baiano <\/td><td class=\"column-4\">CEJUSC da Comarca de Caravelas <br \/>\n<br \/>\nCEJUSC da Comarca de Ibirapo\u00e3 <br \/>\n<br \/>\nCEJUSC da Comarca de Itabela <br \/>\n<br \/>\nCEJUSC da Comarca de Ituber\u00e1 <br \/>\n<br \/>\nCEJUSC da Comarca de Wenceslau Guimar\u00e3es <\/td>\n<\/tr>\n<tr class=\"row-13\">\n\t<td class=\"column-1\">Vit\u00f3ria da Conquista <br \/>\n(8 comarcas) <\/td><td class=\"column-2\">Pra\u00e7a Estevam Santos, 41, Centro CEP. 45000-905<\/td><td class=\"column-3\">Centro-Sul Baiano <\/td><td class=\"column-4\"><br \/>\nCEJUSC da Comarca de Anag\u00e9 <br \/>\n<br \/>\nCEJUSC da Comarca de Barra do Cho\u00e7a <br \/>\n<br \/>\nCEJUSC da Comarca de Belo Campo <br \/>\n<br \/>\nCEJUSC da Comarca de C\u00e2ndido Sales <br \/>\n<br \/>\nCEJUSC da Comarca de Igua\u00ed <br \/>\n<br \/>\nCEJUSC da Comarca de Piat\u00e3 <br \/>\n<br \/>\nCEJUSC da Comarca de Tremedal <br \/>\n<br \/>\n<\/td>\n<\/tr>\n<\/tbody>\n<\/table>\n<!-- #tablepress-11 from cache -->","protected":false},"excerpt":{"rendered":"","protected":false},"author":25,"featured_media":0,"parent":0,"menu_order":0,"comment_status":"closed","ping_status":"closed","template":"","meta":{"_acf_changed":false,"footnotes":""},"class_list":["post-7170","page","type-page","status-publish","hentry"],"acf":[],"featured_image_src":null,"_links":{"self":[{"href":"https:\/\/www.tjba.jus.br\/nupemec\/wp-json\/wp\/v2\/pages\/7170","targetHints":{"allow":["GET"]}}],"collection":[{"href":"https:\/\/www.tjba.jus.br\/nupemec\/wp-json\/wp\/v2\/pages"}],"about":[{"href":"https:\/\/www.tjba.jus.br\/nupemec\/wp-json\/wp\/v2\/types\/page"}],"author":[{"embeddable":true,"href":"https:\/\/www.tjba.jus.br\/nupemec\/wp-json\/wp\/v2\/users\/25"}],"replies":[{"embeddable":true,"href":"https:\/\/www.tjba.jus.br\/nupemec\/wp-json\/wp\/v2\/comments?post=7170"}],"version-history":[{"count":2,"href":"https:\/\/www.tjba.jus.br\/nupemec\/wp-json\/wp\/v2\/pages\/7170\/revisions"}],"predecessor-version":[{"id":7183,"href":"https:\/\/www.tjba.jus.br\/nupemec\/wp-json\/wp\/v2\/pages\/7170\/revisions\/7183"}],"wp:attachment":[{"href":"https:\/\/www.tjba.jus.br\/nupemec\/wp-json\/wp\/v2\/media?parent=7170"}],"curies":[{"name":"wp","href":"https:\/\/api.w.org\/{rel}","templated":true}]}}