{"id":11617,"date":"2025-06-20T14:07:12","date_gmt":"2025-06-20T17:07:12","guid":{"rendered":"https:\/\/tjba.jus.br\/portalconectainterior\/?page_id=11617"},"modified":"2025-08-13T10:01:55","modified_gmt":"2025-08-13T13:01:55","slug":"contratacoes","status":"publish","type":"page","link":"https:\/\/www.tjba.jus.br\/portalconectainterior\/contratacoes\/","title":{"rendered":"Contrata\u00e7\u00f5es"},"content":{"rendered":"\n<figure class=\"wp-block-image is-resized\"><img loading=\"lazy\" decoding=\"async\" width=\"2560\" height=\"1709\" src=\"https:\/\/tjba.jus.br\/portalconectainterior\/wp-content\/uploads\/2025\/08\/CONTRATOS-scaled.jpg\" alt=\"\" class=\"wp-image-12012\" style=\"object-fit:cover;width:800px;height:250px\" srcset=\"https:\/\/www.tjba.jus.br\/portalconectainterior\/wp-content\/uploads\/2025\/08\/CONTRATOS-scaled.jpg 2560w, https:\/\/www.tjba.jus.br\/portalconectainterior\/wp-content\/uploads\/2025\/08\/CONTRATOS-300x200.jpg 300w, https:\/\/www.tjba.jus.br\/portalconectainterior\/wp-content\/uploads\/2025\/08\/CONTRATOS-1024x683.jpg 1024w, https:\/\/www.tjba.jus.br\/portalconectainterior\/wp-content\/uploads\/2025\/08\/CONTRATOS-768x513.jpg 768w, https:\/\/www.tjba.jus.br\/portalconectainterior\/wp-content\/uploads\/2025\/08\/CONTRATOS-1536x1025.jpg 1536w, https:\/\/www.tjba.jus.br\/portalconectainterior\/wp-content\/uploads\/2025\/08\/CONTRATOS-2048x1367.jpg 2048w\" sizes=\"auto, (max-width: 2560px) 100vw, 2560px\" \/><\/figure>\n\n\n\n<p>Nesta se\u00e7\u00e3o est\u00e3o dispon\u00edveis os principais documentos, orienta\u00e7\u00f5es e normativos que apoiam o planejamento, a formaliza\u00e7\u00e3o e a execu\u00e7\u00e3o das contrata\u00e7\u00f5es p\u00fablicas.<\/p>\n\n\n\n<p><\/p>\n","protected":false},"excerpt":{"rendered":"<p>Nesta se\u00e7\u00e3o est\u00e3o dispon\u00edveis os principais documentos, orienta\u00e7\u00f5es e normativos que apoiam o planejamento, a formaliza\u00e7\u00e3o e a execu\u00e7\u00e3o das [&hellip;]<\/p>\n","protected":false},"author":3,"featured_media":11620,"parent":0,"menu_order":0,"comment_status":"closed","ping_status":"closed","template":"","meta":{"_acf_changed":false,"ub_ctt_via":"","footnotes":""},"class_list":["post-11617","page","type-page","status-publish","has-post-thumbnail","hentry"],"acf":[],"featured_image_src":"https:\/\/www.tjba.jus.br\/portalconectainterior\/wp-content\/uploads\/2025\/06\/img-frente-tjba.png","_links":{"self":[{"href":"https:\/\/www.tjba.jus.br\/portalconectainterior\/wp-json\/wp\/v2\/pages\/11617","targetHints":{"allow":["GET"]}}],"collection":[{"href":"https:\/\/www.tjba.jus.br\/portalconectainterior\/wp-json\/wp\/v2\/pages"}],"about":[{"href":"https:\/\/www.tjba.jus.br\/portalconectainterior\/wp-json\/wp\/v2\/types\/page"}],"author":[{"embeddable":true,"href":"https:\/\/www.tjba.jus.br\/portalconectainterior\/wp-json\/wp\/v2\/users\/3"}],"replies":[{"embeddable":true,"href":"https:\/\/www.tjba.jus.br\/portalconectainterior\/wp-json\/wp\/v2\/comments?post=11617"}],"version-history":[{"count":5,"href":"https:\/\/www.tjba.jus.br\/portalconectainterior\/wp-json\/wp\/v2\/pages\/11617\/revisions"}],"predecessor-version":[{"id":12013,"href":"https:\/\/www.tjba.jus.br\/portalconectainterior\/wp-json\/wp\/v2\/pages\/11617\/revisions\/12013"}],"wp:featuredmedia":[{"embeddable":true,"href":"https:\/\/www.tjba.jus.br\/portalconectainterior\/wp-json\/wp\/v2\/media\/11620"}],"wp:attachment":[{"href":"https:\/\/www.tjba.jus.br\/portalconectainterior\/wp-json\/wp\/v2\/media?parent=11617"}],"curies":[{"name":"wp","href":"https:\/\/api.w.org\/{rel}","templated":true}]}}