{"id":11649,"date":"2025-07-14T16:59:16","date_gmt":"2025-07-14T19:59:16","guid":{"rendered":"https:\/\/tjba.jus.br\/portalconectainterior\/?page_id=11649"},"modified":"2025-08-13T12:41:24","modified_gmt":"2025-08-13T15:41:24","slug":"quem-somos","status":"publish","type":"page","link":"https:\/\/www.tjba.jus.br\/portalconectainterior\/institucional\/quem-somos\/","title":{"rendered":"Quem somos"},"content":{"rendered":"\n<h2 class=\"wp-block-heading\">SEAD<\/h2>\n\n\n\n<figure class=\"wp-block-image size-full\"><img loading=\"lazy\" decoding=\"async\" width=\"1024\" height=\"580\" src=\"https:\/\/tjba.jus.br\/portalconectainterior\/wp-content\/uploads\/2025\/08\/Grey-and-Colorful-Modern-Clean-Company-Structure-Organizational-Chart-1-Editado.png\" alt=\"\" class=\"wp-image-12069\" srcset=\"https:\/\/www.tjba.jus.br\/portalconectainterior\/wp-content\/uploads\/2025\/08\/Grey-and-Colorful-Modern-Clean-Company-Structure-Organizational-Chart-1-Editado.png 1024w, https:\/\/www.tjba.jus.br\/portalconectainterior\/wp-content\/uploads\/2025\/08\/Grey-and-Colorful-Modern-Clean-Company-Structure-Organizational-Chart-1-Editado-300x170.png 300w, https:\/\/www.tjba.jus.br\/portalconectainterior\/wp-content\/uploads\/2025\/08\/Grey-and-Colorful-Modern-Clean-Company-Structure-Organizational-Chart-1-Editado-768x435.png 768w, https:\/\/www.tjba.jus.br\/portalconectainterior\/wp-content\/uploads\/2025\/08\/Grey-and-Colorful-Modern-Clean-Company-Structure-Organizational-Chart-1-Editado-150x85.png 150w\" sizes=\"auto, (max-width: 1024px) 100vw, 1024px\" \/><\/figure>\n\n\n\n<p>A <strong>SEAD <\/strong>&#8211; Secretaria de Administra\u00e7\u00e3o \u00e9 respons\u00e1vel por coordenar e executar as atividades das \u00e1reas de Servi\u00e7os Gerais, Suprimentos e Patrim\u00f4nio, Engenharia e Arquitetura e Licita\u00e7\u00f5es do TJBA. <\/p>\n\n\n\n<p>A esta Secretaria est\u00e1 vinculada a <strong>DSG <\/strong>&#8211; Diretoria de Servi\u00e7os Gerais, que \u00e9 respons\u00e1vel por servi\u00e7os pertinentes \u00e0 portaria, recep\u00e7\u00e3o, loca\u00e7\u00e3o de im\u00f3vel, transporte, produ\u00e7\u00e3o gr\u00e1fica e de impressos, gest\u00e3o das comarcas descentralizadas dentre outros servi\u00e7os auxiliares necess\u00e1rios aos servi\u00e7os do TJBA.<\/p>\n\n\n\n<p>As compet\u00eancias da <strong>SEAD <\/strong>podem ser elencadas no Regimento Interno dos \u00d3rg\u00e3os Auxiliares e de Apoio T\u00e9cnico Administrativo da Justi\u00e7a \u2013\u00a0<a href=\"https:\/\/www.tjba.jus.br\/portal\/wp-content\/uploads\/2018\/04\/Regimento-Interno-dos-Orgaos-Auxiliares-e-de-Apoio-Tecnico-Administrativo-da-Justi%C3%A7a.pdf\" data-type=\"link\" data-id=\"https:\/\/www.tjba.jus.br\/portal\/wp-content\/uploads\/2018\/04\/Regimento-Interno-dos-Orgaos-Auxiliares-e-de-Apoio-Tecnico-Administrativo-da-Justi%C3%A7a.pdf\">RESOLU\u00c7\u00c3O N\u00ba 05\/2013<\/a>, conforme o Artigo <strong>66<\/strong>.<\/p>\n\n\n<div class=\"wp-block-ub-divider ub_divider ub-divider-orientation-horizontal\" id=\"ub_divider_2246fe27-9eaf-40f6-90f1-9fee7e5ce5a0\"><div class=\"ub_divider_wrapper\" style=\"position: relative; margin-bottom: 2px; width: 100%; height: 2px; \" data-divider-alignment=\"center\"><div class=\"ub_divider_line\" style=\"border-top: 2px solid #ccc; margin-top: 2px; \"><\/div><\/div><\/div>\n\n\n<h2 class=\"wp-block-heading\">CDESC<\/h2>\n\n\n\n<p>A <strong>CDESC <\/strong>&#8211; Coordena\u00e7\u00e3o das Unidades Descentralizadas \u00e9 a coordena\u00e7\u00e3o da DSG que acompanha de forma sistem\u00e1tica e estruturada as solicita\u00e7\u00f5es diversas e o <strong>atendimento \u00e0s Unidades Gestoras do interior<\/strong>, sendo o canal de relacionamento destas com as demais Unidades Administrativas do TJBA.<\/p>\n\n\n\n<p>As compet\u00eancias da <strong>CDESC <\/strong>podem ser elencadas no Regimento Interno dos \u00d3rg\u00e3os Auxiliares e de Apoio T\u00e9cnico Administrativo da Justi\u00e7a \u2013\u00a0<a href=\"https:\/\/www.tjba.jus.br\/portal\/wp-content\/uploads\/2018\/04\/Regimento-Interno-dos-Orgaos-Auxiliares-e-de-Apoio-Tecnico-Administrativo-da-Justi%C3%A7a.pdf\" data-type=\"link\" data-id=\"https:\/\/www.tjba.jus.br\/portal\/wp-content\/uploads\/2018\/04\/Regimento-Interno-dos-Orgaos-Auxiliares-e-de-Apoio-Tecnico-Administrativo-da-Justi%C3%A7a.pdf\">RESOLU\u00c7\u00c3O N\u00ba 05\/2013<\/a>, conforme o Artigo <strong>74<\/strong>.<\/p>\n\n\n\n<p><\/p>\n","protected":false},"excerpt":{"rendered":"<p>SEAD A SEAD &#8211; Secretaria de Administra\u00e7\u00e3o \u00e9 respons\u00e1vel por coordenar e executar as atividades das \u00e1reas de Servi\u00e7os Gerais, [&hellip;]<\/p>\n","protected":false},"author":3,"featured_media":0,"parent":11545,"menu_order":0,"comment_status":"closed","ping_status":"closed","template":"","meta":{"_acf_changed":false,"ub_ctt_via":"","footnotes":""},"class_list":["post-11649","page","type-page","status-publish","hentry"],"acf":[],"featured_image_src":null,"_links":{"self":[{"href":"https:\/\/www.tjba.jus.br\/portalconectainterior\/wp-json\/wp\/v2\/pages\/11649","targetHints":{"allow":["GET"]}}],"collection":[{"href":"https:\/\/www.tjba.jus.br\/portalconectainterior\/wp-json\/wp\/v2\/pages"}],"about":[{"href":"https:\/\/www.tjba.jus.br\/portalconectainterior\/wp-json\/wp\/v2\/types\/page"}],"author":[{"embeddable":true,"href":"https:\/\/www.tjba.jus.br\/portalconectainterior\/wp-json\/wp\/v2\/users\/3"}],"replies":[{"embeddable":true,"href":"https:\/\/www.tjba.jus.br\/portalconectainterior\/wp-json\/wp\/v2\/comments?post=11649"}],"version-history":[{"count":8,"href":"https:\/\/www.tjba.jus.br\/portalconectainterior\/wp-json\/wp\/v2\/pages\/11649\/revisions"}],"predecessor-version":[{"id":12075,"href":"https:\/\/www.tjba.jus.br\/portalconectainterior\/wp-json\/wp\/v2\/pages\/11649\/revisions\/12075"}],"up":[{"embeddable":true,"href":"https:\/\/www.tjba.jus.br\/portalconectainterior\/wp-json\/wp\/v2\/pages\/11545"}],"wp:attachment":[{"href":"https:\/\/www.tjba.jus.br\/portalconectainterior\/wp-json\/wp\/v2\/media?parent=11649"}],"curies":[{"name":"wp","href":"https:\/\/api.w.org\/{rel}","templated":true}]}}