{"id":11655,"date":"2025-07-14T17:12:41","date_gmt":"2025-07-14T20:12:41","guid":{"rendered":"https:\/\/tjba.jus.br\/portalconectainterior\/?page_id=11655"},"modified":"2025-08-29T13:30:46","modified_gmt":"2025-08-29T16:30:46","slug":"faq","status":"publish","type":"page","link":"https:\/\/www.tjba.jus.br\/portalconectainterior\/faq\/","title":{"rendered":"FAQ"},"content":{"rendered":"<div class=\"wp-block-ub-content-toggle wp-block-ub-content-toggle-block\" id=\"ub-content-toggle-block-8f39b600-b620-4e6d-88fd-f5d3632d77ca\" data-mobilecollapse=\"false\" data-desktopcollapse=\"false\" data-preventcollapse=\"false\" data-showonlyone=\"false\">\n<div class=\"wp-block-ub-content-toggle-accordion\" style=\"border-color: #f1f1f1;\" id=\"ub-content-toggle-panel-block-\">\n\t\t\t<div class=\"wp-block-ub-content-toggle-accordion-title-wrap\" style=\"background-color: #f1f1f1;\" aria-controls=\"ub-content-toggle-panel-0-8f39b600-b620-4e6d-88fd-f5d3632d77ca\" tabindex=\"0\">\n\t\t\t<p class=\"wp-block-ub-content-toggle-accordion-title ub-content-toggle-title-8f39b600-b620-4e6d-88fd-f5d3632d77ca\" style=\"color: #000000; \">PORTAL CONECTA INTERIOR<\/p>\n\t\t\t<div class=\"wp-block-ub-content-toggle-accordion-toggle-wrap right\" style=\"color: #000000;\"><span class=\"wp-block-ub-content-toggle-accordion-state-indicator wp-block-ub-chevron-down open\"><\/span><\/div>\n\t\t<\/div>\n\t\t\t<div role=\"region\" aria-expanded=\"true\" class=\"wp-block-ub-content-toggle-accordion-content-wrap\" id=\"ub-content-toggle-panel-0-8f39b600-b620-4e6d-88fd-f5d3632d77ca\">\n\n<p><strong>O que \u00e9 o Portal Conecta Interior?<strong><\/strong>\u00c9 um portal desenvolvido pelo TJBA, inaugurado em 09\/09\/2025, desenvolvido para facilitar a comunica\u00e7\u00e3o e colabora\u00e7\u00e3o entre as unidades, fornecendo ferramentas e informa\u00e7\u00f5es essenciais para fortalecer o Poder Judici\u00e1rio da Bahia.<\/p>\n\n\n\n<p><strong>O que encontro no Portal Conecta Interior?<strong><\/strong>Informa\u00e7\u00f5es \u00fateis, consulta \u00e0s legisla\u00e7\u00f5es, manuais e guias, modelos documentais, not\u00edcias, oportunidades de capacita\u00e7\u00e3o, entre outros.<\/p>\n\n<\/div>\n\t\t<\/div>\n\n<div class=\"wp-block-ub-content-toggle-accordion\" style=\"border-color: #f1f1f1;\" id=\"ub-content-toggle-panel-block-\">\n\t\t\t<div class=\"wp-block-ub-content-toggle-accordion-title-wrap\" style=\"background-color: #f1f1f1;\" aria-controls=\"ub-content-toggle-panel-1-8f39b600-b620-4e6d-88fd-f5d3632d77ca\" tabindex=\"0\">\n\t\t\t<p class=\"wp-block-ub-content-toggle-accordion-title ub-content-toggle-title-8f39b600-b620-4e6d-88fd-f5d3632d77ca\" style=\"color: #000000; \">SEAD<\/p>\n\t\t\t<div class=\"wp-block-ub-content-toggle-accordion-toggle-wrap right\" style=\"color: #000000;\"><span class=\"wp-block-ub-content-toggle-accordion-state-indicator wp-block-ub-chevron-down open\"><\/span><\/div>\n\t\t<\/div>\n\t\t\t<div role=\"region\" aria-expanded=\"true\" class=\"wp-block-ub-content-toggle-accordion-content-wrap\" id=\"ub-content-toggle-panel-1-8f39b600-b620-4e6d-88fd-f5d3632d77ca\">\n\n<p><strong>O que \u00e9 a SEAD?<strong><\/strong>A SEAD \u00e9 a Secretaria de Administra\u00e7\u00e3o.<\/p>\n\n\n\n<p><strong>O que compete \u00e0 SEAD?<strong><\/strong>\u00c0 Secretaria de Administra\u00e7\u00e3o compete planejar, coordenar, promover e executar atividades de obras, suprimento, administra\u00e7\u00e3o patrimonial, servi\u00e7os gerais e arrecada\u00e7\u00e3o de receitas que comp\u00f5em o Fundo de Aparelhamento do Judici\u00e1rio \u2013 FAJ. As compet\u00eancias est\u00e3o elencadas no Regimento Interno dos \u00d3rg\u00e3os Auxiliares e de Apoio T\u00e9cnico Administrativo da Justi\u00e7a &#8211; Resolu\u00e7\u00e3o n\u00ba 05 de 2013, conforme os Artigos 65, 66 e 67.<\/p>\n\n<\/div>\n\t\t<\/div>\n\n<div class=\"wp-block-ub-content-toggle-accordion\" style=\"border-color: #f1f1f1;\" id=\"ub-content-toggle-panel-block-\">\n\t\t\t<div class=\"wp-block-ub-content-toggle-accordion-title-wrap\" style=\"background-color: #f1f1f1;\" aria-controls=\"ub-content-toggle-panel-2-8f39b600-b620-4e6d-88fd-f5d3632d77ca\" tabindex=\"0\">\n\t\t\t<p class=\"wp-block-ub-content-toggle-accordion-title ub-content-toggle-title-8f39b600-b620-4e6d-88fd-f5d3632d77ca\" style=\"color: #000000; \">CDESC<\/p>\n\t\t\t<div class=\"wp-block-ub-content-toggle-accordion-toggle-wrap right\" style=\"color: #000000;\"><span class=\"wp-block-ub-content-toggle-accordion-state-indicator wp-block-ub-chevron-down open\"><\/span><\/div>\n\t\t<\/div>\n\t\t\t<div role=\"region\" aria-expanded=\"true\" class=\"wp-block-ub-content-toggle-accordion-content-wrap\" id=\"ub-content-toggle-panel-2-8f39b600-b620-4e6d-88fd-f5d3632d77ca\">\n\n<p><strong>O que \u00e9 a CDESC?<strong><\/strong>\u00c9 a Coordena\u00e7\u00e3o de Unidades Descentralizadas<\/p>\n\n\n\n<p><strong>O que faz a CDESC?<strong><\/strong>Estabelece o suporte t\u00e9cnico e operacional \u00e0s Unidades Gestoras do Interior, atrav\u00e9s das instru\u00e7\u00f5es procedimentais vinculadas \u00e0s normativas legais e gest\u00e3o corporativa integrativa, que podem ser elencadas no Regimento Interno dos \u00d3rg\u00e3os Auxiliares e de Apoio T\u00e9cnico Administrativo da Justi\u00e7a &#8211; Resolu\u00e7\u00e3o n\u00ba 05 de 2013, conforme o Artigo 74.<\/p>\n\n\n\n<p><strong>Quais as compet\u00eancias da CDESC?<strong><\/strong>\u2022 Provis\u00e3o Or\u00e7ament\u00e1ria: Deliberar sobre pedidos;<strong>\u2022 Sistema FIPLAN: Gerenciar inclus\u00e3o, exclus\u00e3o vincula\u00e7\u00e3o e desvincula\u00e7\u00e3o de Ju\u00edzes e bloqueio de t\u00e9cnicos;<strong>\u2022 Gastos: Monitorar despesas com \u00e1gua e energia;<strong>\u2022 Coopera\u00e7\u00e3o T\u00e9cnica: Acompanhar termos e conv\u00eanios;<strong>\u2022 Laudos e Or\u00e7amentos: Elaborar vistorias de im\u00f3veis e or\u00e7amentos para reformas.<strong>\u2022 Aux\u00edlio T\u00e9cnico: Prestar suporte aos administradores e t\u00e9cnicos;<strong>\u2022 Pagamentos: Acompanhar pagamentos das contrata\u00e7\u00f5es diretas;<strong>\u2022 Loca\u00e7\u00e3o de Im\u00f3veis: Instruir processos de loca\u00e7\u00e3o e resili\u00e7\u00e3o;<\/p>\n\n\n\n<p><strong>Quais os e-mails da CDESC?<strong><\/strong>Os e-mail institucionais s\u00e3o cdesc@tjba.jus.br, cdesc-senhafiplan@tjba.jus.br, cdesc-prestacaoconta@tjba.jus.br e cdesc-socioambiental@tjba.jus.br. Os e-mails profissionais podem ser visualizados na guia Institucional.<\/p>\n\n<\/div>\n\t\t<\/div>\n\n<div class=\"wp-block-ub-content-toggle-accordion\" style=\"border-color: #f1f1f1;\" id=\"ub-content-toggle-panel-block-\">\n\t\t\t<div class=\"wp-block-ub-content-toggle-accordion-title-wrap\" style=\"background-color: #f1f1f1;\" aria-controls=\"ub-content-toggle-panel-3-8f39b600-b620-4e6d-88fd-f5d3632d77ca\" tabindex=\"0\">\n\t\t\t<p class=\"wp-block-ub-content-toggle-accordion-title ub-content-toggle-title-8f39b600-b620-4e6d-88fd-f5d3632d77ca\" style=\"color: #000000; \">COMARCAS DO INTERIOR<\/p>\n\t\t\t<div class=\"wp-block-ub-content-toggle-accordion-toggle-wrap right\" style=\"color: #000000;\"><span class=\"wp-block-ub-content-toggle-accordion-state-indicator wp-block-ub-chevron-down open\"><\/span><\/div>\n\t\t<\/div>\n\t\t\t<div role=\"region\" aria-expanded=\"true\" class=\"wp-block-ub-content-toggle-accordion-content-wrap\" id=\"ub-content-toggle-panel-3-8f39b600-b620-4e6d-88fd-f5d3632d77ca\">\n\n<p><strong>Quais os cargos e fun\u00e7\u00f5es nas Comarcas (Unidades Gestoras do Interior)?<\/strong><strong>Juiz Diretor do F\u00f3rum (designado\/DJE); Administrador do F\u00f3rum (pode acumular fun\u00e7\u00e3o e pode ser designado) e T\u00e9cnicos I e II (Pr\u00e9-liquidante e Liquidantes)<\/p>\n\n\n\n<p><strong>Quais as atribui\u00e7\u00f5es do Administrador do F\u00f3rum?<strong><\/strong>Estas podem ser elencadas no DECRETO JUDICI\u00c1RIO N\u00ba 31, DE 13 DE JANEIRO DE 2020.<\/p>\n\n<\/div>\n\t\t<\/div>\n\n<div class=\"wp-block-ub-content-toggle-accordion\" style=\"border-color: #f1f1f1;\" id=\"ub-content-toggle-panel-block-\">\n\t\t\t<div class=\"wp-block-ub-content-toggle-accordion-title-wrap\" style=\"background-color: #f1f1f1;\" aria-controls=\"ub-content-toggle-panel-4-8f39b600-b620-4e6d-88fd-f5d3632d77ca\" tabindex=\"0\">\n\t\t\t<p class=\"wp-block-ub-content-toggle-accordion-title ub-content-toggle-title-8f39b600-b620-4e6d-88fd-f5d3632d77ca\" style=\"color: #000000; \">CONTRATA\u00c7\u00d5ES<\/p>\n\t\t\t<div class=\"wp-block-ub-content-toggle-accordion-toggle-wrap right\" style=\"color: #000000;\"><span class=\"wp-block-ub-content-toggle-accordion-state-indicator wp-block-ub-chevron-down open\"><\/span><\/div>\n\t\t<\/div>\n\t\t\t<div role=\"region\" aria-expanded=\"true\" class=\"wp-block-ub-content-toggle-accordion-content-wrap\" id=\"ub-content-toggle-panel-4-8f39b600-b620-4e6d-88fd-f5d3632d77ca\">\n\n<p><strong>O que \u00e9 o PAC?<strong><\/strong>O Plano Anual de Contrata\u00e7\u00f5es (PAC) \u00e9 um documento que re\u00fane todas as contrata\u00e7\u00f5es planejadas por um \u00f3rg\u00e3o ou entidade p\u00fablica para um determinado ano, garantindo o alinhamento com o planejamento estrat\u00e9gico e a otimiza\u00e7\u00e3o dos recursos.<\/p>\n\n\n\n<p><strong>Quais s\u00e3o as etapas para proceder com a contrata\u00e7\u00e3o direta por dispensas de pequeno valor?<strong><\/strong>Essa informa\u00e7\u00e3o pode ser analisada no Guia Pr\u00e1tico de Contrata\u00e7\u00f5es, com apoio do Fluxograma de Contrata\u00e7\u00e3o Direta e o Checklist de contrata\u00e7\u00e3o.<\/p>\n\n\n\n<p><strong>O fluxo de contrata\u00e7\u00e3o deve ser feito de forma eletr\u00f4nica?<\/strong><strong>Os processos ser\u00e3o feitos preferencialmente de forma eletr\u00f4nica pelo SIGA, conforme todas as demais contrata\u00e7\u00f5es do TJBA.<\/p>\n\n\n\n<p><strong>Em que momento \u00e9 solicitado o empenho?<\/strong><strong>Caso a provis\u00e3o tenha sido liberada, \u00e9 necess\u00e1rio o Pedido de Empenho com comunica\u00e7\u00e3o ao Juiz Diretor para que autorize o Empenho. Isto evita que algum imprevisto impacte no pagamento ao credor. O Empenho \u00e9 pr\u00e9vio. N\u00e3o receba material e nem mande executar o servi\u00e7o antes do Empenho.<\/p>\n\n\n\n<p><strong>Onde tenho acesso \u00e0s Dispensas e Inexigibilidades de Licita\u00e7\u00e3o publicadas?<strong><\/strong>No <a href=\"https:\/\/www.tjba.jus.br\/transparencia\/licitacaoecontratos\/dispensa-e-inexigibilidade-de-licitacao-2\/\" data-type=\"link\" data-id=\"https:\/\/www.tjba.jus.br\/transparencia\/licitacaoecontratos\/dispensa-e-inexigibilidade-de-licitacao-2\/\">Portal de Transpar\u00eancia do Tribunal de Justi\u00e7a da Bahia<\/a> <\/p>\n\n<\/div>\n\t\t<\/div>\n\n<div class=\"wp-block-ub-content-toggle-accordion\" style=\"border-color: #f1f1f1;\" id=\"ub-content-toggle-panel-block-\">\n\t\t\t<div class=\"wp-block-ub-content-toggle-accordion-title-wrap\" style=\"background-color: #f1f1f1;\" aria-controls=\"ub-content-toggle-panel-5-8f39b600-b620-4e6d-88fd-f5d3632d77ca\" tabindex=\"0\">\n\t\t\t<p class=\"wp-block-ub-content-toggle-accordion-title ub-content-toggle-title-8f39b600-b620-4e6d-88fd-f5d3632d77ca\" style=\"color: #000000; \">CONV\u00caNIOS<\/p>\n\t\t\t<div class=\"wp-block-ub-content-toggle-accordion-toggle-wrap right\" style=\"color: #000000;\"><span class=\"wp-block-ub-content-toggle-accordion-state-indicator wp-block-ub-chevron-down open\"><\/span><\/div>\n\t\t<\/div>\n\t\t\t<div role=\"region\" aria-expanded=\"true\" class=\"wp-block-ub-content-toggle-accordion-content-wrap\" id=\"ub-content-toggle-panel-5-8f39b600-b620-4e6d-88fd-f5d3632d77ca\">\n\n<p><strong>O que s\u00e3o os conv\u00eanios?<strong><\/strong>S\u00e3o acordos firmados entre o Poder Judici\u00e1rio e as entidades p\u00fablicas sem fins lucrativos, para realiza\u00e7\u00e3o de objetivos comuns de interesse p\u00fablico, sem \u00f4nus para o Tribunal, consoante Lei Estadual de Licita\u00e7\u00f5es e Contratos n\u00ba 14.634\/2023.<\/p>\n\n\n\n<p><strong>Como s\u00e3o celebrados os conv\u00eanios?<strong><\/strong>A CDESC atua instruindo os processos de Conv\u00eanios para cess\u00e3o de pessoal sem \u00f4nus para o Tribunal, atrav\u00e9s de celebra\u00e7\u00e3o de Termo de Coopera\u00e7\u00e3o T\u00e9cnica e Apoio Administrativo firmados entre o Tribunal de Justi\u00e7a e os entes p\u00fablicos para prestarem apoio administrativo nas comarcas, conforme a Lei Estadual n\u00ba 14.634\/23 e a Lei Federal 14.133\/21.<\/p>\n\n\n\n<p><strong>Quais os documentos necess\u00e1rios para firmar Conv\u00eanio\/Termo de Coopera\u00e7\u00e3o?<strong><\/strong>Estes podem ser encontrados na guia Conv\u00eanios.<\/p>\n\n\n\n<p><strong>Quais as atribui\u00e7\u00f5es do Fiscal de Conv\u00eanio?<strong><\/strong>As atribui\u00e7\u00f5es podem ser descritas conforme citado abaixo:<strong>01- Controle de frequ\u00eancias dentro do F\u00f3rum;<strong>02- Identifica\u00e7\u00e3o do colaborador atrav\u00e9s crach\u00e1s;<strong>03- Solicitar a renova\u00e7\u00e3o antes do prazo de expira\u00e7\u00e3o (90 dias);<strong>04- Aditar o processo tanto com aumento, quanto da diminui\u00e7\u00e3o de servidores cedidos;<strong>05- Observar condi\u00e7\u00f5es da recep\u00e7\u00e3o, portaria, telefonista dentre outras onde estiver servidores cedidos;<strong>06- Comunicar a CDESC que a comarca devolveu os servidores cedidos, ou retornaram ao \u00f3rg\u00e3o de origem a pedido do gestor municipal;<strong>07- Permutar com o \u00f3rg\u00e3o de origem, servidor que n\u00e3o se adaptou aos servi\u00e7os do F\u00f3rum, d\u00e1 conhecimento ao Juiz Diretor;<strong>08- C\u00f3digo de \u00c9tica \u2013 orientar a todos funcion\u00e1rios cedidos por outros \u00f3rg\u00e3os e estagi\u00e1rios que estabelece os princ\u00edpios e as normas em seu Art. 2\u00ba, \u00a7 1\u00b0.<strong>10- Em suas faltas e seus impedimentos, o Fiscal de Conv\u00eanio, orientar o substitu\u00eddo pelo servidor que o Juiz designar;<\/p>\n\n\n\n<p><\/p>\n\n<\/div>\n\t\t<\/div>\n\n<div class=\"wp-block-ub-content-toggle-accordion\" style=\"border-color: #f1f1f1;\" id=\"ub-content-toggle-panel-block-\">\n\t\t\t<div class=\"wp-block-ub-content-toggle-accordion-title-wrap\" style=\"background-color: #f1f1f1;\" aria-controls=\"ub-content-toggle-panel-6-8f39b600-b620-4e6d-88fd-f5d3632d77ca\" tabindex=\"0\">\n\t\t\t<p class=\"wp-block-ub-content-toggle-accordion-title ub-content-toggle-title-8f39b600-b620-4e6d-88fd-f5d3632d77ca\" style=\"color: #000000; \">PAGAMENTOS<\/p>\n\t\t\t<div class=\"wp-block-ub-content-toggle-accordion-toggle-wrap right\" style=\"color: #000000;\"><span class=\"wp-block-ub-content-toggle-accordion-state-indicator wp-block-ub-chevron-down open\"><\/span><\/div>\n\t\t<\/div>\n\t\t\t<div role=\"region\" aria-expanded=\"true\" class=\"wp-block-ub-content-toggle-accordion-content-wrap\" id=\"ub-content-toggle-panel-6-8f39b600-b620-4e6d-88fd-f5d3632d77ca\">\n\n<p><strong>Quais etapas devo proceder para efetuar o pagamento?<strong><\/strong>No Guia de Contrata\u00e7\u00e3o Direta pode ser visualizado o fluxo de pagamento. Como auxiliar, h\u00e1 o Checklist de Pagamento.<\/p>\n\n\n\n<p><strong>No caso de processos em que h\u00e1 reten\u00e7\u00e3o de INSS, devo efetuar algum procedimento adicional?<strong><\/strong>Para notas fiscais com reten\u00e7\u00e3o do INSS, preencher a planilha do EFD\/REINF e encaminhar \u00e0 CDESC at\u00e9 o \u00faltimo dia \u00fatil do m\u00eas de compet\u00eancia da nota fiscal.<\/p>\n\n<\/div>\n\t\t<\/div>\n<\/div>\n\n\n<p><\/p>\n","protected":false},"excerpt":{"rendered":"","protected":false},"author":3,"featured_media":0,"parent":0,"menu_order":0,"comment_status":"closed","ping_status":"closed","template":"","meta":{"_acf_changed":false,"ub_ctt_via":"","footnotes":""},"class_list":["post-11655","page","type-page","status-publish","hentry"],"acf":[],"featured_image_src":null,"_links":{"self":[{"href":"https:\/\/www.tjba.jus.br\/portalconectainterior\/wp-json\/wp\/v2\/pages\/11655","targetHints":{"allow":["GET"]}}],"collection":[{"href":"https:\/\/www.tjba.jus.br\/portalconectainterior\/wp-json\/wp\/v2\/pages"}],"about":[{"href":"https:\/\/www.tjba.jus.br\/portalconectainterior\/wp-json\/wp\/v2\/types\/page"}],"author":[{"embeddable":true,"href":"https:\/\/www.tjba.jus.br\/portalconectainterior\/wp-json\/wp\/v2\/users\/3"}],"replies":[{"embeddable":true,"href":"https:\/\/www.tjba.jus.br\/portalconectainterior\/wp-json\/wp\/v2\/comments?post=11655"}],"version-history":[{"count":5,"href":"https:\/\/www.tjba.jus.br\/portalconectainterior\/wp-json\/wp\/v2\/pages\/11655\/revisions"}],"predecessor-version":[{"id":12156,"href":"https:\/\/www.tjba.jus.br\/portalconectainterior\/wp-json\/wp\/v2\/pages\/11655\/revisions\/12156"}],"wp:attachment":[{"href":"https:\/\/www.tjba.jus.br\/portalconectainterior\/wp-json\/wp\/v2\/media?parent=11655"}],"curies":[{"name":"wp","href":"https:\/\/api.w.org\/{rel}","templated":true}]}}