{"id":11680,"date":"2025-07-25T11:25:05","date_gmt":"2025-07-25T14:25:05","guid":{"rendered":"https:\/\/tjba.jus.br\/portalconectainterior\/?page_id=11680"},"modified":"2026-03-18T07:33:24","modified_gmt":"2026-03-18T10:33:24","slug":"equipe-da-cdesc-e-contatos","status":"publish","type":"page","link":"https:\/\/www.tjba.jus.br\/portalconectainterior\/institucional\/equipe-da-cdesc-e-contatos\/","title":{"rendered":"Equipe da CDESC e Contatos"},"content":{"rendered":"\n<figure class=\"wp-block-image is-resized\"><img loading=\"lazy\" decoding=\"async\" width=\"2560\" height=\"1402\" src=\"https:\/\/tjba.jus.br\/portalconectainterior\/wp-content\/uploads\/2025\/08\/FUNCIONARIOS-scaled.jpg\" alt=\"\" class=\"wp-image-12009\" style=\"object-fit:cover;width:800px;height:250px\" srcset=\"https:\/\/www.tjba.jus.br\/portalconectainterior\/wp-content\/uploads\/2025\/08\/FUNCIONARIOS-scaled.jpg 2560w, https:\/\/www.tjba.jus.br\/portalconectainterior\/wp-content\/uploads\/2025\/08\/FUNCIONARIOS-300x164.jpg 300w, https:\/\/www.tjba.jus.br\/portalconectainterior\/wp-content\/uploads\/2025\/08\/FUNCIONARIOS-1024x561.jpg 1024w, https:\/\/www.tjba.jus.br\/portalconectainterior\/wp-content\/uploads\/2025\/08\/FUNCIONARIOS-768x421.jpg 768w, https:\/\/www.tjba.jus.br\/portalconectainterior\/wp-content\/uploads\/2025\/08\/FUNCIONARIOS-1536x841.jpg 1536w, https:\/\/www.tjba.jus.br\/portalconectainterior\/wp-content\/uploads\/2025\/08\/FUNCIONARIOS-2048x1122.jpg 2048w\" sizes=\"auto, (max-width: 2560px) 100vw, 2560px\" \/><\/figure>\n\n\n\n<p><strong>E-mails institucionais<strong><\/strong>cdesc@tjba.jus.br<strong>cdesc-senhafiplan@tjba.jus.br<strong>cdesc-prestacaoconta@tjba.jus.br<strong>cdesc-socioambiental@tjba.jus.br<\/p>\n\n\n\n<p><strong>Leoton Diordan Pereira do Nascimento<strong><\/strong>E-mail: ldpnascimento@tjba.jus.br<strong>Tel: (71) 3372-1727 \/ (71) 9681-8087<strong>Principais atividades: Coordenador<\/p>\n\n\n\n<p><strong>Acsa Laine dos Santos Silva<strong><\/strong>E-mail: aldssilva@tjba.jus.br<strong>Tel: (71) 3372-1733<strong>Principais atividades: Se\u00e7\u00e3o de Apoio Administrativo (Estagi\u00e1ria &#8211; N\u00edvel M\u00e9dio)<\/p>\n\n\n\n<p><strong>Alex Silva Nascimento<strong><\/strong>E-mail: alesilnascimento@tjba.jus.br<strong>Tel: (71) 3372-1734<strong>Principais Atividades: Se\u00e7\u00e3o de Suporte ao Processo de Execu\u00e7\u00e3o Or\u00e7ament\u00e1ria e Financeira &#8211; Pagamento, SGF e FIPLAN (Estagi\u00e1rio &#8211; P\u00f3s Gradua\u00e7\u00e3o)<\/p>\n\n\n\n<p><strong>Alia Cristina Rios Moreira<strong><\/strong>E-mail: acrmoreira@tjba.jus.br<strong>Tel: (71) 3372-1764<strong>Principais atividades: Se\u00e7\u00e3o de Apoio Administrativo<\/p>\n\n\n\n<p><strong>Dinalva Brito dos Santos<strong><\/strong>E-mail: dinsantos@tjba.jus.br<strong>Tel: (71) 3372-1732<strong>Principais atividades: Se\u00e7\u00e3o de Suporte ao Processo de Execu\u00e7\u00e3o Or\u00e7ament\u00e1ria e Financeira &#8211; Pagamento, SGF e FIPLAN<\/p>\n\n\n\n<p><strong>Geovanna Souza dos Santos<strong><\/strong>E-mail: gesodosantos@tjba.jus.br<strong>Tel: (71) 3372-5538<strong>Principais atividades: Se\u00e7\u00e3o de Apoio Administrativo<\/p>\n\n\n\n<p><strong>Jerson Roberto Farias Exalta\u00e7\u00e3o<strong><\/strong>E-mail: jexaltacao@tjba.jus.br<strong>Tel: (71) 98201-7377<strong>Principais atividades: Se\u00e7\u00e3o de Suporte ao Processo de Execu\u00e7\u00e3o Or\u00e7ament\u00e1ria e Financeira &#8211; Pagamento, FIPLAN, reten\u00e7\u00f5es tribut\u00e1rias.<\/p>\n\n\n\n<p><strong>La\u00eds Santos Leite<strong><\/strong>E-mail: lasaleite@tjba.jus.br<strong>Tel: (71) 3372-1525<strong>Principais atividades: Se\u00e7\u00e3o de Contratos e Conv\u00eanios e suporte adicional \u00e0 carteira de Pagamentos.<\/p>\n\n\n\n<p><strong>Marta S\u00e3o Pedro de Santana Cordolino<strong><\/strong>E-mail: mcordolino@tjba.jus.br<strong>Tel: (71) 3372-5308<strong>Principais atividades: Se\u00e7\u00e3o de Suporte ao Processo de Execu\u00e7\u00e3o Or\u00e7ament\u00e1ria e Financeira &#8211; Restos a Pagar, Processos Indenizat\u00f3rios do Exerc\u00edcio e de Exerc\u00edcios Anteriores.<\/p>\n\n\n\n<p><strong>Mateus Silva Santos Machado<strong><\/strong>E-mail: mssmachado@tjba.jus.br<strong>Tel: (71) 3372-1736<strong>Principais atividades: Se\u00e7\u00e3o de Suporte ao Processo de Execu\u00e7\u00e3o Or\u00e7ament\u00e1ria e Financeira &#8211; Suporte \u00e0s Senhas do FIPLAN, acompanhamento da execu\u00e7\u00e3o da despesa e presta\u00e7\u00e3o de contas.<\/p>\n\n\n\n<p><strong>Michel da Silva Nascimento<strong><\/strong>E-mail: misnascimento@tjba.jus.br<strong>Tel: (71) 3372-1734<strong>Principais Atividades: Se\u00e7\u00e3o de Contratos e Conv\u00eanios (Estagi\u00e1rio &#8211; P\u00f3s Gradua\u00e7\u00e3o)<\/p>\n\n\n\n<p><strong>Raira Costa Melo<strong><\/strong>E-mail: racomelo@tjba<strong>Tel: (71) 3372-5308<strong>Principais Atividades: Se\u00e7\u00e3o de Contratos e Conv\u00eanios<\/p>\n\n\n\n<p><strong>Samara Soares de Jesus<strong><\/strong>E-mail: ssdjesus@tjba.jus.br<strong>Tel: (71) 3372-1733<strong>Principais atividades: Se\u00e7\u00e3o de Apoio Administrativo (Estagi\u00e1ria &#8211; N\u00edvel M\u00e9dio)<\/p>\n\n\n\n<p><strong>Solange Pereira Lago<strong><\/strong>E-mail: splago@tjba.jus.br<strong>Tel: (71) 3372-1523<strong>Principais atividades: Se\u00e7\u00e3o de Suporte ao Processo de Execu\u00e7\u00e3o Or\u00e7ament\u00e1ria e Financeira &#8211; Provis\u00e3o<\/p>\n\n\n\n<p><strong>Vin\u00edcius Alexandre Alves Sousa<strong><\/strong>E-mail: vaasousa@prestadores.tjba.jus.br<strong>Tel: (71) 3372-7562<strong>Principais atividades: Se\u00e7\u00e3o de Apoio Administrativo<\/p>\n\n\n\n<p><strong>Zisley Emanoela de Souza Silva<strong><\/strong>E-mail: zesilva@tjba.jus.br<strong>Tel: (71) 3372-1764<strong>Principais atividades: Se\u00e7\u00e3o de Suporte ao Processo de Execu\u00e7\u00e3o Or\u00e7ament\u00e1ria e Financeira &#8211; Suporte \u00e0s Senhas do FIPLAN, acompanhamento da execu\u00e7\u00e3o da despesa e presta\u00e7\u00e3o de contas.<\/p>\n\n\n\n<p><\/p>\n\n\n\n<p><\/p>\n","protected":false},"excerpt":{"rendered":"<p>E-mails institucionaiscdesc@tjba.jus.brcdesc-senhafiplan@tjba.jus.brcdesc-prestacaoconta@tjba.jus.brcdesc-socioambiental@tjba.jus.br Leoton Diordan Pereira do NascimentoE-mail: ldpnascimento@tjba.jus.brTel: (71) 3372-1727 \/ (71) 9681-8087Principais atividades: Coordenador Acsa Laine dos Santos SilvaE-mail: [&hellip;]<\/p>\n","protected":false},"author":30,"featured_media":0,"parent":11545,"menu_order":0,"comment_status":"closed","ping_status":"closed","template":"","meta":{"_acf_changed":false,"ub_ctt_via":"","footnotes":""},"class_list":["post-11680","page","type-page","status-publish","hentry"],"acf":[],"featured_image_src":null,"_links":{"self":[{"href":"https:\/\/www.tjba.jus.br\/portalconectainterior\/wp-json\/wp\/v2\/pages\/11680","targetHints":{"allow":["GET"]}}],"collection":[{"href":"https:\/\/www.tjba.jus.br\/portalconectainterior\/wp-json\/wp\/v2\/pages"}],"about":[{"href":"https:\/\/www.tjba.jus.br\/portalconectainterior\/wp-json\/wp\/v2\/types\/page"}],"author":[{"embeddable":true,"href":"https:\/\/www.tjba.jus.br\/portalconectainterior\/wp-json\/wp\/v2\/users\/30"}],"replies":[{"embeddable":true,"href":"https:\/\/www.tjba.jus.br\/portalconectainterior\/wp-json\/wp\/v2\/comments?post=11680"}],"version-history":[{"count":10,"href":"https:\/\/www.tjba.jus.br\/portalconectainterior\/wp-json\/wp\/v2\/pages\/11680\/revisions"}],"predecessor-version":[{"id":12369,"href":"https:\/\/www.tjba.jus.br\/portalconectainterior\/wp-json\/wp\/v2\/pages\/11680\/revisions\/12369"}],"up":[{"embeddable":true,"href":"https:\/\/www.tjba.jus.br\/portalconectainterior\/wp-json\/wp\/v2\/pages\/11545"}],"wp:attachment":[{"href":"https:\/\/www.tjba.jus.br\/portalconectainterior\/wp-json\/wp\/v2\/media?parent=11680"}],"curies":[{"name":"wp","href":"https:\/\/api.w.org\/{rel}","templated":true}]}}