{"id":11704,"date":"2025-07-25T13:02:28","date_gmt":"2025-07-25T16:02:28","guid":{"rendered":"https:\/\/tjba.jus.br\/portalconectainterior\/?page_id=11704"},"modified":"2025-08-13T10:27:14","modified_gmt":"2025-08-13T13:27:14","slug":"legislacao","status":"publish","type":"page","link":"https:\/\/www.tjba.jus.br\/portalconectainterior\/contratacoes\/legislacao\/","title":{"rendered":"Base Legal para Contrata\u00e7\u00e3o Direta"},"content":{"rendered":"\n<figure class=\"wp-block-image is-resized\"><img loading=\"lazy\" decoding=\"async\" width=\"2560\" height=\"1708\" src=\"https:\/\/tjba.jus.br\/portalconectainterior\/wp-content\/uploads\/2025\/08\/JUSTICA-scaled.jpeg\" alt=\"\" class=\"wp-image-12020\" style=\"object-fit:cover;width:800px;height:250px\" srcset=\"https:\/\/www.tjba.jus.br\/portalconectainterior\/wp-content\/uploads\/2025\/08\/JUSTICA-scaled.jpeg 2560w, https:\/\/www.tjba.jus.br\/portalconectainterior\/wp-content\/uploads\/2025\/08\/JUSTICA-300x200.jpeg 300w, https:\/\/www.tjba.jus.br\/portalconectainterior\/wp-content\/uploads\/2025\/08\/JUSTICA-1024x683.jpeg 1024w, https:\/\/www.tjba.jus.br\/portalconectainterior\/wp-content\/uploads\/2025\/08\/JUSTICA-768x513.jpeg 768w, https:\/\/www.tjba.jus.br\/portalconectainterior\/wp-content\/uploads\/2025\/08\/JUSTICA-1536x1025.jpeg 1536w, https:\/\/www.tjba.jus.br\/portalconectainterior\/wp-content\/uploads\/2025\/08\/JUSTICA-2048x1367.jpeg 2048w\" sizes=\"auto, (max-width: 2560px) 100vw, 2560px\" \/><\/figure>\n\n\n\n<p><a href=\"https:\/\/tjba.jus.br\/portalconectainterior\/wp-content\/uploads\/2025\/07\/LEI-No-14.133-DE-1o-DE-ABRIL-DE-2021-Nova-lei-de-licitacoes-e-contratos.pdf\" data-type=\"link\" data-id=\"https:\/\/tjba.jus.br\/portalconectainterior\/wp-content\/uploads\/2025\/07\/LEI-No-14.133-DE-1o-DE-ABRIL-DE-2021-Nova-lei-de-licitacoes-e-contratos.pdf\">LEI N\u00ba 14.133, DE 1\u00ba DE ABRIL DE 2021<\/a><strong>Lei de Licita\u00e7\u00f5es e Contratos Administrativos.&nbsp;<\/p>\n\n\n\n<p><a href=\"https:\/\/tjba.jus.br\/portalconectainterior\/wp-content\/uploads\/2025\/07\/LEI-No-14.634-DE-28-DE-NOVEMBRO-DE-2023-Normas-gerais-de-licitacoes-e-contratos-na-Bahia.pdf\" data-type=\"link\" data-id=\"https:\/\/tjba.jus.br\/portalconectainterior\/wp-content\/uploads\/2025\/07\/LEI-No-14.634-DE-28-DE-NOVEMBRO-DE-2023-Normas-gerais-de-licitacoes-e-contratos-na-Bahia.pdf\">LEI N\u00ba 14.634 DE 28 DE NOVEMBRO DE 2023<\/a><strong>Disciplina as normas de licita\u00e7\u00f5es e contratos administrativos aplic\u00e1veis no \u00e2mbito da Administra\u00e7\u00e3o P\u00fablica do Estado da Bahia, e d\u00e1 outras provid\u00eancias.&nbsp;<\/p>\n\n\n\n<p><\/p>\n","protected":false},"excerpt":{"rendered":"<p>LEI N\u00ba 14.133, DE 1\u00ba DE ABRIL DE 2021Lei de Licita\u00e7\u00f5es e Contratos Administrativos.&nbsp; LEI N\u00ba 14.634 DE 28 DE [&hellip;]<\/p>\n","protected":false},"author":30,"featured_media":0,"parent":11617,"menu_order":0,"comment_status":"closed","ping_status":"closed","template":"","meta":{"_acf_changed":false,"ub_ctt_via":"","footnotes":""},"class_list":["post-11704","page","type-page","status-publish","hentry"],"acf":[],"featured_image_src":null,"_links":{"self":[{"href":"https:\/\/www.tjba.jus.br\/portalconectainterior\/wp-json\/wp\/v2\/pages\/11704","targetHints":{"allow":["GET"]}}],"collection":[{"href":"https:\/\/www.tjba.jus.br\/portalconectainterior\/wp-json\/wp\/v2\/pages"}],"about":[{"href":"https:\/\/www.tjba.jus.br\/portalconectainterior\/wp-json\/wp\/v2\/types\/page"}],"author":[{"embeddable":true,"href":"https:\/\/www.tjba.jus.br\/portalconectainterior\/wp-json\/wp\/v2\/users\/30"}],"replies":[{"embeddable":true,"href":"https:\/\/www.tjba.jus.br\/portalconectainterior\/wp-json\/wp\/v2\/comments?post=11704"}],"version-history":[{"count":6,"href":"https:\/\/www.tjba.jus.br\/portalconectainterior\/wp-json\/wp\/v2\/pages\/11704\/revisions"}],"predecessor-version":[{"id":12051,"href":"https:\/\/www.tjba.jus.br\/portalconectainterior\/wp-json\/wp\/v2\/pages\/11704\/revisions\/12051"}],"up":[{"embeddable":true,"href":"https:\/\/www.tjba.jus.br\/portalconectainterior\/wp-json\/wp\/v2\/pages\/11617"}],"wp:attachment":[{"href":"https:\/\/www.tjba.jus.br\/portalconectainterior\/wp-json\/wp\/v2\/media?parent=11704"}],"curies":[{"name":"wp","href":"https:\/\/api.w.org\/{rel}","templated":true}]}}