{"id":11716,"date":"2025-07-28T12:39:22","date_gmt":"2025-07-28T15:39:22","guid":{"rendered":"https:\/\/tjba.jus.br\/portalconectainterior\/?page_id=11716"},"modified":"2025-08-29T13:09:09","modified_gmt":"2025-08-29T16:09:09","slug":"contratacao-direta","status":"publish","type":"page","link":"https:\/\/www.tjba.jus.br\/portalconectainterior\/contratacoes\/contratacao-direta\/","title":{"rendered":"Contrata\u00e7\u00e3o Direta"},"content":{"rendered":"\n<figure class=\"wp-block-image is-resized\"><img loading=\"lazy\" decoding=\"async\" width=\"2560\" height=\"1707\" src=\"https:\/\/tjba.jus.br\/portalconectainterior\/wp-content\/uploads\/2025\/08\/ADMINISTRACAO-scaled.jpg\" alt=\"\" class=\"wp-image-12031\" style=\"object-fit:cover;width:800px;height:250px\" srcset=\"https:\/\/www.tjba.jus.br\/portalconectainterior\/wp-content\/uploads\/2025\/08\/ADMINISTRACAO-scaled.jpg 2560w, https:\/\/www.tjba.jus.br\/portalconectainterior\/wp-content\/uploads\/2025\/08\/ADMINISTRACAO-300x200.jpg 300w, https:\/\/www.tjba.jus.br\/portalconectainterior\/wp-content\/uploads\/2025\/08\/ADMINISTRACAO-1024x683.jpg 1024w, https:\/\/www.tjba.jus.br\/portalconectainterior\/wp-content\/uploads\/2025\/08\/ADMINISTRACAO-768x512.jpg 768w, https:\/\/www.tjba.jus.br\/portalconectainterior\/wp-content\/uploads\/2025\/08\/ADMINISTRACAO-1536x1024.jpg 1536w, https:\/\/www.tjba.jus.br\/portalconectainterior\/wp-content\/uploads\/2025\/08\/ADMINISTRACAO-2048x1365.jpg 2048w\" sizes=\"auto, (max-width: 2560px) 100vw, 2560px\" \/><\/figure>\n\n\n\n<p>Esta p\u00e1gina re\u00fane os principais recursos para a formaliza\u00e7\u00e3o de contrata\u00e7\u00f5es diretas, como o fluxograma do processo, formul\u00e1rios padronizados e checklist de documentos. O objetivo \u00e9 orientar e padronizar os procedimentos, garantindo mais agilidade e seguran\u00e7a.<\/p>\n\n\n\n<p><\/p>\n\n\n\n<p><a href=\"https:\/\/tjba.jus.br\/portalconectainterior\/wp-content\/uploads\/2025\/08\/Fluxograma-Contratacao-Direta-Novo.pdf\" data-type=\"link\" data-id=\"https:\/\/tjba.jus.br\/portalconectainterior\/wp-content\/uploads\/2025\/08\/Fluxograma-Contratacao-Direta-Novo.pdf\">Fluxograma<\/a><\/p>\n\n\n\n<p><a href=\"https:\/\/tjba.jus.br\/portalconectainterior\/contratacoes\/contratacao-direta\/formularios\/\" data-type=\"link\" data-id=\"https:\/\/tjba.jus.br\/portalconectainterior\/contratacoes\/contratacao-direta\/formularios\/\">Formul\u00e1rios<\/a><\/p>\n\n\n\n<p><a href=\"https:\/\/tjba.jus.br\/portalconectainterior\/wp-content\/uploads\/2025\/08\/Checklist-de-contratacao-Dispensa-Novo.doc\" data-type=\"link\" data-id=\"https:\/\/tjba.jus.br\/portalconectainterior\/wp-content\/uploads\/2025\/07\/Checklist-de-contratacao-Dispensa.doc\">Checklist de Contrata\u00e7\u00e3o<\/a><\/p>\n\n\n\n<p><\/p>\n","protected":false},"excerpt":{"rendered":"<p>Esta p\u00e1gina re\u00fane os principais recursos para a formaliza\u00e7\u00e3o de contrata\u00e7\u00f5es diretas, como o fluxograma do processo, formul\u00e1rios padronizados e [&hellip;]<\/p>\n","protected":false},"author":30,"featured_media":0,"parent":11617,"menu_order":0,"comment_status":"closed","ping_status":"closed","template":"","meta":{"_acf_changed":false,"ub_ctt_via":"","footnotes":""},"class_list":["post-11716","page","type-page","status-publish","hentry"],"acf":[],"featured_image_src":null,"_links":{"self":[{"href":"https:\/\/www.tjba.jus.br\/portalconectainterior\/wp-json\/wp\/v2\/pages\/11716","targetHints":{"allow":["GET"]}}],"collection":[{"href":"https:\/\/www.tjba.jus.br\/portalconectainterior\/wp-json\/wp\/v2\/pages"}],"about":[{"href":"https:\/\/www.tjba.jus.br\/portalconectainterior\/wp-json\/wp\/v2\/types\/page"}],"author":[{"embeddable":true,"href":"https:\/\/www.tjba.jus.br\/portalconectainterior\/wp-json\/wp\/v2\/users\/30"}],"replies":[{"embeddable":true,"href":"https:\/\/www.tjba.jus.br\/portalconectainterior\/wp-json\/wp\/v2\/comments?post=11716"}],"version-history":[{"count":7,"href":"https:\/\/www.tjba.jus.br\/portalconectainterior\/wp-json\/wp\/v2\/pages\/11716\/revisions"}],"predecessor-version":[{"id":12142,"href":"https:\/\/www.tjba.jus.br\/portalconectainterior\/wp-json\/wp\/v2\/pages\/11716\/revisions\/12142"}],"up":[{"embeddable":true,"href":"https:\/\/www.tjba.jus.br\/portalconectainterior\/wp-json\/wp\/v2\/pages\/11617"}],"wp:attachment":[{"href":"https:\/\/www.tjba.jus.br\/portalconectainterior\/wp-json\/wp\/v2\/media?parent=11716"}],"curies":[{"name":"wp","href":"https:\/\/api.w.org\/{rel}","templated":true}]}}