{"id":11718,"date":"2025-07-28T12:41:29","date_gmt":"2025-07-28T15:41:29","guid":{"rendered":"https:\/\/tjba.jus.br\/portalconectainterior\/?page_id=11718"},"modified":"2025-08-29T13:17:21","modified_gmt":"2025-08-29T16:17:21","slug":"formularios","status":"publish","type":"page","link":"https:\/\/www.tjba.jus.br\/portalconectainterior\/contratacoes\/contratacao-direta\/formularios\/","title":{"rendered":"Formul\u00e1rios"},"content":{"rendered":"\n<p>1 \u2013 <a href=\"https:\/\/tjba.jus.br\/portalconectainterior\/wp-content\/uploads\/2025\/07\/A-1-MODELO-DFD.docx\" data-type=\"link\" data-id=\"https:\/\/tjba.jus.br\/portalconectainterior\/wp-content\/uploads\/2025\/07\/A-1-MODELO-DFD.docx\">Modelo DFD<\/a><\/p>\n\n\n\n<p>2 \u2013 <a href=\"https:\/\/tjba.jus.br\/portalconectainterior\/wp-content\/uploads\/2025\/07\/C-3-Oficio-ao-juiz-Diretor.odt\" data-type=\"link\" data-id=\"https:\/\/tjba.jus.br\/portalconectainterior\/wp-content\/uploads\/2025\/07\/C-3-Oficio-ao-juiz-Diretor.odt\">Of\u00edcio <\/a><a href=\"https:\/\/tjba.jus.br\/portalconectainterior\/wp-content\/uploads\/2025\/08\/C-3-Oficio-ao-juiz-Diretor-Novo.odt\" data-type=\"link\" data-id=\"https:\/\/tjba.jus.br\/portalconectainterior\/wp-content\/uploads\/2025\/07\/C-3-Oficio-ao-juiz-Diretor.odt\">ao <\/a><a href=\"https:\/\/tjba.jus.br\/portalconectainterior\/wp-content\/uploads\/2025\/07\/C-3-Oficio-ao-juiz-Diretor.odt\" data-type=\"link\" data-id=\"https:\/\/tjba.jus.br\/portalconectainterior\/wp-content\/uploads\/2025\/07\/C-3-Oficio-ao-juiz-Diretor.odt\">Juiz Diretor (dispensa)<\/a><\/p>\n\n\n\n<p>3 \u2013 <a href=\"https:\/\/tjba.jus.br\/portalconectainterior\/wp-content\/uploads\/2025\/07\/D-4-Dispensa-de-ETP-e-autorizacao.odt\" data-type=\"link\" data-id=\"https:\/\/tjba.jus.br\/portalconectainterior\/wp-content\/uploads\/2025\/07\/D-4-Dispensa-de-ETP-e-autorizacao.odt\">Dispensa <\/a><a href=\"https:\/\/tjba.jus.br\/portalconectainterior\/wp-content\/uploads\/2025\/08\/D-4-Dispensa-de-ETP-e-autorizacao-NOVO.odt\" data-type=\"link\" data-id=\"https:\/\/tjba.jus.br\/portalconectainterior\/wp-content\/uploads\/2025\/07\/D-4-Dispensa-de-ETP-e-autorizacao.odt\">de <\/a><a href=\"https:\/\/tjba.jus.br\/portalconectainterior\/wp-content\/uploads\/2025\/08\/H-8-Termo-de-dispensa-de-licitacao-NOVO.odt\" data-type=\"link\" data-id=\"https:\/\/tjba.jus.br\/portalconectainterior\/wp-content\/uploads\/2025\/07\/D-4-Dispensa-de-ETP-e-autorizacao.odt\">ETP <\/a><a href=\"https:\/\/tjba.jus.br\/portalconectainterior\/wp-content\/uploads\/2025\/07\/D-4-Dispensa-de-ETP-e-autorizacao.odt\" data-type=\"link\" data-id=\"https:\/\/tjba.jus.br\/portalconectainterior\/wp-content\/uploads\/2025\/07\/D-4-Dispensa-de-ETP-e-autorizacao.odt\">e Autoriza\u00e7\u00e3o<\/a><\/p>\n\n\n\n<p>4 \u2013 <a href=\"https:\/\/tjba.jus.br\/portalconectainterior\/wp-content\/uploads\/2025\/07\/E-5-Pedido-de-cotacao.ods\" data-type=\"link\" data-id=\"https:\/\/tjba.jus.br\/portalconectainterior\/wp-content\/uploads\/2025\/07\/E-5-Pedido-de-cotacao.ods\">Pedido de Cota\u00e7\u00e3o<\/a><\/p>\n\n\n\n<p>5 \u2013 <a href=\"https:\/\/tjba.jus.br\/portalconectainterior\/wp-content\/uploads\/2025\/07\/F-6-Modelo-Mapa-comparativo.xls\" data-type=\"link\" data-id=\"https:\/\/tjba.jus.br\/portalconectainterior\/wp-content\/uploads\/2025\/07\/F-6-Modelo-Mapa-comparativo.xls\">Modelo do Mapa Comparativo<\/a><\/p>\n\n\n\n<p>6 &#8211; <a href=\"https:\/\/tjba.jus.br\/portalconectainterior\/wp-content\/uploads\/2025\/08\/G-7-Oficio-ao-juiz-Diretor-NOVO.odt\" data-type=\"link\" data-id=\"https:\/\/tjba.jus.br\/portalconectainterior\/wp-content\/uploads\/2025\/07\/G-7-Oficio-ao-juiz-Diretor.odt\">Of\u00edcio ao Juiz Diretor (p\u00f3s cota\u00e7\u00e3o)<\/a><\/p>\n\n\n\n<p>7 \u2013 <a href=\"https:\/\/tjba.jus.br\/portalconectainterior\/wp-content\/uploads\/2025\/08\/H-8-Termo-de-dispensa-de-licitacao-NOVO.odt\" data-type=\"link\" data-id=\"https:\/\/tjba.jus.br\/portalconectainterior\/wp-content\/uploads\/2025\/07\/H-8-Termo-de-dispensa-de-licitacao.odt\">Termo de Dispensa de Licita\u00e7\u00e3o<\/a><\/p>\n\n\n\n<p>8 \u2013 <a href=\"https:\/\/tjba.jus.br\/portalconectainterior\/wp-content\/uploads\/2025\/07\/I-9-LRF-com-aprovacao.odt\" data-type=\"link\" data-id=\"https:\/\/tjba.jus.br\/portalconectainterior\/wp-content\/uploads\/2025\/07\/I-9-LRF-com-aprovacao.odt\">LRF com aprova\u00e7\u00e3o<\/a><\/p>\n\n\n\n<p>9 &#8211; <a href=\"https:\/\/tjba.jus.br\/portalconectainterior\/wp-content\/uploads\/2025\/07\/11-SPO-MODELO-ATUALIZADO.ods\" data-type=\"link\" data-id=\"https:\/\/tjba.jus.br\/portalconectainterior\/wp-content\/uploads\/2025\/07\/11-SPO-MODELO-ATUALIZADO.ods\">SPO (modelo atualizado 07\/2025)<\/a><\/p>\n\n\n\n<p>10 \u2013 <a href=\"https:\/\/tjba.jus.br\/portalconectainterior\/wp-content\/uploads\/2025\/07\/Modelo-declaracao.odt\" data-type=\"link\" data-id=\"https:\/\/tjba.jus.br\/portalconectainterior\/wp-content\/uploads\/2025\/07\/Modelo-declaracao.odt\">Modelo da declara\u00e7\u00e3o do contratado (inexist\u00eancia parentesco, v\u00ednculo funcional, n\u00e3o explora\u00e7\u00e3o trabalho infantil)<\/a><\/p>\n\n\n\n<p><\/p>\n","protected":false},"excerpt":{"rendered":"<p>1 \u2013 Modelo DFD 2 \u2013 Of\u00edcio ao Juiz Diretor (dispensa) 3 \u2013 Dispensa de ETP e Autoriza\u00e7\u00e3o 4 \u2013 [&hellip;]<\/p>\n","protected":false},"author":30,"featured_media":0,"parent":11716,"menu_order":0,"comment_status":"closed","ping_status":"closed","template":"","meta":{"_acf_changed":false,"ub_ctt_via":"","footnotes":""},"class_list":["post-11718","page","type-page","status-publish","hentry"],"acf":[],"featured_image_src":null,"_links":{"self":[{"href":"https:\/\/www.tjba.jus.br\/portalconectainterior\/wp-json\/wp\/v2\/pages\/11718","targetHints":{"allow":["GET"]}}],"collection":[{"href":"https:\/\/www.tjba.jus.br\/portalconectainterior\/wp-json\/wp\/v2\/pages"}],"about":[{"href":"https:\/\/www.tjba.jus.br\/portalconectainterior\/wp-json\/wp\/v2\/types\/page"}],"author":[{"embeddable":true,"href":"https:\/\/www.tjba.jus.br\/portalconectainterior\/wp-json\/wp\/v2\/users\/30"}],"replies":[{"embeddable":true,"href":"https:\/\/www.tjba.jus.br\/portalconectainterior\/wp-json\/wp\/v2\/comments?post=11718"}],"version-history":[{"count":4,"href":"https:\/\/www.tjba.jus.br\/portalconectainterior\/wp-json\/wp\/v2\/pages\/11718\/revisions"}],"predecessor-version":[{"id":12150,"href":"https:\/\/www.tjba.jus.br\/portalconectainterior\/wp-json\/wp\/v2\/pages\/11718\/revisions\/12150"}],"up":[{"embeddable":true,"href":"https:\/\/www.tjba.jus.br\/portalconectainterior\/wp-json\/wp\/v2\/pages\/11716"}],"wp:attachment":[{"href":"https:\/\/www.tjba.jus.br\/portalconectainterior\/wp-json\/wp\/v2\/media?parent=11718"}],"curies":[{"name":"wp","href":"https:\/\/api.w.org\/{rel}","templated":true}]}}