{"id":11743,"date":"2025-07-28T13:11:42","date_gmt":"2025-07-28T16:11:42","guid":{"rendered":"https:\/\/tjba.jus.br\/portalconectainterior\/?page_id=11743"},"modified":"2025-08-13T10:33:58","modified_gmt":"2025-08-13T13:33:58","slug":"documentos-auxiliares","status":"publish","type":"page","link":"https:\/\/www.tjba.jus.br\/portalconectainterior\/contratacoes\/documentos-auxiliares\/","title":{"rendered":"Documentos Auxiliares"},"content":{"rendered":"<ul style=\"padding-left: 1.1em; text-align: left; --ub-list-item-icon-top: 3px;; --ub-list-item-icon-size: 0.9em; --ub-list-item-background-image: url('data:image\/svg+xml;utf8,&lt;svg xmlns=&quot;http:\/\/www.w3.org\/2000\/svg&quot; viewBox=&quot;0 0 512 512&quot;&gt;&lt;path fill=&quot;%23000000&quot; d=&quot;M470.6 105.4c12.5 12.5 12.5 32.8 0 45.3l-256 256c-12.5 12.5-32.8 12.5-45.3 0l-128-128c-12.5-12.5-12.5-32.8 0-45.3s32.8-12.5 45.3 0L192 338.7 425.4 105.4c12.5-12.5 32.8-12.5 45.3 0z&quot;&gt;&lt;\/path&gt;&lt;\/svg&gt;'); --ub-list-item-fa-li-top: 3px; --ub-list-item-spacing: 0px; \" class=\"wp-block-ub-styled-list ub_styled_list\" id=\"ub_styled_list-a23649da-ced7-4ee9-b34d-8b814e22fa30\"><div class=\"ub-block-list__layout\" style=\"text-align: left; column-count: 1; --ub-list-mobile-column-count: 2; \"><\/div><\/ul>\n\n\n<p>Tributa\u00e7\u00e3o<\/p>\n\n\n\n<p><a href=\"https:\/\/tjba.jus.br\/portalconectainterior\/wp-content\/uploads\/2025\/07\/Guia-de-Tributacao-.pdf\" data-type=\"link\" data-id=\"https:\/\/tjba.jus.br\/portalconectainterior\/wp-content\/uploads\/2025\/07\/Guia-de-Tributacao-.pdf\">Guia de Tributa\u00e7\u00e3o<\/a><\/p>\n\n\n\n<p><a href=\"https:\/\/tjba.jus.br\/portalconectainterior\/wp-content\/uploads\/2025\/07\/ANEXO_UNICO_TABELA_SUBELEMENTOS.pdf\" data-type=\"link\" data-id=\"https:\/\/tjba.jus.br\/portalconectainterior\/wp-content\/uploads\/2025\/07\/ANEXO_UNICO_TABELA_SUBELEMENTOS.pdf\">Tabela de Subelemento<\/a><\/p>\n\n\n<div class=\"wp-block-ub-divider ub_divider ub-divider-orientation-horizontal\" id=\"ub_divider_f8fac13a-1477-4900-b56d-9662e1f115b1\"><div class=\"ub_divider_wrapper\" style=\"position: relative; margin-bottom: 2px; width: 100%; height: 2px; \" data-divider-alignment=\"center\"><div class=\"ub_divider_line\" style=\"border-top: 2px solid #ccc; margin-top: 2px; \"><\/div><\/div><\/div>\n\n\n<p>Classifica\u00e7\u00e3o de Despesa<\/p>\n\n\n\n<p>      <a href=\"https:\/\/tjba.jus.br\/portalconectainterior\/wp-content\/uploads\/2025\/07\/Anexo-VI-IN-2110.22-DISCRIMINACAO-DE-OBRAS-E-SERVICOS-DE-CONSTRUCAO-CIVIL.pdf\" data-type=\"link\" data-id=\"https:\/\/tjba.jus.br\/portalconectainterior\/wp-content\/uploads\/2025\/07\/Anexo-VI-IN-2110.22-DISCRIMINACAO-DE-OBRAS-E-SERVICOS-DE-CONSTRUCAO-CIVIL.pdf\">ANEXO VI &#8211; DISCRIMINA\u00c7\u00c3O DE OBRAS E SERVI\u00c7OS DE CONSTRU\u00c7\u00c3O CIVIL&nbsp;<\/a><\/p>\n\n\n\n<p>      <a href=\"https:\/\/tjba.jus.br\/portalconectainterior\/wp-content\/uploads\/2025\/07\/OT-IBR-02-DE-2009-Ibraop-OBRA-E-SERVICO-DE-ENGENHARIA.pdf\" data-type=\"link\" data-id=\"https:\/\/tjba.jus.br\/portalconectainterior\/wp-content\/uploads\/2025\/07\/OT-IBR-02-DE-2009-Ibraop-OBRA-E-SERVICO-DE-ENGENHARIA.pdf\">OT &#8211; IBR 002\/2009 &#8211; Defini\u00e7\u00e3o de Obra e de Servi\u00e7o de Engenharia&nbsp;<\/a><\/p>\n\n\n<div class=\"wp-block-ub-divider ub_divider ub-divider-orientation-horizontal\" id=\"ub_divider_7357408a-5fe1-4bd8-b8f8-bdaae3e6e45c\"><div class=\"ub_divider_wrapper\" style=\"position: relative; margin-bottom: 2px; width: 100%; height: 2px; \" data-divider-alignment=\"center\"><div class=\"ub_divider_line\" style=\"border-top: 2px solid #ccc; margin-top: 2px; \"><\/div><\/div><\/div>\n\n\n<p>Natureza do Rendimento<\/p>\n\n\n\n<p>      <a href=\"https:\/\/tjba.jus.br\/portalconectainterior\/wp-content\/uploads\/2025\/07\/Anexo-I_Codigo-17.pdf\" data-type=\"link\" data-id=\"https:\/\/tjba.jus.br\/portalconectainterior\/wp-content\/uploads\/2025\/07\/Anexo-I_Codigo-17.pdf\">Anexo I do C\u00f3digo 17 &#8211; IN RFB 1234\/2012&nbsp;<\/a><\/p>\n\n\n\n<p>      <a href=\"https:\/\/tjba.jus.br\/portalconectainterior\/wp-content\/uploads\/2025\/07\/OFICIO_EFD_REINF_DFA-1155-ASSINADO.pdf\" data-type=\"link\" data-id=\"https:\/\/tjba.jus.br\/portalconectainterior\/wp-content\/uploads\/2025\/07\/OFICIO_EFD_REINF_DFA-1155-ASSINADO.pdf\">Of\u00edcio DFA n\u00b01155\/202 &#8211; Inclus\u00e3o do c\u00f3digo da Natureza do Rendimento na liquida\u00e7\u00e3o em   casos de reten\u00e7\u00e3o de Imposto de Renda&nbsp;<\/a><\/p>\n\n\n\n<p><\/p>\n","protected":false},"excerpt":{"rendered":"<p>Tributa\u00e7\u00e3o Guia de Tributa\u00e7\u00e3o Tabela de Subelemento Classifica\u00e7\u00e3o de Despesa ANEXO VI &#8211; DISCRIMINA\u00c7\u00c3O DE OBRAS E SERVI\u00c7OS DE CONSTRU\u00c7\u00c3O [&hellip;]<\/p>\n","protected":false},"author":30,"featured_media":0,"parent":11617,"menu_order":0,"comment_status":"closed","ping_status":"closed","template":"","meta":{"_acf_changed":false,"ub_ctt_via":"","footnotes":""},"class_list":["post-11743","page","type-page","status-publish","hentry"],"acf":[],"featured_image_src":null,"_links":{"self":[{"href":"https:\/\/www.tjba.jus.br\/portalconectainterior\/wp-json\/wp\/v2\/pages\/11743","targetHints":{"allow":["GET"]}}],"collection":[{"href":"https:\/\/www.tjba.jus.br\/portalconectainterior\/wp-json\/wp\/v2\/pages"}],"about":[{"href":"https:\/\/www.tjba.jus.br\/portalconectainterior\/wp-json\/wp\/v2\/types\/page"}],"author":[{"embeddable":true,"href":"https:\/\/www.tjba.jus.br\/portalconectainterior\/wp-json\/wp\/v2\/users\/30"}],"replies":[{"embeddable":true,"href":"https:\/\/www.tjba.jus.br\/portalconectainterior\/wp-json\/wp\/v2\/comments?post=11743"}],"version-history":[{"count":5,"href":"https:\/\/www.tjba.jus.br\/portalconectainterior\/wp-json\/wp\/v2\/pages\/11743\/revisions"}],"predecessor-version":[{"id":12055,"href":"https:\/\/www.tjba.jus.br\/portalconectainterior\/wp-json\/wp\/v2\/pages\/11743\/revisions\/12055"}],"up":[{"embeddable":true,"href":"https:\/\/www.tjba.jus.br\/portalconectainterior\/wp-json\/wp\/v2\/pages\/11617"}],"wp:attachment":[{"href":"https:\/\/www.tjba.jus.br\/portalconectainterior\/wp-json\/wp\/v2\/media?parent=11743"}],"curies":[{"name":"wp","href":"https:\/\/api.w.org\/{rel}","templated":true}]}}