{"id":11756,"date":"2025-07-29T12:16:02","date_gmt":"2025-07-29T15:16:02","guid":{"rendered":"https:\/\/tjba.jus.br\/portalconectainterior\/?page_id=11756"},"modified":"2025-10-29T11:15:38","modified_gmt":"2025-10-29T14:15:38","slug":"pagamentos","status":"publish","type":"page","link":"https:\/\/www.tjba.jus.br\/portalconectainterior\/contratacoes\/pagamentos\/","title":{"rendered":"Pagamentos"},"content":{"rendered":"\n<p>Esta guia disponibiliza orienta\u00e7\u00f5es para uso do FIPLAN no processo de pagamento, bem como o checklist para aux\u00edlio.<\/p>\n\n\n\n<p><a href=\"https:\/\/www.tjba.jus.br\/portal\/financas-publicas-orientacoes-tecnicas\/\" data-type=\"link\" data-id=\"https:\/\/www.tjba.jus.br\/portal\/financas-publicas-orientacoes-tecnicas\/\">Orienta\u00e7\u00f5es T\u00e9cnicas<\/a><\/p>\n\n\n\n<p><a href=\"https:\/\/tjba.jus.br\/portalconectainterior\/wp-content\/uploads\/2025\/07\/orientacoes-fiplan.pdf\" data-type=\"link\" data-id=\"https:\/\/tjba.jus.br\/portalconectainterior\/wp-content\/uploads\/2025\/07\/orientacoes-fiplan.pdf\">Orienta\u00e7\u00f5es FIPLAN<\/a><\/p>\n\n\n\n<p><a href=\"https:\/\/tjba.jus.br\/portalconectainterior\/wp-content\/uploads\/2025\/07\/CHECK-LIST-DE-PAGAMENTO.pdf\" data-type=\"link\" data-id=\"https:\/\/tjba.jus.br\/portalconectainterior\/wp-content\/uploads\/2025\/07\/CHECK-LIST-DE-PAGAMENTO.pdf\">Checklist de Pagamentos<\/a><\/p>\n\n\n\n<p><a href=\"https:\/\/www.tjba.jus.br\/portalconectainterior\/wp-content\/uploads\/2025\/10\/Tabela-06.pdf\" data-type=\"link\" data-id=\"https:\/\/www.tjba.jus.br\/portalconectainterior\/wp-content\/uploads\/2025\/10\/Tabela-06.pdf\">Anexo I dos leiautes da EFD-Reinf<\/a><\/p>\n\n\n\n<p><\/p>\n","protected":false},"excerpt":{"rendered":"<p>Esta guia disponibiliza orienta\u00e7\u00f5es para uso do FIPLAN no processo de pagamento, bem como o checklist para aux\u00edlio. Orienta\u00e7\u00f5es T\u00e9cnicas [&hellip;]<\/p>\n","protected":false},"author":30,"featured_media":0,"parent":11617,"menu_order":0,"comment_status":"closed","ping_status":"closed","template":"","meta":{"_acf_changed":false,"ub_ctt_via":"","footnotes":""},"class_list":["post-11756","page","type-page","status-publish","hentry"],"acf":[],"featured_image_src":null,"_links":{"self":[{"href":"https:\/\/www.tjba.jus.br\/portalconectainterior\/wp-json\/wp\/v2\/pages\/11756","targetHints":{"allow":["GET"]}}],"collection":[{"href":"https:\/\/www.tjba.jus.br\/portalconectainterior\/wp-json\/wp\/v2\/pages"}],"about":[{"href":"https:\/\/www.tjba.jus.br\/portalconectainterior\/wp-json\/wp\/v2\/types\/page"}],"author":[{"embeddable":true,"href":"https:\/\/www.tjba.jus.br\/portalconectainterior\/wp-json\/wp\/v2\/users\/30"}],"replies":[{"embeddable":true,"href":"https:\/\/www.tjba.jus.br\/portalconectainterior\/wp-json\/wp\/v2\/comments?post=11756"}],"version-history":[{"count":5,"href":"https:\/\/www.tjba.jus.br\/portalconectainterior\/wp-json\/wp\/v2\/pages\/11756\/revisions"}],"predecessor-version":[{"id":12256,"href":"https:\/\/www.tjba.jus.br\/portalconectainterior\/wp-json\/wp\/v2\/pages\/11756\/revisions\/12256"}],"up":[{"embeddable":true,"href":"https:\/\/www.tjba.jus.br\/portalconectainterior\/wp-json\/wp\/v2\/pages\/11617"}],"wp:attachment":[{"href":"https:\/\/www.tjba.jus.br\/portalconectainterior\/wp-json\/wp\/v2\/media?parent=11756"}],"curies":[{"name":"wp","href":"https:\/\/api.w.org\/{rel}","templated":true}]}}